

{"id":115,"date":"2013-03-16T02:49:22","date_gmt":"2013-03-16T01:49:22","guid":{"rendered":"https:\/\/project.inria.fr\/magic\/?page_id=115"},"modified":"2013-11-24T17:26:21","modified_gmt":"2013-11-24T16:26:21","slug":"thesis","status":"publish","type":"page","link":"https:\/\/project.inria.fr\/magic\/publications\/thesis\/","title":{"rendered":"Thesis"},"content":{"rendered":"<p>   <!DOCTYPE html PUBLIC \"-\/\/W3C\/\/DTD XHTML 1.0 Transitional\/\/EN\" \"http:\/\/www.w3.org\/TR\/xhtml1\/DTD\/xhtml1-transitional.dtd\"> <html xmlns='http:\/\/www.w3.org\/1999\/xhtml' xml:lang='fr' lang='fr'> <head> <meta name=\"robots\" content=\"noindex, nofollow\" \/> <meta http-equiv=\"content-type\" content= \"text\/html;charset=UTF-8\" \/> <meta http-equiv=\"Content-Language\" content=\"fr\" \/> <link rel=\"stylesheet\" type=\"text\/css\" href=\"..\/css\/VisuGen.css\" \/> <!-- Piwik haltools.inria.fr--> <script type=\"text\/javascript\">   var _paq = _paq || [];   _paq.push(['trackPageView']);   _paq.push(['enableLinkTracking']);   (function() {     var u=\"\/\/piwik.inria.fr\/\";     _paq.push(['setTrackerUrl', u+'piwik.php']);     _paq.push(['setSiteId', 25]);     var d=document, g=d.createElement('script'), s=d.getElementsByTagName('script')[0];     g.type='text\/javascript'; g.async=true; g.defer=true; g.src=u+'piwik.js'; s.parentNode.insertBefore(g,s);   })(); <\/script> <noscript><\/p>\n<p><img decoding=\"async\" src=\"\/\/piwik.inria.fr\/piwik.php?idsite=25\" style=\"border:0;\" alt=\"\" \/><\/p>\n<p><\/noscript> <!-- End Piwik Code -->  <title>Publications HAL de  grigoroscuta-strugaru;saint-guirons<\/title> <\/head> <body> <\/p>\n<div id=\"res_script\">\n<p class='Rubrique'>2009<\/p>\n<dl class='NoticeRes'>\n<dt class=\"ChampRes\">titre<\/dt>\n<dd class=\"ValeurRes Titre\"><a href=\"https:\/\/theses.hal.science\/tel-00473486v3\" target=\"_blank\" >Numerical methods for solving Helmholtz problems<\/a><\/dd>\n<dt class=\"ChampRes\">auteur<\/dt>\n<dd class=\"ValeurRes Auteurs\">Magdalena Grigoroscuta-Strugaru<\/dd>\n<dt class=\"ChampRes\">article<\/dt>\n<dd class=\"ValeurRes article\">Mathematics [math]. Universit\u00e9 de Pau et des Pays de l&#8217;Adour, 2009. English. <a target=\"_blank\" href=\"https:\/\/www.theses.fr\/\">&#x27E8;NNT : &#x27E9;<\/a><\/dd>\n<dt class=\"ChampRes\">Acc\u00e8s au texte int\u00e9gral et bibtex<\/dt>\n<dd class=\"ValeurRes Fichier_joint\"> <a href=\"https:\/\/theses.hal.science\/tel-00473486\/file\/ThesisLenaLastV.pdf\"  target=\"_blank\"> <img decoding=\"async\" alt=\"https:\/\/theses.hal.science\/tel-00473486\/file\/ThesisLenaLastV.pdf\" src=\"https:\/\/haltools.inria.fr\/images\/Haltools_pdf.png\" border=\"0\" title=\"https:\/\/theses.hal.science\/tel-00473486\/file\/ThesisLenaLastV.pdf\" \/><\/a> <span class=\"LienBibtexACoteFulltext\"><a href=\"https:\/\/theses.hal.science\/tel-00473486v3\/bibtex\" target=\"_self\"> <img decoding=\"async\" alt=\"BibTex\" src=\"https:\/\/haltools.inria.fr\/images\/Haltools_bibtex3.png\" border=\"0\"  title=\"BibTex\" \/><\/a> <\/span><\/dd>\n<\/dl>\n<p class='Rubrique'>2008<\/p>\n<dl class='NoticeRes'>\n<dt class=\"ChampRes\">titre<\/dt>\n<dd class=\"ValeurRes Titre\"><a href=\"https:\/\/theses.hal.science\/tel-00356994v1\" target=\"_blank\" >Construction and performance assessment of Dirichlet-to-Neumann absorbing conditions for ellipsoidal boundaries<\/a><\/dd>\n<dt class=\"ChampRes\">auteur<\/dt>\n<dd class=\"ValeurRes Auteurs\">Anne-Ga\u00eblle Saint-Guirons<\/dd>\n<dt class=\"ChampRes\">article<\/dt>\n<dd class=\"ValeurRes article\">Math\u00e9matiques [math]. Universit\u00e9 de Pau et des Pays de l&#8217;Adour, 2008. Fran\u00e7ais. <a target=\"_blank\" href=\"https:\/\/www.theses.fr\/\">&#x27E8;NNT : &#x27E9;<\/a><\/dd>\n<dt class=\"ChampRes\">Acc\u00e8s au texte int\u00e9gral et bibtex<\/dt>\n<dd class=\"ValeurRes Fichier_joint\"> <a href=\"https:\/\/theses.hal.science\/tel-00356994\/file\/TheseAGStGuirons_HALinria.pdf\"  target=\"_blank\"> <img decoding=\"async\" alt=\"https:\/\/theses.hal.science\/tel-00356994\/file\/TheseAGStGuirons_HALinria.pdf\" src=\"https:\/\/haltools.inria.fr\/images\/Haltools_pdf.png\" border=\"0\" title=\"https:\/\/theses.hal.science\/tel-00356994\/file\/TheseAGStGuirons_HALinria.pdf\" \/><\/a> <span class=\"LienBibtexACoteFulltext\"><a href=\"https:\/\/theses.hal.science\/tel-00356994v1\/bibtex\" target=\"_self\"> <img decoding=\"async\" alt=\"BibTex\" src=\"https:\/\/haltools.inria.fr\/images\/Haltools_bibtex3.png\" border=\"0\"  title=\"BibTex\" \/><\/a> <\/span><\/dd>\n<\/dl><\/div>\n<p> <\/body> <\/html> <\/p>","protected":false},"excerpt":{"rendered":"<p>Publications HAL de grigoroscuta-strugaru;saint-guirons 2009 titre Numerical methods for solving Helmholtz problems auteur Magdalena Grigoroscuta-Strugaru article Mathematics [math]. Universit\u00e9 de Pau et des Pays de l&#8217;Adour, 2009. English. &#x27E8;NNT : &#x27E9; Acc\u00e8s au texte int\u00e9gral et bibtex 2008 titre Construction and performance assessment of Dirichlet-to-Neumann absorbing conditions for ellipsoidal boundaries auteur Anne-Ga\u00eblle Saint-Guirons article Math\u00e9matiques &hellip; <\/p>\n<p><a class=\"more-link btn\" href=\"https:\/\/project.inria.fr\/magic\/publications\/thesis\/\">Continue reading<\/a><\/p>\n","protected":false},"author":248,"featured_media":0,"parent":52,"menu_order":0,"comment_status":"open","ping_status":"open","template":"","meta":{"footnotes":""},"class_list":["post-115","page","type-page","status-publish","hentry","nodate","item-wrap"],"_links":{"self":[{"href":"https:\/\/project.inria.fr\/magic\/wp-json\/wp\/v2\/pages\/115","targetHints":{"allow":["GET"]}}],"collection":[{"href":"https:\/\/project.inria.fr\/magic\/wp-json\/wp\/v2\/pages"}],"about":[{"href":"https:\/\/project.inria.fr\/magic\/wp-json\/wp\/v2\/types\/page"}],"author":[{"embeddable":true,"href":"https:\/\/project.inria.fr\/magic\/wp-json\/wp\/v2\/users\/248"}],"replies":[{"embeddable":true,"href":"https:\/\/project.inria.fr\/magic\/wp-json\/wp\/v2\/comments?post=115"}],"version-history":[{"count":6,"href":"https:\/\/project.inria.fr\/magic\/wp-json\/wp\/v2\/pages\/115\/revisions"}],"predecessor-version":[{"id":145,"href":"https:\/\/project.inria.fr\/magic\/wp-json\/wp\/v2\/pages\/115\/revisions\/145"}],"up":[{"embeddable":true,"href":"https:\/\/project.inria.fr\/magic\/wp-json\/wp\/v2\/pages\/52"}],"wp:attachment":[{"href":"https:\/\/project.inria.fr\/magic\/wp-json\/wp\/v2\/media?parent=115"}],"curies":[{"name":"wp","href":"https:\/\/api.w.org\/{rel}","templated":true}]}}