

{"id":137,"date":"2013-03-16T11:17:50","date_gmt":"2013-03-16T10:17:50","guid":{"rendered":"https:\/\/project.inria.fr\/magic\/?page_id=137"},"modified":"2016-11-30T11:22:45","modified_gmt":"2016-11-30T10:22:45","slug":"meetings","status":"publish","type":"page","link":"https:\/\/project.inria.fr\/magic\/meetings\/","title":{"rendered":"Meetings"},"content":{"rendered":"<p><\/p>\n<div class=\"title\">\n<h3>Visits<\/h3>\n<ul>\n<li><strong  style=\"color: #e33729;\">Izar Azpiroz <\/strong> spent 1 month in Northridge in July 2014<\/li>\n<li><strong  style=\"color: #e33729;\">Julien Diaz\u00a0<\/strong> spent 2 weeks in Northridge in May 2012<\/li>\n<li><strong style=\"color: #e33729;\">H\u00e9l\u00e8ne Barucq<\/strong> spent 2 weeks in Northridge in February 2012<\/li>\n<li><strong style=\"color: #e33729;\">\u00c9lodie Estecahandy<\/strong> (Ph.D. Student) spent 2 weeks in Northridge in February 2012<\/li>\n<li><strong style=\"color: #e33729;\">Julien Diaz<\/strong> spent 20 days in Northridge in February 2011<\/li>\n<li><strong style=\"color: #e33729;\">Sharang Chaudhry<\/strong> (Master Student) spent 10 days in Pau in December 2010<\/li>\n<li><strong style=\"color: #e33729;\">Rabia Djellouli<\/strong> spent 10 days in Pau in December 2010<\/li>\n<li><strong style=\"color: #e33729;\">Julien Diaz<\/strong> spent 10 days in Northridge in November 2010<\/li>\n<li><strong style=\"color: #e33729;\">Rabia Djellouli<\/strong> spent 20 days in Pau in May 2010<\/li>\n<li><strong style=\"color: #e33729;\">Rabia Djellouli<\/strong> spent 6 months in Pau in 2009<\/li>\n<li><strong style=\"color: #e33729;\">Alexander Alekseenko <\/strong>spent in Pau 1 week in June 2009<\/li>\n<li><strong style=\"color: #e33729;\">Magdalena Grigoroscuta <\/strong>(Ph.D. Student) spent 6 weeks in Northridge in March-April 2009<\/li>\n<li><strong style=\"color: #e33729;\">Kelsey Morgan <\/strong>(Master Student) spent 2 weeks in Pau in June 2009<\/li>\n<\/ul>\n<\/div>\n<div class=\"title\">\n<h3>Meetings<\/h3>\n<div class=\"text_box\">\n<ul>\n<li><strong>12 to 14 December 2007 : <\/strong>Workshop titled : &#8220;<strong>First workshop on Solutions Methodologies for Direct and Inverse Scattering Problems: Recent Progress and Trends<\/strong>&#8221; at University of Pau. Fourteen recognized experts from countries including Belgium, England, France, Germany and USA have been invited to give a plenary talk. In addition, six sessions have been dedicated to PhD students and young researchers presentations. All the participants who presented their work were funded by the associated team program.The program of the workshop can be found at:<a href=\"http:\/\/uppa-inria.univ-pau.fr\/m3d\/WS07\/\"> http:\/\/uppa-inria.univ-pau.fr\/m3d\/WS07\/<\/a><\/li>\n<\/ul>\n<\/div>\n<\/div>\n<p><\/p>","protected":false},"excerpt":{"rendered":"<p>Visits Izar Azpiroz spent 1 month in Northridge in July 2014 Julien Diaz\u00a0 spent 2 weeks in Northridge in May 2012 H\u00e9l\u00e8ne Barucq spent 2 weeks in Northridge in February 2012 \u00c9lodie Estecahandy (Ph.D. Student) spent 2 weeks in Northridge in February 2012 Julien Diaz spent 20 days in Northridge in February 2011 Sharang Chaudhry &hellip; <\/p>\n<p><a class=\"more-link btn\" href=\"https:\/\/project.inria.fr\/magic\/meetings\/\">Continue reading<\/a><\/p>\n","protected":false},"author":248,"featured_media":0,"parent":0,"menu_order":0,"comment_status":"closed","ping_status":"open","template":"","meta":{"footnotes":""},"class_list":["post-137","page","type-page","status-publish","hentry","nodate","item-wrap"],"_links":{"self":[{"href":"https:\/\/project.inria.fr\/magic\/wp-json\/wp\/v2\/pages\/137","targetHints":{"allow":["GET"]}}],"collection":[{"href":"https:\/\/project.inria.fr\/magic\/wp-json\/wp\/v2\/pages"}],"about":[{"href":"https:\/\/project.inria.fr\/magic\/wp-json\/wp\/v2\/types\/page"}],"author":[{"embeddable":true,"href":"https:\/\/project.inria.fr\/magic\/wp-json\/wp\/v2\/users\/248"}],"replies":[{"embeddable":true,"href":"https:\/\/project.inria.fr\/magic\/wp-json\/wp\/v2\/comments?post=137"}],"version-history":[{"count":12,"href":"https:\/\/project.inria.fr\/magic\/wp-json\/wp\/v2\/pages\/137\/revisions"}],"predecessor-version":[{"id":594,"href":"https:\/\/project.inria.fr\/magic\/wp-json\/wp\/v2\/pages\/137\/revisions\/594"}],"wp:attachment":[{"href":"https:\/\/project.inria.fr\/magic\/wp-json\/wp\/v2\/media?parent=137"}],"curies":[{"name":"wp","href":"https:\/\/api.w.org\/{rel}","templated":true}]}}