

{"id":158,"date":"2013-03-16T15:01:42","date_gmt":"2013-03-16T14:01:42","guid":{"rendered":"https:\/\/project.inria.fr\/magic\/?page_id=158"},"modified":"2013-03-16T23:31:36","modified_gmt":"2013-03-16T22:31:36","slug":"software","status":"publish","type":"page","link":"https:\/\/project.inria.fr\/magic\/people\/julien-diaz\/software\/","title":{"rendered":"Julien Diaz &#8212; Software"},"content":{"rendered":"<p>&nbsp;<\/p>\n<ul style=\"display: inline; border: solid 1px black; list-style-type: none; margin: 0px; background-color: lightgrey; padding: 5px; color: midnightblue;\">\n<li style=\"display: inline; padding-right: 10px;\"><a style=\"color: #e33729;\" href=\"https:\/\/project.inria.fr\/magic\/people\/julien-diaz\/\"><strong>Home<\/strong><\/a><\/li>\n<li style=\"display: inline; padding-right: 10px;\"><a href=\"https:\/\/project.inria.fr\/magic\/people\/research-julien\/\"><strong>Research Areas<\/strong><\/a><\/li>\n<li style=\"display: inline; padding-right: 10px;\"><a href=\"https:\/\/project.inria.fr\/magic\/people\/phd-students-julien\/\"><strong>PhD Students<\/strong><\/a><\/li>\n<li style=\"display: inline; padding-right: 10px;\"><a href=\"https:\/\/project.inria.fr\/magic\/people\/publications-2\/\"><strong>Publications<\/strong><\/a><\/li>\n<li style=\"display: inline; padding-right: 10px;\"><a style=\"color: #363842;\" href=\"https:\/\/project.inria.fr\/magic\/people\/julien-diaz\/software\"><strong>Software<\/strong><\/a><\/li>\n<li style=\"display: inline; padding-right: 10px;\"><a href=\"https:\/\/project.inria.fr\/magic\/people\/transfer-julien\/\"><strong>Transfer<\/strong><\/a><\/li>\n<li style=\"display: inline; padding-right: 10px;\"><a href=\"https:\/\/project.inria.fr\/magic\/people\/cv-julien\/\"><strong>CV<\/strong><\/a><\/li>\n<\/ul>\n<p>&nbsp;<\/p>\n<h1><\/h1>\n<p>&nbsp;<\/p>\n<h1><strong> Numerical Simulation of Waves Propagation Problems in time-domain and in harmonic Domain. <\/strong><\/h1>\n<p>&nbsp;<\/p>\n<h1 style=\"color: #e33729;\">Hou10ni<\/h1>\n<table border=\"0\">\n<tbody>\n<tr>\n<td><\/td>\n<td>This code has been realized in collaboration with H\u00e9l\u00e8ne Barucq and \u00c9lodie Estecahandy. It is based on the Interior Penalty Discontinuous Galerkin Method and compute the solution to acoustics wave propagation problem in heterogeneous media. It is able to consider both time-domain and harmonic-domain (Helmholtz). The extension to elastodynamics equation in 2D and to the coupling between elastic and acoustic has been implemented by \u00c9lodie Estecahandy<\/p>\n<p>I do not distribute it on my web page, since the licence is still under discussion.<\/p>\n<ul>\n<li>2D version: this version can compute the solution to acoustic, elastodynamic or elasto-acoustic equations. It allows for the use of arbitrary high-order elements and curved elements,<\/li>\n<li>3D version : this version can compute the solution to acoustic wave equation. The implementation of arbitrary high-order elements and curved elements and the extension to acoustic is a work in progress. The Helmholtz version has been parallelized and the solution to the linear system is based on Mumps. However, we are now working on the optimization of the parallelization, in particular by considering mesh partionning, in collaboration with Emiljana Jorgji.<\/li>\n<\/ul>\n<\/td>\n<\/tr>\n<\/tbody>\n<\/table>\n<p>&nbsp;<\/p>\n<h1><strong> Analytical Solutions of Waves Propagation Problems in Stratified Media. <\/strong><\/h1>\n<p>The two following pieces of software have been realized in collaboration with Abdel\u00e2aziz Ezziani. The parallelization of the 2D version has been realized in collaboration with Nicolas Le Goff.<\/p>\n<h1 style=\"color: #e33729;\">Gar6more2D v2.0<\/h1>\n<table border=\"0\">\n<tbody>\n<tr>\n<td><\/td>\n<td>This code computes the analytical solution of waves propagation problems in 2D homogeneous or bilayered media, based on the Cagniard-de Hoop method. In the homogeneous case, the medium can be acoustic, elastic or poroelastic; infinite or semi-infinite with a free boundary or a wall boundary condition at its end. In the bilayered case, the following coupling are implemented (the source is assumed to be in the first medium) :<\/p>\n<ul>\n<li>acoustic\/acoustic<\/li>\n<li>acoustic\/elastic<\/li>\n<li>acoustic\/poroelastic<\/li>\n<li>elastic\/elastic<\/li>\n<li>poroelastic\/poroelastic<\/li>\n<\/ul>\n<p>Please let me know if you need other types of coupling, I will try to implement them as soon as possible.<\/td>\n<\/tr>\n<\/tbody>\n<\/table>\n<p>To download the code, please follow this <a href=\"http:\/\/web.univ-pau.fr\/%7Ejdiaz1\/gar62DCecill.html\" target=\"info\">link<\/a><\/p>\n<h1 style=\"color: #e33729;\">Gar6more3D v2.0<\/h1>\n<table border=\"0\">\n<tbody>\n<tr>\n<td><\/td>\n<td>This code computes the analytical solution of waves propagation problems in 3D homogeneous or bilayered media, based on the Cagniard-de Hoop method. In the homogeneous case, the medium can be acoustic, elastic or poroelastic; infinite or semi-infinite with a free boundary or a wall boundary condition at its end. In the bilayered case, the following coupling are implemented (the source is assumed to be in the first medium) :<\/p>\n<ul>\n<li>acoustic\/acoustic<\/li>\n<li>acoustic\/elastic<\/li>\n<li>acoustic\/poroelastic<\/li>\n<li>elastic\/elastic<\/li>\n<li>poroelastic\/poroelastic<\/li>\n<\/ul>\n<p>Please let me know if you need other types of coupling, I will try to implement them as soon as possible.<\/td>\n<\/tr>\n<\/tbody>\n<\/table>\n<p>To download the code, please follow this <a href=\"http:\/\/web.univ-pau.fr\/%7Ejdiaz1\/gar63DCecill.html\" target=\"info\">link<\/a><\/p>\n<p>&nbsp;<\/p>","protected":false},"excerpt":{"rendered":"<p>&nbsp; Home Research Areas PhD Students Publications Software Transfer CV &nbsp; &nbsp; Numerical Simulation of Waves Propagation Problems in time-domain and in harmonic Domain. &nbsp; Hou10ni This code has been realized in collaboration with H\u00e9l\u00e8ne Barucq and \u00c9lodie Estecahandy. It is based on the Interior Penalty Discontinuous Galerkin Method and compute the solution to acoustics &hellip; <\/p>\n<p><a class=\"more-link btn\" href=\"https:\/\/project.inria.fr\/magic\/people\/julien-diaz\/software\/\">Continue reading<\/a><\/p>\n","protected":false},"author":248,"featured_media":0,"parent":147,"menu_order":0,"comment_status":"closed","ping_status":"open","template":"","meta":{"footnotes":""},"class_list":["post-158","page","type-page","status-publish","hentry","nodate","item-wrap"],"_links":{"self":[{"href":"https:\/\/project.inria.fr\/magic\/wp-json\/wp\/v2\/pages\/158","targetHints":{"allow":["GET"]}}],"collection":[{"href":"https:\/\/project.inria.fr\/magic\/wp-json\/wp\/v2\/pages"}],"about":[{"href":"https:\/\/project.inria.fr\/magic\/wp-json\/wp\/v2\/types\/page"}],"author":[{"embeddable":true,"href":"https:\/\/project.inria.fr\/magic\/wp-json\/wp\/v2\/users\/248"}],"replies":[{"embeddable":true,"href":"https:\/\/project.inria.fr\/magic\/wp-json\/wp\/v2\/comments?post=158"}],"version-history":[{"count":11,"href":"https:\/\/project.inria.fr\/magic\/wp-json\/wp\/v2\/pages\/158\/revisions"}],"predecessor-version":[{"id":423,"href":"https:\/\/project.inria.fr\/magic\/wp-json\/wp\/v2\/pages\/158\/revisions\/423"}],"up":[{"embeddable":true,"href":"https:\/\/project.inria.fr\/magic\/wp-json\/wp\/v2\/pages\/147"}],"wp:attachment":[{"href":"https:\/\/project.inria.fr\/magic\/wp-json\/wp\/v2\/media?parent=158"}],"curies":[{"name":"wp","href":"https:\/\/api.w.org\/{rel}","templated":true}]}}