

{"id":229,"date":"2013-03-16T20:12:39","date_gmt":"2013-03-16T19:12:39","guid":{"rendered":"https:\/\/project.inria.fr\/magic\/?page_id=229"},"modified":"2013-03-16T23:31:48","modified_gmt":"2013-03-16T22:31:48","slug":"phd-students-julien","status":"publish","type":"page","link":"https:\/\/project.inria.fr\/magic\/people\/julien-diaz\/phd-students-julien\/","title":{"rendered":"Julien Diaz &#8212; PhD Students"},"content":{"rendered":"<p>&nbsp;<\/p>\n<ul style=\"display: inline; border: solid 1px black; list-style-type: none; margin: 0px; background-color: lightgrey; padding: 5px; color: midnightblue;\">\n<li style=\"display: inline; padding-right: 10px;\"><a style=\"color: #e33729;\" href=\"https:\/\/project.inria.fr\/magic\/people\/julien-diaz\/\"><strong>Home<\/strong><\/a><\/li>\n<li style=\"display: inline; padding-right: 10px;\"><a style=\"color: #e33729;\" href=\"https:\/\/project.inria.fr\/magic\/people\/research-julien\/\"><strong>Research Areas<\/strong><\/a><\/li>\n<li style=\"display: inline; padding-right: 10px;\"><a style=\"color: #363842;\" href=\"https:\/\/project.inria.fr\/magic\/people\/phd-students-julien\/\"><strong>PhD Students<\/strong><\/a><\/li>\n<li style=\"display: inline; padding-right: 10px;\"><a style=\"color: #e33729;\" href=\"https:\/\/project.inria.fr\/magic\/people\/publications-2\/\"><strong>Publications<\/strong><\/a><\/li>\n<li style=\"display: inline; padding-right: 10px;\"><a href=\"https:\/\/project.inria.fr\/magic\/people\/julien-diaz\/software\/\"><strong>Software<\/strong><\/a><\/li>\n<li style=\"display: inline; padding-right: 10px;\"><a href=\"https:\/\/project.inria.fr\/magic\/people\/transfer-julien\/\"><strong>Transfer<\/strong><\/a><\/li>\n<li style=\"display: inline; padding-right: 10px;\"><a href=\"https:\/\/project.inria.fr\/magic\/people\/cv-julien\/\"><strong>CV<\/strong><\/a><\/li>\n<\/ul>\n<p>&nbsp;<\/p>\n<p>&nbsp;<\/p>\n<table border=\"0\">\n<tbody>\n<tr>\n<td><\/td>\n<td>\n<ul>\n<li><strong>Caroline Baldassari<\/strong>. Mod\u00e9lisation et simulation num\u00e9rique pour la migration terrestre par \u00e9quation d&#8217;ondes (Modelling and numerical simulation for terrestrial migration by wave equations). Coadvised with H\u00e9l\u00e8ne Barucq. Defended on December 2009.<\/li>\n<li><strong>V\u00e9ronique Duprat<\/strong>. Conditions aux limites absorbantes enrichies pour l&#8217;\u00e9quation des ondes acoustiques et l&#8217;\u00e9quation d&#8217;Helmholtz (Enriched absorbing boundary conditions for acoustics wave equation and for Helmholtz equation). Coadvised with H\u00e9l\u00e8ne Barucq. Defended on December 2011.<\/li>\n<li><strong>Cyril Agut<\/strong>. Sch\u00e9mas num\u00e9riques d&#8217;ordre \u00e9lev\u00e9 en espace et en temps pour l&#8217;\u00e9quation des ondes (High-Order Schemes in space and in time for the wave equation). Coadvised with H\u00e9l\u00e8ne Barucq. Defended on December 2011.<\/li>\n<\/ul>\n<\/td>\n<\/tr>\n<\/tbody>\n<\/table>\n<p><\/p>","protected":false},"excerpt":{"rendered":"<p>&nbsp; Home Research Areas PhD Students Publications Software Transfer CV &nbsp; &nbsp; Caroline Baldassari. Mod\u00e9lisation et simulation num\u00e9rique pour la migration terrestre par \u00e9quation d&#8217;ondes (Modelling and numerical simulation for terrestrial migration by wave equations). Coadvised with H\u00e9l\u00e8ne Barucq. Defended on December 2009. V\u00e9ronique Duprat. Conditions aux limites absorbantes enrichies pour l&#8217;\u00e9quation des ondes acoustiques &hellip; <\/p>\n<p><a class=\"more-link btn\" href=\"https:\/\/project.inria.fr\/magic\/people\/julien-diaz\/phd-students-julien\/\">Continue reading<\/a><\/p>\n","protected":false},"author":248,"featured_media":0,"parent":147,"menu_order":0,"comment_status":"closed","ping_status":"open","template":"","meta":{"footnotes":""},"class_list":["post-229","page","type-page","status-publish","hentry","nodate","item-wrap"],"_links":{"self":[{"href":"https:\/\/project.inria.fr\/magic\/wp-json\/wp\/v2\/pages\/229","targetHints":{"allow":["GET"]}}],"collection":[{"href":"https:\/\/project.inria.fr\/magic\/wp-json\/wp\/v2\/pages"}],"about":[{"href":"https:\/\/project.inria.fr\/magic\/wp-json\/wp\/v2\/types\/page"}],"author":[{"embeddable":true,"href":"https:\/\/project.inria.fr\/magic\/wp-json\/wp\/v2\/users\/248"}],"replies":[{"embeddable":true,"href":"https:\/\/project.inria.fr\/magic\/wp-json\/wp\/v2\/comments?post=229"}],"version-history":[{"count":11,"href":"https:\/\/project.inria.fr\/magic\/wp-json\/wp\/v2\/pages\/229\/revisions"}],"predecessor-version":[{"id":248,"href":"https:\/\/project.inria.fr\/magic\/wp-json\/wp\/v2\/pages\/229\/revisions\/248"}],"up":[{"embeddable":true,"href":"https:\/\/project.inria.fr\/magic\/wp-json\/wp\/v2\/pages\/147"}],"wp:attachment":[{"href":"https:\/\/project.inria.fr\/magic\/wp-json\/wp\/v2\/media?parent=229"}],"curies":[{"name":"wp","href":"https:\/\/api.w.org\/{rel}","templated":true}]}}