

{"id":170,"date":"2012-02-20T15:41:53","date_gmt":"2012-02-20T14:41:53","guid":{"rendered":"http:\/\/project.inria.fr\/mastic\/?page_id=170"},"modified":"2018-07-16T09:11:10","modified_gmt":"2018-07-16T07:11:10","slug":"liens","status":"publish","type":"page","link":"https:\/\/project.inria.fr\/mastic\/liens\/","title":{"rendered":"Partenaires"},"content":{"rendered":"<h3>Nos r\u00e9seaux<\/h3>\n<ul>\n<li><a href=\"https:\/\/wiki.inria.fr\/mecsci\/Accueil\" target=\"_blank\" rel=\"noopener\">MECSCI<\/a> (R\u00e9seau Inria national de m\u00e9diation scientifique)<\/li>\n<li>Coordination <a href=\"http:\/\/univ-cotedazur.fr\/fr\">UCA <\/a>pour la F\u00eate de la science<\/li>\n<li><a href=\"https:\/\/www.echosciences-paca.fr\/\">R\u00e9seau Culture Science en PACA<\/a><\/li>\n<li><a href=\"http:\/\/www.connaisciences.fr\/\" target=\"_blank\" rel=\"noopener\">ConnaiScience<\/a> (le r\u00e9seau des cultures scientifiques en Languedoc-Roussillon)<\/li>\n<\/ul>\n<h3>Nos partenaires : associatifs, acad\u00e9miques, territoriaux, institutionnels, &#8230;<\/h3>\n<ul>\n<li><a href=\"https:\/\/project.inria.fr\/mastic\/files\/2017\/02\/partenaires.jpg\"><img loading=\"lazy\" decoding=\"async\" class=\"wp-image-1849 alignright\" src=\"https:\/\/project.inria.fr\/mastic\/files\/2017\/02\/partenaires-300x225.jpg\" alt=\"partenaires\" width=\"260\" height=\"195\" srcset=\"https:\/\/project.inria.fr\/mastic\/files\/2017\/02\/partenaires-300x225.jpg 300w, https:\/\/project.inria.fr\/mastic\/files\/2017\/02\/partenaires-768x576.jpg 768w, https:\/\/project.inria.fr\/mastic\/files\/2017\/02\/partenaires.jpg 960w\" sizes=\"auto, (max-width: 260px) 100vw, 260px\" \/><\/a><a href=\"http:\/\/www.pobot.org\/\" target=\"_blank\" rel=\"noopener\">PoBot <\/a> : club robotique de Sophia-Antipolis<\/li>\n<li><a href=\"http:\/\/www.linux-azur.org\/\" target=\"_blank\" rel=\"noopener\">linux-azur <\/a>le logiciel libre surfe sur la c\u00f4te d&rsquo;azur<\/li>\n<li><a href=\"http:\/\/www.apmep.asso.fr\/\" target=\"_blank\" rel=\"noopener\">APMEP<\/a>\u00a0 Association des Professeurs de Math\u00e9matiques de l&rsquo;Enseignement Public<\/li>\n<li><a href=\"http:\/\/mathenjeans.free.fr\/amej\/\" target=\"_blank\" rel=\"noopener\">MATh.en.JEANS<\/a><\/li>\n<li><a href=\"http:\/\/www.animath.fr\/\">animath<\/a><\/li>\n<li><a href=\"http:\/\/www.lespetitsdebrouillards.org\/\"> Les petits d\u00e9brouillards <\/a><\/li>\n<li><a href=\"https:\/\/www.gulliver-sciences.fr\/\"> Gulliver<\/a><\/li>\n<li><a href=\"http:\/\/www.esope21.eu\/\">Esope 21<\/a><\/li>\n<\/ul>\n<p>&nbsp;<\/p>\n","protected":false},"excerpt":{"rendered":"<p>Nos r\u00e9seaux MECSCI (R\u00e9seau Inria national de m\u00e9diation scientifique) Coordination UCA pour la F\u00eate de la science R\u00e9seau Culture Science en PACA ConnaiScience (le r\u00e9seau des cultures scientifiques en Languedoc-Roussillon) Nos partenaires : associatifs, acad\u00e9miques, territoriaux, institutionnels, &#8230; PoBot : club robotique de Sophia-Antipolis linux-azur le logiciel libre surfe sur\u2026<\/p>\n<p> <a class=\"continue-reading-link\" href=\"https:\/\/project.inria.fr\/mastic\/liens\/\"><span>Continuer la lecture<\/span><i class=\"crycon-right-dir\"><\/i><\/a> <\/p>\n","protected":false},"author":40,"featured_media":0,"parent":0,"menu_order":0,"comment_status":"open","ping_status":"open","template":"","meta":{"footnotes":""},"class_list":["post-170","page","type-page","status-publish","hentry"],"_links":{"self":[{"href":"https:\/\/project.inria.fr\/mastic\/wp-json\/wp\/v2\/pages\/170","targetHints":{"allow":["GET"]}}],"collection":[{"href":"https:\/\/project.inria.fr\/mastic\/wp-json\/wp\/v2\/pages"}],"about":[{"href":"https:\/\/project.inria.fr\/mastic\/wp-json\/wp\/v2\/types\/page"}],"author":[{"embeddable":true,"href":"https:\/\/project.inria.fr\/mastic\/wp-json\/wp\/v2\/users\/40"}],"replies":[{"embeddable":true,"href":"https:\/\/project.inria.fr\/mastic\/wp-json\/wp\/v2\/comments?post=170"}],"version-history":[{"count":39,"href":"https:\/\/project.inria.fr\/mastic\/wp-json\/wp\/v2\/pages\/170\/revisions"}],"predecessor-version":[{"id":2150,"href":"https:\/\/project.inria.fr\/mastic\/wp-json\/wp\/v2\/pages\/170\/revisions\/2150"}],"wp:attachment":[{"href":"https:\/\/project.inria.fr\/mastic\/wp-json\/wp\/v2\/media?parent=170"}],"curies":[{"name":"wp","href":"https:\/\/api.w.org\/{rel}","templated":true}]}}