

{"id":136,"date":"2018-12-03T23:12:50","date_gmt":"2018-12-03T22:12:50","guid":{"rendered":"https:\/\/project.inria.fr\/maximic\/?page_id=136"},"modified":"2018-12-04T00:04:10","modified_gmt":"2018-12-03T23:04:10","slug":"partners","status":"publish","type":"page","link":"https:\/\/project.inria.fr\/maximic\/partners\/","title":{"rendered":"Partners"},"content":{"rendered":"<p>Maximic is a collaborative project involving the following research groups:<\/p>\n<ul>\n<li>Inria Grenoble &#8211; Rh\u00f4ne-Alpes. <a href=\"https:\/\/team.inria.fr\/ibis\">Ibis<\/a> group<\/li>\n<li>Universit\u00e9 Grenoble Alpes, Laboratoire Interdisciplinaire de Physique (LIPhy). <a href=\"https:\/\/www-liphy.ujf-grenoble.fr\/-Fluctuations-Regulations-and-\">BIOP<\/a> group<\/li>\n<li>Inria Sophia-Antipolis &#8211; M\u00e9diterran\u00e9e. <a href=\"https:\/\/team.inria.fr\/biocore\/fr\/\">Biocore<\/a> and <a href=\"https:\/\/team.inria.fr\/mctao\/\">McTao<\/a> groups<\/li>\n<\/ul>\n","protected":false},"excerpt":{"rendered":"<p>Maximic is a collaborative project involving the following research groups: Inria Grenoble &#8211; Rh\u00f4ne-Alpes. Ibis group Universit\u00e9 Grenoble Alpes, Laboratoire Interdisciplinaire de Physique (LIPhy). BIOP group Inria Sophia-Antipolis &#8211; M\u00e9diterran\u00e9e. Biocore and McTao groups<\/p>\n<p> <a class=\"continue-reading-link\" href=\"https:\/\/project.inria.fr\/maximic\/partners\/\"><span>Continue reading<\/span><i class=\"crycon-right-dir\"><\/i><\/a> <\/p>\n","protected":false},"author":253,"featured_media":0,"parent":0,"menu_order":0,"comment_status":"closed","ping_status":"closed","template":"","meta":{"footnotes":""},"class_list":["post-136","page","type-page","status-publish","hentry"],"_links":{"self":[{"href":"https:\/\/project.inria.fr\/maximic\/wp-json\/wp\/v2\/pages\/136","targetHints":{"allow":["GET"]}}],"collection":[{"href":"https:\/\/project.inria.fr\/maximic\/wp-json\/wp\/v2\/pages"}],"about":[{"href":"https:\/\/project.inria.fr\/maximic\/wp-json\/wp\/v2\/types\/page"}],"author":[{"embeddable":true,"href":"https:\/\/project.inria.fr\/maximic\/wp-json\/wp\/v2\/users\/253"}],"replies":[{"embeddable":true,"href":"https:\/\/project.inria.fr\/maximic\/wp-json\/wp\/v2\/comments?post=136"}],"version-history":[{"count":3,"href":"https:\/\/project.inria.fr\/maximic\/wp-json\/wp\/v2\/pages\/136\/revisions"}],"predecessor-version":[{"id":168,"href":"https:\/\/project.inria.fr\/maximic\/wp-json\/wp\/v2\/pages\/136\/revisions\/168"}],"wp:attachment":[{"href":"https:\/\/project.inria.fr\/maximic\/wp-json\/wp\/v2\/media?parent=136"}],"curies":[{"name":"wp","href":"https:\/\/api.w.org\/{rel}","templated":true}]}}