

{"id":68,"date":"2012-05-24T14:41:43","date_gmt":"2012-05-24T12:41:43","guid":{"rendered":"http:\/\/project.inria.fr\/medlagoon\/?page_id=68"},"modified":"2014-01-10T16:14:42","modified_gmt":"2014-01-10T15:14:42","slug":"partners","status":"publish","type":"page","link":"https:\/\/project.inria.fr\/medlagoon\/partners\/","title":{"rendered":""},"content":{"rendered":"<p><\/p>\n<style type=\"text\/css\"><!--\n@page { margin: 0.79in } \t\tP { margin-bottom: 0.08in }\n--><\/style>\n<p><span style=\"font-size: medium;\"><a href=\"https:\/\/project.inria.fr\/medlagoon\/files\/2012\/05\/logoPisa.jpg\"><img loading=\"lazy\" decoding=\"async\" class=\"alignnone size-medium wp-image-179\" alt=\"logoPisa\" src=\"https:\/\/project.inria.fr\/medlagoon\/files\/2012\/05\/logoPisa-300x262.jpg\" width=\"248\" height=\"217\" srcset=\"https:\/\/project.inria.fr\/medlagoon\/files\/2012\/05\/logoPisa-300x262.jpg 300w, https:\/\/project.inria.fr\/medlagoon\/files\/2012\/05\/logoPisa.jpg 308w\" sizes=\"auto, (max-width: 248px) 100vw, 248px\" \/><\/a><\/span><\/p>\n<p><span style=\"font-size: medium;\">Universit\u00e0 di Pisa, Italy<\/span><\/p>\n<p><span style=\"font-size: medium;\">Dipartimento Ingegneria Aerospaziale &#8211; Via G. Caruso, 8 \u2013 56122 Pisa (Italy)<\/span><\/p>\n<p><span style=\"font-size: medium;\">Maria-Vittoria Salvetti<\/span><\/p>\n<p><span style=\"font-size: medium;\">\u00a0<\/span><\/p>\n<p><a href=\"https:\/\/project.inria.fr\/medlagoon\/files\/2012\/05\/InriaLogo.jpg\"><img loading=\"lazy\" decoding=\"async\" class=\"alignnone size-medium wp-image-143\" alt=\"INRIA_CHERCHEURS_UK_NOIR\" src=\"https:\/\/project.inria.fr\/medlagoon\/files\/2012\/05\/InriaLogo-300x108.jpg\" width=\"300\" height=\"108\" srcset=\"https:\/\/project.inria.fr\/medlagoon\/files\/2012\/05\/InriaLogo-300x108.jpg 300w, https:\/\/project.inria.fr\/medlagoon\/files\/2012\/05\/InriaLogo-1024x368.jpg 1024w, https:\/\/project.inria.fr\/medlagoon\/files\/2012\/05\/InriaLogo.jpg 1962w\" sizes=\"auto, (max-width: 300px) 100vw, 300px\" \/><\/a><\/p>\n<p><span style=\"font-size: medium;\">Inria, France<\/span><\/p>\n<p><span style=\"font-size: medium;\">2004 Route des Lucioles, 06902 Sophia-Antipolis Cedex, France<\/span><\/p>\n<p><span style=\"font-size: medium;\">Herv\u00e9 Guillard<\/span><\/p>\n<p><span style=\"font-size: medium;\">\u00a0<\/span><\/p>\n<p><span style=\"font-size: medium;\">LASH Ecole Mohamedia d&rsquo;Ing\u00e9nieur EMI, Morocco<\/span><\/p>\n<p><span style=\"font-size: medium;\">Laboratoire d&rsquo;Analyse des syst\u00e8mes hydrauliques,<\/span><\/p>\n<p><span style=\"font-size: medium;\">Ecole Mohammadia d&rsquo;Ing\u00e9nieurs, B.P. 765 Agdal, Rabat,Morocco<\/span><\/p>\n<p><span style=\"font-size: medium;\">Driss Ouazar<\/span><\/p>\n<p><span style=\"font-size: medium;\">\u00a0<\/span><\/p>\n<p><span style=\"font-size: medium;\">LIM, Ecole Polytechnique de Tunisie (EPT), Tunisia<\/span><\/p>\n<p><span style=\"font-size: medium;\">BP 743, 2078 La Marsa, Tunisie&#8230;&#8230;&#8230;&#8230;&#8230;&#8230;&#8230;&#8230;&#8230;&#8230;&#8230;..<\/span><\/p>\n<p><span style=\"font-size: medium;\">Lassaad El Asmi<\/span><\/p>\n<p><span style=\"font-size: medium;\">\u00a0<\/span><\/p>\n<p><span style=\"font-size: medium;\">ENSAO, Ecole Nationale des Sciences Appliqu\u00e9es d&rsquo;Oujda, Morocco<\/span><\/p>\n<p><span style=\"font-size: medium;\">ENSAO, Complexe Universitaire, BP 669, 60000 Oujda, Morocco.<\/span><\/p>\n<p><span style=\"font-size: medium;\">Imad El Mahi<\/span><\/p>\n<p><span style=\"font-size: medium;\">\u00a0<\/span><\/p>\n<p><span style=\"font-size: medium;\">Faculty Of Engineering \u2013 Ain Shams University<\/span><\/p>\n<p><span style=\"font-size: medium;\">1 Bein El Sarayat St., El Abbassia, Cairo, Egypt<\/span><\/p>\n<p><span style=\"font-size: medium;\">Noha Medhat Kamel<\/span><\/p>\n<p><span style=\"font-size: medium;\">\u00a0<\/span><\/p>\n<p><span style=\"font-size: medium;\">Technical University of Crete (TUC), Greece<\/span><\/p>\n<p><span style=\"font-size: medium;\">University Campus, GR-73100 Chania, Crete, Greece.<\/span><\/p>\n<p><span style=\"font-size: medium;\">Anargiros I. Delis<\/span><\/p>","protected":false},"excerpt":{"rendered":"<p>Universit\u00e0 di Pisa, Italy Dipartimento Ingegneria Aerospaziale &#8211; Via G. Caruso, 8 \u2013 56122 Pisa (Italy) Maria-Vittoria Salvetti \u00a0 Inria, France 2004 Route des Lucioles, 06902 Sophia-Antipolis Cedex, France Herv\u00e9 Guillard \u00a0 LASH Ecole Mohamedia d&rsquo;Ing\u00e9nieur EMI, Morocco Laboratoire d&rsquo;Analyse des syst\u00e8mes hydrauliques, Ecole Mohammadia d&rsquo;Ing\u00e9nieurs, B.P. 765 Agdal, Rabat,Morocco Driss Ouazar \u00a0 LIM, Ecole &hellip; <\/p>\n<p><a class=\"more-link btn\" href=\"https:\/\/project.inria.fr\/medlagoon\/partners\/\">Lire la suite<\/a><\/p>\n","protected":false},"author":24,"featured_media":0,"parent":0,"menu_order":0,"comment_status":"open","ping_status":"closed","template":"","meta":{"footnotes":""},"class_list":["post-68","page","type-page","status-publish","hentry","nodate","item-wrap"],"_links":{"self":[{"href":"https:\/\/project.inria.fr\/medlagoon\/wp-json\/wp\/v2\/pages\/68","targetHints":{"allow":["GET"]}}],"collection":[{"href":"https:\/\/project.inria.fr\/medlagoon\/wp-json\/wp\/v2\/pages"}],"about":[{"href":"https:\/\/project.inria.fr\/medlagoon\/wp-json\/wp\/v2\/types\/page"}],"author":[{"embeddable":true,"href":"https:\/\/project.inria.fr\/medlagoon\/wp-json\/wp\/v2\/users\/24"}],"replies":[{"embeddable":true,"href":"https:\/\/project.inria.fr\/medlagoon\/wp-json\/wp\/v2\/comments?post=68"}],"version-history":[{"count":6,"href":"https:\/\/project.inria.fr\/medlagoon\/wp-json\/wp\/v2\/pages\/68\/revisions"}],"predecessor-version":[{"id":181,"href":"https:\/\/project.inria.fr\/medlagoon\/wp-json\/wp\/v2\/pages\/68\/revisions\/181"}],"wp:attachment":[{"href":"https:\/\/project.inria.fr\/medlagoon\/wp-json\/wp\/v2\/media?parent=68"}],"curies":[{"name":"wp","href":"https:\/\/api.w.org\/{rel}","templated":true}]}}