

{"id":70,"date":"2016-02-10T11:39:16","date_gmt":"2016-02-10T10:39:16","guid":{"rendered":"http:\/\/project.inria.fr\/midwest\/?page_id=70"},"modified":"2016-02-10T11:51:12","modified_gmt":"2016-02-10T10:51:12","slug":"funding-agencies","status":"publish","type":"page","link":"https:\/\/project.inria.fr\/midwest\/funding-agencies\/","title":{"rendered":"Funding agencies"},"content":{"rendered":"<p><\/p>\n<h3><a href=\"http:\/\/project.inria.fr\/midwest\/files\/2016\/02\/logo-ademe-en.jpg\"><img loading=\"lazy\" decoding=\"async\" class=\"alignnone size-full wp-image-71\" src=\"http:\/\/project.inria.fr\/midwest\/files\/2016\/02\/logo-ademe-en.jpg\" alt=\"logo-ademe-en\" width=\"90\" height=\"101\" \/><\/a>\u00a0 \u00a0 \u00a0 \u00a0 \u00a0 \u00a0<a href=\"http:\/\/www.ademe.fr\/en\">ADEME<\/a>\u00a0: The French Environnement and Energy Management Agency<\/h3>\n<h3><a href=\"http:\/\/project.inria.fr\/midwest\/files\/2016\/02\/energimyndigheten_logotype_en.png\"><img loading=\"lazy\" decoding=\"async\" class=\"alignnone  wp-image-73\" src=\"http:\/\/project.inria.fr\/midwest\/files\/2016\/02\/energimyndigheten_logotype_en.png\" alt=\"energimyndigheten_logotype_en\" width=\"140\" height=\"38\" \/><\/a>\u00a0 \u00a0<a href=\"http:\/\/www.energimyndigheten.se\/en\/\">SWEA<\/a>: The Swedish Energy Agency<\/h3>\n<h3>\u00a0<a href=\"http:\/\/project.inria.fr\/midwest\/files\/2016\/02\/logo_fct.png\"><img loading=\"lazy\" decoding=\"async\" class=\"alignnone  wp-image-77\" src=\"http:\/\/project.inria.fr\/midwest\/files\/2016\/02\/logo_fct.png\" alt=\"logo_fct\" width=\"133\" height=\"46\" srcset=\"https:\/\/project.inria.fr\/midwest\/files\/2016\/02\/logo_fct.png 226w, https:\/\/project.inria.fr\/midwest\/files\/2016\/02\/logo_fct-150x52.png 150w\" sizes=\"auto, (max-width: 133px) 100vw, 133px\" \/><\/a>\u00a0 \u00a0<a href=\"https:\/\/www.fct.pt\/fct.phtml.en\">FCT<\/a>:\u00a0Funda\u00e7\u00e3o para a Ci\u00eancia e a Tecnologia<\/h3>\n<p>&nbsp;<\/p>\n<p>&nbsp;<\/p>\n<h3><a href=\"http:\/\/www.oceaneranet.eu\">OceaneraNET &#8211; Home <\/a>\u00a0 \u00a0\u00a0\u00a0<a href=\"http:\/\/project.inria.fr\/midwest\/files\/2016\/02\/Logo.png\"><img loading=\"lazy\" decoding=\"async\" class=\"alignnone size-medium wp-image-83\" src=\"http:\/\/project.inria.fr\/midwest\/files\/2016\/02\/Logo-300x68.png\" alt=\"Logo\" width=\"300\" height=\"68\" srcset=\"https:\/\/project.inria.fr\/midwest\/files\/2016\/02\/Logo-300x68.png 300w, https:\/\/project.inria.fr\/midwest\/files\/2016\/02\/Logo-250x57.png 250w, https:\/\/project.inria.fr\/midwest\/files\/2016\/02\/Logo-150x34.png 150w, https:\/\/project.inria.fr\/midwest\/files\/2016\/02\/Logo.png 370w\" sizes=\"auto, (max-width: 300px) 100vw, 300px\" \/><\/a><\/h3>\n<p><\/p>","protected":false},"excerpt":{"rendered":"<p>\u00a0 \u00a0 \u00a0 \u00a0 \u00a0 \u00a0ADEME\u00a0: The French Environnement and Energy Management Agency \u00a0 \u00a0SWEA: The Swedish Energy Agency \u00a0\u00a0 \u00a0FCT:\u00a0Funda\u00e7\u00e3o para a Ci\u00eancia e a Tecnologia &nbsp; &nbsp; OceaneraNET &#8211; Home \u00a0 \u00a0\u00a0\u00a0<\/p>\n<p> <a class=\"continue-reading-link\" href=\"https:\/\/project.inria.fr\/midwest\/funding-agencies\/\"><span>Continue reading<\/span><i class=\"crycon-right-dir\"><\/i><\/a> <\/p>\n","protected":false},"author":915,"featured_media":0,"parent":0,"menu_order":0,"comment_status":"closed","ping_status":"closed","template":"","meta":{"footnotes":""},"class_list":["post-70","page","type-page","status-publish","hentry"],"_links":{"self":[{"href":"https:\/\/project.inria.fr\/midwest\/wp-json\/wp\/v2\/pages\/70","targetHints":{"allow":["GET"]}}],"collection":[{"href":"https:\/\/project.inria.fr\/midwest\/wp-json\/wp\/v2\/pages"}],"about":[{"href":"https:\/\/project.inria.fr\/midwest\/wp-json\/wp\/v2\/types\/page"}],"author":[{"embeddable":true,"href":"https:\/\/project.inria.fr\/midwest\/wp-json\/wp\/v2\/users\/915"}],"replies":[{"embeddable":true,"href":"https:\/\/project.inria.fr\/midwest\/wp-json\/wp\/v2\/comments?post=70"}],"version-history":[{"count":10,"href":"https:\/\/project.inria.fr\/midwest\/wp-json\/wp\/v2\/pages\/70\/revisions"}],"predecessor-version":[{"id":84,"href":"https:\/\/project.inria.fr\/midwest\/wp-json\/wp\/v2\/pages\/70\/revisions\/84"}],"wp:attachment":[{"href":"https:\/\/project.inria.fr\/midwest\/wp-json\/wp\/v2\/media?parent=70"}],"curies":[{"name":"wp","href":"https:\/\/api.w.org\/{rel}","templated":true}]}}