

{"id":84,"date":"2016-10-10T17:08:50","date_gmt":"2016-10-10T15:08:50","guid":{"rendered":"https:\/\/project.inria.fr\/mig2017\/?page_id=84"},"modified":"2017-10-03T20:29:09","modified_gmt":"2017-10-03T18:29:09","slug":"venue","status":"publish","type":"page","link":"https:\/\/project.inria.fr\/mig2017\/venue\/","title":{"rendered":"Travel"},"content":{"rendered":"<div><strong><span style=\"color: #3366ff;\">LOCATION<\/span><\/strong><\/div>\n<div>MIG2017 will be held at the Facultat de Matem\u00e0tiques i Estad\u00edstica (FME) of the Universitat Polit\u00e8cnica de Catalunya (UPC). More specifically the event will occupy a wing next to the courtyard.<\/div>\n<div><\/div>\n<p><iframe loading=\"lazy\" style=\"border: 0;\" src=\"https:\/\/www.google.com\/maps\/embed?pb=!1m18!1m12!1m3!1d2993.568734722654!2d2.112773568775321!3d41.38345365796077!2m3!1f0!2f0!3f0!3m2!1i1024!2i768!4f13.1!3m3!1m2!1s0x0%3A0xa37cf84e2892cb6f!2sUPC+Facultat+de+Matem%C3%A0tiques+i+Estad%C3%ADstica!5e0!3m2!1sen!2ses!4v1498844317314\" width=\"600\" height=\"450\" frameborder=\"0\" allowfullscreen=\"allowfullscreen\"><\/iframe><\/p>\n<div>\u00a0FME building:<\/div>\n<div>The following map shows the room of the FME building that will be used for the conference.<\/div>\n<div>Enter through Carrer de Pau Gargallo 14 and go down the stairs to floor -1 to the Sala d&#8217;Actes:<\/div>\n<div><a href=\"https:\/\/project.inria.fr\/mig2017\/files\/2016\/10\/MIG-map-FME.png\"><img loading=\"lazy\" decoding=\"async\" class=\"alignnone size-full wp-image-173\" src=\"https:\/\/project.inria.fr\/mig2017\/files\/2016\/10\/MIG-map-FME.png\" alt=\"\" width=\"1750\" height=\"834\" srcset=\"https:\/\/project.inria.fr\/mig2017\/files\/2016\/10\/MIG-map-FME.png 1750w, https:\/\/project.inria.fr\/mig2017\/files\/2016\/10\/MIG-map-FME-300x143.png 300w, https:\/\/project.inria.fr\/mig2017\/files\/2016\/10\/MIG-map-FME-768x366.png 768w, https:\/\/project.inria.fr\/mig2017\/files\/2016\/10\/MIG-map-FME-1024x488.png 1024w, https:\/\/project.inria.fr\/mig2017\/files\/2016\/10\/MIG-map-FME-150x71.png 150w\" sizes=\"auto, (max-width: 1750px) 100vw, 1750px\" \/><\/a><\/div>\n<div><strong><span style=\"color: #3366ff;\">GETTING THERE<\/span><\/strong><\/div>\n<div>From Barcelona airport:<\/div>\n<div><strong>SUBWAY<\/strong>: There is a subway line (L9S) that takes you from the airport (both terminals T1 and T2) directly to the university. The trip takes 44 min and there is a subway every 7 min (price 4.5\u20ac).<\/div>\n<div><\/div>\n<div><img decoding=\"async\" src=\"http:\/\/www.avantgrup.com\/wp-content\/uploads\/2016\/02\/autocares-barcelona-avantgrup-PLANOTRAMOLINEA-METROBCN-L9.jpg\" \/><\/div>\n<div><\/div>\n<div>\u00a0<strong>TAXI<\/strong>: Taking a Taxi from Barcelona Airport to the university area should cost less than 30\u20ac.<\/div>\n<div><\/div>\n<div>To get to other locations in\u00a0 downtown Barcelona:<\/div>\n<div><strong>TRAIN<\/strong>: there is a train (R2 Rodalies) from the airport to downtown Barcelona (takes 19 min to Sants station, and another 7 min to Paseo de Gracia). Frequency: every 30 min.<\/div>\n<div><strong>BUS<\/strong>:\u00a0 Aerobus &#8211; Express Bus Service: Express bus service to Barcelona city centre from the airport (T1 and T2) to Pla\u00e7a Catalunya (stopping also at: Pla\u00e7a Espanya, Gran Via-Urgell, and Pla\u00e7a Universitat). Price:\u00a0Single Ticket: \u20ac5.90,\u00a0Return Ticket: \u20ac10.20. Frequency: every 10 min.<\/div>\n<div>more information <a href=\"https:\/\/www.barcelona-tourist-guide.com\/en\/airport\/transport\/barcelona-airport-bus-aerobus.html\">here<\/a>.<\/div>\n<div><\/div>\n<div><span style=\"color: #3366ff;\"><strong>ACCOMMODATION<\/strong><\/span><\/div>\n<div>Barcelona is a city that offers a wide range of accommodation options, with a huge diversity of types and prices. UPC has special rates at a number of hotel chains for visitors who wish to visit our university or are attending conferences held at UPC. In this section you will find a list of these hotels and all the information you need to make a reservation, including the reservation form.<\/div>\n<div><\/div>\n<div>HOTELS in Barcelona:<\/div>\n<div><\/div>\n<div><a href=\"http:\/\/www.upc.edu\/sri\/en\/congress\/accomodation-upc-barcelonatech\/hotels_in_barcelona\">http:\/\/www.upc.edu\/sri\/en\/congress\/accomodation-upc-barcelonatech\/hotels_in_barcelona<\/a><\/div>\n<div>In order for these rates to be applied, reservations should be send by fax using the form provided in the list or by mail directly to the hotel. You may also book by telephone, stating that you require special UPC rates.<\/div>\n<div><\/div>\n<div>(Please note that the information on distances refers to Campus Nord (North of\u00a0Diagonal Av.), while MIG2017 will take place in the Campus Sud (South of\u00a0Diagonal Av.) check the map information above for more accurate locations)<\/div>\n<div><\/div>\n<div>UNIVERSITY RESIDENCE HALLS:<\/div>\n<div>\n<div>Choosing a university residence hall can be a good option to optimize your budget with a basic accommodation solution. UPC has special agreement with <strong>RESA Barcelona<\/strong>.\u00a0In case you choose a RESA university residence among the various options, please enter to the links listed and make your reservation.<\/div>\n<div><\/div>\n<\/div>\n<div>\n<div class=\"azul\"><strong>Torre Girona:<\/strong><\/div>\n<div><a href=\"http:\/\/www.resainn.com\/accommodation\/barcelona\/torre-girona-residence-hall\/\">http:\/\/www.resainn.com\/accommodation\/barcelona\/torre-girona-residence-hall\/<\/a><\/div>\n<div>\n<div class=\"azul\"><strong>Barcelona Diagonal:<\/strong><\/div>\n<div><a href=\"http:\/\/www.resainn.com\/accommodation\/barcelona\/barcelona-diagonal-residence-hall\">http:\/\/www.resainn.com\/accommodation\/barcelona\/barcelona-diagonal-residence-hall\/<\/a><\/div>\n<\/div>\n<\/div>\n<div>\n<div class=\"azul\"><strong>Investigadors:<\/strong><\/div>\n<div><a href=\"http:\/\/www.resainn.com\/accommodation\/barcelona\/investigadors-residence-hall\/\" target=\"_blank\" rel=\"noopener\">http:\/\/www.resainn.com\/accommodation\/barcelona\/investigadors-residence-hall\/<\/a><\/div>\n<\/div>\n<div><\/div>\n","protected":false},"excerpt":{"rendered":"<p>LOCATION MIG2017 will be held at the Facultat de Matem\u00e0tiques i Estad\u00edstica (FME) of the Universitat Polit\u00e8cnica de Catalunya (UPC). More specifically the event will occupy a wing next to the courtyard. \u00a0FME building: The following map shows the room of the FME building that will be used for the\u2026<\/p>\n<p> <a class=\"continue-reading-link\" href=\"https:\/\/project.inria.fr\/mig2017\/venue\/\"><span>Continue reading<\/span><i class=\"crycon-right-dir\"><\/i><\/a> <\/p>\n","protected":false},"author":607,"featured_media":0,"parent":0,"menu_order":0,"comment_status":"closed","ping_status":"closed","template":"","meta":{"footnotes":""},"class_list":["post-84","page","type-page","status-publish","hentry"],"_links":{"self":[{"href":"https:\/\/project.inria.fr\/mig2017\/wp-json\/wp\/v2\/pages\/84","targetHints":{"allow":["GET"]}}],"collection":[{"href":"https:\/\/project.inria.fr\/mig2017\/wp-json\/wp\/v2\/pages"}],"about":[{"href":"https:\/\/project.inria.fr\/mig2017\/wp-json\/wp\/v2\/types\/page"}],"author":[{"embeddable":true,"href":"https:\/\/project.inria.fr\/mig2017\/wp-json\/wp\/v2\/users\/607"}],"replies":[{"embeddable":true,"href":"https:\/\/project.inria.fr\/mig2017\/wp-json\/wp\/v2\/comments?post=84"}],"version-history":[{"count":20,"href":"https:\/\/project.inria.fr\/mig2017\/wp-json\/wp\/v2\/pages\/84\/revisions"}],"predecessor-version":[{"id":253,"href":"https:\/\/project.inria.fr\/mig2017\/wp-json\/wp\/v2\/pages\/84\/revisions\/253"}],"wp:attachment":[{"href":"https:\/\/project.inria.fr\/mig2017\/wp-json\/wp\/v2\/media?parent=84"}],"curies":[{"name":"wp","href":"https:\/\/api.w.org\/{rel}","templated":true}]}}