

{"id":4,"date":"2011-12-08T11:55:34","date_gmt":"2011-12-08T11:55:34","guid":{"rendered":"http:\/\/project.inria.fr\/template1\/?page_id=4"},"modified":"2017-10-26T09:58:55","modified_gmt":"2017-10-26T07:58:55","slug":"home","status":"publish","type":"page","link":"https:\/\/project.inria.fr\/minexp\/","title":{"rendered":"Overview"},"content":{"rendered":"<p>The <em>Minimum Exposure<\/em> is a collaboration started in 2011 between several research teams (INRIA-Rocquencourt, University of Versailles St-Quentin, Ecole Polytechnique, INSA Centre Val de Loire, Athens University of Economics and Business)  and is supported by the Conseil G\u00e9n\u00e9ral des Yvelines. It has been funded by several grants <em>DIGITEO Learning Techniques for Large and Evolving Networks<\/em> (LeTeVoNe),<em> ANR D\u00e9finir, Evaluer et Mod\u00e9liser les Technologies de l&#8217;Information de Sant\u00e9<\/em> (DEMOTIS), <em>INRIA Collaborative Action on the Protection of Privacy in the Information Society<\/em> (CAPPRIS) and <em>ANR Keeping your Information Safe and Secure<\/em> (KISS).<\/p>\n<p>The goal of the project is to propose an analysis, framework and implementation of a founding privacy principle : <em>Limited Data Collection<\/em>, which can be stated as follows: <em>the set of personal data required during a given process must be strictly limited to the minimum necessary to achieve the purpose of this process.<\/em> <\/p>\n<p>More details on the project can be found <a href=\"http:\/\/project.inria.fr\/minexp\/about-the-project\/\" title=\"About The Project\">here<\/a>.<\/p>","protected":false},"excerpt":{"rendered":"<p>The Minimum Exposure is a collaboration started in 2011 between several research teams (INRIA-Rocquencourt, University of Versailles St-Quentin, Ecole Polytechnique, INSA Centre Val de Loire, Athens University of Economics and Business) and is supported by the Conseil G\u00e9n\u00e9ral des Yvelines. It has been funded by several grants DIGITEO Learning Techniques for Large and Evolving Networks &hellip; <\/p>\n<p><a class=\"more-link btn\" href=\"https:\/\/project.inria.fr\/minexp\/\">Continue reading<\/a><\/p>\n","protected":false},"author":2,"featured_media":0,"parent":0,"menu_order":0,"comment_status":"closed","ping_status":"open","template":"","meta":{"footnotes":""},"class_list":["post-4","page","type-page","status-publish","hentry","nodate","item-wrap"],"_links":{"self":[{"href":"https:\/\/project.inria.fr\/minexp\/wp-json\/wp\/v2\/pages\/4","targetHints":{"allow":["GET"]}}],"collection":[{"href":"https:\/\/project.inria.fr\/minexp\/wp-json\/wp\/v2\/pages"}],"about":[{"href":"https:\/\/project.inria.fr\/minexp\/wp-json\/wp\/v2\/types\/page"}],"author":[{"embeddable":true,"href":"https:\/\/project.inria.fr\/minexp\/wp-json\/wp\/v2\/users\/2"}],"replies":[{"embeddable":true,"href":"https:\/\/project.inria.fr\/minexp\/wp-json\/wp\/v2\/comments?post=4"}],"version-history":[{"count":18,"href":"https:\/\/project.inria.fr\/minexp\/wp-json\/wp\/v2\/pages\/4\/revisions"}],"predecessor-version":[{"id":172,"href":"https:\/\/project.inria.fr\/minexp\/wp-json\/wp\/v2\/pages\/4\/revisions\/172"}],"wp:attachment":[{"href":"https:\/\/project.inria.fr\/minexp\/wp-json\/wp\/v2\/media?parent=4"}],"curies":[{"name":"wp","href":"https:\/\/api.w.org\/{rel}","templated":true}]}}