

{"id":77,"date":"2012-05-14T15:39:54","date_gmt":"2012-05-14T13:39:54","guid":{"rendered":"http:\/\/project.inria.fr\/minexp\/?page_id=77"},"modified":"2017-10-26T10:03:44","modified_gmt":"2017-10-26T08:03:44","slug":"teams","status":"publish","type":"page","link":"https:\/\/project.inria.fr\/minexp\/teams\/","title":{"rendered":"Teams"},"content":{"rendered":"<p><strong>TEAMS<\/strong><\/p>\n<ul>\n<li>INRIA-Rocquencourt (Project PETRUS)<\/li>\n<li>University of Versailles St-Quentin (DAVID Laboratory)<\/li>\n<li>Ecole Polytechnique, (Laboratoire d&#8217;Informatique de l&#8217;X)<\/li>\n<li>INSA Centre Val de Loire, (Laboratoire d&#8217;Informatique Fondamentale d&#8217;Orl\u00e9ans)<\/li>\n<li>Athens University of Economics and Business<\/li>\n<li>Conseil G\u00e9n\u00e9ral des Yvelines<\/li>\n<\/ul>\n<p><strong>PERMANENT RESEARCHERS<\/strong><\/p>\n<ul>\n<li>Nicolas ANCIAUX<\/li>\n<li>Guillaume SCERRI<\/li>\n<li>Jean-Fran\u00e7ois NAVARRE<\/li>\n<li>Benjamin NGUYEN<\/li>\n<li>Sabine FRITTELLA<\/li>\n<li>Michalis VAZIRGIANNIS<\/li>\n<\/ul>\n<p><strong>STUDENTS<\/strong><\/p>\n<ul>\n<li>Walid BEZZA (ENSTA ParisTech)<\/li>\n<li>Danae BOUTARA (Ecole Polytechnique)<\/li>\n<li>Marouane FAZOUANE (ENSTA ParisTech)<\/li>\n<li>Haythem Mannai (ENSTA ParisTech)<\/li>\n<\/ul>\n<p><strong>FINANCIAL SUPPORT<\/strong><\/p>\n<ul>\n<li><a href=\"http:\/\/www.lix.polytechnique.fr\/~mvazirg\/?tab=DigCh\" title=\"DIGITEO Learning Techniques for Large and Evolving Networks (LeTeVoNe) Chair\">DIGITEO Learning Techniques for Large and Evolving Networks (LeTeVoNe) Chair<\/a><\/li>\n<li><a href=\"http:\/\/www.demotis.org\/\" title=\"D\u00e9finir Mod\u00e9liser et Evaluer les Technologies de L'information de Sant\u00e9 (DEMOTIS)\">D\u00e9finir Mod\u00e9liser et Evaluer les Technologies de L&#8217;information de Sant\u00e9 (DEMOTIS)<\/a> (project ended in 2012)<\/li>\n<li><a href=\"https:\/\/site.inria.fr\/cappris_institutionnel\/\">INRIA Project Lab Collaborative Action on the Protection of Privacy in the Information Society (CAPPRIS)<\/a>(project ended in 2016)<\/li>\n<li><a href=\"http:\/\/project.inria.fr\/kiss\/\" title=\"ANR Keeping your Information Safe and Secure (KISS)\">ANR Keeping your Information Safe and Secure (KISS)<\/a>(project ended in 2016)<\/li>\n<\/ul>\n<p><\/p>","protected":false},"excerpt":{"rendered":"<p>TEAMS INRIA-Rocquencourt (Project PETRUS) University of Versailles St-Quentin (DAVID Laboratory) Ecole Polytechnique, (Laboratoire d&#8217;Informatique de l&#8217;X) INSA Centre Val de Loire, (Laboratoire d&#8217;Informatique Fondamentale d&#8217;Orl\u00e9ans) Athens University of Economics and Business Conseil G\u00e9n\u00e9ral des Yvelines PERMANENT RESEARCHERS Nicolas ANCIAUX Guillaume SCERRI Jean-Fran\u00e7ois NAVARRE Benjamin NGUYEN Sabine FRITTELLA Michalis VAZIRGIANNIS STUDENTS Walid BEZZA (ENSTA ParisTech) Danae &hellip; <\/p>\n<p><a class=\"more-link btn\" href=\"https:\/\/project.inria.fr\/minexp\/teams\/\">Continue reading<\/a><\/p>\n","protected":false},"author":63,"featured_media":0,"parent":0,"menu_order":0,"comment_status":"closed","ping_status":"open","template":"","meta":{"footnotes":""},"class_list":["post-77","page","type-page","status-publish","hentry","nodate","item-wrap"],"_links":{"self":[{"href":"https:\/\/project.inria.fr\/minexp\/wp-json\/wp\/v2\/pages\/77","targetHints":{"allow":["GET"]}}],"collection":[{"href":"https:\/\/project.inria.fr\/minexp\/wp-json\/wp\/v2\/pages"}],"about":[{"href":"https:\/\/project.inria.fr\/minexp\/wp-json\/wp\/v2\/types\/page"}],"author":[{"embeddable":true,"href":"https:\/\/project.inria.fr\/minexp\/wp-json\/wp\/v2\/users\/63"}],"replies":[{"embeddable":true,"href":"https:\/\/project.inria.fr\/minexp\/wp-json\/wp\/v2\/comments?post=77"}],"version-history":[{"count":21,"href":"https:\/\/project.inria.fr\/minexp\/wp-json\/wp\/v2\/pages\/77\/revisions"}],"predecessor-version":[{"id":173,"href":"https:\/\/project.inria.fr\/minexp\/wp-json\/wp\/v2\/pages\/77\/revisions\/173"}],"wp:attachment":[{"href":"https:\/\/project.inria.fr\/minexp\/wp-json\/wp\/v2\/media?parent=77"}],"curies":[{"name":"wp","href":"https:\/\/api.w.org\/{rel}","templated":true}]}}