

{"id":4,"date":"2011-12-08T11:55:34","date_gmt":"2011-12-08T10:55:34","guid":{"rendered":"http:\/\/project.inria.fr\/template1\/?page_id=4"},"modified":"2016-04-04T19:35:54","modified_gmt":"2016-04-04T17:35:54","slug":"home","status":"publish","type":"page","link":"https:\/\/project.inria.fr\/minf\/en\/","title":{"rendered":"Home"},"content":{"rendered":"<p class=\"qtranxs-available-languages-message qtranxs-available-languages-message-en\">Sorry, this entry is only available in <a href=\"https:\/\/project.inria.fr\/minf\/fr\/wp-json\/wp\/v2\/pages\/4\" class=\"qtranxs-available-language-link qtranxs-available-language-link-fr\" title=\"Fran\u00e7ais\">Fran\u00e7ais<\/a>.<\/p><p>Vous \u00eates toujours sur le site collaboratif, participatif et de co-construction du projet : <a href=\"http:\/\/musee-informatique-numerique.fr\/\"><strong>Pour un Mus\u00e9e de l&#8217;informatique et du Num\u00e9rique<\/strong><\/a>.<\/p>\n<p>Le groupe de travail mis en place a remis son rapport.<\/p>\n<p>Le rapport est disponible sur le lien suivant \u00a0: <a href=\"https:\/\/project.inria.fr\/minf\/files\/2011\/12\/MINF_Rapport_HD.pdf\">rapport #MINF<\/a>.<\/p>\n<p>\u00c0 vos claviers&#8230; et commentaires.<\/p>\n<p>N&#8217;h\u00e9sitez pas \u00e0 le relayer.<\/p>","protected":false},"excerpt":{"rendered":"<p>Sorry, this entry is only available in Fran\u00e7ais.Vous \u00eates toujours sur le site collaboratif, participatif et de co-construction du projet : Pour un Mus\u00e9e de l&#8217;informatique et du Num\u00e9rique. Le groupe de travail mis en place a remis son rapport. Le rapport est disponible sur le lien suivant \u00a0: rapport #MINF. \u00c0 vos claviers&#8230; et &hellip; <\/p>\n<p><a class=\"more-link btn\" href=\"https:\/\/project.inria.fr\/minf\/en\/\">Continue reading<\/a><\/p>\n","protected":false},"author":1,"featured_media":0,"parent":0,"menu_order":0,"comment_status":"closed","ping_status":"closed","template":"","meta":{"_mc_calendar":[],"footnotes":""},"class_list":["post-4","page","type-page","status-publish","hentry","nodate","item-wrap"],"_links":{"self":[{"href":"https:\/\/project.inria.fr\/minf\/en\/wp-json\/wp\/v2\/pages\/4","targetHints":{"allow":["GET"]}}],"collection":[{"href":"https:\/\/project.inria.fr\/minf\/en\/wp-json\/wp\/v2\/pages"}],"about":[{"href":"https:\/\/project.inria.fr\/minf\/en\/wp-json\/wp\/v2\/types\/page"}],"author":[{"embeddable":true,"href":"https:\/\/project.inria.fr\/minf\/en\/wp-json\/wp\/v2\/users\/1"}],"replies":[{"embeddable":true,"href":"https:\/\/project.inria.fr\/minf\/en\/wp-json\/wp\/v2\/comments?post=4"}],"version-history":[{"count":46,"href":"https:\/\/project.inria.fr\/minf\/en\/wp-json\/wp\/v2\/pages\/4\/revisions"}],"predecessor-version":[{"id":823,"href":"https:\/\/project.inria.fr\/minf\/en\/wp-json\/wp\/v2\/pages\/4\/revisions\/823"}],"wp:attachment":[{"href":"https:\/\/project.inria.fr\/minf\/en\/wp-json\/wp\/v2\/media?parent=4"}],"curies":[{"name":"wp","href":"https:\/\/api.w.org\/{rel}","templated":true}]}}