

{"id":173,"date":"2013-01-24T05:44:22","date_gmt":"2013-01-24T04:44:22","guid":{"rendered":"https:\/\/project.inria.fr\/minf\/?page_id=173"},"modified":"2015-09-23T07:59:44","modified_gmt":"2015-09-23T05:59:44","slug":"contact-2","status":"publish","type":"page","link":"https:\/\/project.inria.fr\/minf\/contact-2\/","title":{"rendered":"Contact"},"content":{"rendered":"<p>Pour <em>contacter le groupe de travail sur la construction du projet<\/em> : isabelle.astic @ cnam.fr et\u00a0pierre.paradinas @ cnam.fr<\/p>\n<p><em>Liste de diffusion des initiatives autour de la notion de mus\u00e9e de l&rsquo;informatique et de la soci\u00e9t\u00e9 num\u00e9rique<\/em> :<\/p>\n<p>s&rsquo;inscrire : mailto:musee.informatique-subscribe@cnam.fr<\/p>\n<p>\u00e9crire \u00e0 la liste : mailto:musee.informatique@cnam.fr<\/p>\n<p>se d\u00e9sabonner : mailto:musee.informatique-unsubscribe@cnam.fr<\/p>\n<p>Conform\u00e9ment \u00e0 la loi \u00ab\u00a0Informatique et Libert\u00e9s\u00a0\u00bb du 6 janvier 1978 modifi\u00e9e, vous b\u00e9n\u00e9ficiez d&rsquo;un droit d&rsquo;acc\u00e8s et de rectification aux informations qui vous concernent, que vous pouvez exercer en vous adressant \u00e0 l&rsquo;administrateur de la liste.<br \/>\nContact administrateur : pierre.paradinas @ cnam.fr<\/p>\n<p><img decoding=\"async\" src=\"https:\/\/project.inria.fr\/minf\/files\/2013\/01\/Pascaline.jpg\" alt=\"La Pascaline, Mus\u00e9e des arts et m\u00e9tiers-Cnam, Paris\/ Photo JC Wetzel \" align=\"left\" \/><br \/>\n<small>La Pascaline, Mus\u00e9e des arts et m\u00e9tiers-Cnam, Paris\/ Photo JC Wetzel<\/small><\/p>","protected":false},"excerpt":{"rendered":"<p>Pour contacter le groupe de travail sur la construction du projet : isabelle.astic @ cnam.fr et\u00a0pierre.paradinas @ cnam.fr Liste de diffusion des initiatives autour de la notion de mus\u00e9e de l&rsquo;informatique et de la soci\u00e9t\u00e9 num\u00e9rique : s&rsquo;inscrire : mailto:musee.informatique-subscribe@cnam.fr \u00e9crire \u00e0 la liste : mailto:musee.informatique@cnam.fr se d\u00e9sabonner : mailto:musee.informatique-unsubscribe@cnam.fr Conform\u00e9ment \u00e0 la loi \u00ab\u00a0Informatique &hellip; <\/p>\n<p><a class=\"more-link btn\" href=\"https:\/\/project.inria.fr\/minf\/contact-2\/\">Lire la suite<\/a><\/p>\n","protected":false},"author":36,"featured_media":0,"parent":0,"menu_order":5,"comment_status":"closed","ping_status":"closed","template":"","meta":{"_mc_calendar":[],"footnotes":""},"class_list":["post-173","page","type-page","status-publish","hentry","nodate","item-wrap"],"_links":{"self":[{"href":"https:\/\/project.inria.fr\/minf\/wp-json\/wp\/v2\/pages\/173","targetHints":{"allow":["GET"]}}],"collection":[{"href":"https:\/\/project.inria.fr\/minf\/wp-json\/wp\/v2\/pages"}],"about":[{"href":"https:\/\/project.inria.fr\/minf\/wp-json\/wp\/v2\/types\/page"}],"author":[{"embeddable":true,"href":"https:\/\/project.inria.fr\/minf\/wp-json\/wp\/v2\/users\/36"}],"replies":[{"embeddable":true,"href":"https:\/\/project.inria.fr\/minf\/wp-json\/wp\/v2\/comments?post=173"}],"version-history":[{"count":10,"href":"https:\/\/project.inria.fr\/minf\/wp-json\/wp\/v2\/pages\/173\/revisions"}],"predecessor-version":[{"id":797,"href":"https:\/\/project.inria.fr\/minf\/wp-json\/wp\/v2\/pages\/173\/revisions\/797"}],"wp:attachment":[{"href":"https:\/\/project.inria.fr\/minf\/wp-json\/wp\/v2\/media?parent=173"}],"curies":[{"name":"wp","href":"https:\/\/api.w.org\/{rel}","templated":true}]}}