

{"id":82,"date":"2013-01-23T17:05:18","date_gmt":"2013-01-23T16:05:18","guid":{"rendered":"https:\/\/project.inria.fr\/minf\/?page_id=82"},"modified":"2017-01-20T08:13:24","modified_gmt":"2017-01-20T07:13:24","slug":"colloqueactes","status":"publish","type":"page","link":"https:\/\/project.inria.fr\/minf\/colloqueactes\/","title":{"rendered":"Colloque\/Actes"},"content":{"rendered":"<p><\/p>\n<p style=\"text-align: right;\"><em>\u00c0 l&rsquo;invitation des membres du projet, un colloque a \u00e9t\u00e9 organis\u00e9 au CNAM, sur le th\u00e8me<br \/>\n<\/em><\/p>\n<p><center>\u00ab\u00a0<strong>Vers un Mus\u00e9e de l&rsquo;Informatique et de la Soci\u00e9t\u00e9 Num\u00e9rique en France<\/strong>\u00ab\u00a0<\/center><\/p>\n<p style=\"text-align: right;\"><img decoding=\"async\" src=\"https:\/\/project.inria.fr\/minf\/files\/2013\/01\/logo-CC-BY-NC-ND.png\" alt=\"CC-BY-NC-ND\" align=\"right\" \/>Les actes sont mis \u00e0 disposition selon les termes de la<br \/>\nLicence Creative Commons<br \/>\nAttribution &#8211; Pas d\u2019Utilisation Commerciale &#8211; Pas de Modification 3.0 non transpos\u00e9.<\/p>\n<p><strong>Mercredi 7 Novembre<\/strong><\/p>\n<p>Les actes sont accessibles sous la forme d&rsquo;un seul fichier comportant l&rsquo;ensemble des articles re\u00e7us sur ce <a href=\"http:\/\/minf.cnam.fr\/Papiers-Verifies\/Colloque-MINF-2012.pdf\" target=\"_blank\">LIEN<\/a>. Chaque article dans le programme reste accessible individuellement.<\/p>\n<p>9 h 30 \u2014 9 h 45 Ouverture<br \/>\nIntroduction, Serge Chambaud, Directeur du Mus\u00e9e des arts et m\u00e9tiers<\/p>\n<p>9 h 45 \u2014 11 h 30 Le propos du mus\u00e9e 1<br \/>\nSession anim\u00e9e par Serge Chambaud<br \/>\n(<a href=\"http:\/\/minf.cnam.fr\/Papiers-Verifies\/1.1_Pourrait_etre_musee_Roux.pdf\" target=\"_blank\">Ce que pourrait \u00eatre un mus\u00e9e de l\u2019informatique<\/a>, Alain Roux)<br \/>\n<a href=\"http:\/\/minf.cnam.fr\/Papiers-Verifies\/1.2_science_informatique_Krakowiak.pdf\" target=\"_blank\">Derri\u00e8re la technique, la science informatique<\/a>, Sacha Krakowiak, Jacques Mossi\u00e8re et Jean-Pierre Verjus<br \/>\n<a href=\"http:\/\/minf.cnam.fr\/Papiers-Verifies\/1.3_homo_calculus_Mouyssinat.pdf\">Homo Calculus<\/a>, Michel Mouyssinat<br \/>\n<a href=\"http:\/\/minf.cnam.fr\/Papiers-Verifies\/1.4_Me%CC%81canographie_Bellec.pdf\" target=\"_blank\">La m\u00e9canographie<\/a>, Jean Bellec (\u2020), G\u00e9rard Louzier<br \/>\n<a href=\"http:\/\/minf.cnam.fr\/Papiers-Verifies\/7.4_Complexe_de_Frankenstein_Natkin.pdf\" target=\"_blank\">Le complexe de Frankenstein revisit\u00e9<\/a>, St\u00e9phane Natkin<\/p>\n<p>11 h 45 \u2013 13 h 00 Logiciels, logiciels libres : sauvegarde et diffusion<br \/>\nSession anim\u00e9e par Maurice Nivat<br \/>\n<a href=\"http:\/\/minf.cnam.fr\/Papiers-Verifies\/2.1_droit_du_nume%CC%81rique_Pellegrini.pdf\" target=\"_blank\">Le droit du num\u00e9rique : une histoire \u00e0 pr\u00e9server<\/a>, S\u00e9bastien Canevet et Fran\u00e7ois Pellegrini<br \/>\n<a href=\"http:\/\/minf.cnam.fr\/Papiers-Verifies\/2.2_Place_du_logiciel_Letellier.pdf\" target=\"_blank\">Quelle place pour le logiciel dans un mus\u00e9e de l\u2019informatique ?<\/a> Fran\u00e7ois Letellier<br \/>\n<a href=\"http:\/\/minf.cnam.fr\/Papiers-Verifies\/2.3_Libe%CC%81rer_les_collections_Thiery.pdf\" target=\"_blank\">Doit-on et peut-on lib\u00e9rer les collections informatiques ?<\/a> Jean Thi\u00e9ry<\/p>\n<p>14 h 15 \u2014 16 h 00 Retours d\u2019exp\u00e9riences 1<br \/>\nSession anim\u00e9e par Philippe Dubois<br \/>\n<a href=\"http:\/\/minf.cnam.fr\/Papiers-Verifies\/Musee-Info-Rapport-de-Visites-V4.pdf\" target=\"_blank\">Vers un mus\u00e9e de l&rsquo;Informatique, Contributions (rapports de visites)<\/a>, Isabelle Astic et Pierre Paradinas<br \/>\n(<a href=\"http:\/\/minf.cnam.fr\/Papiers-Verifies\/3.2_muse%CC%81e_grande_arche_Nieuwbourg.pdf\" target=\"_blank\">Un mus\u00e9e de l&rsquo;informatique au sommet de la Grande Arche de la D\u00e9fense<\/a>, Philippe Nieuwbourg)<br \/>\n<a href=\"http:\/\/minf.cnam.fr\/Papiers-Verifies\/3.3_manuel_conservateur_amateur_Lang.pdf\" target=\"_blank\">Pour un manuel du conservateur amateur<\/a>, Bernard Lang<br \/>\nLes missions du conservateur-restaurateur dans un Mus\u00e9e de l\u2019Informatique, Agathe Jarczyk et Marc Egger<\/p>\n<p>16 h 15 \u2014 18 h 00 Strat\u00e9gies<br \/>\nSession anim\u00e9e par Jean-Pierre Verjus<br \/>\n<a href=\"http:\/\/minf.cnam.fr\/Papiers-Verifies\/4.1_musee_Grenoble_Peccoud.pdf\" target=\"_blank\">Un mus\u00e9e de l\u2019informatique \u00e0 Grenoble :<\/a><a href=\"http:\/\/minf.cnam.fr\/Papiers-Verifies\/4.1_musee_Grenoble_Peccoud.pdf\" target=\"_blank\">Quelle approche ?<\/a> Francois Peccoud<br \/>\n<a href=\"http:\/\/minf.cnam.fr\/Papiers-Verifies\/4.2_musee-virtuel_Aconit.pdf\" target=\"_blank\">Vers un mus\u00e9e virtuel de l\u2019informatique<\/a>, Aconit<br \/>\n<a href=\"http:\/\/minf.cnam.fr\/Papiers-Verifies\/4.3_Informatique_et_e%CC%81conomie_Costabel.pdf\" target=\"_blank\">Un Mus\u00e9e de l\u2019Informatique et une vitrine de l\u2019Economie num\u00e9rique<\/a>, Alain Costabel<br \/>\n<a href=\"http:\/\/minf.cnam.fr\/Papiers-Verifies\/4.4_document%203.0_Vieville.pdf\" target=\"_blank\">Comment utiliser le 3.0 pour que notre MINF soit ubiquitaire, participatif et attractif ?<\/a> Florian Dufour, Martin Hachet, G\u00e9rard Giraudon, Pascal Guitton et Thierry Vi\u00e9ville<\/p>\n<p><strong>Jeudi 8 Novembre<\/strong><\/p>\n<p>9 h 30 \u2013 11 h 00 P\u00e9dagogie, enseignement et diffusion<br \/>\nSession anim\u00e9e par Gilles Dowek<br \/>\n<a href=\"http:\/\/minf.cnam.fr\/Papiers-Verifies\/5.1_Collection%20de%20podcats_Bousquet.pdf\" target=\"_blank\">Vers une collection de podcasts pour vulgariser les concepts informatiques<\/a>, Lydie du Bousquet<br \/>\n<a href=\"http:\/\/minf.cnam.fr\/Papiers-Verifies\/5.2_Pre%CC%81sentation_de_me%CC%81dias_Carton.pdf\" target=\"_blank\">La pr\u00e9sentation de m\u00e9dia, dont la micro-informatique<\/a>, \u00c9ric Carton<br \/>\n<a href=\"http:\/\/minf.cnam.fr\/Papiers-Verifies\/5.3_enseignement_du_nume%CC%81rique_Bernaudin.pdf\" target=\"_blank\">Essai d&rsquo;\u00e9tude historique de l&rsquo;enseignement du Num\u00e9rique<\/a>, Jean-Louis Bernaudin<br \/>\n<a href=\"http:\/\/minf.cnam.fr\/Papiers-Verifies\/5.4_Informatique_pe%CC%81dagogique__Guerry.pdf\" target=\"_blank\">De l&rsquo;informatique p\u00e9dagogique et de sa place dans un mus\u00e9e de l&rsquo;informatique et de la soci\u00e9t\u00e9 num\u00e9rique<\/a>, Bastien Guerry (article sous <a href=\"http:\/\/creativecommons.org\/licenses\/by-sa\/2.0\/fr\/\" target=\"_blank\">CC-by-sa<\/a>, version commentable <a href=\"http:\/\/lumiere.ens.fr\/~guerry\/informatique-pedagogique-et-musee-informatique-article.html\" target=\"_blank\">ici<\/a>.)<br \/>\n<a href=\"http:\/\/minf.cnam.fr\/Papiers-Verifies\/5.5_informatique_pedagogique_%20Baude%CC%81.pdf\" target=\"_blank\">L\u2019informatique dans les \u00e9coles, coll\u00e8ges et lyc\u00e9es fran\u00e7ais. Plus de 40 ann\u00e9es de pr\u00e9sence active de l\u2019EPI<\/a>, Jacques Baud\u00e9<br \/>\n<a href=\"http:\/\/minf.cnam.fr\/Papiers-Verifies\/5.6_Place_pour_utilisateurs-programmeurs_Blondel.pdf\" target=\"_blank\">Quelle place pour les utilisateurs-programmeurs dans un mus\u00e9e de l\u2019informatique et de la soci\u00e9t\u00e9 num\u00e9rique ?<\/a> Fran\u00e7ois-Marie Blondel, \u00c9ric Bruillard et Fran\u00e7oise Tort<\/p>\n<p>11 h 15 \u2014 13 h 00 Retour d\u2019exp\u00e9riences 2<br \/>\nSession anim\u00e9e par Pierre-Eric Mounier Kuhn<br \/>\n<a href=\"http:\/\/minf.cnam.fr\/Papiers-Verifies\/6.1_me%CC%81moire_innovation%20Bull_Paloque-Berges.pdf\" target=\"_blank\">La \u00ab petite m\u00e9moire \u00bb de l&rsquo;innovation informatique<\/a>, Camille Paloque-Berges<br \/>\n<a href=\"http:\/\/minf.cnam.fr\/Papiers-Verifies\/6.2_Informatique_40ans_apre%CC%80s_Poswick.pdf\" target=\"_blank\">Informatique 40 ans apr\u00e8s : pour une typologie des m\u00e9moires \u00e0 pr\u00e9server<\/a>, R.-Ferdinand Poswick<br \/>\nMusurev project, Michel Tr\u00e9heux<br \/>\nElectronic collection : preservation plan and long term access, Jean-Philippe Humblot<br \/>\n<a href=\"http:\/\/minf.cnam.fr\/Papiers-Verifies\/6.5_Charles_Cros_Loyant.pdf\" target=\"_blank\">Quand Charles Cros fait des \u00e9mules<\/a>, Xavier Loyant<br \/>\n<a href=\"http:\/\/minf.cnam.fr\/Papiers-Verifies\/6.6_patrimoine_incarne%CC%81_livres_Comte.pdf\" target=\"_blank\">Le patrimoine intellectuel de l\u2019informatique s\u2019est incarn\u00e9 dans les livres<\/a>, Marie-H\u00e9l\u00e8ne Comte, Anita Guiteau et Thierry Vi\u00e9ville<\/p>\n<p>14 h 15\u2014 16 h 00 Le propos du mus\u00e9e 2<br \/>\nSession anim\u00e9e par Roberto Di Cosmo<br \/>\n<a href=\"http:\/\/minf.cnam.fr\/Papiers-Verifies\/7.1_conservation_Dynamique_Moreau.pdf\" target=\"_blank\">Une conservation dynamique des oeuvres num\u00e9riques ?<\/a> Antoine Moreau<br \/>\n<a href=\"http:\/\/minf.cnam.fr\/Papiers-Verifies\/7.2_Vivre_informatique_graphique_Welker.pdf\" target=\"_blank\">Faire vivre l&rsquo;informatique graphique<\/a>, Pierre H\u00e9non et C\u00e9cile Welker<br \/>\n<a href=\"http:\/\/minf.cnam.fr\/Papiers-Verifies\/7.3_internet_objet_patrimonial_Schafer.pdf\" target=\"_blank\">Internet, un objet patrimonial et mus\u00e9ographique<\/a>, Val\u00e9rie Schafer<\/p>\n<p>16 h 15\u2014 17 h 30 Discussion g\u00e9n\u00e9rale<\/p>","protected":false},"excerpt":{"rendered":"<p>\u00c0 l&rsquo;invitation des membres du projet, un colloque a \u00e9t\u00e9 organis\u00e9 au CNAM, sur le th\u00e8me \u00ab\u00a0Vers un Mus\u00e9e de l&rsquo;Informatique et de la Soci\u00e9t\u00e9 Num\u00e9rique en France\u00ab\u00a0 Les actes sont mis \u00e0 disposition selon les termes de la Licence Creative Commons Attribution &#8211; Pas d\u2019Utilisation Commerciale &#8211; Pas de Modification 3.0 non transpos\u00e9. Mercredi &hellip; <\/p>\n<p><a class=\"more-link btn\" href=\"https:\/\/project.inria.fr\/minf\/colloqueactes\/\">Lire la suite<\/a><\/p>\n","protected":false},"author":36,"featured_media":0,"parent":0,"menu_order":4,"comment_status":"closed","ping_status":"closed","template":"","meta":{"_mc_calendar":[],"footnotes":""},"class_list":["post-82","page","type-page","status-publish","hentry","nodate","item-wrap"],"_links":{"self":[{"href":"https:\/\/project.inria.fr\/minf\/wp-json\/wp\/v2\/pages\/82","targetHints":{"allow":["GET"]}}],"collection":[{"href":"https:\/\/project.inria.fr\/minf\/wp-json\/wp\/v2\/pages"}],"about":[{"href":"https:\/\/project.inria.fr\/minf\/wp-json\/wp\/v2\/types\/page"}],"author":[{"embeddable":true,"href":"https:\/\/project.inria.fr\/minf\/wp-json\/wp\/v2\/users\/36"}],"replies":[{"embeddable":true,"href":"https:\/\/project.inria.fr\/minf\/wp-json\/wp\/v2\/comments?post=82"}],"version-history":[{"count":30,"href":"https:\/\/project.inria.fr\/minf\/wp-json\/wp\/v2\/pages\/82\/revisions"}],"predecessor-version":[{"id":862,"href":"https:\/\/project.inria.fr\/minf\/wp-json\/wp\/v2\/pages\/82\/revisions\/862"}],"wp:attachment":[{"href":"https:\/\/project.inria.fr\/minf\/wp-json\/wp\/v2\/media?parent=82"}],"curies":[{"name":"wp","href":"https:\/\/api.w.org\/{rel}","templated":true}]}}