

{"id":85,"date":"2013-01-23T17:14:54","date_gmt":"2013-01-23T16:14:54","guid":{"rendered":"https:\/\/project.inria.fr\/minf\/?page_id=85"},"modified":"2015-09-20T20:46:28","modified_gmt":"2015-09-20T18:46:28","slug":"contributions","status":"publish","type":"page","link":"https:\/\/project.inria.fr\/minf\/contributions\/","title":{"rendered":"Contributions"},"content":{"rendered":"<p>Les structures acad\u00e9miques, socio-\u00e9conomiques, et associatives signataires d\u00e9clarent ici leur volont\u00e9 commune de cr\u00e9er un Mus\u00e9e de l&rsquo;Informatique et de la Soci\u00e9t\u00e9 Num\u00e9rique \u00e0 partir de la vision qui s&rsquo;est d\u00e9gag\u00e9e du colloque consacr\u00e9 \u00e0 ce projet les 7 et 8 novembre 2012 au Mus\u00e9e des arts et m\u00e9tiers.<\/p>\n<p>Elles se rassemblent ici, \u00e0 partir de la plateforme collaborative <strong>http:\/\/www.musee-informatique-numerique.fr<\/strong>, pour b\u00e2tir une vision coll\u00e9giale de ce lieu.<\/p>\n<p>Ce projet* inclut entre-autre :<\/p>\n<p>&#8211; un mus\u00e9e 3.0 pr\u00e9sentiel et virtuel, constitu\u00e9 autours d&rsquo;un patrimoine mat\u00e9riel et immat\u00e9riel existant et \u00e0 consolider pour englober la notion d&rsquo;humanit\u00e9s num\u00e9riques ;<\/p>\n<p>&#8211; l&rsquo;objectif d&rsquo;aider toute personne \u00e0 s&rsquo;approprier la soci\u00e9t\u00e9 num\u00e9rique, donc en comprendre et appr\u00e9hender les fondements scientifiques et techniques;<\/p>\n<p>&#8211; une cible ouverte : \u00e0 la fois aux curieux de science (y compris les \u00abfablabs \u00bb, etc&#8230;), aux milieux \u00e9ducatifs et du loisir culturel, et au sens large le public citoyen-num\u00e9rique;<\/p>\n<p>&#8211; une m\u00e9thodologie participative, permettant \u00e0 toutes les initiatives locales de se reconnaitre dans ce projet et d&rsquo;y \u00eatre \u00e0 la fois acteur et relais territorial;<\/p>\n<p>&#8211;\u00a0 une vitrine des d\u00e9veloppements actuels et futurs, un lieu de partage du savoir et de r\u00e9flexion publique sur les sujets num\u00e9riques.<\/p>\n<p>(*) Cette description est initiale donc ni exhaustive, ni d\u00e9finitive, ni normative.<\/p>\n<p><strong>Cet espace attend donc vos questions, remarques, commentaires et contributions.<\/strong><\/p>\n<p><img decoding=\"async\" src=\"https:\/\/project.inria.fr\/minf\/files\/2013\/01\/Image-Micral.jpg\" alt=\"Mus\u00e9e de l'informatique - F\u00e9d\u00e9ration des \u00c9quipes Bull \" \/><\/p>\n<p><small> Mus\u00e9e de l&rsquo;informatique &#8211; F\u00e9d\u00e9ration des \u00c9quipes Bull <\/small><\/p>","protected":false},"excerpt":{"rendered":"<p>Les structures acad\u00e9miques, socio-\u00e9conomiques, et associatives signataires d\u00e9clarent ici leur volont\u00e9 commune de cr\u00e9er un Mus\u00e9e de l&rsquo;Informatique et de la Soci\u00e9t\u00e9 Num\u00e9rique \u00e0 partir de la vision qui s&rsquo;est d\u00e9gag\u00e9e du colloque consacr\u00e9 \u00e0 ce projet les 7 et 8 novembre 2012 au Mus\u00e9e des arts et m\u00e9tiers. Elles se rassemblent ici, \u00e0 partir &hellip; <\/p>\n<p><a class=\"more-link btn\" href=\"https:\/\/project.inria.fr\/minf\/contributions\/\">Lire la suite<\/a><\/p>\n","protected":false},"author":36,"featured_media":0,"parent":0,"menu_order":1,"comment_status":"closed","ping_status":"closed","template":"","meta":{"_mc_calendar":[],"footnotes":""},"class_list":["post-85","page","type-page","status-publish","hentry","nodate","item-wrap"],"_links":{"self":[{"href":"https:\/\/project.inria.fr\/minf\/wp-json\/wp\/v2\/pages\/85","targetHints":{"allow":["GET"]}}],"collection":[{"href":"https:\/\/project.inria.fr\/minf\/wp-json\/wp\/v2\/pages"}],"about":[{"href":"https:\/\/project.inria.fr\/minf\/wp-json\/wp\/v2\/types\/page"}],"author":[{"embeddable":true,"href":"https:\/\/project.inria.fr\/minf\/wp-json\/wp\/v2\/users\/36"}],"replies":[{"embeddable":true,"href":"https:\/\/project.inria.fr\/minf\/wp-json\/wp\/v2\/comments?post=85"}],"version-history":[{"count":13,"href":"https:\/\/project.inria.fr\/minf\/wp-json\/wp\/v2\/pages\/85\/revisions"}],"predecessor-version":[{"id":796,"href":"https:\/\/project.inria.fr\/minf\/wp-json\/wp\/v2\/pages\/85\/revisions\/796"}],"wp:attachment":[{"href":"https:\/\/project.inria.fr\/minf\/wp-json\/wp\/v2\/media?parent=85"}],"curies":[{"name":"wp","href":"https:\/\/api.w.org\/{rel}","templated":true}]}}