

{"id":87,"date":"2013-01-23T17:16:13","date_gmt":"2013-01-23T16:16:13","guid":{"rendered":"https:\/\/project.inria.fr\/minf\/?page_id=87"},"modified":"2013-01-28T15:51:04","modified_gmt":"2013-01-28T14:51:04","slug":"partenaires","status":"publish","type":"page","link":"https:\/\/project.inria.fr\/minf\/partenaires\/","title":{"rendered":"Partenaires"},"content":{"rendered":"<p><big>Le projet re\u00e7oit de nombreux soutiens. La Soci\u00e9t\u00e9 Informatique de France (<a href=\"http:\/\/www.societe-informatique-de-france.fr\" target=\"_blank\">SIF<\/a>), CNRS-<a href=\"http:\/\/www.cnrs.fr\/ins2i\/\" target=\"_blank\">INS2I<\/a>, l&rsquo;association <a href=\"http:\/\/www.assopascaline.fr\" target=\"_blank\">P@scaline<\/a>, l&rsquo;association Enseignement Public &amp; Informatique (<a href=\"http:\/\/www.epi.asso.fr\/revue\/histosom.htm\" target=\"_blank\">EPI<\/a>), pr\u00e9servation du patrimoine num\u00e9rique (<a href=\"http:\/\/wda-fr.org\" target=\"_blank\">WDA<\/a>) et les Les <a href=\"http:\/\/www.no-log.org\" target=\"_blank\">Virtualistes<\/a>, <a href=\"http:\/\/informatique.in2p3.fr\/li\/spip.php?article256\" target=\"_blank\">CC-IN2P3<\/a> et son mus\u00e9e informatique, le <a href=\"http:\/\/www.lne.fr\/fr\/r_et_d\/gis-don\/conservation-donnees-numeriques-gis-don.asp\" target=\"_blank\">GIS-Spadon<\/a> (Groupement d&rsquo;Inter\u00eat Scientifique sur les Supports P\u00e9rennes d&rsquo;Archivage des DOnn\u00e9es Num\u00e9riques) et l&rsquo;<a href=\"http:\/\/www.ihp.fr\" target=\"_blank\">IHP<\/a> (Institut Henri Poincar\u00e9) apportent le leur \u00e0 cette initiative.<\/big><\/p>\n<p>Rejoignez\/soutenez l&rsquo;initiative en retournant un <a href=\"mailto:isabelle.astic@cnam.fr\">mail<\/a>.<\/p>\n<h2>Les partenaires du projet<\/h2>\n<table border=\"1\" cellspacing=\"2\" cellpadding=\"2\" align=\"center\">\n<tbody>\n<tr>\n<td><a href=\"http:\/\/www.aconit.org\">ACONIT<\/a><\/td>\n<td><img decoding=\"async\" src=\"https:\/\/project.inria.fr\/minf\/files\/2013\/01\/logo_aconit.jpg\" alt=\"logo_aconit\" width=\"150\" \/><\/td>\n<\/tr>\n<tr>\n<td><a href=\"http:\/\/www-sop.inria.fr\/amisa\/\">AMISA<\/a><\/td>\n<td><img decoding=\"async\" src=\"https:\/\/project.inria.fr\/minf\/files\/2013\/01\/logo_amisa.gif\" alt=\"logo_amisa\" width=\"150\" \/><\/td>\n<\/tr>\n<tr>\n<td><a href=\"http:\/\/www.bnf.fr\" target=\"_blank\">Biblioth\u00e8que nationale de France<\/a><\/td>\n<td height=\"80\"><!---img src=\"https:\/\/project.inria.fr\/minf\/files\/2013\/01\/logo_bnf.gif\" alt=\"logo_bnf\" width=\"150\" \/--><\/td>\n<\/tr>\n<tr>\n<td><a href=\"http:\/\/www.espace-turing.fr\">Espace Turing<\/a><\/td>\n<td align=\"center\"><img decoding=\"async\" src=\"https:\/\/project.inria.fr\/minf\/files\/2013\/01\/logo_turing.jpg\" alt=\"logo_turing\" width=\"80\" \/><\/td>\n<\/tr>\n<tr>\n<td><a href=\"http:\/\/www.feb-patrimoine.com\">F\u00e9d\u00e9ration des \u00e9quipes Bull<\/a><\/td>\n<td><img decoding=\"async\" src=\"https:\/\/project.inria.fr\/minf\/files\/2013\/01\/logo_feb.gif\" alt=\"logo_feb\" width=\"150\" \/><\/td>\n<\/tr>\n<tr>\n<td><a href=\"http:\/\/www.leon-bollee.edu.vn\/page-homocalculus-fr.html\">Homo Calculus<\/a><\/td>\n<td><img decoding=\"async\" src=\"https:\/\/project.inria.fr\/minf\/files\/2013\/01\/LOGO-homo_calculus-e1359380186294.gif\" alt=\"LOGO-homo_calculus-e1359380186294\" width=\"150\" \/><\/td>\n<\/tr>\n<tr>\n<td><a href=\"http:\/\/www.inria.fr\">INRIA<\/a><\/td>\n<td><img decoding=\"async\" src=\"https:\/\/project.inria.fr\/minf\/files\/2013\/01\/logo_inria.png\" alt=\"logo_inria\" width=\"150\" \/><\/td>\n<\/tr>\n<tr>\n<td><a href=\"http:\/\/www.cnam.fr\">Le Conservatoire national des arts et m\u00e9tiers<\/a><\/td>\n<td><img decoding=\"async\" src=\"https:\/\/project.inria.fr\/minf\/files\/2013\/01\/logo_cnam.jpg\" alt=\"logo_cnam\" width=\"150\" \/><\/td>\n<\/tr>\n<tr>\n<td><a href=\"http:\/\/www.museeinformatique.fr\">Mus\u00e9e Informatique<\/a><\/td>\n<td><img decoding=\"async\" src=\"https:\/\/project.inria.fr\/minf\/files\/2013\/01\/logo_musinfo.png\" alt=\"logo_musinfo\" width=\"150\" \/><\/td>\n<\/tr>\n<tr>\n<td><a href=\"http:\/\/mo5.com\">MO5.COM<\/a><\/td>\n<td><img decoding=\"async\" src=\"https:\/\/project.inria.fr\/minf\/files\/2013\/01\/logo_mo5.png\" alt=\"logo_m05\" width=\"150\" \/><\/td>\n<\/tr>\n<tr>\n<td><a href=\"http:\/\/www.arts-et-metiers.net\">Mus\u00e9e des arts et m\u00e9tiers<\/a><\/td>\n<td><img decoding=\"async\" src=\"https:\/\/project.inria.fr\/minf\/files\/2013\/01\/logo_mam.jpeg\" alt=\"logo_mam\" width=\"150\" \/><\/td>\n<\/tr>\n<\/tbody>\n<\/table>\n<p><\/p>","protected":false},"excerpt":{"rendered":"<p>Le projet re\u00e7oit de nombreux soutiens. La Soci\u00e9t\u00e9 Informatique de France (SIF), CNRS-INS2I, l&rsquo;association P@scaline, l&rsquo;association Enseignement Public &amp; Informatique (EPI), pr\u00e9servation du patrimoine num\u00e9rique (WDA) et les Les Virtualistes, CC-IN2P3 et son mus\u00e9e informatique, le GIS-Spadon (Groupement d&rsquo;Inter\u00eat Scientifique sur les Supports P\u00e9rennes d&rsquo;Archivage des DOnn\u00e9es Num\u00e9riques) et l&rsquo;IHP (Institut Henri Poincar\u00e9) apportent le &hellip; <\/p>\n<p><a class=\"more-link btn\" href=\"https:\/\/project.inria.fr\/minf\/partenaires\/\">Lire la suite<\/a><\/p>\n","protected":false},"author":36,"featured_media":0,"parent":0,"menu_order":3,"comment_status":"closed","ping_status":"closed","template":"","meta":{"_mc_calendar":[],"footnotes":""},"class_list":["post-87","page","type-page","status-publish","hentry","nodate","item-wrap"],"_links":{"self":[{"href":"https:\/\/project.inria.fr\/minf\/wp-json\/wp\/v2\/pages\/87","targetHints":{"allow":["GET"]}}],"collection":[{"href":"https:\/\/project.inria.fr\/minf\/wp-json\/wp\/v2\/pages"}],"about":[{"href":"https:\/\/project.inria.fr\/minf\/wp-json\/wp\/v2\/types\/page"}],"author":[{"embeddable":true,"href":"https:\/\/project.inria.fr\/minf\/wp-json\/wp\/v2\/users\/36"}],"replies":[{"embeddable":true,"href":"https:\/\/project.inria.fr\/minf\/wp-json\/wp\/v2\/comments?post=87"}],"version-history":[{"count":21,"href":"https:\/\/project.inria.fr\/minf\/wp-json\/wp\/v2\/pages\/87\/revisions"}],"predecessor-version":[{"id":121,"href":"https:\/\/project.inria.fr\/minf\/wp-json\/wp\/v2\/pages\/87\/revisions\/121"}],"wp:attachment":[{"href":"https:\/\/project.inria.fr\/minf\/wp-json\/wp\/v2\/media?parent=87"}],"curies":[{"name":"wp","href":"https:\/\/api.w.org\/{rel}","templated":true}]}}