

{"id":174,"date":"2024-01-31T14:11:39","date_gmt":"2024-01-31T13:11:39","guid":{"rendered":"https:\/\/project.inria.fr\/mistic\/?page_id=174"},"modified":"2025-06-02T17:37:48","modified_gmt":"2025-06-02T15:37:48","slug":"projects","status":"publish","type":"page","link":"https:\/\/project.inria.fr\/mistic\/projects\/","title":{"rendered":"Projects"},"content":{"rendered":"<p>Post-doc and PhD projects funded by MISTIC<\/p>\n\n\n\n<p><em><a href=\"https:\/\/project.inria.fr\/mistic\/projects\/soil-genetic-diversity\/\">Exploring and quantifying the soil genetic diversity captured by long and short-read shotgun metagenomic sequencing<\/a><\/em>, post-doc project of <strong>Carole Belliardo<\/strong><\/p>\n\n\n\n<p><a href=\"https:\/\/project.inria.fr\/mistic\/projects\/metagenomic-assembly-of-complex-ecosystems\/\"><em>Metagenomic assembly of complex ecosystems with highly accurate long-reads<\/em><\/a>, PhD project of <strong>Nicolas Maurice<\/strong><\/p>\n\n\n\n<p><a href=\"https:\/\/project.inria.fr\/mistic\/fr\/francais-integration-de-donnees-multi-omiques\/\"><em>Integration of multi-omics data for the analysis of microbial population dynamics in plant health<\/em><\/a>, PhD project of <strong>Sthyve <b>Tatho<\/b><\/strong><\/p>\n\n\n\n<p><a href=\"https:\/\/project.inria.fr\/mistic\/fr\/francais-modelisation-du-metabolisme-secondaire-informee-par-les-donnees-dans-les-communautes-microbiennes-complexes\/\"><em>Mod\u00e9lisation du m\u00e9tabolisme secondaire inform\u00e9e par les donn\u00e9es dans les communaut\u00e9s microbiennes complexes<\/em><\/a>, PhD project of <strong>Coralie Muller<\/strong><\/p>\n\n\n\n<p><em><a href=\"https:\/\/project.inria.fr\/mistic\/francais-modelisation-des-communautes-microbiennes-du-sol-a-grande-echelle-spatiale\/\">Mod\u00e9lisation des communaut\u00e9s microbiennes du sol \u00e0 grande \u00e9chelle spatiale<\/a><\/em>, PhD project of <strong>Emna Stambouli<\/strong><\/p>","protected":false},"excerpt":{"rendered":"<p>Post-doc and PhD projects funded by MISTIC Exploring and quantifying the soil genetic diversity captured by long and short-read shotgun metagenomic sequencing, post-doc project of Carole Belliardo Metagenomic assembly of complex ecosystems with highly accurate long-reads, PhD project of Nicolas Maurice Integration of multi-omics data for the analysis of microbial\u2026<\/p>\n<p> <a class=\"continue-reading-link\" href=\"https:\/\/project.inria.fr\/mistic\/projects\/\"><span>Continue reading<\/span><i class=\"crycon-right-dir\"><\/i><\/a> <\/p>\n","protected":false},"author":2309,"featured_media":0,"parent":0,"menu_order":0,"comment_status":"closed","ping_status":"closed","template":"","meta":{"footnotes":""},"class_list":["post-174","page","type-page","status-publish","hentry"],"_links":{"self":[{"href":"https:\/\/project.inria.fr\/mistic\/wp-json\/wp\/v2\/pages\/174","targetHints":{"allow":["GET"]}}],"collection":[{"href":"https:\/\/project.inria.fr\/mistic\/wp-json\/wp\/v2\/pages"}],"about":[{"href":"https:\/\/project.inria.fr\/mistic\/wp-json\/wp\/v2\/types\/page"}],"author":[{"embeddable":true,"href":"https:\/\/project.inria.fr\/mistic\/wp-json\/wp\/v2\/users\/2309"}],"replies":[{"embeddable":true,"href":"https:\/\/project.inria.fr\/mistic\/wp-json\/wp\/v2\/comments?post=174"}],"version-history":[{"count":13,"href":"https:\/\/project.inria.fr\/mistic\/wp-json\/wp\/v2\/pages\/174\/revisions"}],"predecessor-version":[{"id":224,"href":"https:\/\/project.inria.fr\/mistic\/wp-json\/wp\/v2\/pages\/174\/revisions\/224"}],"wp:attachment":[{"href":"https:\/\/project.inria.fr\/mistic\/wp-json\/wp\/v2\/media?parent=174"}],"curies":[{"name":"wp","href":"https:\/\/api.w.org\/{rel}","templated":true}]}}