

{"id":86,"date":"2025-05-12T14:19:25","date_gmt":"2025-05-12T12:19:25","guid":{"rendered":"https:\/\/project.inria.fr\/mlsim2026\/?page_id=86"},"modified":"2026-03-06T16:51:53","modified_gmt":"2026-03-06T15:51:53","slug":"summer-school","status":"publish","type":"page","link":"https:\/\/project.inria.fr\/mlsim2026\/summer-school\/","title":{"rendered":"Summer School"},"content":{"rendered":"\n<h2 class=\"wp-block-heading\">General information<\/h2>\n\n\n\n<p>The school <strong>Machine Learning + Simulation<\/strong> takes place from <strong>Monday, May 18<sup>th<\/sup> to Friday, May 22<sup>nd<\/sup><\/strong> <strong>2026<\/strong>, at <strong>Inria Center<\/strong> at Universit\u00e9 C\u00f4te d&#8217;azur, in Sophia-Antipolis. More details on the venue can be found <a href=\"https:\/\/project.inria.fr\/mlsim2026\/location\/\" data-type=\"page\" data-id=\"246\">here<\/a>.<\/p>\n\n\n\n<p>The school is organized into <strong>theoretical mini-classes<\/strong>, provided by lecturers, and <strong>practical sessions<\/strong> supervised by lecturers or local researchers. <\/p>\n\n\n\n<p>It is particularly aimed at people with a scientific computing or applied mathematics background, who want to discover or deepen their knowledge of machine learning. No prerequisites in machine learning are necessary for the theoretical courses. However, a basic knowledge of the Python language is necessary for the practical sessions. The expected audience ranges from master&#8217;s students, doctoral students, and postdocs to engineers and researchers.<\/p>\n\n\n\n<div style=\"height:39px\" aria-hidden=\"true\" class=\"wp-block-spacer\"><\/div>\n\n\n\n<div class=\"wp-block-columns is-layout-flex wp-container-core-columns-is-layout-9d6595d7 wp-block-columns-is-layout-flex\">\n<div class=\"wp-block-column is-layout-flow wp-block-column-is-layout-flow\" style=\"flex-basis:400px\">\n<figure class=\"wp-block-image size-full\"><a href=\"https:\/\/project.inria.fr\/mlsim2026\/files\/2026\/03\/affiche_ecole_MLSIM.jpg\"><img loading=\"lazy\" decoding=\"async\" width=\"595\" height=\"841\" src=\"https:\/\/project.inria.fr\/mlsim2026\/files\/2026\/03\/affiche_ecole_MLSIM.jpg\" alt=\"\" class=\"wp-image-274\" srcset=\"https:\/\/project.inria.fr\/mlsim2026\/files\/2026\/03\/affiche_ecole_MLSIM.jpg 595w, https:\/\/project.inria.fr\/mlsim2026\/files\/2026\/03\/affiche_ecole_MLSIM-212x300.jpg 212w, https:\/\/project.inria.fr\/mlsim2026\/files\/2026\/03\/affiche_ecole_MLSIM-106x150.jpg 106w\" sizes=\"auto, (max-width: 595px) 100vw, 595px\" \/><\/a><\/figure>\n<\/div>\n\n\n\n<div class=\"wp-block-column is-layout-flow wp-block-column-is-layout-flow\" style=\"flex-basis:50px\"><\/div>\n\n\n\n<div class=\"wp-block-column is-layout-flow wp-block-column-is-layout-flow\">\n<h2 class=\"wp-block-heading has-text-align-center\">Lectures<\/h2>\n\n\n\n<div style=\"height:40px\" aria-hidden=\"true\" class=\"wp-block-spacer\"><\/div>\n\n\n\n<ul class=\"wp-block-list\">\n<li><strong>Fr\u00e9d\u00e9ric Pr\u00e9cioso<\/strong> (Universit\u00e9 C\u00f4te d&#8217;Azur): <em>introductory tutorial on machine learning<\/em><\/li>\n\n\n\n<li><strong>Patrick Gallinari<\/strong> (Sorbonne Universit\u00e9): <em>data-driven modeling<\/em><\/li>\n\n\n\n<li><strong>Laurent Navoret &amp; R\u00e9mi Imbach<\/strong> (Universit\u00e9 de Strasbourg): <em>physics-informed machine learning<\/em><\/li>\n\n\n\n<li><strong>Laurent Cordier <\/strong>(Institut Pprime): <em>reduced-order models and reinforcement learning for control<\/em><\/li>\n\n\n\n<li><strong>Bertrand Iooss &amp; Alejandro Ribes<\/strong> (EDF R&amp;D): <em>Machine learning-based metamodels for emulating industrial costly simulations and solving inverse problems<\/em><\/li>\n<\/ul>\n\n\n\n<p class=\"has-text-align-center\">Detailed program can be found <a href=\"https:\/\/project.inria.fr\/mlsim2026\/program\/\" data-type=\"page\" data-id=\"250\">here<\/a>.<\/p>\n<\/div>\n<\/div>\n\n\n\n<h2 class=\"wp-block-heading\"><\/h2>\n\n\n\n<div style=\"height:40px\" aria-hidden=\"true\" class=\"wp-block-spacer\"><\/div>\n\n\n\n<h2 class=\"wp-block-heading\">Registration<\/h2>\n\n\n\n<p>This event is <strong>free of charge<\/strong> but registration is mandatory. Presence is expected for all courses of the school. Registration includes coffee breaks and lunch.<br>Please note that the number of places for this event is limited. Registration will be done on a first come \u2013 first served basis.<\/p>\n\n\n\n<p>Registration can be done <a href=\"https:\/\/project.inria.fr\/mlsim2026\/registration\/\" data-type=\"page\" data-id=\"226\">here<\/a>.<\/p>\n\n\n\n<p>For any information, please email to <a href=\"mailto:mlsim2026-contact@inria.fr\">mlsim2026-contact@inria.fr<\/a><\/p>\n\n\n\n<p><\/p>\n","protected":false},"excerpt":{"rendered":"<p>General information The school Machine Learning + Simulation takes place from Monday, May 18th to Friday, May 22nd 2026, at Inria Center at Universit\u00e9 C\u00f4te d&#8217;azur, in Sophia-Antipolis. More details on the venue can be found here. The school is organized into theoretical mini-classes, provided by lecturers, and practical sessions\u2026<\/p>\n<p> <a class=\"continue-reading-link\" href=\"https:\/\/project.inria.fr\/mlsim2026\/summer-school\/\"><span>Continue reading<\/span><i class=\"crycon-right-dir\"><\/i><\/a> <\/p>\n","protected":false},"author":2374,"featured_media":0,"parent":0,"menu_order":0,"comment_status":"closed","ping_status":"closed","template":"","meta":{"footnotes":""},"class_list":["post-86","page","type-page","status-publish","hentry"],"_links":{"self":[{"href":"https:\/\/project.inria.fr\/mlsim2026\/wp-json\/wp\/v2\/pages\/86","targetHints":{"allow":["GET"]}}],"collection":[{"href":"https:\/\/project.inria.fr\/mlsim2026\/wp-json\/wp\/v2\/pages"}],"about":[{"href":"https:\/\/project.inria.fr\/mlsim2026\/wp-json\/wp\/v2\/types\/page"}],"author":[{"embeddable":true,"href":"https:\/\/project.inria.fr\/mlsim2026\/wp-json\/wp\/v2\/users\/2374"}],"replies":[{"embeddable":true,"href":"https:\/\/project.inria.fr\/mlsim2026\/wp-json\/wp\/v2\/comments?post=86"}],"version-history":[{"count":18,"href":"https:\/\/project.inria.fr\/mlsim2026\/wp-json\/wp\/v2\/pages\/86\/revisions"}],"predecessor-version":[{"id":284,"href":"https:\/\/project.inria.fr\/mlsim2026\/wp-json\/wp\/v2\/pages\/86\/revisions\/284"}],"wp:attachment":[{"href":"https:\/\/project.inria.fr\/mlsim2026\/wp-json\/wp\/v2\/media?parent=86"}],"curies":[{"name":"wp","href":"https:\/\/api.w.org\/{rel}","templated":true}]}}