

{"id":4,"date":"2011-12-08T11:55:34","date_gmt":"2011-12-08T11:55:34","guid":{"rendered":"http:\/\/project.inria.fr\/template1\/?page_id=4"},"modified":"2024-06-04T16:24:19","modified_gmt":"2024-06-04T14:24:19","slug":"home","status":"publish","type":"page","link":"https:\/\/project.inria.fr\/moka10\/","title":{"rendered":"Welcome to the MOKA10 conference webpage"},"content":{"rendered":"<p>The conference aims at gathering past and present members of the MOKAPLAN Team (Inria Paris) to celebrate its achievements in the last 10 years, and discuss its future research directions. It will also be the occasion to celebrate J.-D. Benamou&#8217;s 60th anniversary.<\/p>\n\n\n\n<p><em>The conference will take place at Campus Mines in Fontainebleau from June 4th to June 6th.<\/em><\/p>\n\n\n\n<h2 class=\"wp-block-heading\" id=\"organizers\">Organizers<\/h2>\n\n\n\n<ul class=\"wp-block-list\"><li>Vincent Duval (Inria Paris)<\/li><li>Maxime Laborde (Universit\u00e9 Paris-Cit\u00e9)<\/li><li>Luca Nenna (Universit\u00e9 Paris-Saclay)<\/li><li>Paul Pegon (Universit\u00e9 Paris-Dauphine)<\/li><\/ul>\n\n\n\n<h2 class=\"wp-block-heading\" id=\"program\">Program<\/h2>\n\n\n\n<p>Some changes may still  be made to the program.<\/p>\n\n\n\n<figure class=\"wp-block-table is-style-stripes\"><table><tbody><tr><td class=\"has-text-align-center\" data-align=\"center\"><strong>Tuesday<\/strong><\/td><td class=\"has-text-align-center\" data-align=\"center\"><strong>Wednesday<\/strong><\/td><td class=\"has-text-align-center\" data-align=\"center\"><strong>Thursday<\/strong><\/td><\/tr><tr><td class=\"has-text-align-center\" data-align=\"center\"><\/td><td class=\"has-text-align-center\" data-align=\"center\">Inverse problem\/Opt (9h-10h45):<br><strong>Irene Waldspurger<\/strong> (long talk)<br><strong>Romain Petit<\/strong> (short talk)<br><strong>Claire Boyer<\/strong> (short talk)<\/td><td class=\"has-text-align-center\" data-align=\"center\">Economy\/Finance (9h00-&gt;10h):<br><strong>Xavier Dupuis<\/strong> (short talk)<br><strong>Guillaume Chazareix<\/strong> (short talk)<\/td><\/tr><tr><td class=\"has-text-align-center\" data-align=\"center\"><\/td><td class=\"has-text-align-center\" data-align=\"center\"><em>Coffee break (10h45-11h15)<\/em><\/td><td class=\"has-text-align-center\" data-align=\"center\"><em>Coffee break (10h-10h30)<\/em><\/td><\/tr><tr><td class=\"has-text-align-center\" data-align=\"center\"><\/td><td class=\"has-text-align-center\" data-align=\"center\"><strong>FX Vialard<\/strong> (short talk) (11h15-11h45)<br><strong>Yann Brenier&#8217;s special talk<\/strong> (11h45-12h45)<\/td><td class=\"has-text-align-center\" data-align=\"center\">OT (theory and numerics) (10h30-12h45):<br><strong>Guillaume Carlier<\/strong> (long talk)<br><strong>Quentin M\u00e9rigot<\/strong> (short talk)<br><strong>Maxime Sylvestre<\/strong> (short talk)<br><strong>Thomas Gallou\u00ebt<\/strong> (short talk)<\/td><\/tr><tr><td class=\"has-text-align-center\" data-align=\"center\"><em>Lunch (buffet)<\/em><\/td><td class=\"has-text-align-center\" data-align=\"center\"><em>Lunch<\/em><\/td><td class=\"has-text-align-center\" data-align=\"center\"><em>Lunch<\/em><\/td><\/tr><tr><td class=\"has-text-align-center\" data-align=\"center\">Introduction (14h-14h10): <strong>Vincent Duval<\/strong><br>History (14h10-14h30): <strong>J.-D. Benamou<\/strong><\/td><td class=\"has-text-align-center\" data-align=\"center\">Discussion and Mokactivities<\/td><td class=\"has-text-align-center\" data-align=\"center\"><\/td><\/tr><tr><td class=\"has-text-align-center\" data-align=\"center\">Physics (14h30->16h15):<br><strong>Mathieu Lewin<\/strong> (long talk)<br><strong>Hugo Malamut<\/strong> (short talk)<br><strong>Jean-Baptiste Courbot<\/strong> (short talk)<\/td><td class=\"has-text-align-center\" data-align=\"center\">Discussion and Mokactivities<\/td><td class=\"has-text-align-center\" data-align=\"center\"><\/td><\/tr><tr><td class=\"has-text-align-center\" data-align=\"center\"><em>Coffee break (16h15-17h)<\/em><\/td><td class=\"has-text-align-center\" data-align=\"center\"><\/td><td class=\"has-text-align-center\" data-align=\"center\"><\/td><\/tr><tr><td class=\"has-text-align-center\" data-align=\"center\">ML\/Stat (17h->18h45):<br><strong>Gabriel Peyr\u00e9<\/strong> (long talk)<br><strong>Adrien Vacher<\/strong> (short talk)<br><strong>Flavien Leger<\/strong> (short talk)<\/td><td class=\"has-text-align-center\" data-align=\"center\">Discussion and Mokactivities<\/td><td class=\"has-text-align-center\" data-align=\"center\"><\/td><\/tr><tr><td class=\"has-text-align-center\" data-align=\"center\"><\/td><td class=\"has-text-align-center\" data-align=\"center\"><em>Social dinner<\/em><\/td><td class=\"has-text-align-center\" data-align=\"center\"><\/td><\/tr><\/tbody><\/table><\/figure>\n\n\n\n<h2 class=\"wp-block-heading\" id=\"practical\">Practical informations<\/h2>\n\n\n\n<p>The <strong>MOKA10<\/strong> will take place at&nbsp;&nbsp;<strong><a href=\"https:\/\/maps.app.goo.gl\/kFsnaPDrhzgvv4uBA\">Campus Mines&nbsp;in Fontainebleau<\/a>&nbsp;<\/strong>next to the royal castle from the 4th June afternoon to the 6th&nbsp;June morning. Here is a map:<\/p>\n\n\n\n<figure class=\"wp-block-image size-full\"><a href=\"https:\/\/project.inria.fr\/moka10\/files\/2024\/06\/plan.png\"><img loading=\"lazy\" decoding=\"async\" width=\"939\" height=\"657\" src=\"https:\/\/project.inria.fr\/moka10\/files\/2024\/06\/plan.png\" alt=\"\" class=\"wp-image-168\" srcset=\"https:\/\/project.inria.fr\/moka10\/files\/2024\/06\/plan.png 939w, https:\/\/project.inria.fr\/moka10\/files\/2024\/06\/plan-300x210.png 300w, https:\/\/project.inria.fr\/moka10\/files\/2024\/06\/plan-768x537.png 768w, https:\/\/project.inria.fr\/moka10\/files\/2024\/06\/plan-150x105.png 150w\" sizes=\"auto, (max-width: 939px) 100vw, 939px\" \/><\/a><figcaption>A bike storage is available at B\u00e2t. S<\/figcaption><\/figure>\n\n\n\n<p>We will cover expenses concerning the accommodation and meals (except Tuesday dinner). Travel expenses must be financed by participants, except for PhD and postdoc students.<\/p>\n\n\n\n<ul class=\"wp-block-list\"><li><strong>Accommodation<\/strong>. Rooms are booked for all participants either at <a href=\"https:\/\/maps.app.goo.gl\/8H5XegwcostPuP9C6\">Hotel Victoria<\/a>&nbsp;or at&nbsp;<a href=\"https:\/\/maps.app.goo.gl\/3z56QNE7x79qqcPa8\">Hotel Richelieu<\/a>. Check-in is possible after 2pm for H\u00f4tel Victoria, after 3pm for H\u00f4tel Richelieu.<\/li><li><strong>Meals.<\/strong> A buffet is organized for lunch on the 4th for those arriving early, and regular lunches are planned on Wednesday and Thursday.<\/li><li><strong>Transportation (probably optimal)<\/strong>. Fontainebleau is easily reachable from Paris (Gare de Lyon) by train and bus : <strong>train R<\/strong> from <strong>Gare de Lyon<\/strong> to <strong>Fontainebleau &#8211; Avon<\/strong>, then <strong>bus 1<\/strong> to <strong>stop Saint-Honor\u00e9<\/strong> (a bus roughly every 15 minutes, <a href=\"https:\/\/ilico.iledefrance-mobilites.fr\/uploads\/fiches\/20240325T105827Z-a6777c63-4063-46f4-b63f-109d4b487b1c.pdf\">see timetable<\/a>). There is also a group of people organising a bucolic trip by bike to Fontainebleau from Paris; if you want to join them let us know and we will keep you in contact.<\/li><li><strong>Social dinner<\/strong>. It will take place in a restaurant Wednesday evening ; if you think you will not be able to come, please tell us in advance.<\/li><\/ul>\n\n\n\n<h2 class=\"wp-block-heading\" id=\"participants\">Participants<\/h2>\n\n\n\n<p>Maxime Laborde<br>Paul Pegon<br>Luca Nenna<br>Jean-David Benamou<br>Guillaume Carlier<br>Vincent Duval<br>Antonin Chambolle<br>Ir\u00e8ne Waldspurger<br>Thomas Gallou\u00ebt<br>Flavien L\u00e9ger<br>Guillaume Chazareix<br>Hugo Malamut<br>Jo\u00e3o Machado<br>Maxime Sylvestre<br>Tommy Rakoto Endor<br>Erwan St\u00e4mpfli<br>Adrien Vacher<br>Andrea Natale<br>Gabriele Todeschi<br>Quentin M\u00e9rigot<br>Fran\u00e7ois-Xavier Vialard<br>Mathieu Lewin<br>Yann Brenier<br>Virginie Ehrlacher<br>Jean-Marie Mirebeau<br>Derya Gok<br>Simon Legrand<br>Gabriel Peyr\u00e9<br>Xavier Dupuis<br>Luca Tamanini<br>Katharina Eichinger<br>Romain Petit<br>Paul Catala<br>Luigi De Pascale<br>Claire Boyer<br>Majid Arthaud<br>Jean Baptiste Courbot<\/p>\n\n\n\n<h2 class=\"wp-block-heading\" id=\"sponsors\">Sponsors<\/h2>\n\n\n\n<ul class=\"wp-block-list\"><li>CEREMADE, Universit\u00e9 Paris-Dauphine<\/li><li>INRIA Paris<\/li><li>INRIA Saclay (Parma)<\/li><li>PRAIRIE Institute<\/li><li>ANR Project GOTA<\/li><li>\u00c9cole des Mines de Paris<\/li><\/ul>","protected":false},"excerpt":{"rendered":"<p>The conference aims at gathering past and present members of the MOKAPLAN Team (Inria Paris) to celebrate its achievements in the last 10 years, and discuss its future research directions. It will also be the occasion to celebrate J.-D. Benamou&#8217;s 60th anniversary. The conference will take place at Campus Mines\u2026<\/p>\n<p> <a class=\"continue-reading-link\" href=\"https:\/\/project.inria.fr\/moka10\/\"><span>Continue reading<\/span><i class=\"crycon-right-dir\"><\/i><\/a> <\/p>\n","protected":false},"author":1,"featured_media":0,"parent":0,"menu_order":0,"comment_status":"closed","ping_status":"open","template":"","meta":{"footnotes":""},"class_list":["post-4","page","type-page","status-publish","hentry"],"_links":{"self":[{"href":"https:\/\/project.inria.fr\/moka10\/wp-json\/wp\/v2\/pages\/4","targetHints":{"allow":["GET"]}}],"collection":[{"href":"https:\/\/project.inria.fr\/moka10\/wp-json\/wp\/v2\/pages"}],"about":[{"href":"https:\/\/project.inria.fr\/moka10\/wp-json\/wp\/v2\/types\/page"}],"author":[{"embeddable":true,"href":"https:\/\/project.inria.fr\/moka10\/wp-json\/wp\/v2\/users\/1"}],"replies":[{"embeddable":true,"href":"https:\/\/project.inria.fr\/moka10\/wp-json\/wp\/v2\/comments?post=4"}],"version-history":[{"count":27,"href":"https:\/\/project.inria.fr\/moka10\/wp-json\/wp\/v2\/pages\/4\/revisions"}],"predecessor-version":[{"id":204,"href":"https:\/\/project.inria.fr\/moka10\/wp-json\/wp\/v2\/pages\/4\/revisions\/204"}],"wp:attachment":[{"href":"https:\/\/project.inria.fr\/moka10\/wp-json\/wp\/v2\/media?parent=4"}],"curies":[{"name":"wp","href":"https:\/\/api.w.org\/{rel}","templated":true}]}}