

{"id":136,"date":"2023-04-06T09:59:53","date_gmt":"2023-04-06T07:59:53","guid":{"rendered":"https:\/\/project.inria.fr\/murene\/?page_id=136"},"modified":"2023-04-08T17:49:59","modified_gmt":"2023-04-08T15:49:59","slug":"membres","status":"publish","type":"page","link":"https:\/\/project.inria.fr\/murene\/membres\/","title":{"rendered":"Membres"},"content":{"rendered":"\n<h2 class=\"wp-block-heading\">Equipes impliqu\u00e9es :<\/h2>\n\n\n\n<ul class=\"wp-block-list\"><li><strong><a href=\"https:\/\/mocqua.loria.fr\">MOCQUA<\/a><\/strong>, INRIA Nancy<\/li><li><strong><a href=\"https:\/\/simbiot.loria.fr\">SIMBIOT<\/a><\/strong>, LORIA<\/li><\/ul>\n\n\n\n<h2 class=\"wp-block-heading\">Chercheurs impliqu\u00e9s<\/h2>\n\n\n\n<ul class=\"wp-block-list\"><li><strong><a href=\"https:\/\/members.loria.fr\/NFates\/\">Nazim Fat\u00e8s<\/a><\/strong>, membre permanent MOCQUA<\/li><li><strong><a href=\"https:\/\/members.loria.fr\/SContassotVivier\/\">Sylvain Contassot-Vivier<\/a><\/strong>, membre permanent SIMBIOT<\/li><li><strong><a href=\"https:\/\/members.loria.fr\/JGuichon\/\" target=\"_blank\" rel=\"noreferrer noopener\">Joann\u00e8s Guichon<\/a><\/strong>, doctorant MOCQUA\/SIMBIOT<\/li><li><strong><a href=\"https:\/\/sps.unibocconi.eu\/people\/massimo-amato\">Massimo Amato<\/a><\/strong>, Universit\u00e9 Bocconi, Milan, Italie <\/li><li><strong><a href=\"https:\/\/www.luciogobbi.com\/home\">Lucio Gobbi<\/a><\/strong>, Universit\u00e9 de Trente, Italie<\/li><\/ul>\n\n\n\n<p><\/p>\n","protected":false},"excerpt":{"rendered":"<p>Equipes impliqu\u00e9es : MOCQUA, INRIA Nancy SIMBIOT, LORIA Chercheurs impliqu\u00e9s Nazim Fat\u00e8s, membre permanent MOCQUA Sylvain Contassot-Vivier, membre permanent SIMBIOT Joann\u00e8s Guichon, doctorant MOCQUA\/SIMBIOT Massimo Amato, Universit\u00e9 Bocconi, Milan, Italie Lucio Gobbi, Universit\u00e9 de Trente, Italie<\/p>\n<p> <a class=\"continue-reading-link\" href=\"https:\/\/project.inria.fr\/murene\/membres\/\"><span>Continue reading<\/span><i class=\"crycon-right-dir\"><\/i><\/a> <\/p>\n","protected":false},"author":2329,"featured_media":0,"parent":0,"menu_order":0,"comment_status":"closed","ping_status":"closed","template":"","meta":{"footnotes":""},"class_list":["post-136","page","type-page","status-publish","hentry"],"_links":{"self":[{"href":"https:\/\/project.inria.fr\/murene\/wp-json\/wp\/v2\/pages\/136","targetHints":{"allow":["GET"]}}],"collection":[{"href":"https:\/\/project.inria.fr\/murene\/wp-json\/wp\/v2\/pages"}],"about":[{"href":"https:\/\/project.inria.fr\/murene\/wp-json\/wp\/v2\/types\/page"}],"author":[{"embeddable":true,"href":"https:\/\/project.inria.fr\/murene\/wp-json\/wp\/v2\/users\/2329"}],"replies":[{"embeddable":true,"href":"https:\/\/project.inria.fr\/murene\/wp-json\/wp\/v2\/comments?post=136"}],"version-history":[{"count":10,"href":"https:\/\/project.inria.fr\/murene\/wp-json\/wp\/v2\/pages\/136\/revisions"}],"predecessor-version":[{"id":155,"href":"https:\/\/project.inria.fr\/murene\/wp-json\/wp\/v2\/pages\/136\/revisions\/155"}],"wp:attachment":[{"href":"https:\/\/project.inria.fr\/murene\/wp-json\/wp\/v2\/media?parent=136"}],"curies":[{"name":"wp","href":"https:\/\/api.w.org\/{rel}","templated":true}]}}