

{"id":4,"date":"2011-12-08T11:55:34","date_gmt":"2011-12-08T10:55:34","guid":{"rendered":"http:\/\/project.inria.fr\/template1\/?page_id=4"},"modified":"2026-01-20T10:03:45","modified_gmt":"2026-01-20T09:03:45","slug":"homepage","status":"publish","type":"page","link":"https:\/\/project.inria.fr\/murene\/","title":{"rendered":"Pr\u00e9sentation du projet MURENE"},"content":{"rendered":"<p><strong><mark style=\"background-color:rgba(0, 0, 0, 0);color:#1e75b1\" class=\"has-inline-color\">MURENE <\/mark><\/strong><mark style=\"background-color:rgba(0, 0, 0, 0);color:#2e2e2e\" class=\"has-inline-color\">est une action exploratoire Inria qui vise \u00e0 r\u00e9duire les dettes inter-entreprises gr\u00e2ce \u00e0 des mod\u00e8les math\u00e9matiques et des algorithmes fond\u00e9s sur la th\u00e9orie des graphes. Le projet s\u2019int\u00e9resse en particulier aux r\u00e9seaux de factures B2B et aux probl\u00e9matiques de liquidit\u00e9 des entreprises.<\/mark><\/p>\n\n\n\n<h3 class=\"wp-block-heading\"><mark style=\"background-color:rgba(0, 0, 0, 0);color:#4a90b8\" class=\"has-inline-color\">Pourquoi s&rsquo;int\u00e9resser aux dettes inter-entreprises ?<\/mark><\/h3>\n\n\n\n<p><mark style=\"background-color:rgba(0, 0, 0, 0);color:#2e2e2e\" class=\"has-inline-color\">Les dettes inter-entreprises forment aujourd\u2019hui des r\u00e9seaux complexes dont la dynamique peut fragiliser l\u2019ensemble du tissu \u00e9conomique. Le projet <strong><mark style=\"background-color:rgba(0, 0, 0, 0);color:#1e75b1\" class=\"has-inline-color\">MURENE <\/mark><\/strong>est une action exploratoire Inria qui \u00e9tudie ces r\u00e9seaux \u00e0 l\u2019aide de mod\u00e8les et algorithmes afin de proposer de nouvelles approches de r\u00e9duction des dettes et des besoins de liquidit\u00e9.<\/mark><\/p>\n\n\n\n<h3 class=\"wp-block-heading\"><mark style=\"background-color:rgba(0, 0, 0, 0);color:#4a90b8\" class=\"has-inline-color\">Un probl\u00e8me syst\u00e9mique, au croisement de l\u2019\u00e9conomie et de l&rsquo;informatique<\/mark><\/h3>\n\n\n\n<ul class=\"wp-block-list\">\n<li><mark style=\"background-color:rgba(0, 0, 0, 0);color:#2e2e2e\" class=\"has-inline-color\">Les retards de paiement et les dettes crois\u00e9es touchent fortement les TPE et PME<\/mark><\/li>\n\n\n\n<li><mark style=\"background-color:rgba(0, 0, 0, 0);color:#2e2e2e\" class=\"has-inline-color\">Les dettes ne sont pas ind\u00e9pendantes : elles forment des r\u00e9seaux d\u2019interd\u00e9pendances<\/mark><\/li>\n\n\n\n<li><mark style=\"background-color:rgba(0, 0, 0, 0);color:#2e2e2e\" class=\"has-inline-color\">Une d\u00e9faillance locale peut avoir des effets globaux<\/mark><\/li>\n\n\n\n<li>Cela implique un b<mark style=\"background-color:rgba(0, 0, 0, 0);color:#2e2e2e\" class=\"has-inline-color\">esoin de comprendre la structure de ces r\u00e9seaux pour agir efficacement<\/mark><\/li>\n<\/ul>\n\n\n\n<h3 class=\"wp-block-heading\"><mark style=\"background-color:rgba(0, 0, 0, 0);color:#4a90b8\" class=\"has-inline-color\">Une approche par les syst\u00e8mes complexes et la th\u00e9orie des graphes<\/mark><\/h3>\n\n\n\n<p><mark style=\"background-color:rgba(0, 0, 0, 0);color:#2e2e2e\" class=\"has-inline-color\">Dans <strong><mark style=\"background-color:rgba(0, 0, 0, 0);color:#1e75b1\" class=\"has-inline-color\">MURENE<\/mark><\/strong>, les relations de dettes inter-entreprises sont mod\u00e9lis\u00e9es sous forme de multi-graphes orient\u00e9s et pond\u00e9r\u00e9s, o\u00f9 les sommets repr\u00e9sentent les entreprises et les arcs les factures. Cette repr\u00e9sentation permet de multiples objectifs sur ces r\u00e9seaux :<\/mark><\/p>\n\n\n\n<ul class=\"wp-block-list\">\n<li><mark style=\"background-color:rgba(0, 0, 0, 0);color:#2e2e2e\" class=\"has-inline-color\">Mod\u00e9liser les r\u00e9seaux de factures B2B et caract\u00e9riser leurs structures<\/mark><\/li>\n\n\n\n<li><mark style=\"background-color:rgba(0, 0, 0, 0);color:#2e2e2e\" class=\"has-inline-color\">\u00c9tudier le netting int\u00e9gral et temporel des dettes inter-entreprises<\/mark><\/li>\n\n\n\n<li><mark style=\"background-color:rgba(0, 0, 0, 0);color:#2e2e2e\" class=\"has-inline-color\">D\u00e9velopper des algorithmes capables de traiter des graphes de grande taille<\/mark><\/li>\n\n\n\n<li><mark style=\"background-color:rgba(0, 0, 0, 0);color:#2e2e2e\" class=\"has-inline-color\">\u00c9valuer l&rsquo;effet de ces strat\u00e9gies sur les besoins de liquidit\u00e9<\/mark><\/li>\n<\/ul>\n\n\n\n<h3 class=\"wp-block-heading\"><mark style=\"background-color:rgba(0, 0, 0, 0);color:#4a90b8\" class=\"has-inline-color\">Pourquoi une action exploratoire INRIA ?<\/mark><\/h3>\n\n\n\n<p><mark style=\"background-color:rgba(0, 0, 0, 0);color:#2e2e2e\" class=\"has-inline-color\"><strong><mark style=\"background-color:rgba(0, 0, 0, 0);color:#1e75b1\" class=\"has-inline-color\">MURENE <\/mark><\/strong>s\u2019inscrit dans le cadre des actions exploratoires Inria, qui visent \u00e0 explorer des pistes de recherche nouvelles, interdisciplinaires et \u00e0 prise de risque. Le projet se situe \u00e0 l\u2019interface entre math\u00e9matiques, informatique, \u00e9conomie et sciences des syst\u00e8mes complexes, avec l\u2019objectif de poser les bases th\u00e9oriques de futurs outils d\u2019aide \u00e0 la d\u00e9cision et simplification de dettes.<\/mark><\/p>\n\n\n\n<h3 class=\"wp-block-heading\"><mark style=\"background-color:rgba(0, 0, 0, 0);color:#4a90b8\" class=\"has-inline-color\">Vers quelles retomb\u00e9es ?<\/mark><\/h3>\n\n\n\n<p><mark style=\"background-color:rgba(0, 0, 0, 0);color:#2e2e2e\" class=\"has-inline-color\">Les travaux men\u00e9s dans <strong><mark style=\"background-color:rgba(0, 0, 0, 0);color:#1e75b1\" class=\"has-inline-color\">MURENE <\/mark><\/strong>ont d\u00e9j\u00e0 donn\u00e9 lieu \u00e0 plusieurs publications scientifiques portant sur la structure des graphes de factures B2B et sur des algorithmes de simplification de dettes. \u00c0 plus long terme, ces recherches visent \u00e0 mieux comprendre les m\u00e9canismes \u00e0 l\u2019\u0153uvre dans les r\u00e9seaux de dettes et \u00e0 ouvrir la voie \u00e0 des applications concr\u00e8tes pour la gestion des risques et des liquidit\u00e9s \u00e0 un niveau syst\u00e9mique.<\/mark><\/p>\n\n\n\n<p><a href=\"https:\/\/www.inria.fr\/fr\/murene-theorie-graphes-reduction-dettes-entreprises-faillites\" target=\"_blank\" rel=\"noreferrer noopener\"><mark style=\"background-color:rgba(0, 0, 0, 0);color:#4a90b8\" class=\"has-inline-color\">Interview sur la cr\u00e9ation de l&rsquo;action exploratoire <strong><mark style=\"background-color:rgba(0, 0, 0, 0);color:#1e75b1\" class=\"has-inline-color\">MURENE <\/mark><\/strong>par Nazim Fat\u00e8s<\/mark><\/a><\/p>","protected":false},"excerpt":{"rendered":"<p>MURENE est une action exploratoire Inria qui vise \u00e0 r\u00e9duire les dettes inter-entreprises gr\u00e2ce \u00e0 des mod\u00e8les math\u00e9matiques et des algorithmes fond\u00e9s sur la th\u00e9orie des graphes. Le projet s\u2019int\u00e9resse en particulier aux r\u00e9seaux de factures B2B et aux probl\u00e9matiques de liquidit\u00e9 des entreprises. Pourquoi s&rsquo;int\u00e9resser aux dettes inter-entreprises ?\u2026<\/p>\n<p> <a class=\"continue-reading-link\" href=\"https:\/\/project.inria.fr\/murene\/\"><span>Continue reading<\/span><i class=\"crycon-right-dir\"><\/i><\/a> <\/p>\n","protected":false},"author":1,"featured_media":0,"parent":0,"menu_order":0,"comment_status":"closed","ping_status":"closed","template":"","meta":{"footnotes":""},"class_list":["post-4","page","type-page","status-publish","hentry"],"_links":{"self":[{"href":"https:\/\/project.inria.fr\/murene\/wp-json\/wp\/v2\/pages\/4","targetHints":{"allow":["GET"]}}],"collection":[{"href":"https:\/\/project.inria.fr\/murene\/wp-json\/wp\/v2\/pages"}],"about":[{"href":"https:\/\/project.inria.fr\/murene\/wp-json\/wp\/v2\/types\/page"}],"author":[{"embeddable":true,"href":"https:\/\/project.inria.fr\/murene\/wp-json\/wp\/v2\/users\/1"}],"replies":[{"embeddable":true,"href":"https:\/\/project.inria.fr\/murene\/wp-json\/wp\/v2\/comments?post=4"}],"version-history":[{"count":41,"href":"https:\/\/project.inria.fr\/murene\/wp-json\/wp\/v2\/pages\/4\/revisions"}],"predecessor-version":[{"id":250,"href":"https:\/\/project.inria.fr\/murene\/wp-json\/wp\/v2\/pages\/4\/revisions\/250"}],"wp:attachment":[{"href":"https:\/\/project.inria.fr\/murene\/wp-json\/wp\/v2\/media?parent=4"}],"curies":[{"name":"wp","href":"https:\/\/api.w.org\/{rel}","templated":true}]}}