

{"id":7,"date":"2015-10-20T13:14:10","date_gmt":"2015-10-20T13:14:10","guid":{"rendered":"http:\/\/project.inria.fr\/netspringlyon\/?page_id=7"},"modified":"2017-02-09T12:05:37","modified_gmt":"2017-02-09T11:05:37","slug":"venue","status":"publish","type":"page","link":"https:\/\/project.inria.fr\/netspringlyon\/venue\/","title":{"rendered":"Venue"},"content":{"rendered":"<p>The two first workshops will be located in Lyon at ENS de Lyon. The third workshop will take place in Marseille.<\/p>\n<p>The <a href=\"http:\/\/www.ens-lyon.eu\/ens-de-lyon-accueil-gb-78426.kjsp?RH=ENS-LYON-GB\" target=\"_blank\">Ecole Normale Sup\u00e9rieure de Lyon<\/a> is situated in the Gerland area of the 7th district of Lyon, near the Pont Pasteur bridge on the left bank of the Rh\u00f4ne.<br \/>\nMetro \/ Tram : DEBOURG<\/p>\n<ul>\n<li>The Ren\u00e9 Descartes site is located 15 parvis Ren\u00e9 Descartes, at the intersection of Avenue Jean Jaur\u00e8s and Avenue Debourg<\/li>\n<li>The Jacques Monod site is located 46 All\u00e9e d&#8217;Italie, between the Place des Pavillons and the Halle Tony Garner exhibition centre Access<\/li>\n<\/ul>\n<p><a href=\"http:\/\/www.ens-lyon.eu\/campus\/maps-travel-information-106627.kjsp?RH=ENS-LYON-FR-PRATIQUE\" target=\"_blank\"><img loading=\"lazy\" decoding=\"async\" class=\"alignnone  wp-image-20\" src=\"http:\/\/project.inria.fr\/netspringlyon\/files\/2015\/10\/plan-ens-2015-2016-general.png\" alt=\"plan-ens-2015-2016-general\" width=\"472\" height=\"550\" \/><\/a><\/p>\n<p>Clic on the picture\u00a0above to get more details on how to reach ENS de Lyon. Clic <a href=\"http:\/\/www.ens-lyon.eu\/medias\/fichier\/plan-ens-2015-2016_1435047961169-pdf\" target=\"_blank\">here<\/a> to download the complete map\/brochure<\/p>\n<table style=\"height: 105px;\" width=\"1932\">\n<tbody>\n<tr>\n<td>Dynamic of processes on &amp; off network<\/td>\n<td>ENS de Lyon, Sites Monod, Fountain Room, 46 all\u00e9e d&#8217;Italie, 69007 Lyon<\/td>\n<td>JUNE 20-22, 2016<\/td>\n<td><iframe loading=\"lazy\" style=\"border: 0;\" src=\"https:\/\/www.google.com\/maps\/embed?pb=!1m18!1m12!1m3!1d1392.531833951728!2d4.826062276153905!3d45.72981796704775!2m3!1f0!2f0!3f0!3m2!1i1024!2i768!4f13.1!3m3!1m2!1s0x47f4ea2b97ef7f87%3A0xbf828865c056daa5!2s46+All%C3%A9e+d'Italie%2C+69007+Lyon!5e0!3m2!1sfr!2sfr!4v1445351304881\" width=\"600\" height=\"450\" frameborder=\"0\" allowfullscreen=\"allowfullscreen\"><\/iframe><\/td>\n<\/tr>\n<tr>\n<td>Data driven approach to networks and linguistic<\/td>\n<td>ENS de Lyon, Sites Descarte, Room F106, 15 parvis Ren\u00e9 Descartes, 69342 Lyon<\/td>\n<td>MAY 11-13, 2016<\/td>\n<td><iframe loading=\"lazy\" style=\"border: 0;\" src=\"https:\/\/www.google.com\/maps\/embed?pb=!1m18!1m12!1m3!1d2784.900274772865!2d4.831775951718905!3d45.733094723377846!2m3!1f0!2f0!3f0!3m2!1i1024!2i768!4f13.1!3m3!1m2!1s0x47f4ea2eb874b39d%3A0x3138a4e7dc6840c5!2sENS+de+Lyon+-+Site+Descartes!5e0!3m2!1sfr!2sfr!4v1445351883625\" width=\"600\" height=\"450\" frameborder=\"0\" allowfullscreen=\"allowfullscreen\"><\/iframe><\/td>\n<\/tr>\n<tr>\n<td>Complex Networks: from theory to interdisciplinary applications<\/td>\n<td>Palais du Pharo,<br \/>\nBoulevard Charles Livon<br \/>\nMarseille<\/p>\n<p>&nbsp;<\/p>\n<p>More information on the venue <a href=\"http:\/\/www.cpt.univ-mrs.fr\/~barrat\/COMPLEXNETS2016\/complexnets2016.org\/home.html\" target=\"_blank\">here<\/a>.<\/td>\n<td>JULY 11-13, 2016<\/td>\n<td><iframe loading=\"lazy\" style=\"border: 0;\" src=\"https:\/\/www.google.com\/maps\/embed?pb=!1m18!1m12!1m3!1d2903.9541583331174!2d5.35591415167547!3d43.29428168347978!2m3!1f0!2f0!3f0!3m2!1i1024!2i768!4f13.1!3m3!1m2!1s0x12c9c0dbc5bbcf75%3A0x25509741f8228690!2sPalais+des+congr%C3%A8s+du+Pharo!5e0!3m2!1sfr!2sfr!4v1445354294760\" width=\"600\" height=\"450\" frameborder=\"0\" allowfullscreen=\"allowfullscreen\"><\/iframe><\/td>\n<\/tr>\n<\/tbody>\n<\/table>\n","protected":false},"excerpt":{"rendered":"<p>The two first workshops will be located in Lyon at ENS de Lyon. The third workshop will take place in Marseille. The Ecole Normale Sup\u00e9rieure de Lyon is situated in the Gerland area of the 7th district of Lyon, near the Pont Pasteur bridge on the left bank of the\u2026<\/p>\n<p> <a class=\"continue-reading-link\" href=\"https:\/\/project.inria.fr\/netspringlyon\/venue\/\"><span>Continue reading<\/span><i class=\"crycon-right-dir\"><\/i><\/a> <\/p>\n","protected":false},"author":659,"featured_media":0,"parent":0,"menu_order":0,"comment_status":"closed","ping_status":"closed","template":"","meta":{"footnotes":""},"class_list":["post-7","page","type-page","status-publish","hentry"],"_links":{"self":[{"href":"https:\/\/project.inria.fr\/netspringlyon\/wp-json\/wp\/v2\/pages\/7","targetHints":{"allow":["GET"]}}],"collection":[{"href":"https:\/\/project.inria.fr\/netspringlyon\/wp-json\/wp\/v2\/pages"}],"about":[{"href":"https:\/\/project.inria.fr\/netspringlyon\/wp-json\/wp\/v2\/types\/page"}],"author":[{"embeddable":true,"href":"https:\/\/project.inria.fr\/netspringlyon\/wp-json\/wp\/v2\/users\/659"}],"replies":[{"embeddable":true,"href":"https:\/\/project.inria.fr\/netspringlyon\/wp-json\/wp\/v2\/comments?post=7"}],"version-history":[{"count":20,"href":"https:\/\/project.inria.fr\/netspringlyon\/wp-json\/wp\/v2\/pages\/7\/revisions"}],"predecessor-version":[{"id":433,"href":"https:\/\/project.inria.fr\/netspringlyon\/wp-json\/wp\/v2\/pages\/7\/revisions\/433"}],"wp:attachment":[{"href":"https:\/\/project.inria.fr\/netspringlyon\/wp-json\/wp\/v2\/media?parent=7"}],"curies":[{"name":"wp","href":"https:\/\/api.w.org\/{rel}","templated":true}]}}