

{"id":66,"date":"2019-06-19T11:44:55","date_gmt":"2019-06-19T09:44:55","guid":{"rendered":"https:\/\/project.inria.fr\/neuralcoding\/?page_id=66"},"modified":"2019-06-19T11:49:09","modified_gmt":"2019-06-19T09:49:09","slug":"publications","status":"publish","type":"page","link":"https:\/\/project.inria.fr\/neuralcoding\/publications\/","title":{"rendered":"Publications"},"content":{"rendered":"<p>&nbsp;<\/p>\n<ul>\n<li id=\"aui_3_4_0_1_311\"><label id=\"aui_3_4_0_1_310\"> Ahmad Mheich, Mahmoud Hassan, Mohamad Khalil, Vincent Gripon, Olivier Dufor, Fabrice Wendling: <\/label> <a href=\"https:\/\/hal.archives-ouvertes.fr\/hal-01591250\"> SimiNet: a Novel Method for Quantifying Brain Network Similarity <\/a> <label> IEEE Transactions on Pattern Analysis and Machine Intelligence <\/label> <label> : 2017 <\/label><\/li>\n<li><label> M Hassan, I Merlet, A Mheich, A Kabbara, A Biraben, A Nica, F Wendling: <\/label> <a href=\"http:\/\/link.springer.com\/article\/10.1007\/s10548-016-0517-z\"> Identification of interictal epileptic networks from dense-EEG <\/a> <label> Brain Topography <\/label> <label> : 2017 <\/label><\/li>\n<li><label> Mheich A., Hassan M., Khalil M., Gripon V., Dufor O. and Wendling F.: <\/label> <strong>SimiNet: a Novel Method for Quantifying Brain Network Similarity<\/strong> <label> IEEE Transactions on Pattern Analysis and Machine Intelligence (TPAMI), in Revision <\/label> <label> : 2017 <\/label><\/li>\n<li><label> Kabbara A., El Falou W., Khalil M , Wendling F., Hassan M.: <\/label> <strong>The dynamic functional core network of the human brain at rest<\/strong> <label> Nature Scientific Reports, in Revision <\/label> <label> : 2017 <\/label><\/li>\n<li><label> A Mheich, M Hassan, O Dufor, M Khalil, F Wendling: <\/label> <a href=\"https:\/\/arxiv.org\/abs\/1606.01017\"> Combining EEG source connectivity and network similarity: Application to object categorization in the human brain <\/a> <label> IEEE Workshop on Statistical Signal Processing, 26-29June, Palma de Mallorca <\/label> <label> : 2016 <\/label><\/li>\n<li><label> J Rizkallah, P Benquet, F Wendling, M Khalil, A Mheich, O Dufor, M Hassan: <\/label> <a href=\"http:\/\/ieeexplore.ieee.org\/abstract\/document\/7745402\/\"> Brain network modules of meaningful and meaningless objects <\/a> <label> The 3rd Middle East Conference on Biomedical Engineering (MECBME&#8217;16), Beirut, Lebanon, October <\/label> <label> : 2016 <\/label><\/li>\n<li><label> Fabrice Wendling: <\/label> <a href=\"http:\/\/www.imcet.org\/\"> Reengineering electroencephalography: toward high space\/time resolution techniques for imaging brain (dys)functions <\/a> <label> IEEE International Multidisciplinary Conference on Engineering Technology 2-4 Novembre &#8211; Beirut, Lebanon <\/label> <label> : 2016 <\/label><\/li>\n<li><label> PATENT APPLICATION : M. Hassan, F. Wendling.: <\/label> <strong>Dynamic reorganization of functional brain networks during cognitive task<\/strong> <label> : 2016 <\/label><\/li>\n<li><label> Mahmoud Hassan, Olivier Dufor, Ahmad Mheich, Arnaud Biraben, Claude Berrou, Pascal Benquet, Fabrice Wendling: <\/label> <a href=\"https:\/\/hal.archives-ouvertes.fr\/hal-01227848\"> Connectivit\u00e9 de sources en EEG-hr et dynamique des r\u00e9seaux c\u00e9r\u00e9braux fonctionnels <\/a> <label> XXVe Colloque GRETSI 2015 <\/label> <label> : 2015 <\/label><\/li>\n<li><label> * Mahmoud Hassan, Pascal Benquet, Arnaud Biraben, Claude Berrou, Olivier Dufor, Fabrice Wendling: <\/label> <a href=\"http:\/\/www.sciencedirect.com\/science\/article\/pii\/S0010945215003251\"> Dynamic reorganization of functional brain networks during picture naming <\/a> <label> Cortex <\/label> <label> : 2015 <\/label><\/li>\n<li><label> Mheich A., Hassan M., Dufor O., Khalil M., Berrou C., Wendling F.: <\/label> <a href=\"http:\/\/link.springer.com\/chapter\/10.1007\/978-3-319-11128-5_232#page-1\"> Spatiotemporal analysis of brain functional connectivity <\/a> <label> 6th European Conference of the International Federation for Medical and Biological Engineering (MBEC), Croatia. <\/label> <label> : 2015 <\/label><\/li>\n<li><label> Hassan M., Dufor O., Benquet P., Berrou C., Wendling F.: <\/label> <a href=\"http:\/\/ieeexplore.ieee.org\/xpls\/abs_all.jsp?arnumber=7146810&amp;tag=1\"> Identification of brain networks with high time\/space resolution using dense EEG. <\/a> <label> 7th International IEEE EMBS Neural engineering Conference, Montpellier, France. <\/label> <label> : 2015 <\/label><\/li>\n<li><label> Mheich A., Hassan M., Khalil M., Berrou C., Wendling F.: <\/label> <a href=\"http:\/\/www.sciencedirect.com\/science\/article\/pii\/S0165027015000035\"> A new algorithm for spatiotemporal analysis of brain functional connectivity <\/a> <label> Journal of Neuroscience Methods <\/label> <label> : 2015 <\/label><\/li>\n<li><label> X. Jiang, V. Gripon, C. Berrou and M. Rabbat: <\/label> <a href=\"http:\/\/arxiv.org\/abs\/1409.0334\"> Storing sequences in binary tournament-based neural networks <\/a> <label> IEEE Trans. Neural Networks and Learning Systems <\/label> <label> : 2015 <\/label><\/li>\n<li><label> Mheich A., Hassan M., Gripon V., Dufor O., Khalil M., Berrou C., Wendling F: <\/label> <a href=\"http:\/\/ieeexplore.ieee.org\/xpls\/abs_all.jsp?arnumber=7146812\"> A novel algorithm for measuring graph similarity: application to brain networks <\/a> <label> 7th International IEEE EMBS Neural engineering Conference, Montpellier, France <\/label> <label> : 2015 <\/label><\/li>\n<li><label> M Hassan, F Wendling: <\/label> <a href=\"http:\/\/www.sciencedirect.com\/science\/article\/pii\/S1959031815001001\"> Tracking dynamics of functional brain networks using dense EEG <\/a> <label> IRBM <\/label> <label> : 2015 <\/label><\/li>\n<li><label> Shamas M., Wendling F., El Falou W., and Hassan M.: <\/label> <a href=\"http:\/\/ieeexplore.ieee.org\/xpls\/abs_all.jsp?arnumber=7146811\"> EEGNET: A Novel Tool for Processing and Mapping EEG Functional Networks <\/a> <label> 7th International IEEE EMBS Neural engineering Conference, Montpellier, France. <\/label> <label> : 2015 <\/label><\/li>\n<li><label> Claude Berrou, Xiaoran Jiang, Vincent Gripon, Olivier Dufor, Fabrice Wendling, and Mahmoud Hassan: <\/label> <strong>Binary recurrent neural networks with random coding<\/strong> <label> The First International Conference on Mathematical NeuroScience (ICMNS) <\/label> <label> : 2015 <\/label><\/li>\n<li><label> Hassan M., Benquet P., Biraben A., Berrou C., Dufor O., Wendling F.: <\/label> <a href=\"https:\/\/hal.archives-ouvertes.fr\/hal-01222833\/document\"> Dynamic reorganization of functional brain networks during picture naming <\/a> <label> Cortex <\/label> <label> : 2015 <\/label><\/li>\n<li><label> * Hassan M., Dufor O., Merlet I., Berrou C., Wendling F.: <\/label> <a href=\"http:\/\/www.plosone.org\/article\/info%3Adoi%2F10.1371%2Fjournal.pone.0105041\"> EEG source connectivity analysis: from dense array recordings to brain networks <\/a> <label> PLoS One <\/label> <label> : 2014 <\/label><\/li>\n<li><label> B. Kamary Aliabadi, C. Berrou, V. Gripon and X. Jiang: <\/label> <a href=\"http:\/\/europepmc.org\/abstract\/med\/24808043\"> Storing sparse messages in networks of neural cliques <\/a> <label> IEEE Trans. Neural Networks and Learning Systems <\/label> <label> : 2014 <\/label><\/li>\n<li><label> X. Jiang: <\/label> <a href=\"http:\/\/hal.univ-brest.fr\/tel-01071038\/\"> Storing sequences in binary neural networks with high efficiency <\/a> <label> : 2014 <\/label><\/li>\n<li><label> C. Berrou, O. Dufor, V. Gripon and X. Jiang: <\/label> <a href=\"http:\/\/ieeexplore.ieee.org\/xpls\/abs_all.jsp?arnumber=6955107\"> Information, noise, coding, modulation: what about the brain <\/a> <label> Proc. of 8th Int\u2019l Symposium on Turbo Codes &amp; Iterative Information Processing, Bremen, Germany. <\/label> <label> : 2014 <\/label><\/li>\n<li><label> F. Leduc-Primeau, V. Gripon, M. Rabbat and W. Gross: <\/label> <a href=\"http:\/\/www.ece.mcgill.ca\/~fleduc3\/pub\/resilient_assoc_mem_CONF.pdf\"> Cluster-based Associative Memories Built From Unreliable Storage <\/a> <label> Proc. of ICASSP, Florence, Italy, <\/label> <label> : 2014 <\/label><\/li>\n<li><label> Hassan M., Dufor O., Mheich A., Berrou C., Wendling F.: <\/label> <a href=\"http:\/\/ieeexplore.ieee.org\/xpl\/login.jsp?tp=&amp;arnumber=6648880&amp;url=http%3A%2F%2Fieeexplore.ieee.org%2Fxpls%2Fabs_all.jsp%3Farnumber%3D6648880\"> &#8220;Graph-based analysis of brain connectivity during spelling task&#8221;, IEEE ICABME, September 2013, Lebanon. <\/a> <label> : 2013 <\/label><\/li>\n<li><label> V. Gripon and M. Rabbat: <\/label> <a href=\"http:\/\/ieeexplore.ieee.org\/xpls\/abs_all.jsp?arnumber=6691310\"> Maximum likelihood associative memories <\/a> <label> Proc. of IEEE Information Theory Workshop <\/label> <label> : 2013 <\/label><\/li>\n<li><label> C. Berrou, V. Gripon, X. Jiang and B. Kamary Aliabadi: <\/label> <strong>A mental information theory<\/strong> <label> French-Israeli Inter-Academic Meeting on Mathematics, Acad\u00e9mie des sciences, Paris <\/label> <label> : 2013 <\/label><\/li>\n<li><label> C. Berrou, V. Gripon, O. Dufor, X. Jiang et B. Kamary Aliabadi: <\/label> <strong>Codes sur graphes et m\u00e9moire c\u00e9r\u00e9brale<\/strong> <label> GRETSI, Brest , Invited conference <\/label> <label> : 2013 <\/label><\/li>\n<\/ul>\n<p>&nbsp;<\/p>\n<p>&nbsp;<\/p>","protected":false},"excerpt":{"rendered":"<p>&nbsp; Ahmad Mheich, Mahmoud Hassan, Mohamad Khalil, Vincent Gripon, Olivier Dufor, Fabrice Wendling: SimiNet: a Novel Method for Quantifying Brain Network Similarity IEEE Transactions on\u2026<\/p>\n<p> <a class=\"continue-reading-link\" href=\"https:\/\/project.inria.fr\/neuralcoding\/publications\/\"><span>Continue reading<\/span><i class=\"crycon-right-dir\"><\/i><\/a> <\/p>\n","protected":false},"author":1611,"featured_media":0,"parent":0,"menu_order":0,"comment_status":"closed","ping_status":"closed","template":"","meta":{"footnotes":""},"class_list":["post-66","page","type-page","status-publish","hentry"],"_links":{"self":[{"href":"https:\/\/project.inria.fr\/neuralcoding\/wp-json\/wp\/v2\/pages\/66","targetHints":{"allow":["GET"]}}],"collection":[{"href":"https:\/\/project.inria.fr\/neuralcoding\/wp-json\/wp\/v2\/pages"}],"about":[{"href":"https:\/\/project.inria.fr\/neuralcoding\/wp-json\/wp\/v2\/types\/page"}],"author":[{"embeddable":true,"href":"https:\/\/project.inria.fr\/neuralcoding\/wp-json\/wp\/v2\/users\/1611"}],"replies":[{"embeddable":true,"href":"https:\/\/project.inria.fr\/neuralcoding\/wp-json\/wp\/v2\/comments?post=66"}],"version-history":[{"count":2,"href":"https:\/\/project.inria.fr\/neuralcoding\/wp-json\/wp\/v2\/pages\/66\/revisions"}],"predecessor-version":[{"id":85,"href":"https:\/\/project.inria.fr\/neuralcoding\/wp-json\/wp\/v2\/pages\/66\/revisions\/85"}],"wp:attachment":[{"href":"https:\/\/project.inria.fr\/neuralcoding\/wp-json\/wp\/v2\/media?parent=66"}],"curies":[{"name":"wp","href":"https:\/\/api.w.org\/{rel}","templated":true}]}}