

{"id":70,"date":"2022-11-25T22:16:19","date_gmt":"2022-11-25T21:16:19","guid":{"rendered":"https:\/\/project.inria.fr\/ninsar\/?page_id=70"},"modified":"2023-04-01T12:29:25","modified_gmt":"2023-04-01T10:29:25","slug":"events","status":"publish","type":"page","link":"https:\/\/project.inria.fr\/ninsar\/events\/","title":{"rendered":"Events"},"content":{"rendered":"<ul>\n<li>Ninsar Kick-off Meeting, April 4th 2023, CEA, Paris, France\n<ul>\n<li>visio link: \u00a0https:\/\/app.livestorm.co\/list-diasi\/ninsar-kick-off-au-cea-list-paris-saclay\/<\/li>\n<\/ul>\n<\/li>\n<li>\n<p style=\"text-align: justify;\"><a href=\"https:\/\/www.gdr-isis.fr\/index.php\/reunion\/489\/\">Signal\/image &amp; Intelligence artificielle pour agriculture num\u00e9rique<\/a>, CNRS Ile-de-France Villejuif. 7, rue Guy M\u00f4quet 94800 Villejuif. B\u00e2timent L, salle des conf\u00e9rences, February 24th 2023<\/p>\n<\/li>\n<li>\n<p style=\"text-align: justify;\">PEPR Agroecology &amp; Digital Kick-off Meeting, January 6th 2023, Cit\u00e9 de la Sciences, Paris, France<\/p>\n<\/li>\n<li>\n<p style=\"text-align: justify;\"><a href=\"https:\/\/iros2022-pnarude.github.io\/\">IROS22 workshop on Perception and Navigation for Autonomous Robotics in Unstructured and Dynamic Environments<\/a>, October 27th 2022 (D. Wang, J. Behley, R. Hagmanns, C. Laugier, R. Lenain, <u>P. Martinet<\/u>, P. Mortimer, A. Valada, Y. Yue)<\/p>\n<\/li>\n<\/ul>\n","protected":false},"excerpt":{"rendered":"<p>Ninsar Kick-off Meeting, April 4th 2023, CEA, Paris, France visio link: \u00a0https:\/\/app.livestorm.co\/list-diasi\/ninsar-kick-off-au-cea-list-paris-saclay\/ Signal\/image &amp; Intelligence artificielle pour agriculture num\u00e9rique, CNRS Ile-de-France Villejuif. 7, rue Guy M\u00f4quet 94800 Villejuif. B\u00e2timent L, salle des conf\u00e9rences, February 24th 2023 PEPR Agroecology &amp; Digital Kick-off Meeting, January 6th 2023, Cit\u00e9 de la Sciences, Paris,\u2026<\/p>\n<p> <a class=\"continue-reading-link\" href=\"https:\/\/project.inria.fr\/ninsar\/events\/\"><span>Continue reading<\/span><i class=\"crycon-right-dir\"><\/i><\/a> <\/p>\n","protected":false},"author":1372,"featured_media":0,"parent":0,"menu_order":0,"comment_status":"closed","ping_status":"closed","template":"","meta":{"footnotes":""},"class_list":["post-70","page","type-page","status-publish","hentry"],"_links":{"self":[{"href":"https:\/\/project.inria.fr\/ninsar\/wp-json\/wp\/v2\/pages\/70","targetHints":{"allow":["GET"]}}],"collection":[{"href":"https:\/\/project.inria.fr\/ninsar\/wp-json\/wp\/v2\/pages"}],"about":[{"href":"https:\/\/project.inria.fr\/ninsar\/wp-json\/wp\/v2\/types\/page"}],"author":[{"embeddable":true,"href":"https:\/\/project.inria.fr\/ninsar\/wp-json\/wp\/v2\/users\/1372"}],"replies":[{"embeddable":true,"href":"https:\/\/project.inria.fr\/ninsar\/wp-json\/wp\/v2\/comments?post=70"}],"version-history":[{"count":12,"href":"https:\/\/project.inria.fr\/ninsar\/wp-json\/wp\/v2\/pages\/70\/revisions"}],"predecessor-version":[{"id":176,"href":"https:\/\/project.inria.fr\/ninsar\/wp-json\/wp\/v2\/pages\/70\/revisions\/176"}],"wp:attachment":[{"href":"https:\/\/project.inria.fr\/ninsar\/wp-json\/wp\/v2\/media?parent=70"}],"curies":[{"name":"wp","href":"https:\/\/api.w.org\/{rel}","templated":true}]}}