

{"id":4,"date":"2011-12-08T11:55:34","date_gmt":"2011-12-08T11:55:34","guid":{"rendered":"http:\/\/project.inria.fr\/template1\/?page_id=4"},"modified":"2020-02-14T15:18:54","modified_gmt":"2020-02-14T14:18:54","slug":"home","status":"publish","type":"page","link":"https:\/\/project.inria.fr\/nitro\/fr\/","title":{"rendered":"Accueil"},"content":{"rendered":"<p><div id=\"attachment_84\" style=\"width: 310px\" class=\"wp-caption alignleft\"><a href=\"https:\/\/project.inria.fr\/nitro\/files\/2020\/01\/Inria-0317-296.jpg\"><img loading=\"lazy\" decoding=\"async\" aria-describedby=\"caption-attachment-84\" class=\"size-medium wp-image-84\" src=\"https:\/\/project.inria.fr\/nitro\/files\/2020\/01\/Inria-0317-296-300x200.jpg\" alt=\"L'\u00e9quipe Nitro\" width=\"300\" height=\"200\" srcset=\"https:\/\/project.inria.fr\/nitro\/files\/2020\/01\/Inria-0317-296-300x200.jpg 300w, https:\/\/project.inria.fr\/nitro\/files\/2020\/01\/Inria-0317-296-768x512.jpg 768w, https:\/\/project.inria.fr\/nitro\/files\/2020\/01\/Inria-0317-296-1024x683.jpg 1024w, https:\/\/project.inria.fr\/nitro\/files\/2020\/01\/Inria-0317-296-150x100.jpg 150w\" sizes=\"auto, (max-width: 300px) 100vw, 300px\" \/><\/a><p id=\"caption-attachment-84\" class=\"wp-caption-text\">L&rsquo;\u00e9quipe Nitro<\/p><\/div><\/p>\n<p><strong>Le Cybathlon :\u00a0<\/strong>Un championnat unique en son genre, organis\u00e9 tous les 4 ans, dans lequel des personnes handicap\u00e9es physiques s\u2019affrontent pour accomplir des t\u00e2ches du quotidien en utilisant des syst\u00e8mes d\u2019assistance technique de pointe.<\/p>\n<p><strong>L&rsquo;\u00e9quipe Nitro d&rsquo;Inria<\/strong> participe \u00e0 l&rsquo;aventure en mai 2020 \u00e0 Zurich, en Suisse, et vous invite \u00e0 la suivre au fil des pr\u00e9parations et durant la comp\u00e9tition.<\/p>","protected":false},"excerpt":{"rendered":"<p>Le Cybathlon :\u00a0Un championnat unique en son genre, organis\u00e9 tous les 4 ans, dans lequel des personnes handicap\u00e9es physiques s\u2019affrontent pour accomplir des t\u00e2ches du\u2026<\/p>\n<p> <a class=\"continue-reading-link\" href=\"https:\/\/project.inria.fr\/nitro\/fr\/\"><span>Continue reading<\/span><i class=\"crycon-right-dir\"><\/i><\/a> <\/p>\n","protected":false},"author":1,"featured_media":0,"parent":0,"menu_order":0,"comment_status":"closed","ping_status":"open","template":"","meta":{"footnotes":""},"class_list":["post-4","page","type-page","status-publish","hentry"],"_links":{"self":[{"href":"https:\/\/project.inria.fr\/nitro\/fr\/wp-json\/wp\/v2\/pages\/4","targetHints":{"allow":["GET"]}}],"collection":[{"href":"https:\/\/project.inria.fr\/nitro\/fr\/wp-json\/wp\/v2\/pages"}],"about":[{"href":"https:\/\/project.inria.fr\/nitro\/fr\/wp-json\/wp\/v2\/types\/page"}],"author":[{"embeddable":true,"href":"https:\/\/project.inria.fr\/nitro\/fr\/wp-json\/wp\/v2\/users\/1"}],"replies":[{"embeddable":true,"href":"https:\/\/project.inria.fr\/nitro\/fr\/wp-json\/wp\/v2\/comments?post=4"}],"version-history":[{"count":14,"href":"https:\/\/project.inria.fr\/nitro\/fr\/wp-json\/wp\/v2\/pages\/4\/revisions"}],"predecessor-version":[{"id":159,"href":"https:\/\/project.inria.fr\/nitro\/fr\/wp-json\/wp\/v2\/pages\/4\/revisions\/159"}],"wp:attachment":[{"href":"https:\/\/project.inria.fr\/nitro\/fr\/wp-json\/wp\/v2\/media?parent=4"}],"curies":[{"name":"wp","href":"https:\/\/api.w.org\/{rel}","templated":true}]}}