


{"id":74,"date":"2021-11-02T15:42:29","date_gmt":"2021-11-02T14:42:29","guid":{"rendered":"https:\/\/project.inria.fr\/nopcl\/?page_id=74"},"modified":"2024-10-22T12:01:27","modified_gmt":"2024-10-22T10:01:27","slug":"publications","status":"publish","type":"page","link":"https:\/\/project.inria.fr\/nopcl\/publications\/","title":{"rendered":"Publications"},"content":{"rendered":"<h2>Thesis<\/h2>\n<h2>Articles in selective international journals and conferences<\/h2>\n<ul>\n<li><a id=\"paper-1\"><\/a>[1] Hugo Reymond, Jean-Luc B\u00e9chennec, Mika\u00ebl Briday, S\u00e9bastien Faucou, Isabelle Puaut, and Erven Rohou, \u201cEarlyBird: Energy belongs to those who wake up early.\u201d<br>In <em><a id=\"\" class=\"anchor-link\" href=\"https:\/\/rtcsa2024.github.io\/index.html\">IEEE International Conference on Embedded and Real-Time  Computing Systems and Applications (RTCSA)<\/a><\/em>, 2024. <strong>Best Paper Award<\/strong>. <br><a href=\"https:\/\/ieeexplore.ieee.org\/document\/10444789\"><img loading=\"lazy\" decoding=\"async\" class=\"alignnone size-full wp-image-176\" src=\"https:\/\/project.inria.fr\/nopcl\/files\/2023\/09\/hal-logo-header-1.png\" alt=\"HAL\" width=\"25\" height=\"25\"><\/a><\/li>\n<li><a id=\"paper-2\"><\/a>[2] Hugo Reymond, Jean-Luc B\u00e9chennec, Mika\u00ebl Briday, S\u00e9bastien Faucou, Isabelle Puaut, and Erven Rohou, \u201c<a href=\"\/nopcl\/files\/2023\/09\/CGO-SCHEMATIC.pdf\">SCHEMATIC: Compile-time checkpoint placement and memory allocation for intermittent systems<\/a>.\u201d<br>In <em><a id=\"ieeeacm-international-symposium-on-code-generation-and-optimization-cgo\" class=\"anchor-link\" href=\"https:\/\/conf.researchr.org\/track\/cgo-2024\/cgo-2024-main-conference#ieeeacm-international-symposium-on-code-generation-and-optimization-cgo\">IEEE\/ACM International Symposium on Code Generation and Optimization (CGO)<\/a><\/em>, 2024.<br><a href=\"https:\/\/ieeexplore.ieee.org\/document\/10444789\"><img loading=\"lazy\" decoding=\"async\" class=\"alignnone size-full wp-image-178\" src=\"https:\/\/project.inria.fr\/nopcl\/files\/2023\/09\/doi.png\" alt=\"DOI\" width=\"25\" height=\"25\"><\/a>&nbsp;<a href=\"https:\/\/hal.science\/hal-04345348v1\"><img loading=\"lazy\" decoding=\"async\" class=\"alignnone size-full wp-image-176\" src=\"https:\/\/project.inria.fr\/nopcl\/files\/2023\/09\/hal-logo-header-1.png\" alt=\"HAL\" width=\"25\" height=\"25\"><\/a><\/li>\n<li><a id=\"paper-3\"><\/a>[3] Antoine Bernabeu, Jean-Luc B\u00e9chennec, Mika\u00ebl Briday, S\u00e9bastien Faucou, and Olivier H. Roux, \u201cCost-Optimal Timed Trace Synthesis for Scheduling of Intermittent Embedded Systems.\u201d<br>In <em>Discrete Event Dynamic Systems<\/em> 33, March 2023.<br><a href=\"https:\/\/doi.org\/10.1007\/s10626-022-00372-6\"><img loading=\"lazy\" decoding=\"async\" class=\"alignnone size-full wp-image-178\" src=\"https:\/\/project.inria.fr\/nopcl\/files\/2023\/09\/doi.png\" alt=\"DOI\" width=\"25\" height=\"25\"><\/a>&nbsp;<a href=\"https:\/\/hal.science\/hal-03952467\"><img loading=\"lazy\" decoding=\"async\" class=\"alignnone size-full wp-image-176\" src=\"https:\/\/project.inria.fr\/nopcl\/files\/2023\/09\/hal-logo-header-1.png\" alt=\"HAL\" width=\"25\" height=\"25\"><\/a><\/li>\n<li><a id=\"paper-4\"><\/a>[4] Jesus Argote-Aguilar, Florin-Doru Hutu, Guillaume Villemaud, Guillaume Villemaud, Matthieu Gautier, and Olivier Berder. &#8220;Efficient Association of Low and High RF Power Rectifiers for Powering Ultra-Low Power Devices&#8221;<br><i data-stringify-type=\"italic\">In IEEE International Conference on Electronics Circuits and Systems<\/i>, Oct. 2022.<br><a style=\"font-size: revert; font-family: -apple-system, BlinkMacSystemFont, 'Segoe UI', Roboto, Oxygen-Sans, Ubuntu, Cantarell, 'Helvetica Neue', sans-serif;\" href=\"https:\/\/inria.hal.science\/hal-03845342\"><img loading=\"lazy\" decoding=\"async\" class=\"alignnone wp-image-176 size-full\" src=\"https:\/\/project.inria.fr\/nopcl\/files\/2023\/09\/hal-logo-header-1.png\" alt=\"HAL\" width=\"25\" height=\"25\"><\/a><\/li>\n<li><a id=\"paper-5\"><\/a>[5] Philip-Dylan Gleonec, Jeremy Ardouin, Matthieu Gautier, and Olivier Berder, &#8220;Energy Allocation for LoRaWAN Nodes with Multi-Source Energy Harvesting\u201d<br>In Sensors, 2021.<br><a style=\"font-size: revert; font-family: -apple-system, BlinkMacSystemFont, 'Segoe UI', Roboto, Oxygen-Sans, Ubuntu, Cantarell, 'Helvetica Neue', sans-serif;\" href=\"https:\/\/inria.hal.science\/hal-03206750\"><img loading=\"lazy\" decoding=\"async\" class=\"alignnone wp-image-176 size-full\" src=\"https:\/\/project.inria.fr\/nopcl\/files\/2023\/09\/hal-logo-header-1.png\" alt=\"HAL\" width=\"25\" height=\"25\"><\/a><\/li>\n<\/ul>\n<h2>Articles in selective international workshops<\/h2>\n<ul>\n<li><a id=\"paper-6\"><\/a>[6] Hugo Reymond, Abderaouf Nassim Amalou, and Isabelle Puaut.2024.<br>&#8220;WORTEX: Worst-Case Execution Time and Energy Estimation in Low-Power Microprocessors Using Explainable ML.&#8221;<br>In <em>Proceedings of the 22nd International Workshop on Worst-Case Execution Time Analysis (WCET)<\/em>.<br>\n<a href=\"https:\/\/doi.org\/10.4230\/OASIcs.WCET.2024.1\"><img loading=\"lazy\" decoding=\"async\" class=\"alignnone size-full wp-image-178\" src=\"https:\/\/project.inria.fr\/nopcl\/files\/2023\/09\/doi.png\" alt=\"DOI\" width=\"25\" height=\"25\"><\/a>&nbsp;<a href=\"https:\/\/hal.science\/hal-04646477\"><img loading=\"lazy\" decoding=\"async\" class=\"alignnone size-full wp-image-176\" src=\"https:\/\/project.inria.fr\/nopcl\/files\/2023\/09\/hal-logo-header-1.png\" alt=\"HAL\" width=\"25\" height=\"25\"><\/a><\/li>\n<li>[7] Vincent Lostanlen, Antoine Bernabeu, Jean-Luc B\u00e9chennec, Mika\u00ebl Briday, S\u00e9bastien Faucou, and Mathieu Lagrange. 2021.<br>\u201cEnergy Efficiency Is Not Enough: Towards a Batteryless Internet of Sounds.\u201d<br>In <em>Proceedings of the International Workshop on the Internet of Sounds (IWIS)<\/em>. <strong>Best Paper Award <\/strong>. Trento, Italy: Audio Mostly.<br><a href=\"https:\/\/dl.acm.org\/doi\/10.1145\/3478384.3478408\"><img loading=\"lazy\" decoding=\"async\" class=\"alignnone size-full wp-image-178\" src=\"https:\/\/project.inria.fr\/nopcl\/files\/2023\/09\/doi.png\" alt=\"DOI\" width=\"25\" height=\"25\"><\/a>&nbsp;<a href=\"https:\/\/hal.science\/hal-03324622\"><img loading=\"lazy\" decoding=\"async\" class=\"alignnone size-full wp-image-176\" src=\"https:\/\/project.inria.fr\/nopcl\/files\/2023\/09\/hal-logo-header-1.png\" alt=\"HAL\" width=\"25\" height=\"25\"><\/a>\n<\/li>\n<\/ul>\n<h2>Articles in selective national venues<\/h2>\n<ul>\n<li><a id=\"paper-8\"><\/a>[8] Antoine Bernabeu, Jean-Luc B\u00e9chennec, Mika\u00ebl Briday, S\u00e9bastien Faucou, and Olivier H. Roux. 2023.<br>\u201cMortem: A New Runtime for Intermittent Computing\u201d.<br>In <em>Conf\u00e9rence francophone d&#8217;informatique en Parall\u00e9lisme, Architecture, et Syst\u00e8me (ComPAS)<\/em>. Annecy, France.<\/li>\n<li><a id=\"paper-9\"><\/a>[9] Antoine Bernabeu, Jean-Luc B\u00e9chennec, Mika\u00ebl Briday, S\u00e9bastien Faucou, and Olivier H. Roux. 2021.<br>Synth\u00e8se de Traces Temporis\u00e9es \u00e0 Co\u00fbt Optimal Pour l\u2019ordonnancement de Syst\u00e8mes Embarqu\u00e9s Intermittents.\u201d<br><em>Mod\u00e9lisation des Syst\u00e8mes R\u00e9actif (MSR)<\/em>. Paris, France.<br><a href=\"https:\/\/hal.science\/hal-03449539\"><img loading=\"lazy\" decoding=\"async\" class=\"alignnone size-full wp-image-176\" src=\"https:\/\/project.inria.fr\/nopcl\/files\/2023\/09\/hal-logo-header-1.png\" alt=\"HAL\" width=\"25\" height=\"25\"><\/a><\/li>\n<\/ul>\n<h2>Communications and posters<\/h2>\n<ul>\n<li><a id=\"paper-10\"><\/a>[10] Antoine Bernabeu, and Hugo Reymond. 2023.<br>\u201cTowards Sustainable IoT Nodes.\u201d<br>In <em> <a href=\"http:\/\/perso.ens-lyon.fr\/laurent.lefevre\/greendayslyon2023\/\"> Green Days <\/a><\/em>. Lyon, France.<\/li>\n<li><a id=\"paper-11\"><\/a>[11] Hugo Reymond, Isabelle Puaut, Erven Rohou, S\u00e9bastien Faucou, Jean-Luc B\u00e9chennec, and Mika\u00ebl Briday. 2022.<br>\u201cELOISE: Checkpoint placement and memory allocation in intermittent systems.\u201d<br>In <em>Conf\u00e9rence francophone d&#8217;informatique en PArall\u00e9lisme, Architecture, et Syst\u00e8me (ComPAS)<\/em> (poster). Amiens, France.<\/li>\n<li><a id=\"paper-12\"><\/a>[12] Jean-Luc B\u00e9chennec, Antoine Bernabeu, Mika\u00ebl Briday, and S\u00e9bastien Faucou. 2021.<br>\u201cSupport d\u2019ex\u00e9cution Pour Le Calcul Intermittent.\u201d<br>In <em> Conf\u00e9rence francophone d&#8217;informatique en Parall\u00e9lisme, Architecture et Syst\u00e8me (ComPAS)<\/em> (poster). Lyon, France (virtual).<br><a href=\"https:\/\/hal.science\/hal-03446983\"><img loading=\"lazy\" decoding=\"async\" class=\"alignnone size-full wp-image-176\" src=\"https:\/\/project.inria.fr\/nopcl\/files\/2023\/09\/hal-logo-header-1.png\" alt=\"HAL\" width=\"25\" height=\"25\"><\/a><\/li>\n<\/ul>\n<h2>Data sets<\/h2>\n<ul>\n<li><a id=\"paper-13\"><\/a>[13] Hugo Reymond, Abderaouf Nassim Amalou, and Isabelle Puaut.<br>&#8220;MSP430FR5969 Basic Block Worst Case Energy Consumption (WCEC) and Worst Case Execution Time (WCET) dataset.&#8221;<br><em>Zenodo<\/em><br><a href=\"https:\/\/doi.org\/10.5281\/zenodo.11066623\"><img loading=\"lazy\" decoding=\"async\" class=\"alignnone size-full wp-image-178\" src=\"https:\/\/project.inria.fr\/nopcl\/files\/2023\/09\/doi.png\" alt=\"DOI\" width=\"25\" height=\"25\"><\/a>\n<\/li>\n<\/ul>\n\n\n<p><\/p>\n","protected":false},"excerpt":{"rendered":"<p>Thesis Articles in selective international journals and conferences [1] Hugo Reymond, Jean-Luc B\u00e9chennec, Mika\u00ebl Briday, S\u00e9bastien Faucou, Isabelle Puaut, and Erven Rohou, \u201cEarlyBird: Energy belongs\u2026<\/p>\n<p> <a class=\"continue-reading-link\" href=\"https:\/\/project.inria.fr\/nopcl\/publications\/\"><span>Continue reading<\/span><i class=\"crycon-right-dir\"><\/i><\/a> <\/p>\n","protected":false},"author":2097,"featured_media":0,"parent":0,"menu_order":0,"comment_status":"closed","ping_status":"closed","template":"templates\/template-onecolumn.php","meta":{"footnotes":""},"class_list":["post-74","page","type-page","status-publish","hentry"],"_links":{"self":[{"href":"https:\/\/project.inria.fr\/nopcl\/wp-json\/wp\/v2\/pages\/74","targetHints":{"allow":["GET"]}}],"collection":[{"href":"https:\/\/project.inria.fr\/nopcl\/wp-json\/wp\/v2\/pages"}],"about":[{"href":"https:\/\/project.inria.fr\/nopcl\/wp-json\/wp\/v2\/types\/page"}],"author":[{"embeddable":true,"href":"https:\/\/project.inria.fr\/nopcl\/wp-json\/wp\/v2\/users\/2097"}],"replies":[{"embeddable":true,"href":"https:\/\/project.inria.fr\/nopcl\/wp-json\/wp\/v2\/comments?post=74"}],"version-history":[{"count":38,"href":"https:\/\/project.inria.fr\/nopcl\/wp-json\/wp\/v2\/pages\/74\/revisions"}],"predecessor-version":[{"id":313,"href":"https:\/\/project.inria.fr\/nopcl\/wp-json\/wp\/v2\/pages\/74\/revisions\/313"}],"wp:attachment":[{"href":"https:\/\/project.inria.fr\/nopcl\/wp-json\/wp\/v2\/media?parent=74"}],"curies":[{"name":"wp","href":"https:\/\/api.w.org\/{rel}","templated":true}]}}