

{"id":93,"date":"2012-11-02T23:47:04","date_gmt":"2012-11-02T22:47:04","guid":{"rendered":"https:\/\/project.inria.fr\/nuwat\/?page_id=93"},"modified":"2015-05-26T15:16:33","modified_gmt":"2015-05-26T13:16:33","slug":"publications","status":"publish","type":"page","link":"https:\/\/project.inria.fr\/nuwat\/publications\/","title":{"rendered":"Publications"},"content":{"rendered":"<p><\/p>\n<h1>Publications of the team related to the project<\/h1>\n<p>[Benyahia 2010] B. Benyahia, T. Sari,B. Cherki, J. Harmand, \u201cEquilibria of an anareobic wastewater treatment process and their stability\u201d, Proceedings of the 11th International Symposium on Computer Applications in Biotechnology, July 7-9, 2010, Leuven, Belgium, Julio R. Bang, Philippe Bogaerts, Jan Van Impe, Denis Dochain, Ilse Smets Editors. [<a href=\"ftp:\/\/ftp-sop.inria.fr\/modemic\/campillo\/nuwat\/2010_CAB_Benyahia.pdf\">PDF<\/a>]<\/p>\n<p>[Benyahia 2010b] B. Benyahia, T. Sari, B. Cherki, J.\u00a0 Harmand. Sur le mod\u00e8le AM2 de digestion ana\u00e9robie. CARI 2010 Yamoussoukro, C\u00f4te d&#8217;Ivoire [<a href=\"ftp:\/\/ftp-sop.inria.fr\/modemic\/campillo\/nuwat\/Miled%20et%20al%202009.pdf\">PDF<\/a>]<\/p>\n<p>[Benyahia 2011] B. Benyahia, T. Sari, J. Harmand , B. Cherki, Modeling of the Soluble Microbial Products (SMP) in Anaerobic Membrane Bioeractors (AMBR) : Equilibiria ans Stability of the AM2b Model, Preprints of the 18th IFAC World Congress pp 3789-3794, Milano (Italy) August 28 \u2013September 2, 2011.<\/p>\n<p>[Benyahia 2012a] B. Benyahia, T. Sari, B. Cherki, J. Harmand. Bifurcation and stability analysis of a two step model for monitoring anaerobic digestion processes, Journal of Process Control. 2012. [<a href=\"ftp:\/\/ftp-sop.inria.fr\/modemic\/campillo\/nuwat\/benyahia2012b.pdf\">PDF<\/a>] [<a href=\"http:\/\/www.sciencedirect.com\/science\/article\/pii\/S0959152412000972\">link<\/a>]<\/p>\n<p>[Benyahia 2012b] B. Benyahia, F. Campillo, B. Cherki and J. Harmand. Particle filtering for the chemostat. 20th Mediterranean Conference on Control and Automation (MED 2012), Barcelona, Spain, July 3-6, 364-371, 2012. [<a href=\"ftp:\/\/ftp-sop.inria.fr\/modemic\/campillo\/publications\/benyahia2012a.pdf\">PDF<\/a>]<\/p>\n<p>[Benyahia 2012c] B. Benyahia, B. Cherki, T. Sari, J. Harmand. Quelques r\u00e9sultats sur l\u2019observation du mod\u00e8le AM2b, CARI2012, October, 13-16 2012, Algiers, Algeria. [<a href=\"ftp:\/\/ftp-sop.inria.fr\/modemic\/campillo\/nuwat\/2012_CARI_BB.pdf\">PDF<\/a>]<\/p>\n<p>[Benyahia 2012d] B. Benyahia, T. Sari, B. Cherki, J. Harmand. Bifurcation and stability of a two step model for monitoring anaerobic digestion processes, Journal of Process Control, Elsevier, Vol 22 N\u00b0 6, 2012, pp 1008-1019, ISSN 0959-1524. [<a href=\"ftp:\/\/ftp-sop.inria.fr\/modemic\/campillo\/nuwat\/Benyahia2012d.pdf\">PDF<\/a>]<\/p>\n<p>[Benyahia] B. Benyahia, T. Sari, B. Cherki, J. Harmand. Anaerobic Membrane BioReactor modeling in the presence of the Soluble Microbial Products (SMP) &#8211; the Anaerobic Model AM2b, AIChE. Submitted.<\/p>\n<p>[Campillo 2009] F. Campillo, V. Rossi. Convolution Particle Filter for Parameter Estimation in General State-Space Models, IEEE Transactions on Aerospace and Electronic Systems, 45(3) : 1063-1071, 2009. [<a href=\"ftp:\/\/ftp-sop.inria.fr\/modemic\/campillo\/publications\/campillo2009a.pdf\">PDF<\/a>]<\/p>\n<p>[Campillo 2011] F. Campillo, M. Joannides, I. Larramendy-Valverde. Stochastic modeling of the chemostat. Ecological Modelling, 222(15) : 2676-2689, 2011. [<a href=\"ftp:\/\/ftp-sop.inria.fr\/modemic\/campillo\/publications\/campillo2011chemostat.pdf\">PDF<\/a>] [<a href=\"http:\/\/www.sciencedirect.com\/science\/article\/pii\/S0304380011002572\">link<\/a>]<\/p>\n<p>[Campillo 2012] F. Campillo and C. Lobry. Effect of population size in a Predator-Prey model, Ecological Modelling 246 :1-10, 2012. [<a href=\"ftp:\/\/ftp-sop.inria.fr\/modemic\/campillo\/publications\/campillo2012b.pdf\">PDF<\/a>]<\/p>\n<p>[Choukchou Braham 2011] A. Choukchou Braham, B. Cherki. A new control scheme for a class of underactuated systems. The Mediterranean Journal of Measurement and Control, 7(1): 204-210, 2011. [<a href=\"ftp:\/\/ftp-sop.inria.fr\/modemic\/campillo\/nuwat\/ChoukchouBraham2011.pdf\">PDF<\/a>]<\/p>\n<p>[Ghouali 2012] A. Ghouali, J. Harmand, A. Rapaport, A. Moussaoui, B. Cherki and T. Sari, Contr\u00f4le optimal d\u2019un bior\u00e9acteur de d\u00e9pollution des eaux us\u00e9es, CARI2012, October, 13-16 2012, Algiers, Algeria.<\/p>\n<p>[Hassam 2012] S. Hassam, B. Cherki, E. Ficara, J. Harmand. Model reduction and control of the ADM1 : a robust control approach, MED2012, Barcelona, Spain, July 3-6 2012.<\/p>\n<p>[Hadj Abdelkader 2012] M.A. Hadj Abdelkader, G. Bourhis, B. Cherki. Haptic feedback control of a smart wheelchair, Applied Bionics and Biomechanics, IOS Press, vol 9, 2012, pp 181-192. [<a href=\"ftp:\/\/ftp-sop.inria.fr\/modemic\/campillo\/nuwat\/HadjAbdelkader2012.pdf\">PDF<\/a>]<\/p>","protected":false},"excerpt":{"rendered":"<p>Publications of the team related to the project [Benyahia 2010] B. Benyahia, T. Sari,B. Cherki, J. Harmand, \u201cEquilibria of an anareobic wastewater treatment process and their stability\u201d, Proceedings of the 11th International Symposium on Computer Applications in Biotechnology, July 7-9, 2010, Leuven, Belgium, Julio R. Bang, Philippe Bogaerts, Jan Van Impe, Denis Dochain, Ilse Smets &hellip; <\/p>\n<p><a class=\"more-link btn\" href=\"https:\/\/project.inria.fr\/nuwat\/publications\/\">Continue reading<\/a><\/p>\n","protected":false},"author":120,"featured_media":0,"parent":0,"menu_order":0,"comment_status":"closed","ping_status":"open","template":"template-onecolumn.php","meta":{"footnotes":""},"class_list":["post-93","page","type-page","status-publish","hentry","nodate","item-wrap"],"_links":{"self":[{"href":"https:\/\/project.inria.fr\/nuwat\/wp-json\/wp\/v2\/pages\/93","targetHints":{"allow":["GET"]}}],"collection":[{"href":"https:\/\/project.inria.fr\/nuwat\/wp-json\/wp\/v2\/pages"}],"about":[{"href":"https:\/\/project.inria.fr\/nuwat\/wp-json\/wp\/v2\/types\/page"}],"author":[{"embeddable":true,"href":"https:\/\/project.inria.fr\/nuwat\/wp-json\/wp\/v2\/users\/120"}],"replies":[{"embeddable":true,"href":"https:\/\/project.inria.fr\/nuwat\/wp-json\/wp\/v2\/comments?post=93"}],"version-history":[{"count":30,"href":"https:\/\/project.inria.fr\/nuwat\/wp-json\/wp\/v2\/pages\/93\/revisions"}],"predecessor-version":[{"id":193,"href":"https:\/\/project.inria.fr\/nuwat\/wp-json\/wp\/v2\/pages\/93\/revisions\/193"}],"wp:attachment":[{"href":"https:\/\/project.inria.fr\/nuwat\/wp-json\/wp\/v2\/media?parent=93"}],"curies":[{"name":"wp","href":"https:\/\/api.w.org\/{rel}","templated":true}]}}