

{"id":68,"date":"2016-09-06T11:54:53","date_gmt":"2016-09-06T09:54:53","guid":{"rendered":"https:\/\/project.inria.fr\/pamela\/?page_id=68"},"modified":"2017-08-01T10:56:04","modified_gmt":"2017-08-01T08:56:04","slug":"members","status":"publish","type":"page","link":"https:\/\/project.inria.fr\/pamela\/members\/","title":{"rendered":"Members"},"content":{"rendered":"<p>Pamela is a research project involving 4 academic teams and 2 companies.<\/p>\n<ul>\n<li><a href=\"#magnet\">Inria Lille &#8211; Team Magnet<\/a><\/li>\n<li><a href=\"#asap\">IRISA Rennes 1 University &#8211; Team ASAP<\/a><\/li>\n<li><a href=\"#cidre\">IRISA Rennes 1 University &#8211; Team Cidre<\/a><\/li>\n<li><a href=\"#mlia\">LIP6 &#8211; University of Paris 6 &#8211; Team MLIA<\/a><\/li>\n<li><a href=\"#mediego\">Mediego<\/a><\/li>\n<li><a href=\"#snips\">Snips<\/a><\/li>\n<\/ul>\n<h1>People<\/h1>\n<h2 id=\"magnet\">Inria Lille &#8211; Magnet<\/h2>\n<ul>\n<li>Aur\u00e9lien Bellet<\/li>\n<li>R\u00e9mi Gilleron<\/li>\n<li>Jan Ramon<\/li>\n<li>Marc Tommasi<\/li>\n<li>Fabio Vitale<\/li>\n<\/ul>\n<p style=\"text-align: right;\">More about <a href=\"https:\/\/team.inria.fr\/magnet\/\">Magnet<\/a><\/p>\n<h2 id=\"asap\">IRISA Rennes 1 University &#8211; Team ASAP<\/h2>\n<ul>\n<li>Davide Frey<\/li>\n<li>George Giakkoupis<\/li>\n<li>Fran\u00e7ois Ta\u00efani<\/li>\n<\/ul>\n<p style=\"text-align: right;\">More about <a href=\"http:\/\/www.irisa.fr\/asap\/\">ASAP<\/a><\/p>\n<h2 id=\"cidre\">IRISA Rennes 1 University &#8211; Team Cidre<\/h2>\n<ul>\n<li>Emmanuelle Anceaume<\/li>\n<li>Guillaume Piole<\/li>\n<\/ul>\n<p style=\"text-align: right;\">More about <a href=\"http:\/\/www.rennes.supelec.fr\/ren\/rd\/cidre\/\">Cidre<\/a><\/p>\n<p>Cidre External Member<\/p>\n<ul>\n<li>Sebastien Gambs at Universit\u00e9 du Qu\u00e9bec \u00e0 Montr\u00e9al (UQAM)<\/li>\n<\/ul>\n<h2 id=\"mlia\">LIP6 &#8211; University Pierre et Marie Curie (UPMC) &#8211; Team MLIA<\/h2>\n<ul>\n<li>Ludovic Denoyer<\/li>\n<li>Patrick Gallinari<\/li>\n<li>Olivier Schwander<\/li>\n<li>Wenjie Zheng<\/li>\n<\/ul>\n<p style=\"text-align: right;\">More about <a href=\"http:\/\/mlia.lip6.fr\/\">MLIA<\/a><\/p>\n<h2 id=\"mediego\">Mediego<\/h2>\n<ul>\n<li>Arnaud J\u00e9gou<\/li>\n<li>Anne-Marie Kermarrec<\/li>\n<\/ul>\n<p style=\"text-align: right;\">More about <a href=\"http:\/\/mediego.com\/\">Mediego<\/a><\/p>\n<h2 id=\"snips\">Snips<\/h2>\n<ul>\n<li>Joseph Dureau<\/li>\n<li>Morten Dhal<\/li>\n<\/ul>\n<p style=\"text-align: right;\">More about <a href=\"https:\/\/snips.ai\/\">Snips<\/a><\/p>\n<p><\/p>","protected":false},"excerpt":{"rendered":"<p>Pamela is a research project involving 4 academic teams and 2 companies. Inria Lille &#8211; Team Magnet IRISA Rennes 1 University &#8211; Team ASAP IRISA Rennes 1 University &#8211; Team Cidre LIP6 &#8211; University of Paris 6 &#8211; Team MLIA Mediego Snips People Inria Lille &#8211; Magnet Aur\u00e9lien Bellet R\u00e9mi\u2026<\/p>\n<p> <a class=\"continue-reading-link\" href=\"https:\/\/project.inria.fr\/pamela\/members\/\"><span>Continue reading<\/span><i class=\"crycon-right-dir\"><\/i><\/a> <\/p>\n","protected":false},"author":1068,"featured_media":0,"parent":0,"menu_order":0,"comment_status":"closed","ping_status":"closed","template":"","meta":{"footnotes":""},"class_list":["post-68","page","type-page","status-publish","hentry"],"_links":{"self":[{"href":"https:\/\/project.inria.fr\/pamela\/wp-json\/wp\/v2\/pages\/68","targetHints":{"allow":["GET"]}}],"collection":[{"href":"https:\/\/project.inria.fr\/pamela\/wp-json\/wp\/v2\/pages"}],"about":[{"href":"https:\/\/project.inria.fr\/pamela\/wp-json\/wp\/v2\/types\/page"}],"author":[{"embeddable":true,"href":"https:\/\/project.inria.fr\/pamela\/wp-json\/wp\/v2\/users\/1068"}],"replies":[{"embeddable":true,"href":"https:\/\/project.inria.fr\/pamela\/wp-json\/wp\/v2\/comments?post=68"}],"version-history":[{"count":5,"href":"https:\/\/project.inria.fr\/pamela\/wp-json\/wp\/v2\/pages\/68\/revisions"}],"predecessor-version":[{"id":109,"href":"https:\/\/project.inria.fr\/pamela\/wp-json\/wp\/v2\/pages\/68\/revisions\/109"}],"wp:attachment":[{"href":"https:\/\/project.inria.fr\/pamela\/wp-json\/wp\/v2\/media?parent=68"}],"curies":[{"name":"wp","href":"https:\/\/api.w.org\/{rel}","templated":true}]}}