

{"id":66,"date":"2016-03-06T09:52:32","date_gmt":"2016-03-06T08:52:32","guid":{"rendered":"http:\/\/project.inria.fr\/peach\/?page_id=66"},"modified":"2017-03-22T15:37:03","modified_gmt":"2017-03-22T14:37:03","slug":"team","status":"publish","type":"page","link":"https:\/\/project.inria.fr\/peach\/team\/","title":{"rendered":"Team"},"content":{"rendered":"<h3>Universidad Diego Portales (UDP), Santiago, Chile<\/h3>\n<table>\n<tbody>\n<tr>\n<td width=\"180px\"><img loading=\"lazy\" decoding=\"async\" class=\"alignnone size-full wp-image-268\" src=\"http:\/\/project.inria.fr\/peach\/files\/2016\/03\/diego_dujovne.jpg\" alt=\"Diego Dujovne\" width=\"170\" height=\"170\" \/><\/td>\n<td><strong>Diego Dujovne<\/strong><br \/>\n<em>Professor<\/em><br \/>\n<a href=\"https:\/\/scholar.google.fr\/citations?user=PL1YL-MAAAAJ&amp;hl=en\" target=\"_blank\">https:\/\/scholar.google.fr\/citations?user=PL1YL-MAAAAJ&amp;hl=en<\/a><\/td>\n<\/tr>\n<\/tbody>\n<\/table>\n<h3>Universidad Tecnol\u00f3gica Nacional (UTN), Mendoza, Argentina<\/h3>\n<table>\n<tbody>\n<tr>\n<td width=\"180px\"><img loading=\"lazy\" decoding=\"async\" class=\"alignnone size-full wp-image-268\" src=\"http:\/\/project.inria.fr\/peach\/files\/2016\/03\/gustavo_mercado.jpg\" alt=\"Gustavo Mercado\" width=\"170\" height=\"170\" \/><\/td>\n<td><strong>Gustavo Mercado<\/strong><br \/>\n<em>Professor<\/em><br \/>\nGrupo de Investigaci\u00f3n y Desarrollo en Tecnolog\u00edas de la Informaci\u00f3n y las Comunicaciones (<a href=\"http:\/\/gridtics.frm.utn.edu.ar\/site\/\" target=\"_blank\">GridTICS<\/a>)<\/td>\n<\/tr>\n<tr>\n<td width=\"180px\"><img loading=\"lazy\" decoding=\"async\" class=\"alignnone size-full wp-image-268\" src=\"http:\/\/project.inria.fr\/peach\/files\/2016\/03\/ana_laura_diedrichs.jpg\" alt=\"Ana Laura Diedrichs\" width=\"170\" height=\"170\" \/><\/td>\n<td><strong>Ana Laura Diedrichs<\/strong><br \/>\n<em>PhD Student<\/em><br \/>\nGrupo de Investigaci\u00f3n y Desarrollo en Tecnolog\u00edas de la Informaci\u00f3n y las Comunicaciones (<a href=\"http:\/\/gridtics.frm.utn.edu.ar\/site\/\">GridTICS<\/a>)<br \/>\nLaboratorio <a href=\"http:\/\/dharma.frm.utn.edu.ar\/\" target=\"_blank\">DHARMa<\/a><\/p>\n<p><a href=\"http:\/\/dharma.frm.utn.edu.ar\/~adiedrichs\" target=\"_blank\">http:\/\/dharma.frm.utn.edu.ar\/~adiedrichs<\/a><\/td>\n<\/tr>\n<tr>\n<td width=\"180px\"><img loading=\"lazy\" decoding=\"async\" class=\"alignnone wp-image-799\" src=\"http:\/\/project.inria.fr\/peach\/files\/2016\/03\/carlos_taffernaberry.png\" alt=\"\" width=\"170\" height=\"170\" srcset=\"https:\/\/project.inria.fr\/peach\/files\/2016\/03\/carlos_taffernaberry.png 180w, https:\/\/project.inria.fr\/peach\/files\/2016\/03\/carlos_taffernaberry-150x150.png 150w\" sizes=\"auto, (max-width: 170px) 100vw, 170px\" \/><\/td>\n<td><strong>Carlos Taffernaberry<\/strong><br \/>\n<em>PhD Student<\/em><br \/>\nGrupo de Investigaci\u00f3n y Desarrollo en Tecnolog\u00edas de la Informaci\u00f3n y las Comunicaciones (<a href=\"http:\/\/gridtics.frm.utn.edu.ar\/site\/\" target=\"_blank\">GridTICS<\/a>)<\/td>\n<\/tr>\n<tr>\n<td width=\"180px\"><img loading=\"lazy\" decoding=\"async\" class=\"alignnone size-full wp-image-268\" src=\"http:\/\/project.inria.fr\/peach\/files\/2016\/03\/facundo_bromberg.jpg\" alt=\"Ana Laura Diedrichs\" width=\"170\" height=\"170\" \/><\/td>\n<td><strong>Facundo Bromberg<\/strong><br \/>\n<em>Professor<\/em><br \/>\nLaboratorio <a href=\"http:\/\/dharma.frm.utn.edu.ar\/\" target=\"_blank\">DHARMa<\/a><\/td>\n<\/tr>\n<\/tbody>\n<\/table>\n<h3>Inria, Paris, France<\/h3>\n<table>\n<tbody>\n<tr>\n<td width=\"180px\"><img loading=\"lazy\" decoding=\"async\" class=\"alignnone size-full wp-image-268\" src=\"http:\/\/project.inria.fr\/peach\/files\/2016\/03\/thomas_watteyne1.jpg\" alt=\"Thomas Watteyne\" width=\"170\" height=\"170\" \/><\/td>\n<td><strong>Thomas Watteyne<\/strong><br \/>\n<em>Faculty<\/em><br \/>\n<a href=\"https:\/\/team.inria.fr\/eva\/\">Inria-EVA<\/a> team<br \/>\n(p) +33 1 39 63 52 63<br \/>\n(m) +33 7 83 08 34 97<br \/>\n<a href=\"mailto:thomas.watteyne@inria.fr\">thomas.watteyne@inria.fr<\/a><br \/>\n<a href=\"http:\/\/www.thomaswatteyne.com\" target=\"_blank\">www.thomaswatteyne.com<\/a><br \/>\n@<a href=\"https:\/\/twitter.com\/thomaswatteyne\" target=\"_blank\">thomaswatteyne<\/a><\/td>\n<\/tr>\n<tr>\n<td width=\"180px\"><img loading=\"lazy\" decoding=\"async\" class=\"alignnone size-full wp-image-268\" src=\"http:\/\/project.inria.fr\/peach\/files\/2016\/03\/keoma_brun-laguna.jpg\" alt=\"Keoma Brun-Laguna\" width=\"170\" height=\"170\" \/><\/td>\n<td><strong>Keoma Brun-Laguna<\/strong><br \/>\n<em>PhD Student<\/em><br \/>\n<a href=\"https:\/\/team.inria.fr\/eva\/\" target=\"_blank\">Inria-EVA<\/a> team<br \/>\n<a href=\"mailto:keoma.brun@inria.fr\">keoma.brun@inria.fr<\/a><br \/>\n<a href=\"https:\/\/kbl.netlib.re\" target=\"_blank\">kbl.netlib.re<\/a><br \/>\n@<a href=\"https:\/\/twitter.com\/BrunKeoma\" target=\"_blank\">BrunKeoma<\/a><\/td>\n<\/tr>\n<\/tbody>\n<\/table>\n<h3>Universidad Nacional de Cuyo, Mendoza, Argentina<\/h3>\n<table>\n<tbody>\n<tr>\n<td width=\"180px\"><img loading=\"lazy\" decoding=\"async\" class=\"alignnone size-full wp-image-268\" src=\"http:\/\/project.inria.fr\/peach\/files\/2016\/03\/anonymous.png\" alt=\"Roberto Borgo\" width=\"170\" height=\"170\" \/><\/td>\n<td><strong>Roberto Borgo<\/strong><br \/>\n<em>Professor<\/em><br \/>\nC\u00e1tedra de Fisiolog\u00eda Vegetal, Facultad de Ciencias Agrarias<\/td>\n<\/tr>\n<\/tbody>\n<\/table>\n","protected":false},"excerpt":{"rendered":"<p>Universidad Diego Portales (UDP), Santiago, Chile Diego Dujovne Professor https:\/\/scholar.google.fr\/citations?user=PL1YL-MAAAAJ&amp;hl=en Universidad Tecnol\u00f3gica Nacional (UTN), Mendoza, Argentina Gustavo Mercado Professor Grupo de Investigaci\u00f3n y Desarrollo en Tecnolog\u00edas de la Informaci\u00f3n y las Comunicaciones (GridTICS) Ana Laura Diedrichs PhD Student Grupo de Investigaci\u00f3n y Desarrollo en Tecnolog\u00edas de la Informaci\u00f3n y las\u2026<\/p>\n<p> <a class=\"continue-reading-link\" href=\"https:\/\/project.inria.fr\/peach\/team\/\"><span>Continue reading<\/span><i class=\"crycon-right-dir\"><\/i><\/a> <\/p>\n","protected":false},"author":942,"featured_media":0,"parent":0,"menu_order":2,"comment_status":"closed","ping_status":"closed","template":"","meta":{"footnotes":""},"class_list":["post-66","page","type-page","status-publish","hentry"],"_links":{"self":[{"href":"https:\/\/project.inria.fr\/peach\/wp-json\/wp\/v2\/pages\/66","targetHints":{"allow":["GET"]}}],"collection":[{"href":"https:\/\/project.inria.fr\/peach\/wp-json\/wp\/v2\/pages"}],"about":[{"href":"https:\/\/project.inria.fr\/peach\/wp-json\/wp\/v2\/types\/page"}],"author":[{"embeddable":true,"href":"https:\/\/project.inria.fr\/peach\/wp-json\/wp\/v2\/users\/942"}],"replies":[{"embeddable":true,"href":"https:\/\/project.inria.fr\/peach\/wp-json\/wp\/v2\/comments?post=66"}],"version-history":[{"count":22,"href":"https:\/\/project.inria.fr\/peach\/wp-json\/wp\/v2\/pages\/66\/revisions"}],"predecessor-version":[{"id":801,"href":"https:\/\/project.inria.fr\/peach\/wp-json\/wp\/v2\/pages\/66\/revisions\/801"}],"wp:attachment":[{"href":"https:\/\/project.inria.fr\/peach\/wp-json\/wp\/v2\/media?parent=66"}],"curies":[{"name":"wp","href":"https:\/\/api.w.org\/{rel}","templated":true}]}}