

{"id":92,"date":"2019-09-11T15:47:35","date_gmt":"2019-09-11T13:47:35","guid":{"rendered":"https:\/\/project.inria.fr\/per2\/?page_id=92"},"modified":"2020-06-22T13:40:39","modified_gmt":"2020-06-22T11:40:39","slug":"publications","status":"publish","type":"page","link":"https:\/\/project.inria.fr\/per2\/publications\/","title":{"rendered":"Publications"},"content":{"rendered":"<h4>Peer-reviewed Publications<\/h4>\n<p>&nbsp;<\/p>\n<table style=\"width: 100%;\">\n<tbody>\n<tr>\n<td align=\"left\" valign=\"top\"><img loading=\"lazy\" decoding=\"async\" class=\"alignnone size-medium wp-image-145\" src=\"https:\/\/project.inria.fr\/per2\/files\/2020\/06\/2020_SAP_WR-300x233.png\" alt=\"\" width=\"150\" height=\"118\" srcset=\"https:\/\/project.inria.fr\/per2\/files\/2020\/06\/2020_SAP_WR-300x233.png 300w, https:\/\/project.inria.fr\/per2\/files\/2020\/06\/2020_SAP_WR-150x117.png 150w, https:\/\/project.inria.fr\/per2\/files\/2020\/06\/2020_SAP_WR-400x311.png 400w, https:\/\/project.inria.fr\/per2\/files\/2020\/06\/2020_SAP_WR.png 450w\" sizes=\"auto, (max-width: 150px) 100vw, 150px\" \/><\/td>\n<td align=\"left\" valign=\"top\"><em>Walk Ratio: Perception of an Invariant Parameter of Human Walk on Virtual Characters.<\/em><br \/>\nBenjamin Niay, Anne-H\u00e9l\u00e8ne Olivier, Katja Zibrek, Julien Pettr\u00e9 &amp; Ludovic Hoyet<br \/>\nTo appear in the ACM Symposium on Applied Perception 2020.<\/td>\n<\/tr>\n<tr>\n<td align=\"left\" valign=\"top\"><img loading=\"lazy\" decoding=\"async\" class=\"alignnone wp-image-146\" src=\"https:\/\/project.inria.fr\/per2\/files\/2020\/06\/2020_SAP_Zibrek-300x175.png\" alt=\"\" width=\"151\" height=\"88\" srcset=\"https:\/\/project.inria.fr\/per2\/files\/2020\/06\/2020_SAP_Zibrek-300x175.png 300w, https:\/\/project.inria.fr\/per2\/files\/2020\/06\/2020_SAP_Zibrek-150x88.png 150w, https:\/\/project.inria.fr\/per2\/files\/2020\/06\/2020_SAP_Zibrek.png 450w\" sizes=\"auto, (max-width: 151px) 100vw, 151px\" \/><\/td>\n<td align=\"left\" valign=\"top\"><em>Walk this way: Evaluating the effect of perceived gender and attractiveness of motion on proximity in virtual reality<\/em><br \/>\nKatja Zibrek, Benjamin Niay, Anne-H\u00e9l\u00e8ne Olivier, Ludovic Hoyet, Julien Pettre &amp; Rachel McDonnell<br \/>\nTo appear in the ACM Symposium on Applied Perception 2020.<\/td>\n<\/tr>\n<\/tbody>\n<\/table>\n<h4>Communications<\/h4>\n<table style=\"width: 100%;\">\n<tbody>\n<tr>\n<td align=\"left\" valign=\"top\"><img loading=\"lazy\" decoding=\"async\" class=\"alignnone wp-image-135\" src=\"https:\/\/project.inria.fr\/per2\/files\/2019\/09\/imagex500x312-300x187.png\" alt=\"\" width=\"150\" height=\"93\" srcset=\"https:\/\/project.inria.fr\/per2\/files\/2019\/09\/imagex500x312-300x187.png 300w, https:\/\/project.inria.fr\/per2\/files\/2019\/09\/imagex500x312-150x94.png 150w, https:\/\/project.inria.fr\/per2\/files\/2019\/09\/imagex500x312.png 500w\" sizes=\"auto, (max-width: 150px) 100vw, 150px\" \/><\/td>\n<td align=\"left\" valign=\"top\"><em>Adapter les mouvements aux personnages virtuels pour l\u2019animation de foules.<\/em> Magasine Inria Emergences, Lettre d&#8217;information n\u00b0 56, 2019. <a href=\"http:\/\/emergences.inria.fr\/2019\/newsletter-n56\/L56-PER\">Link<\/a>.<\/td>\n<\/tr>\n<tr>\n<td align=\"left\" valign=\"top\"><a href=\"https:\/\/project.inria.fr\/per2\/files\/2019\/09\/PSE_Benjamin.png\"><img loading=\"lazy\" decoding=\"async\" class=\"alignnone size-full wp-image-140\" src=\"https:\/\/project.inria.fr\/per2\/files\/2019\/09\/PSE_Benjamin.png\" alt=\"\" width=\"150\" height=\"80\" \/><\/a><\/td>\n<td align=\"left\" valign=\"top\"><em>The Influence of Step Length to Step Frequency Ratio on the Perception of Virtual Walking Motions.<\/em><br \/>\nBenjamin Niay, Anne-H\u00e9l\u00e8ne Olivier, Julien Pettr\u00e9, &amp; Ludovic Hoyet<br \/>\nPoster in ACM Motion in Games 2019.<br \/>\n<a href=\"https:\/\/project.inria.fr\/per2\/files\/2020\/06\/MIG2019_WR_HandOut.pdf\">Handout<\/a><\/td>\n<\/tr>\n<tr>\n<td align=\"left\" valign=\"top\"><a href=\"https:\/\/project.inria.fr\/per2\/files\/2019\/09\/PSE_Benjamin.png\"><img loading=\"lazy\" decoding=\"async\" class=\"alignnone size-full wp-image-140\" src=\"https:\/\/project.inria.fr\/per2\/files\/2019\/09\/PSE_Benjamin.png\" alt=\"\" width=\"150\" height=\"80\" \/><\/a><\/td>\n<td align=\"left\" valign=\"top\"><em>The Influence of Step Length to Step Frequency Ratio on the Perception of Virtual Walking Motions.<\/em><br \/>\nBenjamin Niay, Anne-H\u00e9l\u00e8ne Olivier, Julien Pettr\u00e9, &amp; Ludovic Hoyet<br \/>\nIn ACM Symposium on Applied Perception 2019 (Poster), Barcelona, 19-20 Sept., 2019.<br \/>\n<a href=\"https:\/\/people.rennes.inria.fr\/Ludovic.Hoyet\/Documents\/Articles\/SAP2019_WR_HandOut.pdf\">Handout<\/a> &#8211; <a href=\"https:\/\/people.rennes.inria.fr\/Ludovic.Hoyet\/Documents\/Articles\/SAP_2019_WR_Poster.pdf\">Poster<\/a><\/td>\n<\/tr>\n<\/tbody>\n<\/table>\n<p>&nbsp;<\/p>\n","protected":false},"excerpt":{"rendered":"<p>Peer-reviewed Publications &nbsp; Walk Ratio: Perception of an Invariant Parameter of Human Walk on Virtual Characters. Benjamin Niay, Anne-H\u00e9l\u00e8ne Olivier, Katja Zibrek, Julien Pettr\u00e9 &amp; Ludovic Hoyet To appear in the ACM Symposium on Applied Perception 2020. Walk this way: Evaluating the effect of perceived gender and attractiveness of motion\u2026<\/p>\n<p> <a class=\"continue-reading-link\" href=\"https:\/\/project.inria.fr\/per2\/publications\/\"><span>Continue reading<\/span><i class=\"crycon-right-dir\"><\/i><\/a> <\/p>\n","protected":false},"author":1418,"featured_media":0,"parent":0,"menu_order":0,"comment_status":"closed","ping_status":"closed","template":"","meta":{"footnotes":""},"class_list":["post-92","page","type-page","status-publish","hentry"],"_links":{"self":[{"href":"https:\/\/project.inria.fr\/per2\/wp-json\/wp\/v2\/pages\/92","targetHints":{"allow":["GET"]}}],"collection":[{"href":"https:\/\/project.inria.fr\/per2\/wp-json\/wp\/v2\/pages"}],"about":[{"href":"https:\/\/project.inria.fr\/per2\/wp-json\/wp\/v2\/types\/page"}],"author":[{"embeddable":true,"href":"https:\/\/project.inria.fr\/per2\/wp-json\/wp\/v2\/users\/1418"}],"replies":[{"embeddable":true,"href":"https:\/\/project.inria.fr\/per2\/wp-json\/wp\/v2\/comments?post=92"}],"version-history":[{"count":10,"href":"https:\/\/project.inria.fr\/per2\/wp-json\/wp\/v2\/pages\/92\/revisions"}],"predecessor-version":[{"id":149,"href":"https:\/\/project.inria.fr\/per2\/wp-json\/wp\/v2\/pages\/92\/revisions\/149"}],"wp:attachment":[{"href":"https:\/\/project.inria.fr\/per2\/wp-json\/wp\/v2\/media?parent=92"}],"curies":[{"name":"wp","href":"https:\/\/api.w.org\/{rel}","templated":true}]}}