

{"id":166,"date":"2014-10-13T16:20:28","date_gmt":"2014-10-13T14:20:28","guid":{"rendered":"https:\/\/project.inria.fr\/plugdb\/?page_id=166"},"modified":"2015-09-15T10:56:16","modified_gmt":"2015-09-15T08:56:16","slug":"ess-area","status":"publish","type":"page","link":"https:\/\/project.inria.fr\/plugdb\/en\/ess-area\/","title":{"rendered":"Press"},"content":{"rendered":"<p><span style=\"color: #ff0000;\"><strong>Communication Department :<\/strong><\/span><\/p>\n<p><span style=\"color: #000000;\"><strong>H\u00e9l\u00e8ne Robak <\/strong><\/span><br \/>\n<span style=\"color: #000000;\"> helene.robak@inria.fr &#8211; T\u00e9l. : 01 39 63 50 54<\/span><\/p>\n<p><span style=\"color: #000000;\"><strong>Sylvie Burini <\/strong><\/span><br \/>\n<span style=\"color: #000000;\"> sylvie.burini@inria.fr &#8211; T\u00e9l. : 01 39 63 53 03<\/span><\/p>\n<p><span style=\"color: #ff0000;\"><strong>Media Coverage (Under construction):<\/strong><\/span><\/p>\n<ul>\n<li><span style=\"color: #000000;\"><strong>Press<\/strong><\/span><\/li>\n<\/ul>\n\n\t\t<style type=\"text\/css\">\n\t\t\t#gallery-1 {\n\t\t\t\tmargin: auto;\n\t\t\t}\n\t\t\t#gallery-1 .gallery-item {\n\t\t\t\tfloat: left;\n\t\t\t\tmargin-top: 10px;\n\t\t\t\ttext-align: center;\n\t\t\t\twidth: 33%;\n\t\t\t}\n\t\t\t#gallery-1 img {\n\t\t\t\tborder: 2px solid #cfcfcf;\n\t\t\t}\n\t\t\t#gallery-1 .gallery-caption {\n\t\t\t\tmargin-left: 0;\n\t\t\t}\n\t\t\t\/* see gallery_shortcode() in wp-includes\/media.php *\/\n\t\t<\/style>\n\t\t<div id='gallery-1' class='gallery galleryid-166 gallery-columns-3 gallery-size-thumbnail'><dl class='gallery-item'>\n\t\t\t<dt class='gallery-icon portrait'>\n\t\t\t\t<a href='https:\/\/project.inria.fr\/plugdb\/en\/ess-area\/le-monde-2\/'><img loading=\"lazy\" decoding=\"async\" width=\"150\" height=\"150\" src=\"https:\/\/project.inria.fr\/plugdb\/files\/2014\/10\/Le-monde1-150x150.png\" class=\"attachment-thumbnail size-thumbnail\" alt=\"\" aria-describedby=\"gallery-1-188\" srcset=\"https:\/\/project.inria.fr\/plugdb\/files\/2014\/10\/Le-monde1-150x150.png 150w, https:\/\/project.inria.fr\/plugdb\/files\/2014\/10\/Le-monde1-144x144.png 144w\" sizes=\"auto, (max-width: 150px) 100vw, 150px\" \/><\/a>\n\t\t\t<\/dt>\n\t\t\t\t<dd class='wp-caption-text gallery-caption' id='gallery-1-188'>\n\t\t\t\tLe Monde &#8211; 9 avril 2014\n\t\t\t\t<\/dd><\/dl><dl class='gallery-item'>\n\t\t\t<dt class='gallery-icon portrait'>\n\t\t\t\t<a href='https:\/\/project.inria.fr\/plugdb\/en\/ess-area\/capture-decran-2014-10-15-a-15-00-47\/'><img loading=\"lazy\" decoding=\"async\" width=\"150\" height=\"150\" src=\"https:\/\/project.inria.fr\/plugdb\/files\/2014\/10\/Capture-d\u2019e\u0301cran-2014-10-15-a\u0300-15.00.47-150x150.png\" class=\"attachment-thumbnail size-thumbnail\" alt=\"\" aria-describedby=\"gallery-1-200\" srcset=\"https:\/\/project.inria.fr\/plugdb\/files\/2014\/10\/Capture-d\u2019e\u0301cran-2014-10-15-a\u0300-15.00.47-150x150.png 150w, https:\/\/project.inria.fr\/plugdb\/files\/2014\/10\/Capture-d\u2019e\u0301cran-2014-10-15-a\u0300-15.00.47-144x144.png 144w\" sizes=\"auto, (max-width: 150px) 100vw, 150px\" \/><\/a>\n\t\t\t<\/dt>\n\t\t\t\t<dd class='wp-caption-text gallery-caption' id='gallery-1-200'>\n\t\t\t\tPour la Science \n\t\t\t\t<\/dd><\/dl>\n\t\t\t<br style='clear: both' \/>\n\t\t<\/div>\n\n<ul>\n<li><span style=\"color: #000000;\"><strong>Tv<\/strong><\/span><\/li>\n<\/ul>\n","protected":false},"excerpt":{"rendered":"<p>Communication Department : H\u00e9l\u00e8ne Robak helene.robak@inria.fr &#8211; T\u00e9l. : 01 39 63 50 54 Sylvie Burini sylvie.burini@inria.fr &#8211; T\u00e9l. : 01 39 63 53 03 Media Coverage (Under construction): Press Tv<\/p>\n","protected":false},"author":532,"featured_media":0,"parent":0,"menu_order":7,"comment_status":"closed","ping_status":"closed","template":"","meta":{"footnotes":""},"class_list":["post-166","page","type-page","status-publish","hentry","nodate","item-wrap"],"_links":{"self":[{"href":"https:\/\/project.inria.fr\/plugdb\/en\/wp-json\/wp\/v2\/pages\/166","targetHints":{"allow":["GET"]}}],"collection":[{"href":"https:\/\/project.inria.fr\/plugdb\/en\/wp-json\/wp\/v2\/pages"}],"about":[{"href":"https:\/\/project.inria.fr\/plugdb\/en\/wp-json\/wp\/v2\/types\/page"}],"author":[{"embeddable":true,"href":"https:\/\/project.inria.fr\/plugdb\/en\/wp-json\/wp\/v2\/users\/532"}],"replies":[{"embeddable":true,"href":"https:\/\/project.inria.fr\/plugdb\/en\/wp-json\/wp\/v2\/comments?post=166"}],"version-history":[{"count":37,"href":"https:\/\/project.inria.fr\/plugdb\/en\/wp-json\/wp\/v2\/pages\/166\/revisions"}],"predecessor-version":[{"id":603,"href":"https:\/\/project.inria.fr\/plugdb\/en\/wp-json\/wp\/v2\/pages\/166\/revisions\/603"}],"wp:attachment":[{"href":"https:\/\/project.inria.fr\/plugdb\/en\/wp-json\/wp\/v2\/media?parent=166"}],"curies":[{"name":"wp","href":"https:\/\/api.w.org\/{rel}","templated":true}]}}