

{"id":363,"date":"2014-10-30T08:47:44","date_gmt":"2014-10-30T07:47:44","guid":{"rendered":"https:\/\/project.inria.fr\/plugdb\/?page_id=363"},"modified":"2016-03-09T09:45:56","modified_gmt":"2016-03-09T08:45:56","slug":"teaching","status":"publish","type":"page","link":"https:\/\/project.inria.fr\/plugdb\/teaching\/","title":{"rendered":"Enseignement"},"content":{"rendered":"<p>La plateforme PlugDB est d\u00e9sormais mise \u00e0 disposition des enseignants et \u00e9tudiants d&rsquo;universit\u00e9s et \u00e9coles d&rsquo;ing\u00e9nieurs afin de :<\/p>\n<ul>\n<li>r\u00e9aliser des projets \u00e9ducatifs (ex: d\u00e9veloppement d&rsquo;applications Privacy by Design ou de composants logiciels li\u00e9s \u00e0 la s\u00e9curit\u00e9 des donn\u00e9es personnelles, au contr\u00f4le d&rsquo;acc\u00e8s, au partage s\u00e9curis\u00e9 de documents),<\/li>\n<li>donner un acc\u00e8s totalement libre \u00e0 cette plate-forme dans le cadre de FabLabs afin de promouvoir le d\u00e9veloppement de logiciels open-source.<\/li>\n<\/ul>\n<p>Cette exp\u00e9rience d&rsquo;enseignement innovante est aujourd&rsquo;hui mise en oeuvre \u00e0 :<\/p>\n<ul>\n<li>ENSIIE (Ecole Nationale Sup\u00e9rieure d&rsquo;Informatique pour l&rsquo;Industrie et l&rsquo;Entreprise). Contact <a href=\"mailto:luc.bouganim@inria.fr\">Luc Bouganim<\/a>.<\/li>\n<li>UVSQ (Universit\u00e9 de Versailles St-Quentin en Yvelines). Contact <a href=\"mailto:philippe.pucheral@inria.fr\">Philippe Pucheral<\/a>.<\/li>\n<li>INSA Bourges. Contact <a href=\"mailto:benjamin.nguyen@insa-cvl.fr\">Benjamin Nguyen<\/a>.<\/li>\n<li>INSA Lyon. Contact <a href=\"mailto:yann.gripay@insa-lyon.fr\">Yann Gripay<\/a>.<\/li>\n<\/ul>\n<p>\u00c9tudiants et enseignants peuvent acc\u00e9der \u00e0 un ensemble de ressources (documentation, tutoriaux, vid\u00e9os et images de machines virtuelles) permettant de d\u00e9ployer ais\u00e9ment la plateforme \u00ab\u00a0Privacy by Design\u00a0\u00bb :<\/p>\n<ul>\n<li><a href=\"https:\/\/project.inria.fr\/plugdb\/installvm\/\">Installation de l&rsquo;environnement de travail (image de machine virtuelle)<\/a><\/li>\n<li><a href=\"http:\/\/www-smis.inria.fr\/SIPD\/UtilisationDePlugDB.pdf\" target=\"_blank\">Installation et utilisation de PlugDB<\/a><\/li>\n<li>Chargement de code sur le composant s\u00e9curis\u00e9 (Flashage): <a href=\"http:\/\/www-smis.inria.fr\/SIPD\/Flash_PlugDB_Code.wmv\" target=\"_blank\">Tutorial Video<\/a><\/li>\n<li>Modification du code de la plateforme initiale \u00ab\u00a0Privacy by Design\u00a0\u00bb :\n<ul>\n<li><a href=\"http:\/\/www-smis.inria.fr\/SIPD\/Tuto_Add_Message.pdf\" target=\"_blank\">Ajout de messages \u00e0 l&rsquo;application PbD<\/a><\/li>\n<li><a href=\"http:\/\/www-smis.inria.fr\/SIPD\/SGBD development under Debian 8.pdf\" target=\"_blank\">Modification du code du SGBD<\/a><\/li>\n<\/ul>\n<\/li>\n<li><a href=\"http:\/\/www-smis.inria.fr\/SIPD\/tuto-gitlab.pdf\" target=\"_blank\">Utilisation de la plateforme GitLab de SMIS INRIA<\/a>.<\/li>\n<\/ul>\n","protected":false},"excerpt":{"rendered":"<p>La plateforme PlugDB est d\u00e9sormais mise \u00e0 disposition des enseignants et \u00e9tudiants d&rsquo;universit\u00e9s et \u00e9coles d&rsquo;ing\u00e9nieurs afin de : r\u00e9aliser des projets \u00e9ducatifs (ex: d\u00e9veloppement d&rsquo;applications Privacy by Design ou de composants logiciels li\u00e9s \u00e0 la s\u00e9curit\u00e9 des donn\u00e9es personnelles, au contr\u00f4le d&rsquo;acc\u00e8s, au partage s\u00e9curis\u00e9 de documents), donner un acc\u00e8s totalement libre \u00e0 cette &hellip; <\/p>\n<p><a class=\"more-link btn\" href=\"https:\/\/project.inria.fr\/plugdb\/teaching\/\">Lire la suite<\/a><\/p>\n","protected":false},"author":66,"featured_media":0,"parent":0,"menu_order":0,"comment_status":"closed","ping_status":"closed","template":"","meta":{"footnotes":""},"class_list":["post-363","page","type-page","status-publish","hentry","nodate","item-wrap"],"_links":{"self":[{"href":"https:\/\/project.inria.fr\/plugdb\/wp-json\/wp\/v2\/pages\/363","targetHints":{"allow":["GET"]}}],"collection":[{"href":"https:\/\/project.inria.fr\/plugdb\/wp-json\/wp\/v2\/pages"}],"about":[{"href":"https:\/\/project.inria.fr\/plugdb\/wp-json\/wp\/v2\/types\/page"}],"author":[{"embeddable":true,"href":"https:\/\/project.inria.fr\/plugdb\/wp-json\/wp\/v2\/users\/66"}],"replies":[{"embeddable":true,"href":"https:\/\/project.inria.fr\/plugdb\/wp-json\/wp\/v2\/comments?post=363"}],"version-history":[{"count":12,"href":"https:\/\/project.inria.fr\/plugdb\/wp-json\/wp\/v2\/pages\/363\/revisions"}],"predecessor-version":[{"id":619,"href":"https:\/\/project.inria.fr\/plugdb\/wp-json\/wp\/v2\/pages\/363\/revisions\/619"}],"wp:attachment":[{"href":"https:\/\/project.inria.fr\/plugdb\/wp-json\/wp\/v2\/media?parent=363"}],"curies":[{"name":"wp","href":"https:\/\/api.w.org\/{rel}","templated":true}]}}