

{"id":4,"date":"2011-12-08T11:55:34","date_gmt":"2011-12-08T11:55:34","guid":{"rendered":"http:\/\/project.inria.fr\/template1\/?page_id=4"},"modified":"2019-09-26T12:07:40","modified_gmt":"2019-09-26T10:07:40","slug":"home","status":"publish","type":"page","link":"https:\/\/project.inria.fr\/plugdb\/","title":{"rendered":"Accueil"},"content":{"rendered":"<p><strong>PlugDB: un serveur personnel s\u00e9curis\u00e9 permettant \u00e0 l\u2019individu d\u2019exercer un contr\u00f4le sur ses donn\u00e9es personnelles, tout en pr\u00e9servant durabilit\u00e9, disponibilit\u00e9 et partage.<\/strong><\/p>\n<p>Dans une \u00e8re de g\u00e9n\u00e9ration massive de donn\u00e9es personnelles, cr\u00e9\u00e9es par les individus, leurs \u00e9quipements digitaux et par des organisations publiques et priv\u00e9es, toute notre vie num\u00e9rique est trac\u00e9e : d\u00e9placements, consommations, loisirs, relations, \u00e9tat m\u00e9dical, financier, etc.<\/p>\n<p>Ces donn\u00e9es, p\u00e9trole du XXIe si\u00e8cle, constituent une manne pour l\u2019\u00e9conomie et l&rsquo;organisation de la soci\u00e9t\u00e9 mais font peser un risque sans pr\u00e9c\u00e9dent sur la vie priv\u00e9e des individus.<\/p>\n<p>Le Forum Economique Mondial (WEF) appelle lui-m\u00eame \u00e0 l&rsquo;\u00e9mergence de solutions permettant de garder un contr\u00f4le sur ses donn\u00e9es personnelles : lieu de stockage, finalit\u00e9 des traitements, collecte et r\u00e9tention de donn\u00e9es limit\u00e9es, exposition minimale des donn\u00e9es \u00e0 des tiers, audit des usages, etc.<\/p>\n<h4 style=\"text-align: center;\"><b>PlugDB: un Serveur Personnel S\u00e9curis\u00e9\u00a0<a href=\"http:\/\/www-smis.inria.fr\/\"><br \/>\n<\/a>pr\u00e9sent\u00e9 par Nicolas Anciaux<\/b><\/h4>\n<h4 style=\"text-align: center;\"><iframe loading=\"lazy\" src=\"\/\/www.youtube.com\/embed\/0KuUG1vPXRI\" width=\"421\" height=\"236\" frameborder=\"0\" allowfullscreen=\"allowfullscreen\"><\/iframe><\/h4>\n","protected":false},"excerpt":{"rendered":"<p>PlugDB: un serveur personnel s\u00e9curis\u00e9 permettant \u00e0 l\u2019individu d\u2019exercer un contr\u00f4le sur ses donn\u00e9es personnelles, tout en pr\u00e9servant durabilit\u00e9, disponibilit\u00e9 et partage. Dans une \u00e8re de g\u00e9n\u00e9ration massive de donn\u00e9es personnelles, cr\u00e9\u00e9es par les individus, leurs \u00e9quipements digitaux et par des organisations publiques et priv\u00e9es, toute notre vie num\u00e9rique est trac\u00e9e : d\u00e9placements, consommations, loisirs, &hellip; <\/p>\n<p><a class=\"more-link btn\" href=\"https:\/\/project.inria.fr\/plugdb\/\">Lire la suite<\/a><\/p>\n","protected":false},"author":1,"featured_media":0,"parent":0,"menu_order":0,"comment_status":"closed","ping_status":"open","template":"","meta":{"footnotes":""},"class_list":["post-4","page","type-page","status-publish","hentry","nodate","item-wrap"],"_links":{"self":[{"href":"https:\/\/project.inria.fr\/plugdb\/wp-json\/wp\/v2\/pages\/4","targetHints":{"allow":["GET"]}}],"collection":[{"href":"https:\/\/project.inria.fr\/plugdb\/wp-json\/wp\/v2\/pages"}],"about":[{"href":"https:\/\/project.inria.fr\/plugdb\/wp-json\/wp\/v2\/types\/page"}],"author":[{"embeddable":true,"href":"https:\/\/project.inria.fr\/plugdb\/wp-json\/wp\/v2\/users\/1"}],"replies":[{"embeddable":true,"href":"https:\/\/project.inria.fr\/plugdb\/wp-json\/wp\/v2\/comments?post=4"}],"version-history":[{"count":75,"href":"https:\/\/project.inria.fr\/plugdb\/wp-json\/wp\/v2\/pages\/4\/revisions"}],"predecessor-version":[{"id":632,"href":"https:\/\/project.inria.fr\/plugdb\/wp-json\/wp\/v2\/pages\/4\/revisions\/632"}],"wp:attachment":[{"href":"https:\/\/project.inria.fr\/plugdb\/wp-json\/wp\/v2\/media?parent=4"}],"curies":[{"name":"wp","href":"https:\/\/api.w.org\/{rel}","templated":true}]}}