

{"id":111,"date":"2018-04-24T17:42:28","date_gmt":"2018-04-24T15:42:28","guid":{"rendered":"https:\/\/project.inria.fr\/ppniv18\/?page_id=111"},"modified":"2018-04-26T08:55:58","modified_gmt":"2018-04-26T06:55:58","slug":"organizers","status":"publish","type":"page","link":"https:\/\/project.inria.fr\/ppniv18\/organizers\/","title":{"rendered":"Organizers"},"content":{"rendered":"<p style=\"text-align: justify;\"><b>Research Director Christian Laugier,\u00a0<\/b>INRIA, Emotion project, INRIA Rh\u00f4ne-Alpes, 655 Avenue de l&#8217;Europe, 38334 Saint Ismier Cedex, France, Phone: +33 4 7661 5222, Fax : +33 4 7661 5477, Email: Christian.Laugier@inrialpes.fr,<br \/>\nHome page:\u00a0<a href=\"http:\/\/emotion.inrialpes.fr\/laugier\" target=\"MTP\">http:\/\/emotion.inrialpes.fr\/laugier\u00a0<\/a><\/p>\n<p style=\"text-align: justify;\"><b>Professor Philippe Martinet,\u00a0<\/b>LS2N-CNRS Laboratory, Ecole Centrale de Nantes, 1 rue de la No\u00eb, 44321 Nantes Cedex 03, France, Phone: +33 237406975, Fax: +33 237406930, Email: Philippe.Martinet@ec-nantes.fr,<br \/>\nHome page:\u00a0<a href=\"https:\/\/pagesperso.ls2n.fr\/~martinet-p\/ \" target=\"MTP\">https:\/\/pagesperso.ls2n.fr\/~martinet-p\/<\/a><\/p>\n<p style=\"text-align: justify;\"><b>Professor Urbano Nunes,\u00a0<\/b>Department of Electrical and Computer Engineering of the Faculty of Sciences and Technology of University of Coimbra, 3030-290 Coimbra, Portugal, GABINETE 3A.10, Phone: +351 239 796 287, Fax: +351 239 406 672, Email: urbano@deec.uc.pt,<br \/>\nHome page:\u00a0<a href=\"http:\/\/www.isr.uc.pt\/~urbano\" target=\"MTP\">http:\/\/www.isr.uc.pt\/~urbano<\/a><\/p>\n<p style=\"text-align: justify;\"><b>Professor Miguel Angel Sotelo, <\/b>, Computer Engineering Department, University of Alcal\u00e1 Alcal\u00e1 de Henares, Despacho: E-335, Edificio Polit\u00e9cnico. Campus Universitario s\/n., 28.871 Alcal\u00e1 de Henares, Madrid. Spain, Phone: +34 91 885 6573,  Fax: +34 91 885 6923, email: <a href=\"mailto:miguel.sotelo@uah.es\">miguel.sotelo@uah.es <\/a><br \/>\nHome page: <a href=\"http:\/\/www.isislab.es\/sotelo\">www.invett.es\/sotelo<\/a><\/p>\n<p style=\"text-align: justify;\"><b>Professor Christoph Stiller,<\/b>\u00a0Institut f\u00fcr Mess- und Regelungstechnik, Karlsruher Institut f\u00fcr Technologie (KIT), Engler-Bunte-Ring 21, Geb\u00e4ude: 40.32, 76131 Karlsruhe, Germany, Phone: +49 721 608-42325 Fax: +49 721 661874, Email: stiller@kit edu<br \/>\nHome page:\u00a0<a href=\"http:\/\/www.mrt.kit.edu\/mitarbeiter_stiller.php\" target=\"MTP\">http:\/\/www.mrt.kit.edu\/mitarbeiter_stiller.php\u00a0<\/a><\/p>\n","protected":false},"excerpt":{"rendered":"<p>Research Director Christian Laugier,\u00a0INRIA, Emotion project, INRIA Rh\u00f4ne-Alpes, 655 Avenue de l&#8217;Europe, 38334 Saint Ismier Cedex, France, Phone: +33 4 7661 5222, Fax : +33 4 7661 5477, Email: Christian.Laugier@inrialpes.fr, Home page:\u00a0http:\/\/emotion.inrialpes.fr\/laugier\u00a0 Professor Philippe Martinet,\u00a0LS2N-CNRS Laboratory, Ecole Centrale de Nantes, 1 rue de la No\u00eb, 44321 Nantes Cedex 03, France,\u2026<\/p>\n<p> <a class=\"continue-reading-link\" href=\"https:\/\/project.inria.fr\/ppniv18\/organizers\/\"><span>Continue reading<\/span><i class=\"crycon-right-dir\"><\/i><\/a> <\/p>\n","protected":false},"author":1372,"featured_media":0,"parent":0,"menu_order":0,"comment_status":"closed","ping_status":"closed","template":"","meta":{"footnotes":""},"class_list":["post-111","page","type-page","status-publish","hentry"],"_links":{"self":[{"href":"https:\/\/project.inria.fr\/ppniv18\/wp-json\/wp\/v2\/pages\/111","targetHints":{"allow":["GET"]}}],"collection":[{"href":"https:\/\/project.inria.fr\/ppniv18\/wp-json\/wp\/v2\/pages"}],"about":[{"href":"https:\/\/project.inria.fr\/ppniv18\/wp-json\/wp\/v2\/types\/page"}],"author":[{"embeddable":true,"href":"https:\/\/project.inria.fr\/ppniv18\/wp-json\/wp\/v2\/users\/1372"}],"replies":[{"embeddable":true,"href":"https:\/\/project.inria.fr\/ppniv18\/wp-json\/wp\/v2\/comments?post=111"}],"version-history":[{"count":5,"href":"https:\/\/project.inria.fr\/ppniv18\/wp-json\/wp\/v2\/pages\/111\/revisions"}],"predecessor-version":[{"id":160,"href":"https:\/\/project.inria.fr\/ppniv18\/wp-json\/wp\/v2\/pages\/111\/revisions\/160"}],"wp:attachment":[{"href":"https:\/\/project.inria.fr\/ppniv18\/wp-json\/wp\/v2\/media?parent=111"}],"curies":[{"name":"wp","href":"https:\/\/api.w.org\/{rel}","templated":true}]}}