

{"id":69,"date":"2019-01-27T18:01:23","date_gmt":"2019-01-27T17:01:23","guid":{"rendered":"https:\/\/project.inria.fr\/ppniv19\/?page_id=69"},"modified":"2019-01-27T20:00:48","modified_gmt":"2019-01-27T19:00:48","slug":"organizers","status":"publish","type":"page","link":"https:\/\/project.inria.fr\/ppniv19\/organizers\/","title":{"rendered":"Organizers"},"content":{"rendered":"<p style=\"text-align: justify;\"><strong>Research Director Christian Laugier,\u00a0<\/strong>INRIA, CHROMA project, INRIA Rh\u00f4ne-Alpes, 655 Avenue de l&#8217;Europe, 38334 Saint Ismier Cedex, France, Phone: +33 4 7661 5222, Fax : +33 4 7661 5477, Email: Christian.Laugier@inrialpes.fr,<br \/>\nHome page:\u00a0<a href=\"http:\/\/emotion.inrialpes.fr\/laugier\" target=\"MTP\">http:\/\/emotion.inrialpes.fr\/laugier\u00a0<\/a><\/p>\n<p style=\"text-align: justify;\"><strong>Research Director Philippe Martinet, <\/strong>INRIA, CHORALE project, Inria Sophia-Antipolis, 2004 route des Lucioles, 06902 Sophia-Antipolis, France, Phone: +33 492387769, Fax: +33 492385028, Email: <a href=\"mailto:Philippe.Martinet@inria.fr\">Philippe.Martinet@inria.fr<\/a>, Home page:\u00a0<a href=\"http:\/\/www-sop.inria.fr\/members\/Philippe.Martinet\/\">http:\/\/www-sop.inria.fr\/members\/Philippe.Martinet\/<\/a><\/p>\n<p style=\"text-align: justify;\"><strong>Professor\u00a0Marcelo H. Ang Jr<\/strong>, Department of Mechanical Engineering, National University of Singapore, Singapore 119260,\u00a0Phone: +65 6516-2555,\u00a0 Fax: +65 6779-1459,\u00a0email:\u00a0<a href=\"mailto:mpeangh@nus.edu.sg\">mpeangh@nus.edu.sg<\/a>, Home Page:\u00a0<a href=\"http:\/\/guppy.mpe.nus.edu.sg\/~mpeangh\/\">http:\/\/guppy.mpe.nus.edu.sg\/~mpeangh\/<\/a><\/p>\n<p style=\"text-align: justify;\"><strong>Professor Miguel Angel Sotelo<\/strong><b>, <\/b>Computer Engineering Department, University of Alcal\u00e1 Alcal\u00e1 de Henares, Despacho: E-335, Edificio Polit\u00e9cnico. Campus Universitario s\/n., 28.871 Alcal\u00e1 de Henares, Madrid. Spain, Phone: +34 91 885 6573, Fax: +34 91 885 6923, email: <a href=\"mailto:miguel.sotelo@uah.es\">miguel.sotelo@uah.es <\/a><br \/>\nHome page: <a href=\"http:\/\/www.isislab.es\/sotelo\">www.invett.es\/sotelo<\/a><\/p>\n<p style=\"text-align: justify;\"><strong>Professor Christoph Stiller,<\/strong>\u00a0Institut f\u00fcr Mess- und Regelungstechnik, Karlsruher Institut f\u00fcr Technologie (KIT), Engler-Bunte-Ring 21, Geb\u00e4ude: 40.32, 76131 Karlsruhe, Germany, Phone: +49 721 608-42325 Fax: +49 721 661874, Email: stiller@kit edu<br \/>\nHome page:\u00a0<a href=\"http:\/\/www.mrt.kit.edu\/mitarbeiter_stiller.php\" target=\"MTP\">http:\/\/www.mrt.kit.edu\/mitarbeiter_stiller.php\u00a0<\/a><\/p>\n","protected":false},"excerpt":{"rendered":"<p>Research Director Christian Laugier,\u00a0INRIA, CHROMA project, INRIA Rh\u00f4ne-Alpes, 655 Avenue de l&#8217;Europe, 38334 Saint Ismier Cedex, France, Phone: +33 4 7661 5222, Fax : +33 4 7661 5477, Email: Christian.Laugier@inrialpes.fr, Home page:\u00a0http:\/\/emotion.inrialpes.fr\/laugier\u00a0 Research Director Philippe Martinet, INRIA, CHORALE project, Inria Sophia-Antipolis, 2004 route des Lucioles, 06902 Sophia-Antipolis, France, Phone: +33\u2026<\/p>\n<p> <a class=\"continue-reading-link\" href=\"https:\/\/project.inria.fr\/ppniv19\/organizers\/\"><span>Continue reading<\/span><i class=\"crycon-right-dir\"><\/i><\/a> <\/p>\n","protected":false},"author":1372,"featured_media":0,"parent":0,"menu_order":0,"comment_status":"closed","ping_status":"closed","template":"","meta":{"footnotes":""},"class_list":["post-69","page","type-page","status-publish","hentry"],"_links":{"self":[{"href":"https:\/\/project.inria.fr\/ppniv19\/wp-json\/wp\/v2\/pages\/69","targetHints":{"allow":["GET"]}}],"collection":[{"href":"https:\/\/project.inria.fr\/ppniv19\/wp-json\/wp\/v2\/pages"}],"about":[{"href":"https:\/\/project.inria.fr\/ppniv19\/wp-json\/wp\/v2\/types\/page"}],"author":[{"embeddable":true,"href":"https:\/\/project.inria.fr\/ppniv19\/wp-json\/wp\/v2\/users\/1372"}],"replies":[{"embeddable":true,"href":"https:\/\/project.inria.fr\/ppniv19\/wp-json\/wp\/v2\/comments?post=69"}],"version-history":[{"count":11,"href":"https:\/\/project.inria.fr\/ppniv19\/wp-json\/wp\/v2\/pages\/69\/revisions"}],"predecessor-version":[{"id":109,"href":"https:\/\/project.inria.fr\/ppniv19\/wp-json\/wp\/v2\/pages\/69\/revisions\/109"}],"wp:attachment":[{"href":"https:\/\/project.inria.fr\/ppniv19\/wp-json\/wp\/v2\/media?parent=69"}],"curies":[{"name":"wp","href":"https:\/\/api.w.org\/{rel}","templated":true}]}}