

{"id":67,"date":"2019-06-20T15:50:29","date_gmt":"2019-06-20T13:50:29","guid":{"rendered":"https:\/\/project.inria.fr\/predictive\/?page_id=67"},"modified":"2019-06-20T16:27:54","modified_gmt":"2019-06-20T14:27:54","slug":"information-fusion","status":"publish","type":"page","link":"https:\/\/project.inria.fr\/predictive\/information-fusion\/","title":{"rendered":"information fusion"},"content":{"rendered":"<p><\/p>\n<h3 id=\"aui_3_4_0_1_312\">Task 1: Data mining and information fusion for tumor response prediction\\\\ <a class=\"hashlink\" href=\"http:\/\/www.cominlabs.ueb.eu\/group\/predictive\/wiki\/-\/wiki\/Main\/FrontPage#section-FrontPage-Task+1:+Data+mining+and+information+fusion+for+tumor+response+prediction%5C%5C\">#<\/a><\/h3>\n<p>Updated September 6th 2016<\/p>\n<p>This task has started in November, 2012, with the recruitment of a PhD student, Mohamed Majdoub. M. Majdoub has started working on the processing and analysis of PET\/CT images to derive new shape and heterogeneity metrics (also called radiomics) for characterization of functional tumor volumes that would be able to offer some predictive value on prognosis or response to therapy.<\/p>\n<p>Beside technical investigations on these new features (robustness, correlation with volume, comparison of different calculation methods), he also investigated their potential predictive value in various cohorts of patients with breast and lung cancer (using the FDG radiotracer for metabolism) and Head and Neck cancer (with the FLT radiotracer for cellular proliferation).<\/p>\n<p>His goal was to extract pertinent features from images within the context of response to (radio)chemotherapy prediction (breast, H&amp;N), as well as prognosis of recurrence-free and overall survival (H&amp;N, lung).<\/p>\n<p>In addition to the image processing and analysis part of his work, M.Majdoub has also investigated the use of classification tools such as logistic regression, random forest algorithms, and support vector machines in order to incorporate multiple image-derived and other contextual variables (age, sex, histology, etc.) in a predictive model.<\/p>\n<p>In order to extract image-derived features (radiomics) relevant for prognosis or response to therapy from PET images, M. Majdoub has exploited a pipeline of image processing tools such as noise filtering, partial volume effects correction, metabolic tumor volume automatic delineation, 3D geometrical shape metrics, and heterogeneity quantification through textural features analysis.<\/p>\n<p>Results from the technical investigations suggested that new calculations of heterogeneity metrics could provide valuable prognostic value in addition to standard clinical variables or usual PET image-derived metrics such as SUVs or metabolic volume. This was demonstrated in a multi-centric cohort of 555 patients with 5 different cancer types (lung, esophageal, breast, head and neck, cervix), with prognostic value results on 112 esophageal cancer patients and 101 lung cancer patients. These results were published in the J. Nucl Med [1]. This study has been cited more than 50 times already according to google scholar and web of science has classified it as a &#8220;highly cited paper&#8221; (25 citations, top 1% of its field).<\/p>\n<p>Another technical investigation consisted in studying the variations of textural features in PET images according to various modes of reconstruction that are gaining interest and clinical use, namely reconstructions using point spread function (PSF) modeling to enhance contrast and standardized uptake values recovery in reconstructed images. However within the context of standardization across centers, the use of these new reconstruction modes raises the question of whether these new image-derived features are impacted or not by the established procedure (to apply a filtering to PSF reconstructed images). These results were published in the Eur J Nucl Med Mol Imaging [2]<\/p>\n<p>On the methodological side, we alo wished to further investigate the repeatability of features extracted from PET\/CT images. Although numerous studies had already reported on this issue before, including our own work in 2012, most of these studies included a very limited number of patients (between 8 and 15) recruited in single centers. In addition, all previous studies focused on either FDG PET images or diagnostic\/planning CT or contrast-enhanced CT, but never the low-dose CT component of PET\/CT. We had the opportunity to work with a larger multi-centric cohort recruited in a prospective way in two clinical trials in the USA (ACRIN), Europe and Asia (Merck), totalling 74 patients with double baseline FDG PET\/CT datasets. It took a very long time to obtain access to the entireity of the data, however we were finally able to perform the full analysis in the begining of 2016 and the results are now accepted for publication in the J. Nucl Med [3]. This study is the largest radiomics test-retest repeatability study to date, and the first to report results for both the FDG PET and the associated low-dose CT component of PET\/CT acquisitions.<\/p>\n<p>This also allowed a further investigation of the potential complementary prognostic value of PET and associated low-dose CT derived heterogeneity (both FDG radiotracer uptake heterogeneity from PET and tissues density from low-dose CT) in a lung cancer cohort of 116 patients, and demonstrated the feasibility of developing a multimodal PET\/CT heterogeneity based prognostic model with high stratification power regarding outcome. Preliminary results for this work were presented at the annual meeting of the AAPM in 2014 [4] where it won an award from the <em>Science council session<\/em><em>: the physics of cancer<\/em>, as well as at the SNMMI annual meeting in 2015 [5] and was recently published as a full paper in the Eur J Nucl Med Mol Imaging journal [6]. Finally, we have started recruiting patients in a prospective manner in order to validate the developed nomogram combining radiomics features from both PET and CT components of FDG PET\/CT images using a support vector machine classifier. The preliminary results of this prospective validation (still ongoing) were presented in june of 2016 at the annual meeting of the SNMMI [7] where it won the award for best international abstract.<\/p>\n<p>Another study included 171 patients with breast cancer treated with chemotherapy, with two sequential FDG PET\/CT scans. An interesting result was that the optimal PET-derived parameter (either SUVmax, volume or TLG) for the prediction of therapy response using the evolution between the baseline scan and the during chemotherapy scan actually depended on the tumor subgroup (HER2+, ER+\/HER2- or triple-negative breast cancer). This work has been accepted in Radiology [8]. In addition, we have investigated the prognostic value of PET-derived parameters for disease-free survival and showed that both SUVmax and TLG have prognostic value. This has published in the J Nuc Med [9]. Finally, we have investigated the relationships between clinical and histopathological factors and heterogeneity features in the same cohort. Unfortunately the heterogeneity metrics did not help in differentiating the various molecular subtypes of breast cancer in this larger cohort. These results were reported in the Eur J Nucl Med Mol Imaging [10].<\/p>\n<p>Another original and novel result was obtained on the cohort of H&amp;N cancer patients treated with (radio)chemotherapy that underwent one FLT PET scan before treatment and a second scan during treatment. It was found that the tri-dimensional shape and the intra-tumor radiotracer spatial distribution (heterogeneity) of the proliferative tumor volume (as quantified on FLT PET images) was significantly associated with recurrence-free survival. Tumors\u2019proliferative volumes with more complex 3D shapes and higher tracer uptake heterogeneity led to more and earlier recurrence after treatment that those with less complex shapes and more homogeneous uptake. In addition, the decrease of the complexity of the 3D shape and the heterogeneity of the tumors\u2019 proliferative volumes during treatment was also associated with less or later recurrence. These new features of tumors extracted from PET images were found to be prognostic factors of overall and recurrence-free survival, with higher discriminative power that standard PET measurements such as functional volume and standardize uptake maximum or mean values.<\/p>\n<p>One hypothesis that can explain these results is the fact that the more complex and heterogeneous a tumor volume is (at least according to the cellular proliferation), the more difficult it is to treat efficiently with a homogeneous radiotherapy dose (which is the standard practice and was the case for this cohort of patients) and\/or chemotherapy because the drug cannot be efficiently distributed within the tumor. A quasi-spherical shape with homogeneous uptake distribution is easier to cover with adequate dose with radiotherapy, and the drug (chemotherapy) can be distributed within the entire tumor more efficiently.<\/p>\n<p>These results have been presented in an oral presentation at the nuclear medicine meeting in Vancouver (2013) [11], and a complete paper has been written and submitted to various journals, however the small number of patients have prevented us to publish this yet (at least one of the reviewers has consistently rejected the paper on this sole issue).<\/p>\n<p>Most of the results obtained in this task were also incorporated by M. Hatt in a large review that has been published in the Eur J Nucl Med Mol Imaging [12], as well as in various invited talks in institutions or conferences, and workshops and continuous education sessions (see list below:)<\/p>\n<p>Invited talks:<\/p>\n<p>Building prognostic and predictive models based on PET\/CT and PET\/MR shape and heterogeneity metrics, Society of nuclear medicine annual meeting, continuous education session \u201cTowards Enhanced Prognostic Utility of PET Imaging\u201d, San Diego, USA, Juin 2016.<br \/>\nPET\/CT image processing and analysis for quantitative metrics extraction and clinical applications, Seminaire au CHU de Caen et unit\u00e9 INSERM UMR 1199 BioTICLA, Caen, France, Mai 2016.<br \/>\nPET\/CT heterogeneity quantification through texture analysis: potential role for prognostic and predictive models, European SocieTy for Radiotherapy &amp; Oncology annual meeting, symposium on \u201cRadiomics &#8211; the future of radiotherapy\u201d, Turin, Italie, Mai 2016.<br \/>\nPeut-on am\u00e9liorer la prise en charge des patients atteints de cancers gr\u00e2ce \u00e0 une meilleure exploitation des images m\u00e9dicales?, Conf\u00e9rences IBSAM, Brest, France, Avril 2016<br \/>\nSegmentation et caract\u00e9risation des tumeurs en imagerie TEP\/TDM : 10 ans d&#8217;apports des m\u00e9thodes statistiques, Journ\u00e9e GDR sur l&#8217;apprentissage statistique et applications biom\u00e9dicales, Paris, France, D\u00e9cembre 2015<br \/>\nTumor treatment response assessment using PET\/CT, American Society for Radiation Oncology annual meeting, educational session \u201cImaging for treatment response assessment\u201d, San Antonio, USA, Octobre 2015.<br \/>\nTraitement et analyse d\u2019images TEP\/TDM pour l\u2019oncologie et la radioth\u00e9rapie : m\u00e9thodes, r\u00e9sultats, perspectives,S\u00e9minaire du laboratoire iCube, Strasbourg, France, Mai 2015<br \/>\nCharacterization of tumors using quantitative features from PET\/CT imaging: methods, results, challenges, S\u00e9minaire \u00e0 l&#8217;University College of London, London, UK, Avril 2015<br \/>\nCaract\u00e9risation morpho-fonctionnelle des tumeurs en oncologie \u00e0 partir d\u2019imagerie multimodale, S\u00e9minaire du Canceropole Grand Est, Strasbourg, France, Mars 2015<br \/>\nMultimodality image derived tumor characterization, European molecular imaging meeting, educational session &#8220;Multi-modality and hybrid imaging equipment&#8221;, T\u00fcbingen, Allemagne, Mars 2015<br \/>\nFrom multispectral images of nebulae to multimodal PET\/CT images of tumors: a young researcher\u2019s journey, Bruce Hasegawa Young Investigator Medical Imaging Science Award acceptance speech &#8211; IEEE NSS-MIC, Seattle, USA, Novembre 2014<br \/>\nQuantification et caract\u00e9risation des tumeurs en imagerie TEP : d\u00e9fis et solutions, S\u00e9minaire mensuel de l&#8217;UMR 6301 CNRS ISTCT, Caen, France, F\u00e9vrier 2014.<br \/>\nTumor functional characterization and quantification, 9th International Conference on Dose, Time and Fractionation in Radiation Oncology \u2013 From Hyper to Hypo Fractionation in Radiation Oncology, Madison, USA, Septembre 2013.<br \/>\nPET\/CT image derived features for response to therapy monitoring: review and perspectives, American Association of Physicists in Medicine annual meeting, imaging symposium \u201cMulti modal PET\/CT imaging for therapy response early prediction and therapy monitoring\u201d, Indianapolis, USA, Ao\u00fbt 2013.<\/p>\n<p>Workshops and courses:<\/p>\n<p>Perspectives pour l&#8217;approche &#8220;Radiomics&#8221; en TEP\/TDM, Formation &#8220;Tomographie par Emission de Positon dans le cadre de la radioth\u00e9rapie guid\u00e9e par l&#8217;image&#8221;, Lyon, France, Avril 2016<br \/>\nActualit\u00e9s sur les m\u00e9thodes de segmentation d&#8217;images TEP, Formation &#8220;Tomographie par Emission de Positon dans le cadre de la radioth\u00e9rapie guid\u00e9e par l&#8217;image&#8221;, Lyon, France, Mars 2016<br \/>\n10 ans de d\u00e9veloppements d\u2019approches de segmentation d\u2019images TEP\/TDM : le chemin parcouru, ce qu\u2019il reste \u00e0 explorer, Workshop SFPM Le traitement d\u2019images en Physique M\u00e9dicale, Les Sables-d&#8217;Olonne, France, Octobre 2015<br \/>\n\u00ab Radiomics \u00bb et analyse de textures en imagerie TEP\/TDM : potentiel et limites, Workshop SFPM Le traitement d\u2019images en Physique M\u00e9dicale, Les Sables-d&#8217;Olonne, France, Octobre 2015<br \/>\nPET\/CT\/MRI characterization of tumors using textural features: recent results, Visiting professorship, Imaging Research Laboratory, University of Washington, Seattle, USA, Septembre 2015<br \/>\nTexture analysis in PET\/CT: the past, the present&#8230; any future?, Visiting professorship, Radiology and radiation oncology departments, University of Washington, Seattle, USA, Septembre 2015<\/p>\n<h4>References\\\\ <a class=\"hashlink\" href=\"http:\/\/www.cominlabs.ueb.eu\/group\/predictive\/wiki\/-\/wiki\/Main\/FrontPage#section-FrontPage-References%5C%5C\">#<\/a><\/h4>\n<p>1. M. Hatt, M. Majdoub, M. Valli\u00e8res, F. Tixier, C. Cheze Le Rest, D.Groheux, E.Hindi\u00e9, A. Martineau, O. Pradier, R. Hustinx, R. Perdrisot, R.Guillevin, I. El Naqa, D. Visvikis. <strong>FDG PET uptake characterization through texture analysis: investigating the complementary nature of heterogeneity and functional tumor volume in a multi-cancer site patient cohort<\/strong>. <em>J Nucl Med <\/em>2015 56(1):38-44.<\/p>\n<p>2. C. Lasnon, M. Majdoub, B. Lavigne, P. Do, J. Madelaine, D. Visvikis, N. Aide, M. Hatt. <strong>18F-FDG PET\/CT heterogeneity quantification through textural features in the era of harmonisation programs: a focus on lung cancer<\/strong>.<em> Eur J Nucl Med Mol Imaging 2016<\/em> (in press)<\/p>\n<p>3. M-C.Desseroit, F. Tixier, W. A.Weber, B. A. Siegel, C. Cheze LeRest, D.Visvikis, <strong>M.Hatt. Reliability of PET\/CT shape and heterogeneity features infunctional and morphological components of Non-Small Cell Lung Cancertumors: a repeatability analysis in a prospective multi-center cohort<\/strong>. <em>J Nucl Med <\/em>2016 (in press)<\/p>\n<p>4. M-C. Desseroit, D. Visvikis, F. Tixier, M. Majdoub, R. Perdrisot, R. Guillevin, O. Pradier, C. Cheze Le Rest, M. Hatt. <strong>Complementary Prognostic Value of CT and 18F-FDG PET Non-Small Cell Lung Cancer Tumor Heterogeneity Features Quantified Trough Texture Analysis<\/strong>. <em>AAMP annual meeting<\/em> 2014.<\/p>\n<p>5. M-C.Desseroit, M. Majdoub, F. Tixier, D. Visvikis, C. Cheze-Le Rest, M. Hatt,\u00a0<strong>Quantification of tumor heterogeneity using textural features analysis of PET and CT images provides complementary prognostic value in stage I-III NSCLC<\/strong>, <em>Society of nuclear medicine and molecular imaging annual meeting<\/em> 2015<\/p>\n<p>6. M-C. Desseroit, D. Visvikis, F. Tixier, M. Majdoub, R. Perdrisot, R. Guillevin, O. Pradier, M. Hatt, C. Cheze Le Rest<strong>. Development of a nomogram combining clinical staging with 18F-FDG PET\/CT image features in Non-Small Cell Lung Cancer stage I-III<\/strong>. <em>Eur J Nucl Med Mol Imaging <\/em>2016; 43(8):1477-1485<\/p>\n<p>7. M-C. Desseroit, F. Tixier, R. Perdrisot, R. Guillevin, D. Visvikis, C. Cheze Le Rest,\u00a0 M. Hatt, <strong>Nomogram for NSCLC exploiting clinical staging, tumor volume and PET\/CT heterogeneity features: development using support vector machines in a retrospective cohort and first validation results in prospectively recruited patients<\/strong><em>Society of nuclear medicine and molecular imaging annual meeting<\/em> 2016<\/p>\n<p>8. D.Groheux, M. Majdoub, A. Martineau, D. Visvikis, M. Espi\u00e9, M.Hatt, E. Hindi\u00e9. <strong>Early metabolic response to neoadjuvant treatment: 18FDG-PET\/CT criteria according to breast cancer subtype<\/strong>. <em>Radiology <\/em>2015;277(2):358-71.<\/p>\n<p>9. D.Groheux, M. Majdoub, A. Martineau, D. Visvikis, M. Espi\u00e9, M.Hatt, E. Hindi\u00e9. <strong>18FDG uptake and total lesion glycolysis measured at baseline and after 2 courses of neoadjuvant chemotherapy are powerful tools to predict relapse in patients with ER+\/HER2- breast cancer.<\/strong><em> J Nucl Med <\/em>2015;56(6):824-831<\/p>\n<p>10. D. Groheux, M. Majdoub, F. Tixier, C. Cheze Le Rest, A. Martineau, P. Merlet, M. Espi\u00e9, A. de Roquancourt, E. Hindi\u00e9, M. Hatt. <strong>Do clinical, histological or immunohistochemical primary tumor characteristics translate into different 18FDG-PET\/CT image features in stage II-III breast cancer?<\/strong><em> Eur J Nucl Med Mol Imaging <\/em>2015<em>;<\/em>42(11):1682-91<\/p>\n<p>11. Majdoub M, Visvikis D, Tixier F, B. Hoeben, E. Visser, Cheze-LeRest C, Hatt M. <strong>Proliferative 18F-FLT PET tumorvolumes characterization for prediction of locoregional recurrenceand disease-free survival in head and neck cancer<\/strong>. <em>Society of nuclear medicine and molecular imaging annual meeting<\/em> 2013.<\/p>\n<p>12. M. Hatt, F. Tixier, L. Pierce, P.Kinahan, C. Cheze-Le Rest, D. Visvikis. <strong>Characterization of PET\/CT images using texture analysis: the past, the present\u2026 any future?<\/strong> <em> Eur J Nucl Med Mol Imaging <\/em> 2016 (in press)<\/p>","protected":false},"excerpt":{"rendered":"<p>Task 1: Data mining and information fusion for tumor response prediction\\\\ # Updated September 6th 2016 This task has started in November, 2012, with the\u2026<\/p>\n<p> <a class=\"continue-reading-link\" href=\"https:\/\/project.inria.fr\/predictive\/information-fusion\/\"><span>Continue reading<\/span><i class=\"crycon-right-dir\"><\/i><\/a> <\/p>\n","protected":false},"author":1611,"featured_media":0,"parent":0,"menu_order":0,"comment_status":"closed","ping_status":"closed","template":"","meta":{"footnotes":""},"class_list":["post-67","page","type-page","status-publish","hentry"],"_links":{"self":[{"href":"https:\/\/project.inria.fr\/predictive\/wp-json\/wp\/v2\/pages\/67","targetHints":{"allow":["GET"]}}],"collection":[{"href":"https:\/\/project.inria.fr\/predictive\/wp-json\/wp\/v2\/pages"}],"about":[{"href":"https:\/\/project.inria.fr\/predictive\/wp-json\/wp\/v2\/types\/page"}],"author":[{"embeddable":true,"href":"https:\/\/project.inria.fr\/predictive\/wp-json\/wp\/v2\/users\/1611"}],"replies":[{"embeddable":true,"href":"https:\/\/project.inria.fr\/predictive\/wp-json\/wp\/v2\/comments?post=67"}],"version-history":[{"count":2,"href":"https:\/\/project.inria.fr\/predictive\/wp-json\/wp\/v2\/pages\/67\/revisions"}],"predecessor-version":[{"id":106,"href":"https:\/\/project.inria.fr\/predictive\/wp-json\/wp\/v2\/pages\/67\/revisions\/106"}],"wp:attachment":[{"href":"https:\/\/project.inria.fr\/predictive\/wp-json\/wp\/v2\/media?parent=67"}],"curies":[{"name":"wp","href":"https:\/\/api.w.org\/{rel}","templated":true}]}}