

{"id":75,"date":"2021-11-02T16:57:45","date_gmt":"2021-11-02T15:57:45","guid":{"rendered":"https:\/\/project.inria.fr\/pricless\/?page_id=75"},"modified":"2023-09-24T00:26:07","modified_gmt":"2023-09-23T22:26:07","slug":"publications","status":"publish","type":"page","link":"https:\/\/project.inria.fr\/pricless\/publications\/","title":{"rendered":"Publications"},"content":{"rendered":"\n<div class=\"wp-block-columns is-layout-flex wp-container-core-columns-is-layout-9d6595d7 wp-block-columns-is-layout-flex\">\n<div class=\"wp-block-column is-layout-flow wp-block-column-is-layout-flow\" style=\"flex-basis:50%\">\n<p>Workshop on Blockchain and Privacy<\/p>\n<\/div>\n\n\n\n<div class=\"wp-block-column is-layout-flow wp-block-column-is-layout-flow\" style=\"flex-basis:50%\">\n<figure class=\"wp-block-image size-full is-resized\"><a href=\"https:\/\/project.inria.fr\/pricless\/files\/2023\/03\/affichecolloqueblockchain-1.png\"><img loading=\"lazy\" decoding=\"async\" src=\"https:\/\/project.inria.fr\/pricless\/files\/2023\/03\/affichecolloqueblockchain-1.png\" alt=\"\" class=\"wp-image-146\" width=\"111\" height=\"157\" srcset=\"https:\/\/project.inria.fr\/pricless\/files\/2023\/03\/affichecolloqueblockchain-1.png 636w, https:\/\/project.inria.fr\/pricless\/files\/2023\/03\/affichecolloqueblockchain-1-212x300.png 212w, https:\/\/project.inria.fr\/pricless\/files\/2023\/03\/affichecolloqueblockchain-1-106x150.png 106w\" sizes=\"auto, (max-width: 111px) 100vw, 111px\" \/><\/a><\/figure>\n<\/div>\n<\/div>\n\n\n<table>\n<tbody>\n<tr valign=\"top\">\n<td class=\"bibtexnumber\" align=\"right\">[<a name=\"albouy_et_al:LIPIcs.DISC.2022.4\"><\/a>1]<\/td>\n<td class=\"bibtexitem\">Timoth\u00e9 Albouy, Davide Frey, Michel Raynal, and Fran\u00e7ois Ta\u00efani. Good-Case Early-Stopping Latency of Synchronous Byzantine Reliable Broadcast: The Deterministic Case. In Christian Scheideler, editor, <em>DISC 2022<\/em>, volume 246 of <em> LIPIcs<\/em>, pages 4:1&#8211;4:22, 2022. [\u00a0<a href=\"sitebib_bib.html#albouy_et_al:LIPIcs.DISC.2022.4\">bib<\/a>\u00a0| <a href=\"http:\/\/dx.doi.org\/10.4230\/LIPIcs.DISC.2022.4\">DOI<\/a>\u00a0| <a href=\"https:\/\/drops.dagstuhl.de\/opus\/volltexte\/2022\/17195\">http<\/a>\u00a0]<\/td>\n<\/tr>\n<tr valign=\"top\">\n<td class=\"bibtexnumber\" align=\"right\">[<a name=\"albouy:hal-03906141\"><\/a>2]<\/td>\n<td class=\"bibtexitem\">Timoth\u00e9 Albouy, Davide Frey, Michel Raynal, and Fran\u00e7ois Ta\u00efani. A Modular Approach to Construct Signature-Free BRB Algorithms under a Message Adversary. In Eshcar Hillel and Roberto Palmieri, editors, <em>OPODIS 2022 &#8211; 26th Conference on Principles of Distributed Systems<\/em>, pages 1&#8211;44, Brussels, Belgium, December 2022. [\u00a0<a href=\"sitebib_bib.html#albouy:hal-03906141\">bib<\/a>\u00a0| <a href=\"https:\/\/hal.inria.fr\/hal-03906141\">http<\/a>\u00a0| <a href=\"https:\/\/hal.inria.fr\/hal-03906141\/file\/main.pdf\">.pdf<\/a>\u00a0]<\/td>\n<\/tr>\n<tr valign=\"top\">\n<td class=\"bibtexnumber\" align=\"right\">[<a name=\"allowdenylist\"><\/a>3]<\/td>\n<td class=\"bibtexitem\">Davide Frey, Mathieu Gestin, and Michel Raynal. The synchronization power (consensus number) of access-control objects: The case of allowlist and denylist. In <em>DISC 2023<\/em>, 10 2023. [\u00a0<a href=\"sitebib_bib.html#allowdenylist\">bib<\/a>\u00a0]<\/td>\n<\/tr>\n<tr valign=\"top\">\n<td class=\"bibtexnumber\" align=\"right\">[<a name=\"dlt-challenges\"><\/a>4]<\/td>\n<td class=\"bibtexitem\">Danaja\u00a0Fab\u010di\u010d Pov\u0161e, Alfredo Favenza, Davide Frey, Zolt\u00e1n \u00c1d\u00e1m Mann, Angel Palomares, Lorenzo Piatti, and Jessica Schroers. <em>Building Cybersecurity Applications with Blockchain Technology and Smart Contracts<\/em>, chapter Data Protection Challenges in Distributed Ledger and Blockchain Technologies: A Combined Legal and Technical Analysis. Springer, 2023. [\u00a0<a href=\"sitebib_bib.html#dlt-challenges\">bib<\/a>\u00a0]<\/td>\n<\/tr>\n<tr valign=\"top\">\n<td class=\"bibtexnumber\" align=\"right\">[<a name=\"dlt-solutions\"><\/a>5]<\/td>\n<td class=\"bibtexitem\">Danaja\u00a0Fab\u010di\u010d Pov\u0161e, Alfredo Favenza, Davide Frey, Zolt\u00e1n \u00c1d\u00e1m Mann, Angel Palomares, Lorenzo Piatti, and Jessica Schroers. <em>Building Cybersecurity Applications with Blockchain Technology and Smart Contracts<\/em>, chapter Solutions to Data Protection Challenges in Distributed Ledger and Blockchain Technologies: A Combined Legal and Technical Approach. Springer, 2023. [\u00a0<a href=\"sitebib_bib.html#dlt-solutions\">bib<\/a>\u00a0]<\/td>\n<\/tr>\n<tr valign=\"top\">\n<td class=\"bibtexnumber\" align=\"right\">[<a name=\"mutualbcast\"><\/a>6]<\/td>\n<td class=\"bibtexitem\">Mathilde D\u00e9pr\u00e9s, Achour Mostefaoui, Matthieu Perrin, and Michel Raynal. Send\/receive patterns versus read\/write patterns in crash-prone asynchronous distributed systems. In <em>Distributed Computing: 37th International Symposium on Distributed Computing, DISC 2023, L&#8217;Aquila, Italy, October 9-13, 2023<\/em>, 2023. [\u00a0<a href=\"sitebib_bib.html#mutualbcast\">bib<\/a>\u00a0]<\/td>\n<\/tr>\n<tr valign=\"top\">\n<td class=\"bibtexnumber\" align=\"right\">[<a name=\"mutualbcastlong\"><\/a>7]<\/td>\n<td class=\"bibtexitem\">Mathilde D\u00e9pr\u00e9s, Achour Mostefaoui, Matthieu Perrin, and Michel Raynal. Send\/Receive Patterns versus Read\/Write Patterns: the MB-Broadcast Abstraction (Extended Version). Technical report, 5 2023. working paper or preprint. [\u00a0<a href=\"sitebib_bib.html#mutualbcastlong\">bib<\/a>\u00a0| <a href=\"https:\/\/hal.science\/hal-04087447\">http<\/a>\u00a0| <a href=\"https:\/\/hal.science\/hal-04087447\/file\/MBroadcast_extended.pdf\">.pdf<\/a>\u00a0]<\/td>\n<\/tr>\n<tr valign=\"top\">\n<td class=\"bibtexnumber\" align=\"right\">[<a name=\"causalmutualbcast\"><\/a>8]<\/td>\n<td class=\"bibtexitem\">Mathieu F\u00e9ry, Vincent Kowalski, Florian Monsion, Achour Mostefaoui, Samuel P\u00e9nault, Matthieu Perrin, and Guillaume Poignant. Causal Mutual Byzantine Broadcast. Technical report, 9 2023. working paper or preprint. [\u00a0<a href=\"sitebib_bib.html#causalmutualbcast\">bib<\/a>\u00a0| <a href=\"https:\/\/hal.science\/hal-04211703\">http<\/a>\u00a0| <a href=\"https:\/\/hal.science\/hal-04211703\/file\/main.pdf\">.pdf<\/a>\u00a0]<\/td>\n<\/tr>\n<tr valign=\"top\">\n<td class=\"bibtexnumber\" align=\"right\">[<a name=\"privacyregister\"><\/a>9]<\/td>\n<td class=\"bibtexitem\">Quentin Gomes\u00a0dos Reis, Vincent Kowalski, Rodrigue Meunier, Matthieu Perrin, and Gabriel Pouplin. Registre atomique pr\u00e9servant la vie priv\u00e9e tol\u00e9rant aux byzantins. 9 2023. working paper or preprint. [\u00a0<a href=\"sitebib_bib.html#privacyregister\">bib<\/a>\u00a0| <a href=\"https:\/\/hal.science\/hal-04211679\">http<\/a>\u00a0| <a href=\"https:\/\/hal.science\/hal-04211679\/file\/main_fr.pdf\">.pdf<\/a>\u00a0]<\/td>\n<\/tr>\n<tr valign=\"top\">\n<td class=\"bibtexnumber\" align=\"right\">[<a name=\"registers\"><\/a>10]<\/td>\n<td class=\"bibtexitem\">Vincent Kowalski, Achour Most\u00e9faoui, and Matthieu Perrin. Atomic Register Abstractions for Byzantine-Prone Distributed Systems, Extended Version. Technical report, 9 2023. working paper or preprint. [\u00a0<a href=\"sitebib_bib.html#registers\">bib<\/a>\u00a0| <a href=\"https:\/\/hal.science\/hal-04213718\">http<\/a>\u00a0| <a href=\"https:\/\/hal.science\/hal-04213718\/file\/Atomic_Register_Abstractions_for_Byzantine_Prone_Distributed_Systems_Extended_Version.pdf\">.pdf<\/a>\u00a0]<\/td>\n<\/tr>\n<tr valign=\"top\">\n<td class=\"bibtexnumber\" align=\"right\">[<a name=\"splitchain\"><\/a>11]<\/td>\n<td class=\"bibtexitem\">Emmanuelle Anceaume, Davide Frey, and Arthur Rauch. Sharding in permissionless systems in presence of an adaptive adversary. Technical report, 9 2023. submitted for publication. [\u00a0<a href=\"sitebib_bib.html#splitchain\">bib<\/a>\u00a0]<\/td>\n<\/tr>\n<tr valign=\"top\">\n<td class=\"bibtexnumber\" align=\"right\">[<a name=\"sandrine\"><\/a>12]<\/td>\n<td class=\"bibtexitem\">Sandrine Turgis. Blockchain, as a technological tool with strong ambivalences for fundamental rights and especially data protection. talk, 5 2023. Berkman-Klein Center for Internet and Society, Harvard University (USA). [\u00a0<a href=\"sitebib_bib.html#sandrine\">bib<\/a>\u00a0]<\/td>\n<\/tr>\n<\/tbody>\n<\/table>","protected":false},"excerpt":{"rendered":"<p>Workshop on Blockchain and Privacy [1] Timoth\u00e9 Albouy, Davide Frey, Michel Raynal, and Fran\u00e7ois Ta\u00efani. Good-Case Early-Stopping Latency of Synchronous Byzantine Reliable Broadcast: The Deterministic\u2026<\/p>\n<p> <a class=\"continue-reading-link\" href=\"https:\/\/project.inria.fr\/pricless\/publications\/\"><span>Continue reading<\/span><i class=\"crycon-right-dir\"><\/i><\/a> <\/p>\n","protected":false},"author":1317,"featured_media":0,"parent":0,"menu_order":0,"comment_status":"closed","ping_status":"closed","template":"","meta":{"footnotes":""},"class_list":["post-75","page","type-page","status-publish","hentry"],"_links":{"self":[{"href":"https:\/\/project.inria.fr\/pricless\/wp-json\/wp\/v2\/pages\/75","targetHints":{"allow":["GET"]}}],"collection":[{"href":"https:\/\/project.inria.fr\/pricless\/wp-json\/wp\/v2\/pages"}],"about":[{"href":"https:\/\/project.inria.fr\/pricless\/wp-json\/wp\/v2\/types\/page"}],"author":[{"embeddable":true,"href":"https:\/\/project.inria.fr\/pricless\/wp-json\/wp\/v2\/users\/1317"}],"replies":[{"embeddable":true,"href":"https:\/\/project.inria.fr\/pricless\/wp-json\/wp\/v2\/comments?post=75"}],"version-history":[{"count":4,"href":"https:\/\/project.inria.fr\/pricless\/wp-json\/wp\/v2\/pages\/75\/revisions"}],"predecessor-version":[{"id":168,"href":"https:\/\/project.inria.fr\/pricless\/wp-json\/wp\/v2\/pages\/75\/revisions\/168"}],"wp:attachment":[{"href":"https:\/\/project.inria.fr\/pricless\/wp-json\/wp\/v2\/media?parent=75"}],"curies":[{"name":"wp","href":"https:\/\/api.w.org\/{rel}","templated":true}]}}