

{"id":63,"date":"2019-06-20T11:37:54","date_gmt":"2019-06-20T09:37:54","guid":{"rendered":"https:\/\/project.inria.fr\/profilec\/?page_id=63"},"modified":"2019-10-30T17:16:47","modified_gmt":"2019-10-30T16:16:47","slug":"presentation","status":"publish","type":"page","link":"https:\/\/project.inria.fr\/profilec\/","title":{"rendered":"Presentation"},"content":{"rendered":"<p><\/p>\n<div id=\"aui_3_4_0_1_314\" class=\"journal-content-article\">\n<h3 id=\"aui_3_4_0_1_963\"><span id=\"aui_3_4_0_1_983\">New site available <a id=\"aui_3_4_0_1_982\" href=\"https:\/\/profile.diverse-team.fr\/\">here<\/a><\/span><\/h3>\n<h5 id=\"aui_3_4_0_1_313\"><strong id=\"aui_3_4_0_1_312\"><span id=\"aui_3_4_0_1_311\"><strong id=\"aui_3_4_0_1_310\">Analyzing and mitigating the risks of online profiling: building a global perspective at the intersection of law, computer science and sociology<\/strong><\/span><\/strong><\/h5>\n<p id=\"aui_3_4_0_1_334\"><strong>The practice of online profiling, which can be defined as the tracking and collection of user information on computer networks, has grown massively during the last decade, and is now affecting the vast majority of citizens. Despite its importance and impact, profiling remains largely unregulated, with no legal provisions determining its lawful use and limits under either the French or European law. This has encouraged\u00a0 market players to exploit a wide range of tracking technologies to collect user information, including personal data.<br \/>\nConsequently, most online companies are now routinely violating the fundamental rights of their users, especially with respect to their privacy, with little or no oversight.<br \/>\nThe PROFILE project brings together experts from law, computer science and sociology to address the challenges raised by online profiling, following a multidisciplinary approach. <\/strong><\/p>\n<p><strong>Participants:<\/strong> ASAP team (INRIA), DiverSE team (INRIA), DRUID team (IRISA), IODE<br \/>\n(Universit\u00e9 de Rennes 1), PREFics (Universit\u00e9 de Rennes 2).<br \/>\nExternal collaborator: S\u00e9bastien Gambs (Universit\u00e9 du Qu\u00e9bec \u00e0 Montr\u00e9al, Canada).<\/p>\n<\/div>\n<p><\/p>","protected":false},"excerpt":{"rendered":"<p>New site available here Analyzing and mitigating the risks of online profiling: building a global perspective at the intersection of law, computer science and sociology The practice of online profiling, which can be defined as the tracking and collection of user information on computer networks, has grown massively during the\u2026<\/p>\n<p> <a class=\"continue-reading-link\" href=\"https:\/\/project.inria.fr\/profilec\/\"><span>Continue reading<\/span><i class=\"crycon-right-dir\"><\/i><\/a> <\/p>\n","protected":false},"author":1611,"featured_media":0,"parent":0,"menu_order":0,"comment_status":"closed","ping_status":"closed","template":"","meta":{"footnotes":""},"class_list":["post-63","page","type-page","status-publish","hentry"],"_links":{"self":[{"href":"https:\/\/project.inria.fr\/profilec\/wp-json\/wp\/v2\/pages\/63","targetHints":{"allow":["GET"]}}],"collection":[{"href":"https:\/\/project.inria.fr\/profilec\/wp-json\/wp\/v2\/pages"}],"about":[{"href":"https:\/\/project.inria.fr\/profilec\/wp-json\/wp\/v2\/types\/page"}],"author":[{"embeddable":true,"href":"https:\/\/project.inria.fr\/profilec\/wp-json\/wp\/v2\/users\/1611"}],"replies":[{"embeddable":true,"href":"https:\/\/project.inria.fr\/profilec\/wp-json\/wp\/v2\/comments?post=63"}],"version-history":[{"count":3,"href":"https:\/\/project.inria.fr\/profilec\/wp-json\/wp\/v2\/pages\/63\/revisions"}],"predecessor-version":[{"id":83,"href":"https:\/\/project.inria.fr\/profilec\/wp-json\/wp\/v2\/pages\/63\/revisions\/83"}],"wp:attachment":[{"href":"https:\/\/project.inria.fr\/profilec\/wp-json\/wp\/v2\/media?parent=63"}],"curies":[{"name":"wp","href":"https:\/\/api.w.org\/{rel}","templated":true}]}}