

{"id":65,"date":"2019-06-20T11:37:54","date_gmt":"2019-06-20T09:37:54","guid":{"rendered":"https:\/\/project.inria.fr\/profilec\/?page_id=65"},"modified":"2019-10-30T17:17:42","modified_gmt":"2019-10-30T16:17:42","slug":"publications","status":"publish","type":"page","link":"https:\/\/project.inria.fr\/profilec\/publications\/","title":{"rendered":"Publications"},"content":{"rendered":"<p><\/p>\n<ul>\n<li><label> A. Bensamoun, B. Bertrand (dir.): <\/label> <strong>Le RGPD : aspects institutionnels et mat\u00e9riels<\/strong> <label> : 2018 <\/label><\/li>\n<li><label> M. Del Sol: <\/label> <strong>Les enjeux juridiques et \u00e9thiques des objets connect\u00e9s en mati\u00e8re d\u2019assurance sant\u00e9<\/strong> <label> Universit\u00e9 d\u2019\u00e9t\u00e9 pluridisciplinaire et internationale \u00ab Travail et innovations technologiques \u00bb <\/label> <label> : 2018 <\/label><\/li>\n<li><label> M. Del Sol: <\/label> <strong>Enjeux juridiques des objets connect\u00e9s en mati\u00e8re d\u2019assurance sant\u00e9. R\u00e9flexions \u00e0 partir et au-del\u00e0 du cadre fran\u00e7ais.<\/strong> <label> 23\u00e8me colloque de l\u2019Association Information &amp; Management (Montr\u00e9al, Canada, mai 2018) <\/label> <label> : 2018 <\/label><\/li>\n<li><label> A. Bensamoun et M. Boizard: <\/label> <strong>Valeur et Valorisation des donn\u00e9es et des contenus dans l&#8217;environnement num\u00e9rique (Univ. Laval &#8211; Qu\u00e9bec, mars 2018)<\/strong> <label> Univ. Laval &#8211; Qu\u00e9bec <\/label> <label> : 2018 <\/label><\/li>\n<li><label> P.Laperdrix, Benoit Baudry: <\/label> <strong>&#8220;Beauty and the Beast: Diverting modern web browsers to build unique browser fingerprints&#8221; pr\u00e9sent\u00e9 au Symposium on Security and Privacy 2016<\/strong> <label> Prix CNIL-INRIA 2018 &#8220;Protection de la vie Priv\u00e9e&#8221; <\/label> <label> : 2018 <\/label><\/li>\n<li><label> Pierre Laperdrix: <\/label> <strong>&#8220;Browser Fingerprinting Exploring Device Diversity to Augment Authentication and Build Client-Side countermeasures&#8221;<\/strong> <label> Accessit au prix de th\u00e8se Gilles Kahn 2018 pour la th\u00e8se de Pierre Laperdrix <\/label> <label> : 2018 <\/label><\/li>\n<li><label> T. Allard: <\/label> <strong>Towards Using Differential Privacy as a Building Block for Privacy-Preserving Algorithms.<\/strong> <label> In Shonan Meeting n\u00b0116 : Anonymization methods and inference attacks: theory and practice. Shonan Center, Japan <\/label> <label> : 2018 <\/label><\/li>\n<li><label> H\u00e9mont Florian: <\/label> <strong>En finir avec le privacy paradox. Les donn\u00e9es sont-elles vraiment donn\u00e9es ?<\/strong> <label> Invited Talk <\/label> <label> : 2018 <\/label><\/li>\n<li><label> Julien Rossi et Florian H\u00e9mont: <\/label> <strong>Le profilage et la collecte des donn\u00e9es personnelles<\/strong> <label> Invited Talk <\/label> <label> : 2018 <\/label><\/li>\n<li id=\"aui_3_4_0_1_331\"><label> A. Boutet, F. De Moor, D. Frey, R. Guerraoui, A. Kermarrec and A. Rault: <\/label> <strong>&#8220;Collaborative Filtering Under a Sybil Attack: Similarity Metrics do Matter!,&#8221;<\/strong> <label> 48th Annual IEEE\/IFIP International Conference on Dependable Systems and Networks (DSN) <\/label> <label> : 2018 <\/label><\/li>\n<li id=\"aui_3_4_0_1_314\"><label id=\"aui_3_4_0_1_313\"> Alejandro G\u00f3mez-Boix, Pierre Laperdrix, Benoit Baudry: <\/label> <a href=\"https:\/\/hal.inria.fr\/hal-01718234v1\"> Hiding in the Crowd: an Analysis of the Effectiveness of Browser Fingerprinting at Large Scale <\/a> <label> WWW 2018: The 2018 Web Conference <\/label> <label> : 2018 <\/label><\/li>\n<li><label> A. Boutet, F. De Moor, D. Frey, R. Guerraoui, A. Kermarrec, A. Rault: <\/label> <strong>Collaborative Filtering Under a Sybil Attack: Similarity Metrics do Matter!<\/strong> <label> Dependable Systems and Networks (DSN) <\/label> <label> : 2018 <\/label><\/li>\n<li><label> Maryline Boizard: <\/label> <a href=\"https:\/\/www.wisg.fr\/download\/Vendredi%2015-2017\/Maryline%20Boizard.pdf\"> Protection des algorithmes et s\u00e9curit\u00e9 juridique des personnes <\/a> <label> Workshop international sur la s\u00e9curit\u00e9 globale <\/label> <label> : 2017 <\/label><\/li>\n<li><label> Laurent Rousvoal: <\/label> <a href=\"https:\/\/droit.univ-rennes1.fr\/agenda\/les-donnees-numeriques-des-migrants-et-des-refugies\"> Les donn\u00e9es num\u00e9riques r\u00e9colt\u00e9es et leur utilisation : le partage avec les \u00ab services r\u00e9pressifs <\/a> <label> Journ\u00e9e d\u2019\u00e9tude Les donn\u00e9es num\u00e9riques des migrants et des r\u00e9fugi\u00e9s <\/label> <label> : 2017 <\/label><\/li>\n<li><label> Marion Del Sol, Margaux Redon: <\/label> <a href=\"https:\/\/www.b2match.eu\/system\/ecw2017\/files\/leafletA5_120ex_ECW17num-ilovepdf-compressed.pdf?1511537281\"> M-health: the legal issues of connected objects <\/a> <label> CYBER SECURITY AND HEALTHCARE <\/label> <label> : 2017 <\/label><\/li>\n<li><label> Maryline Boizard: <\/label> <a href=\"https:\/\/www.mshb.fr\/agenda_mshb\/les-discriminations-a-l-ere-de-la-societe-numerique\/3699\/\"> Les garanties juridiques du r\u00e8glement europ\u00e9en sur la protection des donn\u00e9es personnelles contre les pratiques discriminatoires des algorithmes et des plateformes num\u00e9riques <\/a> <label> Journ\u00e9e d\u2019\u00e9tude : Les discriminations \u00e0 l&#8217;\u00e8re de la soci\u00e9t\u00e9 num\u00e9rique <\/label> <label> : 2017 <\/label><\/li>\n<li><label> Maryline Boizard: <\/label> <a href=\"https:\/\/droit.univ-rennes1.fr\/agenda\/les-donnees-numeriques-des-migrants-et-des-refugies\"> La protection des droits fondamentaux des migrants et des r\u00e9fugi\u00e9s : dur\u00e9e de conservation des donn\u00e9es collect\u00e9es aux fronti\u00e8res <\/a> <label> Journ\u00e9e d\u2019\u00e9tude Les donn\u00e9es num\u00e9riques des migrants et des r\u00e9fugi\u00e9s <\/label> <label> : 2017 <\/label><\/li>\n<li><label> Pierre Laperdrix, Benoit Baudry, Vikas Mishra: <\/label> <a href=\"https:\/\/hal.inria.fr\/hal-01527580v1\"> FPRandom: Randomizing core browser objects to break advanced device fingerprinting techniques <\/a> <label> ESSoS 2017 &#8211; 9th International Symposium on Engineering Secure Software and Systems <\/label> <label> : 2017 <\/label><\/li>\n<li><label> Alejandro G\u00f3mez-Boix, Pierre Laperdrix, Benoit Baudry: <\/label> <a href=\"https:\/\/hal.inria.fr\/hal-01611101v1\"> Fingerprinting mobile devices: A short analysis <\/a> <label> CIEL 2017 &#8211; 6\u00e8me Conf\u00e9rence en Ing\u00e9nieriE du Logiciel <\/label> <label> : 2017 <\/label><\/li>\n<li><label> Nicolas Harrand and Benoit Baudry: <\/label> <a href=\"http:\/\/www.obfuscationworkshop.io\/report\/software-diversification-as-an-obfuscation-technique\/\"> Software Diversification as an Obfuscation TechniqueSoftware Diversification as an Obfuscation Technique <\/a> <label> International Workshop on obfuscation <\/label> <label> : 2017 <\/label><\/li>\n<li><label> Benoit Baudry: <\/label> <a href=\"http:\/\/drops.dagstuhl.de\/opus\/volltexte\/2017\/7548\/pdf\/dagrep_v007_i004_p083_17162.pdf\"> How can we reconcile diversity and privacy? <\/a> <label> Dagstuhl seminar on Online Privacy and Web Transparency <\/label> <label> : 2017 <\/label><\/li>\n<li><label> Tristan Allard, Davide Frey, George Giakkoupis, Julien Lepiller: <\/label> <a href=\"https:\/\/hal.inria.fr\/hal-01421986\"> Lightweight Privacy-Preserving Averaging for the Internet of Things <\/a> <label> : 2016 <\/label><\/li>\n<\/ul>\n<p>&nbsp;<\/p>\n<p>&nbsp;<\/p>","protected":false},"excerpt":{"rendered":"<p>A. Bensamoun, B. Bertrand (dir.): Le RGPD : aspects institutionnels et mat\u00e9riels : 2018 M. Del Sol: Les enjeux juridiques et \u00e9thiques des objets connect\u00e9s en mati\u00e8re d\u2019assurance sant\u00e9 Universit\u00e9 d\u2019\u00e9t\u00e9 pluridisciplinaire et internationale \u00ab Travail et innovations technologiques \u00bb : 2018 M. Del Sol: Enjeux juridiques des objets connect\u00e9s\u2026<\/p>\n<p> <a class=\"continue-reading-link\" href=\"https:\/\/project.inria.fr\/profilec\/publications\/\"><span>Continue reading<\/span><i class=\"crycon-right-dir\"><\/i><\/a> <\/p>\n","protected":false},"author":1611,"featured_media":0,"parent":0,"menu_order":0,"comment_status":"closed","ping_status":"closed","template":"","meta":{"footnotes":""},"class_list":["post-65","page","type-page","status-publish","hentry"],"_links":{"self":[{"href":"https:\/\/project.inria.fr\/profilec\/wp-json\/wp\/v2\/pages\/65","targetHints":{"allow":["GET"]}}],"collection":[{"href":"https:\/\/project.inria.fr\/profilec\/wp-json\/wp\/v2\/pages"}],"about":[{"href":"https:\/\/project.inria.fr\/profilec\/wp-json\/wp\/v2\/types\/page"}],"author":[{"embeddable":true,"href":"https:\/\/project.inria.fr\/profilec\/wp-json\/wp\/v2\/users\/1611"}],"replies":[{"embeddable":true,"href":"https:\/\/project.inria.fr\/profilec\/wp-json\/wp\/v2\/comments?post=65"}],"version-history":[{"count":3,"href":"https:\/\/project.inria.fr\/profilec\/wp-json\/wp\/v2\/pages\/65\/revisions"}],"predecessor-version":[{"id":84,"href":"https:\/\/project.inria.fr\/profilec\/wp-json\/wp\/v2\/pages\/65\/revisions\/84"}],"wp:attachment":[{"href":"https:\/\/project.inria.fr\/profilec\/wp-json\/wp\/v2\/media?parent=65"}],"curies":[{"name":"wp","href":"https:\/\/api.w.org\/{rel}","templated":true}]}}