

{"id":67,"date":"2019-06-20T11:37:54","date_gmt":"2019-06-20T09:37:54","guid":{"rendered":"https:\/\/project.inria.fr\/profilec\/?page_id=67"},"modified":"2019-06-20T11:38:59","modified_gmt":"2019-06-20T09:38:59","slug":"events","status":"publish","type":"page","link":"https:\/\/project.inria.fr\/profilec\/events\/","title":{"rendered":"Events"},"content":{"rendered":"<p><\/p>\n<div id=\"aui_3_4_0_1_317\" class=\"journal-content-article\">\n<p id=\"aui_3_4_0_1_316\" align=\"center\"><strong id=\"aui_3_4_0_1_315\">JOURNEE D\u2019ETUDE <em>PROFILE &#8211; <\/em>18 d\u00e9cembre 2017 &#8211; INRIA<\/strong><\/p>\n<p><strong><em>9 h 00 accueil<\/em><\/strong><\/p>\n<p align=\"center\"><strong><em>Approche informatique<\/em><\/strong><\/p>\n<p><em>FingerPrint, Browser Fingerprinting: Exploring Device Diversity to Augment Authentication and Build Client-Side Countermeasures<\/em><\/p>\n<p><strong>Pierre LAPERDRIX<\/strong>, docteur en informatique, IRISA<\/p>\n<p><em>Etude d&#8217;un ensemble de fingerprints r\u00e9colt\u00e9 aupr\u00e8s d&#8217;un partenaire commercial<\/em><\/p>\n<p><strong>Alejandro <span class=\"st\">G\u00f3mez-Boix<\/span><\/strong>, doctorant, IRISA<\/p>\n<p><em>Analyse distribu\u00e9e + donn\u00e9es type capteurs + privacy <\/em><\/p>\n<p><strong>Tristan Allard<\/strong>, MCF, IRISA<\/p>\n<p><em>Bases de donn\u00e9es: tatouage et vie priv\u00e9e<\/em><\/p>\n<p><strong>Julien Lolive<\/strong>, Post-doctorant, INRIA<\/p>\n<p align=\"center\"><strong><em>Approche sociologique<\/em><\/strong><\/p>\n<p><em>Mise en place des outils n\u00e9cessaires \u00e0 l\u2019enqu\u00eate, application de g\u00e9olocalisation<\/em><\/p>\n<p><strong>Florian HEMONT<\/strong>, MCF PREFICS et <strong>Marine GOUT<\/strong>, post-doctorante PREFICS<\/p>\n<p align=\"center\"><strong>&#8211; D\u00e9jeuner &#8211;<\/strong><\/p>\n<p align=\"center\"><strong><em>Approche juridique<\/em><\/strong><\/p>\n<p><em>M-sant\u00e9 : les enjeux juridiques des objets connect\u00e9s<\/em><\/p>\n<p><strong>Marion DEL SOL<\/strong>, PR, IODE et <strong>Margaux REDON<\/strong>, Doctorante, IODE<\/p>\n<p><em>Les garanties juridiques du RGPD contre les pratiques algorithmiques discriminatoires<\/em><\/p>\n<p><strong>Maryline BOIZARD<\/strong>, MCF, IODE<\/p>\n<\/div>\n<div class=\"lfr-meta-actions icons-container\"><\/div>\n<p><\/p>","protected":false},"excerpt":{"rendered":"<p>JOURNEE D\u2019ETUDE PROFILE &#8211; 18 d\u00e9cembre 2017 &#8211; INRIA 9 h 00 accueil Approche informatique FingerPrint, Browser Fingerprinting: Exploring Device Diversity to Augment Authentication and Build Client-Side Countermeasures Pierre LAPERDRIX, docteur en informatique, IRISA Etude d&#8217;un ensemble de fingerprints r\u00e9colt\u00e9 aupr\u00e8s d&#8217;un partenaire commercial Alejandro G\u00f3mez-Boix, doctorant, IRISA Analyse distribu\u00e9e\u2026<\/p>\n<p> <a class=\"continue-reading-link\" href=\"https:\/\/project.inria.fr\/profilec\/events\/\"><span>Continue reading<\/span><i class=\"crycon-right-dir\"><\/i><\/a> <\/p>\n","protected":false},"author":1611,"featured_media":0,"parent":0,"menu_order":0,"comment_status":"closed","ping_status":"closed","template":"","meta":{"footnotes":""},"class_list":["post-67","page","type-page","status-publish","hentry"],"_links":{"self":[{"href":"https:\/\/project.inria.fr\/profilec\/wp-json\/wp\/v2\/pages\/67","targetHints":{"allow":["GET"]}}],"collection":[{"href":"https:\/\/project.inria.fr\/profilec\/wp-json\/wp\/v2\/pages"}],"about":[{"href":"https:\/\/project.inria.fr\/profilec\/wp-json\/wp\/v2\/types\/page"}],"author":[{"embeddable":true,"href":"https:\/\/project.inria.fr\/profilec\/wp-json\/wp\/v2\/users\/1611"}],"replies":[{"embeddable":true,"href":"https:\/\/project.inria.fr\/profilec\/wp-json\/wp\/v2\/comments?post=67"}],"version-history":[{"count":2,"href":"https:\/\/project.inria.fr\/profilec\/wp-json\/wp\/v2\/pages\/67\/revisions"}],"predecessor-version":[{"id":81,"href":"https:\/\/project.inria.fr\/profilec\/wp-json\/wp\/v2\/pages\/67\/revisions\/81"}],"wp:attachment":[{"href":"https:\/\/project.inria.fr\/profilec\/wp-json\/wp\/v2\/media?parent=67"}],"curies":[{"name":"wp","href":"https:\/\/api.w.org\/{rel}","templated":true}]}}