

{"id":73,"date":"2021-11-30T06:35:56","date_gmt":"2021-11-30T05:35:56","guid":{"rendered":"https:\/\/project.inria.fr\/protemics\/?page_id=73"},"modified":"2021-11-30T09:06:37","modified_gmt":"2021-11-30T08:06:37","slug":"project-partners","status":"publish","type":"page","link":"https:\/\/project.inria.fr\/protemics\/project-partners\/","title":{"rendered":"Participants"},"content":{"rendered":"<div style=\"width: 70%; padding: 0 10px 0 0; float: left;\">\n<p style=\"text-align: center;\"><strong>Inria<\/strong><\/p>\n<p><a href=\"http:\/\/fabien.info\" target=\"_blank\" rel=\"noopener\">Fabien Gandon<\/a>, Head Wimmics Lab (Inria, UCA, CNRS, I3S)<br \/>\n<a href=\"http:\/\/www.i3s.unice.fr\/~faron\/\" target=\"_blank\" rel=\"noopener\">Catherine FARON<\/a>, MdC (UCA)<br \/>\n<a href=\"http:\/\/www-sop.inria.fr\/members\/Olivier.Corby\/\" target=\"_blank\" rel=\"noopener\">Olivier Corby<\/a>, CRHC<br \/>\n<a href=\"\" target=\"_blank\" rel=\"noopener\">Iliana Petrova<\/a>, Postdoctoral Researcher<\/p>\n<p>&nbsp;<\/p>\n<p style=\"text-align: center;\"><strong>Stanford University<\/strong><\/p>\n<p><a href=\"https:\/\/profiles.stanford.edu\/mark-musen\" target=\"_blank\" rel=\"noopener\">Mark Musen<\/a>, Professor, Head of Prot\u00e9g\u00e9 Team<br \/>\n<a target=\"_blank\" rel=\"noopener\">Matthew Horridge<\/a>, Senior Software Developer<\/p>\n<p>&nbsp;<\/p>\n<p style=\"text-align: center;\"><strong>Harvard University<\/strong><\/p>\n<p><a href=\"https:\/\/rsgoncalves.com\" target=\"_blank\" rel=\"noopener\">Rafael Gon\u00e7alves<\/a>, Senior Research Associate, Harvard Medical School<\/p>\n<p>&nbsp;<\/p>\n<p style=\"text-align: center;\"><strong>Berkeley University<\/strong><\/p>\n<p><a href=\"https:\/\/biosciences.lbl.gov\/profiles\/chris-mungall\/\" target=\"_blank\" rel=\"noopener\">Chris Mungall<\/a>, Staff Scientist, Molecular Ecosystems Biology Department, Environmental Genomics and Systems Biology Division, LBNL<\/p>\n<\/div>\n<div style=\"width: 20%; padding: 0 10px 0 0; float: right;\">\n<p style=\"text-align: center;\"><a href=\"https:\/\/team.inria.fr\/wimmics\/\"><img loading=\"lazy\" decoding=\"async\" class=\"wp-image-100 aligncenter\" src=\"https:\/\/project.inria.fr\/protemics\/files\/2021\/11\/inria-300x110.png\" alt=\"\" width=\"127\" height=\"46\" srcset=\"https:\/\/project.inria.fr\/protemics\/files\/2021\/11\/inria-300x110.png 300w, https:\/\/project.inria.fr\/protemics\/files\/2021\/11\/inria-150x55.png 150w, https:\/\/project.inria.fr\/protemics\/files\/2021\/11\/inria.png 652w\" sizes=\"auto, (max-width: 127px) 100vw, 127px\" \/><\/a><\/p>\n<p>&nbsp;<\/p>\n<\/div>\n<p>&nbsp;<\/p>\n<p>&nbsp;<\/p>\n<p>&nbsp;<\/p>\n<p>&nbsp;<\/p>\n<div style=\"width: 20%; padding: 0 10px 0 0; float: right;\">\n<p>&nbsp;<\/p>\n<p style=\"text-align: center;\"><a href=\"https:\/\/protege.stanford.edu\/about.php\"><img loading=\"lazy\" decoding=\"async\" class=\"wp-image-98 aligncenter\" src=\"https:\/\/project.inria.fr\/protemics\/files\/2021\/11\/protege-logo.png\" alt=\"\" width=\"155\" height=\"48\" \/><\/a><\/p>\n<\/div>\n<p>&nbsp;<\/p>\n<p>&nbsp;<\/p>\n<p>&nbsp;<\/p>\n<p>&nbsp;<\/p>\n<p>&nbsp;<\/p>\n<div style=\"width: 20%; padding: 0 10px 0 0; float: right;\">\n<p style=\"text-align: center;\"><img loading=\"lazy\" decoding=\"async\" class=\"wp-image-97 aligncenter\" src=\"https:\/\/project.inria.fr\/protemics\/files\/2021\/11\/logo_harvard-HMX-300x44.png\" alt=\"\" width=\"286\" height=\"42\" srcset=\"https:\/\/project.inria.fr\/protemics\/files\/2021\/11\/logo_harvard-HMX-300x44.png 300w, https:\/\/project.inria.fr\/protemics\/files\/2021\/11\/logo_harvard-HMX-150x22.png 150w, https:\/\/project.inria.fr\/protemics\/files\/2021\/11\/logo_harvard-HMX.png 373w\" sizes=\"auto, (max-width: 286px) 100vw, 286px\" \/><\/p>\n<\/div>\n<div style=\"width: 20%; padding: 0 10px 0 0; float: right;\">\n<p>&nbsp;<\/p>\n<p>&nbsp;<\/p>\n<p style=\"text-align: center;\"><img loading=\"lazy\" decoding=\"async\" class=\"wp-image-94 aligncenter\" src=\"https:\/\/project.inria.fr\/protemics\/files\/2021\/11\/biosci-logo-ext-360x1621-300x135.png\" alt=\"\" width=\"116\" height=\"52\" srcset=\"https:\/\/project.inria.fr\/protemics\/files\/2021\/11\/biosci-logo-ext-360x1621-300x135.png 300w, https:\/\/project.inria.fr\/protemics\/files\/2021\/11\/biosci-logo-ext-360x1621-150x68.png 150w, https:\/\/project.inria.fr\/protemics\/files\/2021\/11\/biosci-logo-ext-360x1621.png 360w\" sizes=\"auto, (max-width: 116px) 100vw, 116px\" \/><\/p>\n<\/div>\n<div style=\"clear: both;\"><\/div>\n<div><\/div>\n","protected":false},"excerpt":{"rendered":"<p>Inria Fabien Gandon, Head Wimmics Lab (Inria, UCA, CNRS, I3S) Catherine FARON, MdC (UCA) Olivier Corby, CRHC Iliana Petrova, Postdoctoral Researcher &nbsp; Stanford University Mark Musen, Professor, Head of Prot\u00e9g\u00e9 Team Matthew Horridge, Senior Software Developer &nbsp; Harvard University Rafael Gon\u00e7alves, Senior Research Associate, Harvard Medical School &nbsp; Berkeley University\u2026<\/p>\n<p> <a class=\"continue-reading-link\" href=\"https:\/\/project.inria.fr\/protemics\/project-partners\/\"><span>Continue reading<\/span><i class=\"crycon-right-dir\"><\/i><\/a> <\/p>\n","protected":false},"author":1904,"featured_media":0,"parent":0,"menu_order":0,"comment_status":"closed","ping_status":"closed","template":"","meta":{"footnotes":""},"class_list":["post-73","page","type-page","status-publish","hentry"],"_links":{"self":[{"href":"https:\/\/project.inria.fr\/protemics\/wp-json\/wp\/v2\/pages\/73","targetHints":{"allow":["GET"]}}],"collection":[{"href":"https:\/\/project.inria.fr\/protemics\/wp-json\/wp\/v2\/pages"}],"about":[{"href":"https:\/\/project.inria.fr\/protemics\/wp-json\/wp\/v2\/types\/page"}],"author":[{"embeddable":true,"href":"https:\/\/project.inria.fr\/protemics\/wp-json\/wp\/v2\/users\/1904"}],"replies":[{"embeddable":true,"href":"https:\/\/project.inria.fr\/protemics\/wp-json\/wp\/v2\/comments?post=73"}],"version-history":[{"count":14,"href":"https:\/\/project.inria.fr\/protemics\/wp-json\/wp\/v2\/pages\/73\/revisions"}],"predecessor-version":[{"id":114,"href":"https:\/\/project.inria.fr\/protemics\/wp-json\/wp\/v2\/pages\/73\/revisions\/114"}],"wp:attachment":[{"href":"https:\/\/project.inria.fr\/protemics\/wp-json\/wp\/v2\/media?parent=73"}],"curies":[{"name":"wp","href":"https:\/\/api.w.org\/{rel}","templated":true}]}}