

{"id":64,"date":"2023-05-03T15:49:00","date_gmt":"2023-05-03T13:49:00","guid":{"rendered":"https:\/\/project.inria.fr\/proteus\/?page_id=64"},"modified":"2026-01-20T12:17:52","modified_gmt":"2026-01-20T11:17:52","slug":"partners","status":"publish","type":"page","link":"https:\/\/project.inria.fr\/proteus\/partners\/","title":{"rendered":"Partners"},"content":{"rendered":"<figure class=\"wp-block-image size-large is-resized\"><a href=\"https:\/\/project.inria.fr\/proteus\/files\/2026\/01\/inr_logo_rouge.jpg\"><img loading=\"lazy\" decoding=\"async\" width=\"1024\" height=\"360\" src=\"https:\/\/project.inria.fr\/proteus\/files\/2026\/01\/inr_logo_rouge-1024x360.jpg\" alt=\"\" class=\"wp-image-88\" style=\"width:146px;height:auto\" srcset=\"https:\/\/project.inria.fr\/proteus\/files\/2026\/01\/inr_logo_rouge-1024x360.jpg 1024w, https:\/\/project.inria.fr\/proteus\/files\/2026\/01\/inr_logo_rouge-300x105.jpg 300w, https:\/\/project.inria.fr\/proteus\/files\/2026\/01\/inr_logo_rouge-768x270.jpg 768w, https:\/\/project.inria.fr\/proteus\/files\/2026\/01\/inr_logo_rouge-150x53.jpg 150w, https:\/\/project.inria.fr\/proteus\/files\/2026\/01\/inr_logo_rouge.jpg 1289w\" sizes=\"auto, (max-width: 1024px) 100vw, 1024px\" \/><\/a><\/figure>\n\n\n\n<p>Inria Center at the University of Bordeaux, <a href=\"https:\/\/team.inria.fr\/potioc\/fr\" data-type=\"URL\" data-id=\"https:\/\/team.inria.fr\/potioc\/fr\">team Potioc<\/a>, Talence, France<br>PI: <a href=\"https:\/\/sites.google.com\/site\/fabienlotte\/\">Fabien Lotte<\/a> (Research Director at Inria)<br>Other members: <a href=\"https:\/\/members.loria.fr\/SRimbert\/\">S\u00e9bastien Rimbert<\/a> (Inria Research Scientist), Pauline Dreyer (PhD student), <a href=\"https:\/\/davidtrocellier.com\/\">David Trocellier<\/a> (PhD Student), Loic Bechon (EEG data manager)<\/p>\n\n\n\n<figure class=\"wp-block-image size-large is-resized\"><img decoding=\"async\" src=\"https:\/\/www.isae-supaero.fr\/wp-content\/uploads\/2025\/03\/logo.svg\" alt=\"\" style=\"width:135px;height:auto\"\/><\/figure>\n\n\n\n<p>ISAE-SUPAERO, team DCAS, Toulouse, France<br>PI: <a href=\"https:\/\/pagespro.isae-supaero.fr\/raphaelle-n-roy-211\/?lang=fr\">Rapha\u00eblle N. Roy<\/a> (Full Professor at ISAE-SUPAERO)<br>Other members: <a href=\"https:\/\/pagespro.isae-supaero.fr\/frederic-dehais\/?lang=fr\">Fr\u00e9d\u00e9ric Dehais<\/a> (Full Professor at ISAE-SUPAERO), S\u00e9bastien Velut (PhD student), <a href=\"https:\/\/scholar.google.com\/citations?user=mUKilW4AAAAJ&amp;hl=en\">Pietro Cimarosto<\/a> (Engineer then PhD student)<\/p>\n\n\n\n<figure class=\"wp-block-image size-large is-resized\"><img decoding=\"async\" src=\"data:image\/jpeg;base64,\/9j\/4AAQSkZJRgABAQAAAQABAAD\/2wCEAAkGBxMSEhUTExMVFhUXFRUWGBcVFhgXFxUWFRUXFxUXGBYaHSggGBslGxgYITEiJSkrLi4vGCAzODMtNygtLisBCgoKDg0OGhAQGy0mICYvLS0tLS8tLS0tLS0tLS0vLy0tLS0tLS0tLS8vLS0tLS0tLS0vLS0tLS0tLS0tLS0tLf\/AABEIAIsBawMBEQACEQEDEQH\/xAAbAAACAwEBAQAAAAAAAAAAAAAABgMEBQIBB\/\/EAEcQAAIBAgQBBQwHBgcAAgMAAAECAwARBAUSITEGEyJBURQVMlVhcYGRk6Gx0yM0QnJzssEzU2Ki0fAHFlKCktLhY\/EkQ8L\/xAAaAQEAAgMBAAAAAAAAAAAAAAAABAUBAgMG\/8QAOxEAAgECAgcECQEJAAMAAAAAAAECAxEEEgUhMUFxgbETUaHRIjIzNGGRweHwIxQkQlJTYnKS8YKisv\/aAAwDAQACEQMRAD8A+yZP9Xh\/Cj\/IKAuUAUAUAUAUAUAUAUAUAUAUAUAUAUAUAUAUAUAUAUAUAUAUAUAUAUAUAUAUAUAUAUAUAUAUAUAUAUAUAUAE0BUbMUvZLyH+AXHpbwR66A50zPxIjHYvSb1nYeo0BPh8MEvYsSeJZiSbef8ASgJ6ApZP9Xh\/Cj\/IKAuUAUAUAUAUAUAUAUAUAUAUAUAUAUAUAUAUAUAUAUAUAUAUAUAUAUAUAUAUAUAUAUAUAUAUAUAUB4zW3O1AVTmKcEu5\/gBYf8vBHpNAeapm4BYx5em3qGw9ZoA73qd3LSH+M9H\/AIDo+6gLarbYbDyUB7QBQHtAUsn+rw\/hR\/kFAXKAKAKAKAKAKAKAKAKAKAKAKAKAKAKAKAKAKAKAKAKAL0B5qFAe0AUAUAUAUAUAUAUAUAUAE0BWfHxg21gnsW7H1Lc0Bz3U58CJvO5CD1bt7qAOalbwpAvkRbn\/AJN\/SgBcvTiwLntclvcdh6qAtAWoD2gCgCgCgCgPaAo5V9Xh\/Cj\/ACCgMXNs6khPSj2PAq9xf1A1X4jGzw9s8NXen9ifh8HCv6s9fc19yDL+ULytpWMk9pawHn2rnQ0jKvLLCHj9jevo+NGOac\/D7jThybC9r9djceuw+FWavbWVztfUS1kwFAFABNALGf8AKBoXCqoJtc3Nrb2H61W43HvDyUYq+8scHgVXi5SdjVynHCRQ3aAfXU6lUVSCmt6uQakHCbg9zNKuhoFAVsYzgdBVPG92K+a3RN\/dWk3Neqk+dvozeCg\/WbXK\/wBUK+L5SsjFWiKkdRYf03FVdTSjpyyzptPiWVPRiqRzQndcDbyjMxKobtHDs7RVlQqqrTU1vK+tSdKbg9xrV1OQUAUAu59ygEDhApY2ud7W32qvxePjh5KNr7yfhcDKvFyvYhyvOXmOyWHaW+Fga2w2LnXWaMLLvb+xriMLCg7Snd9yX3GWLhU4hFPNM0SFbsfMBuSewCuNfEU6Mc035vgdqNCdaWWCMtcdiJd1jRB\/8jHV\/wAVG3rrhGriaivGCS\/uev5JfU7Sp4eGqUm38Fq+bIcTjsRENTxKy9ZjY3A7SCK0qYjE0VmnBNf2v6NG9Ohh6rywm0\/ivIlyfOee1GxABAF+PCuuExSxClJKyTsc8VhXh3FN3bGGJripZEO6A4lcKCTwAvWG0ldmUm3ZCjguVDSPpKhQb2sd\/T6Kq8JpJ16uRxtfYWWK0f2NPOnfvGbA4jUKtSsJJMZGvF1v2XF\/VQHHdoPgpI3mW3vawoDLzjNJok1mEab2vrBIvwuAP1qHicTOhHM4XXwf2JeHw8KzyqVn8V9zBXlDK521eZNI95vUWnpOVR2hTb5kmpo2NNXnUS5FyGWRtzh3f78yn3E2qR+0Yj+i\/wDaJHdCh\/V\/9WWhmbxjfDSKP4NLe5TR4ucdc6UuVn0ZlYWEvUqR53XUsYPPo3NlffsbY+o8a6UcbRqu0Za+56mc6uDrUleS1d61o04sYDUojFoG9AcylrdEAnsJIHrAPwrWWa3o\/nU2ja+v86CxmfKRonKPCQw\/jBBB4EG3CqytpN0Z5Jw18fsWVHRyqwzxnq4fcjhz2RrERE33HTUV2hiq04qUaTs\/7kcJ4ajCTjKprX9rLa5hPb6ufap\/Ws\/tGI\/ov\/aJjsaH9X\/1ZWbPnDqjwshYgbt\/5vXNaQkqipzptX+J1eAi6bqQqJ2+Bu4WcmrIrjQoClk\/1eH8KP8AIKAwuWSDmyfKv5hVdpT3Z8V1J+jH+8Lg+hQ5GoCW84+BqPob1Z8USNLv0ocGO4FXJUHtAFAFARYhrCgEPN4ecV5u2Q2+4vQHo2vVBi6Xa0pV\/wC7V\/itX3LzC1eyqxofDX\/k9f2LfJLF7aew+4\/2alaJq5qTg9z8H+MjaVpZaimt\/VDqpvVqVh7QHhFAJPK7D6pNvsxs384HwvVJpSk5zVt0W\/FFxo2ooR175JeDK\/JbF6SV9I\/X+\/LWdEVrqVJ8V9fz4jS1HXGouD+g+QvcA1dFOd0BxM9gTQHzjOjrtMf\/ANjMR9wWCe4X9NeYxizRVZ\/xN\/Jal5npMG8snRX8KXzd7m3yWUaV\/vrq60db9mjb49WU+kPeJcuiGyRgAT2CpjdiGIOHxBxGIaRuC+COwXsv9fPVHhJftWKdWWyOxdPPiXeKj+y4ZU47XtfXy4Dpl8I03q9KQsyRAjhQC\/g8EkLyjUoUsGXccCNwPSKiYagqMppbG7r5ErEV3VjBvalZmxDi1tYam+6rH32tUsinfdDnhE3+4qvwJNAZmfyymMR9BedYR2BLGzeEb2H2b1FxjvTyLbJ2+e3wuSsIv1M72RV\/ls8RMzTDmGYjzMLbbHjbs66ocTH9lxN47Nq8uqLvDS\/acNaXB\/niM2SxIbXBb7xJ9xNq9OpKSTR5tpxbTGaOJV8FQPMAKyYO6Az+UCg4aX7jfCo2MX7vPgyRhH+vDihBydbsfMPjVTof2k+C6lrpf1I8R7ymFdPCr8oi+YF7KAy825PxzDhpfqYcfT2iomJwVOutas+\/82krDYypQerWu4Vo8bLhpDFNc24Hjt1EHrWqyhi6mFqdlX1rv7vj8UWVbCU8TT7Wjqfd+bGNGXY+\/XV6mmroo2mnZmwpvWQJXL1fpYz2ofc3\/tef0x7SHB9S90T7OXEjyhRZPuj4Vb4L3enwXQqsX7efFjlhohpG1SSORY\/L1kUCwuGVgeyxF\/dcemuVWmppfBp\/I6Uqjg38U18ztMMBwrqcy3QFLJ\/q8P4Uf5BQGJyz\/ZN51\/MKr9Ke7PiupO0b7wufQoci+LecfCo2hvUnxRJ0v60ODHarkqAoAoAoDJ5QYkpG1vCtpX7zbL7zUfFVHCk2tuxcXqR3wtNTqpPZtfBayFcuXmeb6gmn3WraNCKpdlutYw60nV7Xfe4nZVIYp7HtKHzg\/wBR768\/gJujickt\/ovj\/wBL7HQVbD5o8V+cD6LgZLrXpjzZYoAoBbxaasS4P7kfzOf6VDtmxTT\/AJV4t+RLu1hk1\/N0QpJeGax+y1vQf\/LGqGm3hcVZ7nbk\/wAuXlRLFYa63q\/NH0LKprrXqjzBfoDF5S4i0fNggNIQnHgD4R9C3qJjJPs8kdstXz2+BKwkVnzy2R1+XiLfKfTpjCEWXYW6hp2+FQNLRUaUEtidvAnaKk5VJt7Xr8SxyXmIUAKx3PC1uJ6yalaLf7tHn1ZF0kv3iXLohmzAyNE4CAXRhu2+4PUAfjUyqm6cku59CLSaVSLfeup8\/wAnlIewNr26r8P791UGiKijVcXvXQvNK03KkpLc+o95cNS7yN6LL8BevRnny73EnWC33iW+JoCRIFHBQPMAKAkoAoDBxb85irdUSX\/3ycP5R76hv9TE23RXi\/t1Ja9DD\/GT8F9+hl8r8F0FlHUdJ8zcPf8AGoel6V4Rqd2r5\/cl6Jq2m6ffr+RW5PYnYeQ2\/pXfRdXPQUf5dXkcNJUsla\/fr8x3w73UVYkAkoChn31eb8NvhUbGewnwZIwvt4cUIOS+E3mHxqp0P7SfBdS10v6keP0H7KfBq\/KIv0AUAu8tMvDw86B0o9\/Op4j0cfXVXpShnpZ1tj03+ZZaMruFXI9j6i3kuMI6PZw83ZXPROIzRdJ7tnD7HTSmHyyVVb9vEectn1LVwVIr8vf2kX3G+Irz+mPaQ4PqXuifUlxOMn4J90fCrfB+70+C6FVi\/bz4sc8N4IqSRyWgCgPaApZP9Xh\/Cj\/IKAxOWf7JvOv5hVfpT3Z8V1J2jfeFz6FDkXxbzj4VG0N6k+KJOl\/WhwY7VclQFAFABoBdzB9c8adS3lb0dFPeSfRUOr6deFPu9J9F+fAl0vQozn3+iur8DahA08RUwiCFyow+ifUPtdLbtGx\/Q+mvN6UpOnXzrfr5r8R6LRtRVKOR7tXJjRkOOVkBJAuB11f0Kqq04zW9FDWp9nUcHuNjuleo38wJ+FdTmec+epGPoA+JoDAjZjiZbKNkjG54XLnqFQ4a8VP\/ABj9SVPVhocZfQxeVeCZSsht0hpNr8RuPdf1VW6Xo2lGot+p\/QstE1bxdN7taNDkziCyi7ttsQLDh6L8LVZYCt2tBPetT5FdjqPZVmtz1rmM5wy2ubnzsT+tTCIYaxq+JYhRpiGkbcXfdvUth6ahx\/UxDe6Ctze3wsS5fp4dLfJ35LZ43KnLOO0Sff8A\/wCTUXTC\/Sjx+jJOiX+rLh9UQ8lD0fSa66K93XFnPSi\/eOSHS21WJXnz3lHk7QOXUfRk3BH2Ceo9g7K81jsJKhPtI+r0f5sPR4LFRrQyT29fzeGV54U2b1\/1qXhdKL1a3z8yJidGNelR+XkN2BzQMBvVzGSkrrYVEouLszTRweFZMHVAcyNYEnqo3YJXF7JzqVpDxldn\/wBvBB\/xA9dQ8F6UHUf8Tb5bF4EvGO01TX8KS57\/ABNTMsKJYWjuN1NvIeo+u1dq9Ltacod6ONCr2VSM+4+f5TLpex2v8R\/Zqh0VVcK2R7+q\/GXmk6WejnW7ox+yma616Q88aNAUM++rzfht8KjYz2E+DJGF9vDihByXwm8w+NVOh\/aT4LqWul\/Ujx+g\/ZT4NX5RF+gCgIsVCHRkPBlK+sWrSpBTi4vebQllkpLcfLcC1nX1V5bR03HEQ+Or5npsfDNQl8\/kPeQvwr1h5cxuXv7SL7jfEV5\/THtIcH1L3RPqS4kGWyWCfdHwq1wcl+zw17l0KvFxfbz1b2NEWYgLuVHnIFSXOK2tHBQk9STKkWeCSRlQgqqjccCSTwPmAqPRxMatWUYO6SXzO9XDypU4ymrNt\/I1sJLqqURi1QFLJ\/q8P4Uf5BQGJyz\/AGTedfzCq\/Snuz4rqTtG+8Ln0M\/kYfD84+FRtDepPiiTpf1ocGOhlXtFXJUHnPDqufMDQBzh6lPpIFARYh2twUekmgFBGmeSSRFDBm0g6gNk6OwPVe5qqpzrupOrTgmm7K7tqjq63LOpCiqcKdSTTSu9V9b1lwPif3Q9qB8BXftcX\/TX+32OPZYX+o\/9TLzrDSsupogune\/OajbrqFj44irTvOCWXXe9yZgZUKdS0Jt31bLEvJPEAErtcG\/oP\/tdNEVbwdN7tfJ\/c56VpWmqnf8AQeUa4q3Ko9agF7B\/t8Qfwh6lJ\/WodHXiKr\/xXg\/Ml1vYU1\/l1Rbz\/Bc7hyBxtcecbj+nprfGUe1oyjv3cUa4Sr2VaMt2\/gJvJ7E6ZLdvxH9+6qfRNbLUdN7+q+3QttK0c1NTW7ox4nxwWIueCqT6qvatRU4Ob2LWUdODqTUFvKuSYYhF1eExLv8Aec3Pq4eiuWEpuFJZtr1vi\/yx1xVRTqPLsWpcEVOXK\/Qr5GHwNRdLL9DmiVop\/rcn9DM5KNt\/uP6VjRDvQfF\/QaVX6y4eY8JwFWhWnMsQYWIuD21hpNWZlNp3Qq5vyTBu0J0n\/SfBPm7KqMToqMvSpan3bvsWuH0pKOqrrXfv+4tBpcO9iCp6weB\/vtFVlOrXwk7bPg9j\/O9FlUpUcXC+34ravzuY1ZLnGsfEdleiw2JhXhmjzXcefxOGnQlllyfeMsMlxepJHMvlNMRCVXwpCI187bfC9RMbJqi4x2y1LmS8FFOqpS2R1vkY8bYgWAhWwAAHODgBYdVc4TxUYqKpqy\/u+xvKGGlJydR6\/wC0n7pxP7hfaD+lZ7XF\/wBNf7fYx2WF\/qP\/AFFfNInjl1MuksdYANxx3389UWJjUo187VnfNa9y7w7p1aORO6tbuGvIsRw7DavUwmpxUlses8zOLhJxe1DKDWxqUM++rzfht8KjYz2E+DJGF9vDihByXwm8w+NVOh\/aT4LqWul\/Ujx+g\/ZT4NX5RF+gCgAmgPlGG3cee\/615HB+liIW77\/U9Vi3loTv3DzkK8K9ceVMjl7+0i+43xFef0x7SHB9S90T6kuJTy7BIwS6jdRe447VPwuEoSoQlKCu0txCxOLrRrSSk7XYyQ8noSovGnqru8Dh3\/AvkcFjcR\/OyHB5DzUr6fAZVI8hBNxf1Vzw2EVCrJx2NLltOmIxTr0o5tqb+htYWLTU4hFqgKWUfV4fwo\/yCgMHlglozvfdev8AiFV+lPdnxXUn6N94XPoUORy3LbA7jj5qjaG9SfFEjS\/rQ4MdgbdXqtVyVB7r8hoDznB5fVQGXn2OCRsRxtYfeOw95rhiqvZ0pSW3dx3HfDU+0qxi9m\/hvOsmw6oircdFQPT1n13rNCl2VOMO5Gtep2lSU+9mkAvkrsciHG4dWQgjYgj0GsSipJp7zMZOLTW4+dYFjDPpPUxQ+uwPwrzGDk8Pissu\/K\/p9D0mLiq+GzLuuj6Jl8t1r1B5osvwNAL2XftcQf8A5FHqjWoeH9rVfxX\/AMol4j2dJfB9Wb5W628lTCIfN85gMGIa3C+seY\/+3FeWxUXhsVePfmXP8aPTYaSxGGtLus\/z5GuuI50xx9RIZvupvb0m1XlaSquFNbH6T4LzdiloxdJTm9q1Li\/JXGvCL11NIZjctl+g\/wBy\/G361W6VX7u+K6lhox\/vC4MxOSp4\/e\/QVy0O\/wBKS+P0R10t7SPD6seQ9gKtyqOle9AdUBm51lSToQRuN1PWp\/vqqPicNCvDLLk+4kYfESoTzR5rvEHLSUl09dyp84\/+qodHSdPEqD33T5f8LvSEVUw2ZbrNfnM+g5S91r0x5wzse\/OYpV6okLn7z9FfcCahT\/UxMY7oq\/N6l4XJkf08M5b5O3Ja2a2EjHG1TSGWNA7KAWuXGCvEsgG6NY\/dbb42qp0vSzUlPufg\/vYtNFVctRw7+qMjk\/iNgOw29HV\/fkrfRVXPRyvd0NNKUslbMt\/UeMK91FWZXFbPvq834bfCo2M9hPgyRhfbw4oQcl8JvMPjVTof2k+C6lrpf1I8foP2U+DV+URfoAoDN5QY0RQO3WQVX7zbD+voqLjK3ZUZS5LiyThKXa1ox5vghEybDamv1Db0n\/z41UaJoXqOpuXX\/hbaVrZaap730\/6PuVQaVr0JQC1y9\/aRfcb4ivP6Y9pDg+pe6J9SXE4yfgn3R8Kt8H7vT4LoVWL9vPixzw3gipJHJaAKA9oClk\/1eH8KP8goDC5YuDG3nX8wqu0p7s+K6k\/RvvC59DO5ITBS1+0fCo2hvVmviiTpdelB8R1GIXtq6Kc4lxSgcaArYTHh9R6gxUHtta59dx6K506me7WxO3y+50qU8lk9tr\/P7GRmmIEk8Ud9gxkbzL4Pv+FRcQ1OvTpf+T5bPEk0Fko1Kv8A4rnt8BhwoGmpxCJTGOweqgOWhXsFAfP+VWGCTXHBhf0jY\/pXnNK0stZTW9eK\/Eeh0XVzUnB7uj\/Gb\/J3FBlB1HcdvX11eYat2tKM+\/qUmIpdlVlDu6G5NsD0z7jXc4i5lU12ls3GZursAH6VCwbUpVWv5n9CZi1ZU1\/avqMsZa3FT6DU0hivy1wTFVksOibG3Y3\/AL8aqNL0c1NVFu6P7lroqtlm6b39UVOTEDeHpvfojccAf639VbaKg+z7SXBcF92zXSk12mSPF8X9hzSQgeA3u\/rVqVhhcsJwYGFiDdeI\/iFV+k\/dpcuqJ2jfeI8+jF\/k5OFJubbio2hn6M18USdLr0oPiMuf40dzllYagUYb9aupHwqbj5ONByW6z+TRDwUVKuovY7rwYZfmqvpYHYi\/m8ld6NWNWCnHYzhVpSpTcJbjbSYHrrqczmaYAHegELLYedxDuB0QzG\/3ibe65qgwMO1xcqq2Jvx2eBe42fZYWNN7Xbw2jrhbRpc9lXzdiiSuYmTzB9cvXJISPur0VHqHvqFgXnjKt\/M38lqXQmY1ZHGl\/Kl83rYzQDYVOIZ3QFfMcOJInQ\/aUjzXGx9dc61NVKcoPerHSlUdOamtzPmuWylHsdr7HzivO6Mq9nXyy36uf5qL\/SNLtKGZbtfIfMnxQItXpjzhLnzjueX8NvhUbGewnwZIwvt4cUIOUPZj5h8aqNDtdpJfD6ltpdfpxfx+g9ZTiV016AoTQ59e2gIp8eigkmwHEngK1lJRWaTsjaMXJ2itYk5pjXxsgVAebXh2feP6CqCvOpjquSn6q\/Lv6IvaMIYKlnqes\/yy+rN\/KMqCAC3D3+WryhRjRgoRKWtWlVm5yN9FsK6nIS+Xp+ki+435q8\/pj2kOD6l7oj1JcSLKZBZPuj4Vb4L3enwXQqsX7efFjlhp10jepJHPcRjERSxOwBJ9FazmoRcnsRtCLnJRW1kUOL1AdRIHorMXdJsxJWbRdWsmCllX1eH8KP8AIKAw88yqeew6CqDe12JJ8p01XYzDV8QlG6S5+RYYTEUKDcrNvl5lDCcncRG2pHQH02PnFqjUNH4ijLNCa8STWx+HrRyzi\/DzNdYsX\/8AD6nqfbFd8fEg3wvdLwIMVgsY4tqiX7oa\/rI2rlVpYyaspRXC50p1MJB3yyfGxcweXyRQqihSwG9yQLncnYX4mu9GlOjRjCNro41asKtVzlezMuDJMQs3Olo2J4jpAWPUNtqh08HiI1+2ck3zJdTF4eVHsVFpcvMasKCALgA+Q3HrsKtFe2srHa+omrJg4mvbYAnymw9djWHe2oyrX1itneTTzsD9GoF9rsePadNVmMwdbENa0kuPkWWExdHDp6m78PM8yjJ54TxRlPUSwse0G1ZwmFr4e6umnu1+RjFYmhiLOzT5eZs45JitowgJHFidj5gN6m1e1atTtfvZDpdkned+X\/TEyzJcRCxN0YHcgluPbe3GoOFwmIw7bUk09u0m4rFYeukmmmtmzzGrDg23qzXxK1keYYUSoyHgwI9fXWlWmqkHB7zalUdOamtxHgcAI1VR9kAerrpSpqnBQW4VajqTc3vLhroaC5nuXYicabxqt72uxJ7LnTVdi8PXxEct0lz8iwwuIoUHms2+XmZ+XZBPE2oFCOsHUPfauOEwNfDzck077VrOuKxtDERs01bY9XmbWYYBpYdBABJUGx4DWNRBIHVep2JpSq0nDvt8rq\/gQqFSNKqprdfo\/qZbcmnjN4WBH+mQXHrHCoscFVoO9CWruezwJUsZTrq1eOvvRIqyjY4Xf+GUAV3VauttL5SRwdGg9lT5xZy+Anl6J+iQ8QHLsR2dgrnUhia6yu0I797f0R0hPD0HmjeUt25eZqYDJhGtkYgeg79vCpdGjCjDJBaiLVqzqyzTZBm+AxMilFdAp2J31Edmw2rhiqVerFwg0k+NzvhatGlJTmm3yt1K+V5ZPEoU6GAJ3uwO5v2dtMJRq0YKnKzXPyGLrUq03ON0+XmbsbyAfswfMw\/UVMIZ13SeuN\/RY\/A0BWxWNb7Kgbfb1j3BT8a0nn\/htz\/4bwyfxN8l9xOfIXYk89FckniRuTfrFUb0TWcs2ZX27y6WlKKWXK7bN3mMmUYaRbatB8qEm\/ot+tXNLtUrVLcUVFXsm7078H\/06zvBTzIY1KKpO5JYkgcB4O1cMXRrVoZItJb9p2wtWjRlnkm3y8zAj5LTqbh0v6f6VX09GV6clKE0nzJ9TSVCpFxlFtcvM1IMHil\/c+p6sUsWtrj8mQG8JuUvAlaDGH7UI8ysfjWHHFvZKK5MKWEW6T5ogPJ95DeaVn\/hA0r6hXJ4CVV3rzcvgtSOix0aatRgl8drNjB5WqAAAADqFT6dOFOOWCsiFUqSqSzSd2X0QDhW5oeSlrdEAnymw9YBrEr21GY2vrFLN8gxE8hdnj7ABqsB2cKp8Ro+vXnnlJeJb4fH0KEMsYvwPMHkmIjFgYyBwvq29Vd8PQxVGORSi1zOFevha0s7jJP4WNBYcWP3Pqeu9sV3x8Tj+6\/3eBUxeV4qUrzjpoDAlVDC9jfrG9RquFxNZrtJrLdOyud6eJw1JPJF5rbXY3sPhyKtCtLwoCnk\/wBXh\/Cj\/IKAuUAUAXoAvQBQBegC9AFAFAF6A8vQHtAFAF6AKAL0AUAXoAvQBegCgPNqAKA9vQBQBQBQBQBQHLIDxAPnoCJsHGfsL6rfCgOe4l6i6+ZjQHnc7jhK3+4A0AWmHWjetT+tAHdDjjEf9pB92xoA7vT7WpfvKR77WoCaOZW8FgfMQaAkoAoAoAoAoAoAoD2gKWT\/AFeH8KP8goDK5f5y2Dy\/EYhDZ0UBDYGzuyopseO7X9Fb045pJA1MlMhw8POnVKYoy5sBdyo1Gw4b32rWW3UBf5K5xNicbmAZgcPBJHFELDZgp50lhudwPWK3lFKKAucjeWmKnzBUmZO5sQ2LWBQgB\/8Ax2BXpDc9G4N+w1vOmlG6+AH7lHnMeDw8mIk8FFvbrZjsqDyk2FcoxzOwFH\/DjPMdicRi0xhW0QhsioF0PKGcpcbnSLA3rpUjFJWBXyTHZpmD4qSDGRwRR4qWCNWw6yaljtY3uDwI7d71mShG10DZ\/wAOeUU+LTEJiQnO4ad4GePZJCptcDzg8OOx2vatKkVG1gb+f5xFg8PJiJTZIxfbixJsqjykkAeetIxcnZAT8Amc45BiO6IsEj2aOEQiV9BF1MjN1njb3DhXV5I6rXBJyhznH4TLQZTCMa+ISCNkF0bXJZW0twJQNt1ViMYylq2A1v8ADzPnxmE1TW5+OSSGYAAWeNuwcLgj03rWpHK9QK\/I3PpcQuOnlYGGPEyxxCygCOEbm43N+01mcUrJAweTuIzjG4QYxMbFGH5xkifDKeirMAC4O17cbGt5KEXawLeB\/wAQH7ynMZI1Mikx6VuEd9YRWHEhSSCfMaw6Xp5UCxhMrzkiOY4+EudLPAYBzQU2LKHHSuBff\/7rDcNlgPFcgK2aZVmjyu0GYRRRE9CNsKrlRYCxYtvvc+mt04W1oGRyDzTHYjGYhZcSs+GgvFziwrGJJtrhLXNl3vvvcHrrecYpK20BnkOciGbFHGQQc2skogjiDjRGC2l5X4tpHG1r0jkvawGPkPnL4zBQ4iRQrup1ACwLKxUkDqB039NaTjllYCXy55bYnnNGAdVjSdMM0xUOJMTJe0UdwQdAUlj22Hn6Qpq3pAfc9GLMQXCGJZCwDPMCVjSx1OEHhtcABdhvfqrlG19YE6XMMwwOYYKCbFrio8WzqVMSxmMoFuV09XTB9B89dLRlFtLYD6MK4gKAKAKAKAKAKAKAKAKAKAKAglwcbcUX1WPrFAR9xW8B3XyX1D1NQB9Mv+hx6UP6igPO7wPDVk8pF1\/5C4oCzFKrC6kEeQ3oDugCgCgPaApZP9Xh\/Cj\/ACCgE3\/Fw85Hg8La4xOOgja\/DRff3lffXajtb7kB5xEyxozsbKqliT1BRc+4VxB845EYgwZLisa2zzNi8Tcje5uqe9b+mu81eaiDJ7g7jweQ4gixjnUP5FxgLPf0D+71tfM5L81GRjmbvpmWnjgsva7\/AOmbGdQ8ojHv8hFaepH4voYK3+HuL0Zfj8wY357EYvEg\/wACCyj1q3oIrNRXko8ALWW4XNMJky4iHEoIipmaMRgTKkjdJxKb3NrHgLX8lbNwlOzRk+nchstw8GDi7m1c3Kom1ObySNKoYs562tYeS1uquNRty1mBc\/xYXnHy7DN+ymxqCQdTAFV0nydM+6t6Wq7+APoIriBF5eWmzDKsLxHdD4lvJ3Mmpb+nV767U9UZMGecb3szTHKdosThnxcfUOehVjIo8ps59VZtmgvgCDBSdx8mGkJ6UkDtfrLYp7A+pwfNR+lVsDMznB5hgMvw6yYkdxHm45VhjEc0UcnEa2vq4kE7G9u3baLjKTstYPo8nJXCtge4QloNAAAPSG+oPc\/a1dK\/bXHO82YCvkeNxeW42DLsTIMRBOGGHlItImgX0P2gWA6+IseIG7SlFyQPowriBO\/xFzySNEweF3xeKPNx2P7NDtJKT1AC+\/nPVXSnFPW9iBu8mckjwWGjw0XgotibWLsd2c+Um5rWUnJ3YFHlLmb5o75dgj9EDpxeKG6Iv2oYzwdzwPV77dIrJ6UuQI+XmfRZdBh8vgkXD84oTnmuRh8OuzuLAlpDuB5STcUpxcm5MC1mvKHK1lyuDDzJ3JhpWmlfS\/ReNQYy3RuzM172B3IrooztJvawfVs7w880QGFxAgcsG1mMSXSx6OkkWJJBv5PLUeNk9YETIIpcPnQhxzDFTvhy8OI3Xm06QKCHwUvpfceTfc26ys4XjqB9QrgAoAoAoAoAoAoAoAoAoAoAoAoAoAoAoCtLgEJvbSf9SnSfdQEfNyp4LCQdj7N\/yHH0igOlzBQbODGf4uB8zDY0BaBoDqgKWT\/V4fwo\/wAgoDI5a8mO74kCymKaGRZoZANWh14XW+4+BAPVY7wnlYMXEcl8zxa8zjcdEICRrXDRFXlUfZZz4IPXat88FrSBscquTRxGXtgcOywqVjRSVJCojKbADyLatITtLMwHK\/k13Zge5I2EZHNaGIJCmMi2w34Aj00hK0rglyzk6MNgDhIWAYxOvOMD0pZFOqRrb+Eb+oUcryuwZ7ckHXKO9sciq3NaDIVOkln1SHTe+9228tZz+nmBsYjJFOBOCB6Jw3c4Pk5vQD+taqXpZgHJHK3wuEhw8jq7RJo1KCAQGOmwPYth6KTacroFflryXTMIBGXMbo4kikUXMbjrtcXHpHUeIrMJ5WDGj5P5tIBHPmUaxbBmgh0zOvX0zYIT2jhW2aC1pA2H5Ps2ZrjWcFEwxhSO24Zn1M+rhw2rXN6OUGf\/AIjcizmSRaJFikjL2cqWuki2ddiOJCn0HtrNOplBPyo5KnFYODBpIqJG8GvUpOuKEboADsSQp9FIzs7gvctMi7uwUuFDBS4XSzAkKVZWFwPNb01rCWWVwZuZZLmI5l8LjUUpAkTxyx6opHTjKCOkrG\/uFbKUd6BzknJObupcbjsQJ50UrEsaaIoQwsxUcSxud9uPXtZKatligN5rmBYyLky8eMxGNxEiyzSHRFpBCwQjggueJ2ufJ5TW8p3iooFrlnlOIxeHMOHnEBYgO+kkmOx1KLEFbm2\/ZekJJO7QF\/KeS+aYWJYYMbhEjUWCjCesk69yes1s5xbu14geeYBtqCsbAXKj0+auVwLy8l75mcazJzYw3MpEE3Da9RcnhwuPV2V0z+jlBDm+WZoJ3kwmMh5t9NocRESIrKFOhl3INr2PWaRcLa0A5M8knhxD43FT90Yp10aguiONOOlF\/X+pJSndWWwDZXMBQBQBQBQBQBQBQBQBQBQBQBQBQBQBQBQBQHjKCLEXHloCOCBUBCiwJvb++FATUBn5chbCxgMVJhQBhYlSYwAQDtccd6Ao95cT4wn9nh\/l0Ad5cR4wn9nh\/l0Ad5cR4wn9nh\/l0Ad5cR4wn9nh\/l0Ad5cR4wn9nh\/l0Ad5cR4wn9nh\/l0Ad5cR4wn9nh\/l0Ad5cR4wn9nh\/l0Ad5cR4wn9nh\/l0Ad5cR4wn9nh\/l0Ad5cR4wn9nh\/l0Ad5cR4wn9nh\/l0Ad5cR4wn9nh\/l0Ad5cR4wn9nh\/l0Ad5cR4wn9nh\/l0Ad5cR4wn9nh\/l0Ad5cR4wn9nh\/l0Ad5cR4wn9nh\/l0Ad5cR4wn9nh\/l0Ad5cR4wn9nh\/l0Ad5cR4wn9nh\/l0Ad5cR4wn9nh\/l0Ad5cR4wn9nh\/l0Ad5cR4wn9nh\/l0Ad5cR4wn9nh\/l0Ad5cR4wn9nh\/l0Ad5cR4wn9nh\/l0Ad5cR4wn9nh\/l0Ad5cR4wn9nh\/l0Ad5cR4wn9nh\/l0Ad5cR4wn9nh\/l0Ad5cR4wn9nh\/l0Ad5cR4wn9nh\/l0Ad5cR4wn9nh\/l0Ad5cR4wn9nh\/l0Ad5cR4wn9nh\/l0Ad5cR4wn9nh\/l0Ad5cR4wn9nh\/l0Ad5cR4wn9nh\/l0Ad5cR4wn9nh\/l0Ad5cR4wn9nh\/l0Ad5cR4wn9nh\/l0Ad5cR4wn9nh\/l0BJBlE6spOOmYAglTHAAwB3BIjBsfJQG0KApZP8AV4fwo\/yCgLlAFAYHKPNzBLCoubh203sHYvDh40ZrHSDJiEN7fZJ3tat4xugZU\/KWfUrKkZWNcUZAsp0vzUscMek6LsWbnQBbYgb9R2yoFqflS4J0whgyzc19IQxaLERYdRJ0bIHeTY3Ngp48BjIgGK5TSoxBjisvPAnnWveCHnJGC6N0DWS5sevrFFFAMNyilXSsqxko0UMzK7A868ImYxoV3VY2Rzv1tbwdzggRYXlLNzYJgJN4I93LOZ5oUmdbJHYqiubkC5K2sKOCvtBp4vOnjiiLRoskgYsryWSNY0LuzOFO1gBsPtDsNaqN2CqcbMmCw0zsecPMlkvbnJcQVSOIvY6U5yVQTY7LW1k5NIEA5USkXEMbWM2oiZtNo51gXT0LlnbXYcBo4nrZEDjH8pJG1RqqoHV1jkVyZEfumPCxlk02XW8hK7nwDRQW387wTvyobS7LECI20SOWJWNg8itq0qWIARWNhtzqnhcjGQFzKc5knmdRDaFedXnSx3eKQR20lRcMec3BNub38IAHFJAoDlFiJVVooVQSSxLE0jN0lZ2L9HTx5tNVxcDVxJXfOVIFvN89kil5uOJXssBYtIU3xEzRRqvQN91Yk7WA8tYUVa7BVh5UyEfsUBVgJPpTYh8XJhozF0elq5svvbYqN7kjLgvzgCu3KiQyKyoChjBSNHLM\/PyhIWkAS69COR7Lf7Q3IBOciBJh8ynDxxtzgbTCpXWmpn+nmckldPSjhUEWFhIQCDYjFkDo8q30KRHHq6OtWkZdLvP3OsQBjuZOcDgiw8DbwtmQHjcoZV6TgW53EaFRgA6RydzRrIWQ2DSyRnUtiNuIuCyoHWJ5UTLqUQozRicuRI2giHmR0TouWZpSljaxRt9qKCBY5T5zJHqii0BzGl2ZypVp5BDCEAU6mLajvYdED7VxiMU9bBZyXN5J2Y80ViAOmQkgtpYqDYgeEBquCQOvfhiUbAz4uVT3VWiAkfnFWPU11lRoF5t7qN7TaiRcaVJFxW2QHr8o5SwAWNdE0wmUli6xwxc4fs2uVeJri46YF+umQEUHKDELHqMFi7PIvOyEaIxEZXv0NVlbSvCx1ixsKZUDv\/NE1tPc\/wBKWACK5fSDAsxDkJswDoDbbpjewJpkQNXLs0d5ZI5EEZRUaxYkkMB0rhdJXUHXY3um43rVrUDJwPKuSTmxzKB51haIGUkASrLIecOjosI4WewvckC441s4JAmwvKrWEJRQXOHUfSXBaXW8mk6bsFhTnAbbgjhTICRsynkwkchURPNJhwqq5Yqkskeolios4jLm2424msWVwVW5QSQMUYCRVkmWSQvpcFMO2Jdkj0kc2t0jF2vdh6c5UwQYnlHKnN38GPnWfpgzTdzw\/SDSEC6eedFuLcBt0gBnKgawzeUQNJJDpcyLFGusgOZCiqSSuqMamINxfoEgbgVrlVwVcPmkj4MHV0zOMMHVtWrRiOYaTVpXchXbht5eNZaWYE2S8ozPrZkVYxh4sSrK5ZtE2sorrpGltCBiAT4QHlOJQsDMPKScuRoAZ0hREjYyc28qSzMz2Q9JY1XYAg37DetsqBc78zGFuhzZURwn6YNMs8ixiy3jZX0vIq6je5BNrbHGVXBzi+UrrqJjI0SyhkVunoiheQX1JpIc8zbSbfSjpdE3KCB5jeU80YkHMxF4udZ7StzYSGBJXOrm7kgyKlrcTfyUUEwNMLEgEixIBt2bcK5g7oAoD2gPmGX8pcUIowJdhGg8BP8ASP4aAn\/zPiv3v8if9aAP8z4r97\/In\/WgIZ88mkuHKPcaTqiia63vY3XhcA28lL2BEMxcFTpiungHmIehvfo9Do7knbrNZuwdx5tIpJXmwWIZiIYgWYHUGJ0bkEk37TS7B4c1k1M\/0epwQ7czFqcEAEMdF2FgBv2UuweLmbg3AiB06LiGG+i1tF9Hg22twpdg7lziVlKNoKkhipiiILC1iRotfYb+Sl2DyfN5ZFVX5tlW2lWhiYLYWGkFLDbal2CSbPp3Uo7KyEWKtHGVIHAaStqxcHCZxKAAObAGmwEMQA0trWw0dTdIdh3rN2DmLNJFJKiMFmDMRDECzBtQYkJuQ29+3el2Chkubyvh4i5RifpSWiiY8451M+6+ESeNZbdwaUOdzIzMhRWbdmWKIFjx6RC3PprF2CNcycCwEQGoPYQw21g3DW0eED18aXYJmz6cm5ZSbg35uO918E308R1dlYBF32k1K\/0epNkbmYroN9lOi44nh2ms3YOBmDWZdMVmILDmIbMQdQJGjcgknzmmZgkObSW0\/R6bWtzMVraObtbRw0dHzbcKXYOO+T3U6Yrp4B5iHoWOoaeh0elvt10uwdd9JLEWjs2rUOZis2sgvfob6iAT22FLsHSZxKBpHNhQALCGICwOoC2jhffz0uwE+cSuyu+hmXwWaKIsu99iUuNwD6KXYCLN5U16ebXX4doYhrve+qydLiePae2l2CgmcSriUClFEcLFFWKMKpkezkKFtcgWv5+03zd2BcjzN1ChREApJUCGEBSRYkdDYkbVi7AR5m6jSoiC2YWEMIFnADCwTgQqgjrsOyl2D2fNpHvr5trtqOqGI3bTp1bpx0gC\/YLUuwQ43O5kinKMil0csVijUsdLG5IW5NyTfymiYPMPjmEQj0w6DpYrzEOksFABI0WJ8tZcncE7ZrIWDnmy4GkMYYtQWxXTq0XtYkW7Caxdgm\/zBiLAa1spBX6OPokCwI6O21YBC2aSFmciMswszGGLUwtazHRciwtvWbsAc0k1M1o9Tgh25mK7g2uGOjpA2Gx7KXYPe+8vN819Hzf+jmYtHG\/g6Lcd6Xe0HaZ5OAqhkCqbqBFEAp33A07Hc+s0uDnC5xLECI+bQHiEhiUHzgJvxNG2wQjHME5sJDovq08xDpva19Oi17bUzMEnfWTUX+j1nTduZi1HQQUudFzYqpHZpHZS7B5HmbqulREFsw0iGECzgBhbRwIAB7bCl2D1M1kUaRzYWzLYQxAaXILrbRwJAJHXYUuwWf8AM+K\/e\/yJ\/wBawA\/zPiv3v8if9aAP8z4r97\/In\/WgPf8AM+K\/e\/yJ\/wBaA\/\/Z\" alt=\"\" style=\"width:144px;height:auto\"\/><\/figure>\n\n\n\n<p>LAMSADE\/PSL, Paris, France<br>Members: <a href=\"https:\/\/sylvchev.github.io\/\">Sylvain Chevallier<\/a> (Full Professor at Univ. Paris Saclay), <a href=\"https:\/\/thibaultdesurrel.github.io\/\">Thibault De Surrel<\/a> (PhD student)<\/p>\n\n\n\n<figure class=\"wp-block-image size-large is-resized\"><img decoding=\"async\" src=\"https:\/\/www.insa-rouen.fr\/themes\/custom\/insa6\/src\/assets\/images\/logo.png\" alt=\"\" style=\"width:151px;height:auto\"\/><\/figure>\n\n\n\n<p>INSA Rouen, Rouen, France<br>PI: <a href=\"https:\/\/scholar.google.com\/citations?user=NF_1_38AAAAJ&amp;hl=fr\">Florian Yger<\/a> (Associate Professor at INSA Rouen)<br>Other members: Oc\u00e9ane Mille (Master intern)<\/p>\n\n\n\n<figure class=\"wp-block-image\"><img decoding=\"async\" src=\"https:\/\/uploads-ssl.webflow.com\/632c5647b7235ff5416ffed8\/6364ec388732871ff906ea99_logo-SVG.svg\" alt=\"\"\/><\/figure>\n\n\n\n<p><a href=\"https:\/\/www.wisear.io\/\">Wisear<\/a>, Paris, France<br>PI: <a href=\"https:\/\/www.linkedin.com\/in\/alain-sirois-fr\/\">Alain Sirois<\/a> (CTO)<br>Other members: <a href=\"https:\/\/www.linkedin.com\/in\/yacineachiakh\/?locale=en\">Yacine Achiakh<\/a> (CEO), <a href=\"https:\/\/www.linkedin.com\/in\/claire-ben-ali\/\">Claire  Ben Ali<\/a> (Data Engineer), <a href=\"https:\/\/www.linkedin.com\/in\/matei-catalin-moldoveanu\/\">Matei Moldoveanu<\/a> (Data Engineer)<\/p>","protected":false},"excerpt":{"rendered":"<p>Inria Center at the University of Bordeaux, team Potioc, Talence, FrancePI: Fabien Lotte (Research Director at Inria)Other members: S\u00e9bastien Rimbert (Inria Research Scientist), Pauline Dreyer (PhD student), David Trocellier (PhD Student), Loic Bechon (EEG data manager) ISAE-SUPAERO, team DCAS, Toulouse, FrancePI: Rapha\u00eblle N. Roy (Full Professor at ISAE-SUPAERO)Other members: Fr\u00e9d\u00e9ric\u2026<\/p>\n<p> <a class=\"continue-reading-link\" href=\"https:\/\/project.inria.fr\/proteus\/partners\/\"><span>Continue reading<\/span><i class=\"crycon-right-dir\"><\/i><\/a> <\/p>\n","protected":false},"author":548,"featured_media":0,"parent":0,"menu_order":0,"comment_status":"closed","ping_status":"closed","template":"","meta":{"footnotes":""},"class_list":["post-64","page","type-page","status-publish","hentry"],"_links":{"self":[{"href":"https:\/\/project.inria.fr\/proteus\/wp-json\/wp\/v2\/pages\/64","targetHints":{"allow":["GET"]}}],"collection":[{"href":"https:\/\/project.inria.fr\/proteus\/wp-json\/wp\/v2\/pages"}],"about":[{"href":"https:\/\/project.inria.fr\/proteus\/wp-json\/wp\/v2\/types\/page"}],"author":[{"embeddable":true,"href":"https:\/\/project.inria.fr\/proteus\/wp-json\/wp\/v2\/users\/548"}],"replies":[{"embeddable":true,"href":"https:\/\/project.inria.fr\/proteus\/wp-json\/wp\/v2\/comments?post=64"}],"version-history":[{"count":7,"href":"https:\/\/project.inria.fr\/proteus\/wp-json\/wp\/v2\/pages\/64\/revisions"}],"predecessor-version":[{"id":93,"href":"https:\/\/project.inria.fr\/proteus\/wp-json\/wp\/v2\/pages\/64\/revisions\/93"}],"wp:attachment":[{"href":"https:\/\/project.inria.fr\/proteus\/wp-json\/wp\/v2\/media?parent=64"}],"curies":[{"name":"wp","href":"https:\/\/api.w.org\/{rel}","templated":true}]}}