

{"id":66,"date":"2023-05-03T15:48:37","date_gmt":"2023-05-03T13:48:37","guid":{"rendered":"https:\/\/project.inria.fr\/proteus\/?page_id=66"},"modified":"2026-03-23T16:56:36","modified_gmt":"2026-03-23T15:56:36","slug":"results","status":"publish","type":"page","link":"https:\/\/project.inria.fr\/proteus\/results\/","title":{"rendered":"Results"},"content":{"rendered":"<h2 class=\"wp-block-heading\">Publications in international journals<\/h2>\n\n\n\n<ol class=\"wp-block-list\">\n<li>Peitro Cimarosto, Sebastien Velut, Kalou Cabrera Castillos, Juan Jesus Torre-Tresols, Rapha\u00eblle N. Roy, and Frederic Dehais. &#8220;<em>Near-invisible c-VEP-based passive BCI for mental workload monitoring.<\/em>&#8221; Journal of Neural Engineering, 2026 &#8211; <a href=\"https:\/\/hal.science\/hal-05556478v1\/file\/PROTEUS_JNE%20%281%29.pdf\">pdf<\/a><\/li>\n\n\n\n<li>Aline Roc, L\u00e9na Kolodzienski, Pauline Dreyer, Aur\u00e9lien Appriou, Thibaut Monseigne, Fabien Lotte, <em>Evolution of users\u2019 subjective experience over three training sessions with an EEG Motor-Imagery Brain\u2013Computer Interface (MI-BCI)<\/em>, Brain Research, 2026 &#8211; <a href=\"https:\/\/hal.science\/hal-05449239v1\/file\/Brain_Research_Workload_Study_Final.pdf\">pdf<\/a><\/li>\n\n\n\n<li>Thibault de Surrel, Sylvain Chevallier, Fabien Lotte, Florian Yger. <em>Geometry-Aware visualization of high dimensional Symmetric Positive Definite matrices<\/em>. Transactions on Machine Learning Research Journal, 2025 &#8211; <a href=\"https:\/\/hal.science\/hal-04942016v2\" target=\"_blank\" rel=\"noreferrer noopener\">pdf<\/a><\/li>\n\n\n\n<li>David E Carlson, Ricardo Chavarriaga, Yiling Liu, Fabien Lotte, Bao-Liang Lu. <em>The NERVE-ML (neural engineering reproducibility and validity essentials for machine learning) checklist: ensuring machine learning advances neural engineering<\/em>. Journal of Neural Engineering, 2025, 22 (2), pp.021002 &#8211; <a href=\"https:\/\/hal.science\/hal-05450329v1\" target=\"_blank\" rel=\"noreferrer noopener\">pdf<\/a><\/li>\n<\/ol>\n\n\n\n<h2 class=\"wp-block-heading\">Publications in international book chapters<\/h2>\n\n\n\n<ol class=\"wp-block-list\">\n<li>Fran\u00e7ois Cabestaing, Sylvain Chevallier. <em>From signals to decisions in noninvasive neural technologies<\/em>. Davide Valeriani; Theresa M. Vaughan. Neural Interfaces, Academic Press; Elsevier, pp.77-90, 2025 &#8211;<a href=\"https:\/\/hal.science\/hal-05266468v1\" target=\"_blank\" rel=\"noreferrer noopener\">pdf<\/a><\/li>\n\n\n\n<li>Fabien Lotte, Pauline Dreyer, S\u00e9bastien Rimbert, David Trocellier, Marc Welter. <em>How to build a brain\u2013computer interface from beginning to end<\/em>. Neural Interfaces, Elsevier, pp.115-141, 2025 &#8211; <a href=\"https:\/\/hal.science\/hal-05233732v1\" target=\"_blank\" rel=\"noreferrer noopener\">pdf<\/a><\/li>\n<\/ol>\n\n\n\n<h2 class=\"wp-block-heading\">Publications in international conference<\/h2>\n\n\n\n<ol class=\"wp-block-list\">\n<li>Thibault de Surrel, Florian Yger, Fabien Lotte, Sylvain Chevallier. <em>A probabilistic view on Riemannian machine learning models for SPD matrices<\/em>. GSI 2025 &#8211; 7th International Conference on Geometric Science of Information, Oct 2025, Saint Malo, France. <a href=\"https:\/\/hal.science\/hal-05343695v1\" target=\"_blank\" rel=\"noreferrer noopener\">pdf<\/a><\/li>\n\n\n\n<li>Thibault de Surrel, Tristan Venot, Marie-Constance Corsi, Florian Yger.<em> Interpretability of Riemannian tools used in brain computer interfaces<\/em>. MLSP 2025 &#8211; 35th IEEE International Workshop on Machine Learning for Signal Processing, Aug 2025, Istanbul, Turkey &#8211; <a href=\"https:\/\/hal.science\/hal-05245110v1\" target=\"_blank\" rel=\"noreferrer noopener\">pdf<\/a><\/li>\n\n\n\n<li>Thibault de Surrel, Fabien Lotte, Sylvain Chevallier, Florian Yger. <em>Wrapped Gaussian on the manifold of Symmetric Positive Definite Matrices<\/em>. ICML 2025 &#8211; 42nd International Conference on Machine Learning, Jul 2025, Vancouver, Canada. &#8211;  <a href=\"https:\/\/hal.science\/hal-05158268v1\">pdf<\/a> <\/li>\n\n\n\n<li>Pauline Dreyer, Rapha\u00eblle N Roy, Fabien Lotte. <em>Building a taxonomy of variability factors in active BCI<\/em>. BCI 2025 &#8211; 11th International BCI Meeting Building Momentum: Fostering Collaboration in BCI, Jun 2025, Banff, Canada &#8211; <a href=\"https:\/\/hal.science\/hal-05151145v1\" target=\"_blank\" rel=\"noreferrer noopener\">pdf<\/a><\/li>\n\n\n\n<li>David Trocellier, Bernard N&#8217;Kaoua, Fabien Lotte.<em> BCI classifiers integrating measures of variability factors: a mini-review<\/em>. NeuroAdaptive Technology Conference 2025 (NAT&#8217;25), Apr 2025, Berlin, Germany &#8211; <a href=\"https:\/\/hal.science\/hal-05159681v1\" target=\"_blank\" rel=\"noreferrer noopener\">pdf<\/a><\/li>\n\n\n\n<li>S\u00e9bastien Velut, Sylvain Chevallier, Marie-Constance Corsi, Fr\u00e9d\u00e9ric Dehais. &#8220;<em>Deep Riemannian Neural Architectures for Domain Adaptation in Burst cVEP-based Brain Computer Interface<\/em>&#8220;. ESANN 2024 &#8211; European Symposium on Artificial Neural Networks, Computational Intelligence and Machine Learning, Oct 2024, Bruges (Belgium). pp.571-576, \u27e810.14428\/esann\/2024.ES2024-112\u27e9 &#8211; <a href=\"https:\/\/hal.science\/hal-04720928v1\/file\/ES2024-112.pdf\">pdf<\/a><\/li>\n\n\n\n<li>Jaime Riascos, Marta Molinas, Fabien Lotte. <em>&#8220;Machine Learning Methods for BCI: challenges, pitfalls and promises&#8221;<\/em>. ESANN 2024 &#8211; European Symposium on Artificial Neural Networks, Computational Intelligence and Machine Learning, Oct 2024, Bruges, Belgium. &#8211; <a href=\"https:\/\/inria.hal.science\/hal-04720583v1\/file\/ESANN_BCI_Machine_Learning-19.pdf\" data-type=\"URL\" data-id=\"https:\/\/inria.hal.science\/hal-04720583v1\/file\/ESANN_BCI_Machine_Learning-19.pdf\">pdf<\/a><\/li>\n\n\n\n<li>Pauline Dreyer, Aline Roc, David Trocellier, Marc Welter, Rapha\u00eblle N Roy, Fabien Lotte, &#8220;<em>Exploring EOG markers of fatigue during motor imagery BCI use<\/em>&#8220;. INE &#8211; 9th Graz BCI Conference 2024, Sep 2024, Graz, Austria &#8211; <a href=\"https:\/\/hal.science\/hal-04706552v1\/file\/GRAZ_EOG_Marker_of_fatigue_BCI.pdf\">pdf<\/a><\/li>\n\n\n\n<li>Thibault de Surrel, Sylvain Chevallier, Fabien Lotte, Florian Yger. &#8220;<em>Averaging trajectories on the manifold of symmetric positive definite matrices&#8221;<\/em>. EUSIPCO 2024 &#8211; 32nd European Signal Processing Conference, Aug 2024, Lyon, France &#8211; <a href=\"https:\/\/hal.science\/hal-04708878v1\/file\/0001182.pdf\" data-type=\"URL\" data-id=\"https:\/\/hal.science\/hal-04708878v1\/file\/0001182.pdf\">pdf<\/a><\/li>\n\n\n\n<li>David Trocellier, Bernard N&#8217;Kaoua, Fabien Lotte, &#8220;<em>Visual cues can bias EEG Deep Learning models<\/em>&#8220;. In Neuroergonomics 2024-The 5th International Conference, Bordeaux, France, 2024 &#8211; <a href=\"https:\/\/hal.science\/hal-04651337v1\/file\/Neuroergonomics_2024_DT.pdf\" data-type=\"URL\" data-id=\"https:\/\/hal.science\/hal-04651337v1\/file\/Neuroergonomics_2024_DT.pdf\">pdf<\/a><\/li>\n<\/ol>\n\n\n\n<h2 class=\"wp-block-heading\">Scientific outreach<\/h2>\n\n\n\n<ol class=\"wp-block-list\">\n<li>Florian Yger, &#8220;<em>IA et cerveau : connexion en cours&#8230;<\/em>&#8220;, Festival Pint of Science 2025, &#8220;<a href=\"https:\/\/pintofscience.fr\/event\/ia-et-sante-comprendre-le-corps-et-lire-lesprit\/\">IA et sant\u00e9 : comprendre le corps et lire l&#8217;esprit<\/a>&#8220;<\/li>\n\n\n\n<li>Thibault de Surrel, Ma th\u00e8se en 180 secondes &#8211; <a href=\"https:\/\/www.youtube.com\/watch?v=bsKvcsHeC5I&amp;t=1638s\">finale PSL \u00e9dition 2025<\/a><\/li>\n<\/ol>","protected":false},"excerpt":{"rendered":"<p>Publications in international journals Publications in international book chapters Publications in international conference Scientific outreach<\/p>\n<p> <a class=\"continue-reading-link\" href=\"https:\/\/project.inria.fr\/proteus\/results\/\"><span>Continue reading<\/span><i class=\"crycon-right-dir\"><\/i><\/a> <\/p>\n","protected":false},"author":548,"featured_media":0,"parent":0,"menu_order":0,"comment_status":"closed","ping_status":"closed","template":"","meta":{"footnotes":""},"class_list":["post-66","page","type-page","status-publish","hentry"],"_links":{"self":[{"href":"https:\/\/project.inria.fr\/proteus\/wp-json\/wp\/v2\/pages\/66","targetHints":{"allow":["GET"]}}],"collection":[{"href":"https:\/\/project.inria.fr\/proteus\/wp-json\/wp\/v2\/pages"}],"about":[{"href":"https:\/\/project.inria.fr\/proteus\/wp-json\/wp\/v2\/types\/page"}],"author":[{"embeddable":true,"href":"https:\/\/project.inria.fr\/proteus\/wp-json\/wp\/v2\/users\/548"}],"replies":[{"embeddable":true,"href":"https:\/\/project.inria.fr\/proteus\/wp-json\/wp\/v2\/comments?post=66"}],"version-history":[{"count":9,"href":"https:\/\/project.inria.fr\/proteus\/wp-json\/wp\/v2\/pages\/66\/revisions"}],"predecessor-version":[{"id":106,"href":"https:\/\/project.inria.fr\/proteus\/wp-json\/wp\/v2\/pages\/66\/revisions\/106"}],"wp:attachment":[{"href":"https:\/\/project.inria.fr\/proteus\/wp-json\/wp\/v2\/media?parent=66"}],"curies":[{"name":"wp","href":"https:\/\/api.w.org\/{rel}","templated":true}]}}