

{"id":66,"date":"2018-03-01T11:19:13","date_gmt":"2018-03-01T10:19:13","guid":{"rendered":"https:\/\/project.inria.fr\/quasymodo\/?page_id=66"},"modified":"2023-09-18T10:19:44","modified_gmt":"2023-09-18T08:19:44","slug":"results","status":"publish","type":"page","link":"https:\/\/project.inria.fr\/quasymodo\/results\/","title":{"rendered":"Results"},"content":{"rendered":"<p><\/p>\n<h3>Publications<\/h3>\n<ul>\n<li>Differential meet-in-the-middle cryptanalysis &#8211; Christina Boura, Nicolas David, Patrick Derbez, Gregor Leander, and <span id=\"OBJ_PREFIX_DWT49_com_zimbra_date\" class=\"Object\" role=\"link\">Mar<\/span>\u00eda Naya-Plasencia &#8211; In Crypto 2023 <a href=\"https:\/\/eprint.iacr.org\/2022\/1640\"><span id=\"OBJ_PREFIX_DWT50_com_zimbra_url\" class=\"Object\" role=\"link\">[pdf]<\/span><\/a>.<\/li>\n<li><span dir=\"ltr\" role=\"presentation\">Quantum impossible differential attacks: <\/span><span dir=\"ltr\" role=\"presentation\">Applications to AES and SKINNY &#8211; Nicolas David Mar\u00eda Naya-Plasencia and Andr\u00e9 Schrottenloher &#8211; DCC 2023 <a href=\"https:\/\/eprint.iacr.org\/2022\/754.pdf\">[pdf]<\/a><\/span><\/li>\n<li><span title=\"Marek Broll\"><span class=\"title\">Better steady than speedy: Full break of SPEEDY-7-192 &#8211; Christina Boura, Nicolas David, Rachelle Heim Boissier, and <span id=\"OBJ_PREFIX_DWT52_com_zimbra_date\" class=\"Object\" role=\"link\">Mar<\/span>\u00eda Naya-Plasencia &#8211; In Eurocrypt 2023. <a href=\"https:\/\/eprint.iacr.org\/2022\/1351.pdf\">[pdf]<\/a><\/span><\/span><\/li>\n<li><span title=\"Marek Broll\"><span class=\"title\">Improved Differential-Linear Attacks on Reduced-Round Serpent &#8211; <\/span>M. Broll<\/span>,\u00a0<span title=\"Federico Canale\">F. Canale<\/span>, N. David,\u00a0<span title=\"Antonio Fl\u00f3rez-Guti\u00e9rrez\">A. Fl\u00f3rez-Guti\u00e9rrez<\/span>,\u00a0<span title=\"Gregor Leander\">G. Leander<\/span>,\u00a0<span class=\"this-person\">M. Naya-Plasencia, Y. Todo &#8211; In<\/span>\u00a0CT-RSA 2022, <a href=\"https:\/\/link.springer.com\/chapter\/10.1007\/978-3-030-95312-6_20\">[springer]<\/a>.<cite class=\"data tts-content\"><\/cite><\/li>\n<li>\n<div>Improved differential-linear attacks with applications to ARX ciphers &#8211; Christof Beierle, Marek Broll, Federico Canale, Nicolas David, Antonio Fl\u00f3rez-Guti\u00e9rrez, Gregor Leander, <span id=\"OBJ_PREFIX_DWT47_com_zimbra_date\" class=\"Object\" role=\"link\">Mar<\/span>\u00eda Naya-Plasencia, and Yosuke Todo &#8211;\u00a0 Journal of Cryptology, 35(4):29, 2022. <a href=\"https:\/\/link.springer.com\/article\/10.1007\/s00145-022-09437-z\">[springer]<\/a><\/div>\n<\/li>\n<li><span title=\"Marek Broll\"><span class=\"title\">Generic Framework for Key-Guessing Improvements &#8211;\u00a0<\/span>M. Broll<\/span>,\u00a0<span title=\"Federico Canale\">F. Canale<\/span>,\u00a0<span title=\"Antonio Fl\u00f3rez-Guti\u00e9rrez\">A. Fl\u00f3rez-Guti\u00e9rrez<\/span>,\u00a0<span title=\"Gregor Leander\">G. Leander<\/span>,\u00a0<span class=\"this-person\">M. Naya-Plasencia &#8211; In<\/span>\u00a0ASIACRYPT (1)\u00a02021, pp, 453-483. <a href=\"https:\/\/link.springer.com\/chapter\/10.1007%2F978-3-030-92062-3_16\">[pdf]<\/a><\/li>\n<li>Internal symmetries and linear properties: Full-permutation distinguishers and improved collisions on Gimli &#8211; Antonio Fl\u00f3rez-Guti\u00e9rrez, Ga\u00ebtan Leurent, <span id=\"OBJ_PREFIX_DWT48_com_zimbra_date\" class=\"Object\" role=\"link\">Mar<\/span>\u00eda Naya-Plasencia, L\u00e9o Perrin, Andr\u00e9 Schrottenloher, and Ferdinand Sibleyras &#8211; Journal of Cryptology, 34(4):45, 2021. <a href=\"https:\/\/link.springer.com\/article\/10.1007\/s00145-021-09413-z\">[springer]<\/a><\/li>\n<li>\u00a0<span class=\"title\">Quantum Linearization Attacks &#8211;\u00a0<\/span><span title=\"Xavier Bonnetain\">X. Bonnetain<\/span>,\u00a0<span title=\"Ga\u00ebtan Leurent\">G. Leurent<\/span>,\u00a0<span class=\"this-person\">M. Naya-Plasencia<\/span>,\u00a0<span title=\"Andr\u00e9 Schrottenloher\">A. Schrottenloher &#8211; In\u00a0<\/span>ASIACRYPT (1)\u00a02021, pp.\u00a0422-452. <a href=\"https:\/\/eprint.iacr.org\/2021\/1239\">[pdf]<\/a><\/li>\n<li>Improved indifferentiability security proof for 3-round tweakable Luby Rackoff &#8211; Ritam Bhaumik, Mridul Nandi, Anik Raychaudhuri &#8211; In Des. Codes Cryptogr. &#8211; <a href=\"https:\/\/link.springer.com\/article\/10.1007\/s10623-021-00913-4\">[springer]<\/a><\/li>\n<li><span title=\"Ritam Bhaumik\"><span class=\"title\">QCB: Efficient Quantum-Secure Authenticated Encryption &#8211;\u00a0<\/span>R. Bhaumik<\/span>,\u00a0<span title=\"Xavier Bonnetain\">X. Bonnetain<\/span>,\u00a0<span title=\"Andr\u00e9 Chailloux\">A. Chailloux<\/span>,\u00a0<span title=\"Ga\u00ebtan Leurent\">G. Leurent<\/span>,\u00a0<span class=\"this-person\">M. Naya-Plasencia<\/span>,\u00a0<span title=\"Andr\u00e9 Schrottenloher\">A. Schrottenloher<\/span>,\u00a0<span title=\"Yannick Seurin\">Y. Seurin &#8211; In<\/span>\u00a0ASIACRYPT (1)\u00a02021, pp.\u00a0668-698. <a href=\"https:\/\/eprint.iacr.org\/2020\/1304\">[pdf]<\/a><\/li>\n<li>Internal Symmetries and Linear Properties: Full-permutation Distinguishers and Improved Collisions on Gimli &#8211;\u00a0<span title=\"Antonio Fl\u00f3rez-Guti\u00e9rrez\">A. Fl\u00f3rez-Guti\u00e9rrez<\/span>,\u00a0<span title=\"Ga\u00ebtan Leurent\">G. Leurent<\/span>,\u00a0<span class=\"this-person\">M. Naya-Plasencia<\/span>,\u00a0<span title=\"L\u00e9o Perrin\">L. Perrin<\/span>,\u00a0<span title=\"Andr\u00e9 Schrottenloher\">A. Schrottenloher<\/span>,\u00a0<span title=\"Ferdinand Sibleyras\">F. Sibleyras &#8211; In\u00a0\u00a0Journal of Cryptology, vol. 34(4):\u00a045\u00a0(2021). <a href=\"https:\/\/link.springer.com\/article\/10.1007%2Fs00145-021-09413-z\">[pdf]<\/a>\u00a0<\/span><\/li>\n<li>Quantum Boomerang Attacks and Some Applications &#8211;\u00a0 P. Frixons, M. Naya-Plasencia, A. Schrottenloher &#8211; In SAC 2021 &#8211; <cite class=\"data tts-content\"><span class=\"title\"><a href=\"https:\/\/eprint.iacr.org\/2022\/060.pdf\">[pdf]<\/a><\/span><\/cite><\/li>\n<li><span title=\"Akinori Hosoyamada\"><span class=\"title\">Improved Attacks on sLiSCP Permutation and Tight Bound of Limited Birthday Distinguishers &#8211;\u00a0<\/span>A. Hosoyamada<\/span>,\u00a0<span class=\"this-person\">M. Naya-Plasencia<\/span>,\u00a0<span title=\"Yu Sasaki\">Y. Sasaki &#8211; In<\/span>\u00a0IACR Trans. Symmetric Cryptol. 2020 (4), pp. 147-172.\u00a0<a href=\"https:\/\/tosc.iacr.org\/index.php\/ToSC\/article\/view\/8752\">[pdf]<\/a><\/li>\n<li>New Results on Gimli: full-permutation Distinguishers and Improved Collisions &#8211; A. Fl\u00f3rez Guti\u00e9rrez, G. Leurent, M. Naya-Plasencia, L. Perrin, A. Schrottenloher, F. Sibleyras &#8211;\u00a0 In: ASIACRYPT 2020.<a href=\"https:\/\/eprint.iacr.org\/2020\/744\"> [pdf]<\/a> (Best Paper Award)<\/li>\n<li>Low-gate Quantum Golden Collision Finding &#8211; S. Jaques and A. Schrottenloher &#8211; In: SAC 2020. <a href=\"https:\/\/eprint.iacr.org\/2020\/424\">[pdf]<\/a><\/li>\n<li><a href=\"https:\/\/project.inria.fr\/saturnin\/\">Saturnin: A suite of Lightweight Symmetric Algorithms for Post-quantum Security<\/a> &#8211; A. Canteaut, S. Duval, G. Leurent, M. Naya-Plasencia, L. Perrin, T. Pornin and A. Schrottenloher &#8211; In: IACR Trans. Symmetric Cryptol. 2020 (S1), pp. 160-207. <a href=\"https:\/\/tosc.iacr.org\/index.php\/ToSC\/article\/view\/8621\">[pdf]<\/a><\/li>\n<li>Improved Classical and Quantum Algorithms for Subset-sum &#8211; X. Bonnetain, R. Bricout, A. Schrottenloher and Y. Shen &#8211; In: ASIACRYPT 2020.<a href=\"https:\/\/eprint.iacr.org\/2020\/168\"> [pdf]<\/a><\/li>\n<li>Out of Oddity &#8211; New Cryptanalytic Techniques Against Symmetric Primitives Optimized for Integrity Proof Systems &#8211; T. Beyne, A. Canteaut, I. Dinur, M. Eichlseder, G. Leander, G. Leurent, M. Naya-Plasencia, L. Perrin, Y. Sasaki, Y. Todo, F. Wiemer &#8211; In: CRYPTO 2020, Lecture Notes in Computer Science, vol. 12172, pp. 299-328. Springer (2020). <a href=\"https:\/\/eprint.iacr.org\/2020\/188\">[pdf]<\/a><\/li>\n<li><a href=\"https:\/\/eprint.iacr.org\/2020\/309\">Cryptanalysis Results on Spook<\/a> &#8211; P. Derbez, P. Huynh, V. Lallemand, M. Naya-Plasencia, L. Perrin, A. Schrottenloher &#8211; In: CRYPTO 2020.<a href=\"https:\/\/eprint.iacr.org\/2020\/309\"> [pdf]<\/a><\/li>\n<li>Improving Key-Recovery in Linear Attacks: Application to 28-round PRESENT &#8211; A. Fl\u00f3rez Guti\u00e9rrez and M. Naya-Plasencia &#8211; In: EUROCRYPT 2020.<\/li>\n<li><a href=\"https:\/\/eprint.iacr.org\/2019\/501\">Optimal Merging in Quantum k-xor and k-sum Algorithms<\/a> &#8211; M. Naya-Plasencia and A. Schrottenloher &#8211; In: EUROCRYPT 2020. <a href=\"https:\/\/eprint.iacr.org\/2019\/501.pdf\">[pdf]<\/a><\/li>\n<li><a href=\"https:\/\/eprint.iacr.org\/2018\/537\">Quantum Security Analysis of CSIDH<\/a> &#8211; X. Bonnetain, A. Schrottenloher &#8211; In: EUROCRYPT 2020. <a href=\"https:\/\/eprint.iacr.org\/2018\/537.pdf\">[pdf]<\/a><\/li>\n<li><a href=\"https:\/\/eprint.iacr.org\/2019\/614\">Quantum Attacks without Superposition Queries: the Offline Simon Algorithm<\/a> &#8211; X. Bonnetain, A. Hosoyamada, M. Naya-Plasencia, Y. Sasaki, A. Schrottenloher &#8211; In: ASIACRYPT 2019, Lecture Notes in Computer Science, vol. 11921, pp. 552\u2013583. Springer (2019). <a href=\"https:\/\/eprint.iacr.org\/2019\/614.pdf\">[pdf]<\/a><\/li>\n<li><a href=\"https:\/\/eprint.iacr.org\/2019\/528\">Anomalies and Vector Space Search: Tools for S-Box Analysis<\/a> &#8211; X. Bonnetain, L. Perrin and S. Tian &#8211; In: ASIACRYPT 2019, Lecture Notes in Computer Science, vol. 11921, pp. 196-223. Springer (2019). <a href=\"https:\/\/eprint.iacr.org\/2019\/528.pdf\">[pdf]<\/a><\/li>\n<li><a href=\"https:\/\/eprint.iacr.org\/2018\/1067\">On Quantum Slide Attacks<\/a> &#8211; X. Bonnetain, M. Naya-Plasencia and A. Schrottenloher &#8211; In: SAC 2019, Lecture Notes in Computer Science, vol. 11959, pp. 492-519. Springer (2019). <a href=\"https:\/\/eprint.iacr.org\/2018\/1067.pdf\">[pdf]<\/a><\/li>\n<li><a href=\"https:\/\/tosc.iacr.org\/index.php\/ToSC\/article\/view\/8314\">Quantum Security Analysis of AES<\/a> &#8211; X. Bonnetain, M. Naya-Plasencia and A. Schrottenloher &#8211; In: IACR Trans. Symmetric Cryptol. 2019.2 (2019), pp. 55\u201393. <a href=\"https:\/\/tosc.iacr.org\/index.php\/ToSC\/article\/view\/8314\/7663ttps:\/\/eprint.iacr.org\/2019\/272.pdf\">[pdf]<\/a><\/li>\n<li>Hidden Shift Quantum Cryptanalysis and Implications &#8211; X. Bonnetain and M. Naya-Plasencia &#8211; in <a href=\"https:\/\/asiacrypt.iacr.org\/2018\/acceptedpapers.html\">Asiacrypt 2018<\/a>, Lecture Notes in Computer Science, vol. 11272, pp. 560\u2013592. Springer (2018). <a href=\"https:\/\/eprint.iacr.org\/2018\/432.pdf\">[pdf]<\/a><\/li>\n<li><a href=\"https:\/\/link.springer.com\/chapter\/10.1007\/978-3-030-03326-2_18\">Quantum Algorithms for the k-xor Problem<\/a> &#8211; L. Grassi, M. Naya-Plasencia and A. Schrottenloher &#8211; in <a href=\"https:\/\/asiacrypt.iacr.org\/2018\/acceptedpapers.html\">Asiacrypt 2018<\/a>, Lecture Notes in Computer Science, vol. 11272, pp. 527\u2013559. Springer (2018). [pdf]<\/li>\n<li>Quantum Key-Recovery on full AEZ &#8211; X. Bonnetain &#8211; in <a href=\"http:\/\/sacworkshop.org\/SAC17\/SAC2017.htm\">SAC 2017<\/a>, Lecture Notes in Computer Science, vol. 10719, pp. 394\u2013406. Springer, 2017. <a href=\"https:\/\/who.rocq.inria.fr\/Xavier.Bonnetain\/pdfs\/qAEZ.pdf\">[pdf]<\/a><\/li>\n<li><a href=\"https:\/\/eprint.iacr.org\/2017\/847\">An Efficient Quantum Collision Search Algorithm and Implications on Symmetric Cryptography<\/a> &#8211; <span class=\"author\">A. Chailloux, M. Naya-Plasencia and A. Schrottenloher <\/span>&#8211; in <span class=\"journal\"><a href=\"https:\/\/asiacrypt.iacr.org\/2017\/\">Asiacrypt 2017,<\/a> Lecture Notes in Computer Science<\/span>,vol.<span class=\"date\"> 10625, pp. 211-240, Springer, 2017. <a href=\"https:\/\/eprint.iacr.org\/2017\/847\">[pdf]<\/a><\/span><\/li>\n<\/ul>\n<h3>Preprints<\/h3>\n<ul>\n<li>\n<div>\u00a0Safely doubling your block ciphers for a post-quantum world &#8211; Ritam Bhaumik, Andr\u00e9 Chailloux, Paul Frixons, and <span id=\"OBJ_PREFIX_DWT53_com_zimbra_date\" class=\"Object\" role=\"link\">Mar<\/span>\u00eda Naya-Plasencia &#8211; IACR Cryptol. ePrint Arch., page 1342, 2022. <a href=\"https:\/\/eprint.iacr.org\/2022\/1342.pdf\">[pdf]<\/a><\/div>\n<\/li>\n<li>Improved Low-qubit Hidden Shift Algorithms &#8211; X. Bonnetain &#8211; arXiv preprint <a href=\"https:\/\/arxiv.org\/abs\/1901.11428\">arXiv:1901.11428<\/a>.<\/li>\n<li>Quantum binary quadratic form reduction &#8211; Nicolas David, Thomas Espitau, Akinori Hosoyamada &#8211; In ePrint &#8211; <a href=\"https:\/\/eprint.iacr.org\/2022\/466.pdf\">[pdf]<\/a><span dir=\"ltr\" role=\"presentation\"><br \/>\n<\/span><\/li>\n<\/ul>\n<h3>Saturnin<\/h3>\n<ul>\n<li><a href=\"https:\/\/project.inria.fr\/saturnin\/\">Saturnin: A suite of Lightweight Symmetric Algorithms for Post-quantum Security<\/a> &#8211; A. Canteaut, S. Duval, G. Leurent, M. Naya-Plasencia, L. Perrin, T. Pornin and A. Schrottenloher &#8211; candidate of the <a href=\"https:\/\/csrc.nist.gov\/Projects\/Lightweight-Cryptography\">NIST competition for lightweight cryptography<\/a>.<a href=\"https:\/\/project.inria.fr\/saturnin\/\"> [link]<\/a>, now in the second round.<\/li>\n<\/ul>\n<h3>Presentations<\/h3>\n<ul>\n<li>Symmetric cryptography for long-term security\u00a0 &#8211; M. Naya-Plasencia &#8211; In Invited keynote speaker, Eurocrypt 2022, Trodheim, Norway, June\n<div>2022. <span id=\"OBJ_PREFIX_DWT54_com_zimbra_url\" class=\"Object\" role=\"link\"><a href=\"https:\/\/www.youtube.com\/watch?v=kcaPL2xxXiY\" target=\"_blank\" rel=\"nofollow noopener noreferrer\">https:\/\/www.youtube.com\/watch?v=kcaPL2xxXiY<\/a><\/span><\/div>\n<\/li>\n<li>\u00a0Quantum-safe symmetric cryptography &#8211; M. Naya-Plasencia &#8211; In WCC 2022: The Twelfth International Workshop on Coding and Cryptography, Rostock, Germany. Invited keynote speaker, March 2022.<\/li>\n<li>Quantum-safe symmetric cryptography\u00a0&#8211; M. Naya-Plasencia &#8211; In 22nd international conference on Cryptology &#8211; Indocrypt 2021, Jaipur, India. Invited keynote speaker, December 2021.<\/li>\n<li>Tutorial: New Results on Symmetric Quantum Cryptanalysis and Perspectives &#8211; M. Naya-Plasencia, QCrypt 2020 <a href=\"https:\/\/2020.qcrypt.net\/sessions\/tutorial_naya\/\">[link]<\/a><\/li>\n<li>Quantum Attacks without Superposition Queries: the Offline Simon&#8217;s Algorithm &#8211; A. Schrottenloher, QIP 2020 (single track), Shenzhen, January 2020<\/li>\n<li>Quantum Merging Algorithms &#8211; A. Schrottenloher, Dagstuhl Seminar: Quantum Cryptanalysis, October 2019, Schloss Dagstuhl, Germany.<\/li>\n<li>Quantum Attacks without Superposition Queries: the Offline Simon&#8217;s Algorithm &#8211; X. Bonnetain, Dagstuhl Seminar: Quantum Cryptanalysis, October 2019, Schloss Dagstuhl, Germany.<\/li>\n<li>Quantum Algorithms for Cryptanalysis &#8211; A. Schrottenloher, Invited talk at QuAC, affiliated event to <a href=\"https:\/\/eurocrypt.iacr.org\/2019\/affiliatedevents.html#abstract-SPY\">Eurocrypt<\/a>, May 19, 2019, Darmstadt, Germany<\/li>\n<li>Preparing Symmetric Cryptography for the Quantum World &#8211; M. Naya-Plasencia, Invited talk at <a href=\"https:\/\/fse.iacr.org\/2019\/program.html\">FSE<\/a>, March 2019, Paris, France<\/li>\n<li><a href=\"https:\/\/www.greyc.fr\/?tribe_events=xavier-bonnetain-quantum-cryptanalysis-with-hidden-shifts\">Quantum Cryptanalysis with Hidden Periods and Shifts<\/a> &#8211; X. Bonnetain &#8211; S\u00e9minaire cryptologie et s\u00e9curit\u00e9, GREYC, March 13, 2019<\/li>\n<li>Optimal Merging Trees in Quantum k-xor Algorithms &#8211; A. Schrottenloher &#8211; S\u00e9minaire de cryptographie de l&#8217;universit\u00e9 de Versailles, 2019. <a href=\"https:\/\/project.inria.fr\/quasymodo\/versailles-kxor-slides.pdf\">[slides]<\/a><\/li>\n<li>Quantum Cryptanalysis of AES &#8211; A. Schrottenloher &#8211; Journ\u00e9es Codage et Cryptographie, October 2018, Aussois, France. <a href=\"https:\/\/jc2-2018.sciencesconf.org\/resource\/page\/id\/10\">[link]<\/a><\/li>\n<li>Submerging CSIDH &#8211; X. Bonnetain &#8211; Journ\u00e9es Codage et Cryptographie, October 2018, Aussois, France. <a href=\"https:\/\/jc2-2018.sciencesconf.org\/resource\/page\/id\/10\">[link]<\/a><\/li>\n<li><span class=\"title\">New results on quantum symmetric cryptanalysis <\/span>&#8211; <span class=\"author\">M. Naya-Plasencia &#8211; QUANTALGO, Quantum Algorithms and Applications workshop, September, 2018 <a href=\"http:\/\/quantalgo.ulb.be\/workshop\/\">[link]<\/a><br \/>\n<\/span><\/li>\n<li>New results on quantum symmetric cryptanalysis &#8211; M. Naya-Plasencia &#8211; Crossfyre\u00a0Workshop, September 2018, University of Surrey, UK. <a href=\"https:\/\/www.surrey.ac.uk\/events\/20180913-crossfyre-2018-8th-international-workshop-cryptography-robustness-and-provably\">[link]<\/a><\/li>\n<li>Efficient Quantum Collision Search and Related Problems &#8211; A. Schrottenloher &#8211; Inria&#8217;s Junior Seminar, June 19, 2018. <a href=\"https:\/\/www.rocq.inria.fr\/semdoc\/\">[link]<\/a><\/li>\n<li>Overview of Lightweight Primitives: Design and Cryptanalysis &#8211; M. Naya-Plasencia &#8211; Invited talk at Lightweight Crypto day 2018. <a href=\"http:\/\/www.cs.haifa.ac.il\/~orrd\/LWD\/\">[link]<\/a><\/li>\n<li><span class=\"title\">New results on quantum symmetric cryptanalysis <\/span>&#8211; <span class=\"author\">M. Naya-Plasencia<\/span> &#8211; Invited talk, <span class=\"journal\">Journ\u00e9es nationales 2018 du GDR-IM, Palaiseau, April 2018<\/span><a href=\"http:\/\/naya.plasencia.free.fr\/Maria\/index.php?lg=en&amp;pg=quasymodo\">.\u00a0<\/a><a href=\"https:\/\/jnim2018.sciencesconf.org\/\">[link]<\/a><\/li>\n<li><span class=\"title\">New results on quantum symmetric cryptanalysis <\/span>&#8211; <span class=\"author\">M. Naya-Plasencia<\/span> &#8211; <span class=\"journal\">CCA Seminar, Paris, March 2018<\/span><a href=\"http:\/\/naya.plasencia.free.fr\/Maria\/index.php?lg=en&amp;pg=quasymodo\">.\u00a0<\/a><a href=\"http:\/\/cca.inria.fr\/\">[link]<\/a><\/li>\n<li><span class=\"title\">Quantum-Safe Symmetric Cryptography <\/span>&#8211; <span class=\"author\">M. Naya-Plasencia<\/span> &#8211; Keynote speaker at <span class=\"journal\">Lorentz center workshop on Flexible cryptography, March 2018<\/span>. <a href=\"https:\/\/www.lorentzcenter.nl\/lc\/web\/2018\/979\/info.php3?wsid=979&amp;venue=Oort\">[link]<\/a><\/li>\n<li>Quantum key-recovery on AEZ &#8211; X. Bonnetain &#8211; S\u00e9minaire de cryptographie de l&#8217;universit\u00e9 de Versailles, 2018. <a href=\"https:\/\/who.rocq.inria.fr\/Xavier.Bonnetain\/pdfs\/versailles_AEZ.pdf\">[pdf]<\/a><\/li>\n<li><span class=\"title\">New results on quantum symmetric cryptanalysis<\/span> &#8211; <span class=\"author\">M. Naya-Plasencia<\/span> &#8211; <span class=\"journal\">Dagstuhl Seminar, Seminar 17401, Quantum Cryptanalysis, Germany, October 2017<\/span>. <a href=\"https:\/\/www.dagstuhl.de\/en\/program\/calendar\/semhp\/?semnr=17401\">[link]<\/a><\/li>\n<\/ul>\n<p><\/p>","protected":false},"excerpt":{"rendered":"<p>Publications Differential meet-in-the-middle cryptanalysis &#8211; Christina Boura, Nicolas David, Patrick Derbez, Gregor Leander, and Mar\u00eda Naya-Plasencia &#8211; In Crypto 2023 [pdf]. Quantum impossible differential attacks: Applications to AES and SKINNY &#8211; Nicolas David Mar\u00eda Naya-Plasencia and Andr\u00e9 Schrottenloher &#8211; DCC 2023 [pdf] Better steady than speedy: Full break of SPEEDY-7-192\u2026<\/p>\n<p> <a class=\"continue-reading-link\" href=\"https:\/\/project.inria.fr\/quasymodo\/results\/\"><span>Continue reading<\/span><i class=\"crycon-right-dir\"><\/i><\/a> <\/p>\n","protected":false},"author":1876,"featured_media":0,"parent":0,"menu_order":0,"comment_status":"closed","ping_status":"closed","template":"","meta":{"footnotes":""},"class_list":["post-66","page","type-page","status-publish","hentry"],"_links":{"self":[{"href":"https:\/\/project.inria.fr\/quasymodo\/wp-json\/wp\/v2\/pages\/66","targetHints":{"allow":["GET"]}}],"collection":[{"href":"https:\/\/project.inria.fr\/quasymodo\/wp-json\/wp\/v2\/pages"}],"about":[{"href":"https:\/\/project.inria.fr\/quasymodo\/wp-json\/wp\/v2\/types\/page"}],"author":[{"embeddable":true,"href":"https:\/\/project.inria.fr\/quasymodo\/wp-json\/wp\/v2\/users\/1876"}],"replies":[{"embeddable":true,"href":"https:\/\/project.inria.fr\/quasymodo\/wp-json\/wp\/v2\/comments?post=66"}],"version-history":[{"count":39,"href":"https:\/\/project.inria.fr\/quasymodo\/wp-json\/wp\/v2\/pages\/66\/revisions"}],"predecessor-version":[{"id":192,"href":"https:\/\/project.inria.fr\/quasymodo\/wp-json\/wp\/v2\/pages\/66\/revisions\/192"}],"wp:attachment":[{"href":"https:\/\/project.inria.fr\/quasymodo\/wp-json\/wp\/v2\/media?parent=66"}],"curies":[{"name":"wp","href":"https:\/\/api.w.org\/{rel}","templated":true}]}}