

{"id":4,"date":"2011-12-08T11:55:34","date_gmt":"2011-12-08T11:55:34","guid":{"rendered":"http:\/\/project.inria.fr\/template1\/?page_id=4"},"modified":"2016-11-28T20:01:07","modified_gmt":"2016-11-28T19:01:07","slug":"home","status":"publish","type":"page","link":"https:\/\/project.inria.fr\/readinggroupoc\/fr\/","title":{"rendered":"Accueil"},"content":{"rendered":"<p>Bienvenue sur la page du groupe de lecture sur l&rsquo;optimisation et la th\u00e9orie du contr\u00f4le de l&rsquo;Universit\u00e9 Grenoble Alpes !<\/p>\n<p><strong>Comment \u00e7a s&rsquo;organise ?<br \/>\n<\/strong>Toutes les deux semaines, le groupe se r\u00e9unit pour parler d&rsquo;un livre choisi \u00e0 l&rsquo;avance dont la lecture est commune. Les deux th\u00e9matiques (Th\u00e9orie du contr\u00f4le et Optimisation) deviennent le th\u00e8me principal de la s\u00e9ance \u00e0 tour de r\u00f4le.<br \/>\nLes s\u00e9ances durent une heure, dont 30 \u00e0 35 minutes de pr\u00e9sentation fa\u00eetes par un petit groupe de personnes reprenant les id\u00e9es principales, et le reste du temps sert \u00e0 \u00e9changer diff\u00e9rentes questions ou remarques. L&rsquo;id\u00e9e est \u00e9galement de r\u00e9soudre un exercice pr\u00e9sent dans le livre (qui sont bien souvent laiss\u00e9s de c\u00f4t\u00e9 lors des lectures !).<\/p>\n<p><strong>\u00c7a se passe o\u00f9 et quand ?<br \/>\n<\/strong>Les r\u00e9unions se font sur le campus de St Martin d&rsquo;H\u00e8res, dans le b\u00e2timent de l&rsquo;IMAG ou du GIPSA. Pour en savoir plus, il suffit de regarder l&rsquo;onglet correspondant !<\/p>\n<p><strong>Je peux venir ?<br \/>\n<\/strong>Bien s\u00fbr, les s\u00e9ances sont ouvertes \u00e0 tous, sans condition !<\/p>\n<p><strong>Mais je dois venir \u00e0 chaque fois sur le site pour avoir des informations ?<br \/>\n<\/strong>Une liste de diffusion a \u00e9t\u00e9 mise en place pour ne rien rater ! Pour s&rsquo;y inscrire, il suffit d&rsquo;envoyer un mail \u00e0 <a href=\"mailto:sympa@inria.fr\">sympa@inria.fr<\/a> avec comme sujet \u00ab\u00a0subscribe reading-group.oc-gre\u00a0\u00bb et un message vide. Un mail viendra confirmer l&rsquo;inscription \u00e0 la liste.<\/p>","protected":false},"excerpt":{"rendered":"<p>Bienvenue sur la page du groupe de lecture sur l&rsquo;optimisation et la th\u00e9orie du contr\u00f4le de l&rsquo;Universit\u00e9 Grenoble Alpes ! Comment \u00e7a s&rsquo;organise ? Toutes les deux semaines, le groupe se r\u00e9unit pour parler d&rsquo;un livre choisi \u00e0 l&rsquo;avance dont la lecture est commune. Les deux th\u00e9matiques (Th\u00e9orie du contr\u00f4le\u2026<\/p>\n<p> <a class=\"continue-reading-link\" href=\"https:\/\/project.inria.fr\/readinggroupoc\/fr\/\"><span>Continue reading<\/span><i class=\"crycon-right-dir\"><\/i><\/a> <\/p>\n","protected":false},"author":1,"featured_media":0,"parent":0,"menu_order":0,"comment_status":"closed","ping_status":"open","template":"","meta":{"footnotes":""},"class_list":["post-4","page","type-page","status-publish","hentry"],"_links":{"self":[{"href":"https:\/\/project.inria.fr\/readinggroupoc\/fr\/wp-json\/wp\/v2\/pages\/4","targetHints":{"allow":["GET"]}}],"collection":[{"href":"https:\/\/project.inria.fr\/readinggroupoc\/fr\/wp-json\/wp\/v2\/pages"}],"about":[{"href":"https:\/\/project.inria.fr\/readinggroupoc\/fr\/wp-json\/wp\/v2\/types\/page"}],"author":[{"embeddable":true,"href":"https:\/\/project.inria.fr\/readinggroupoc\/fr\/wp-json\/wp\/v2\/users\/1"}],"replies":[{"embeddable":true,"href":"https:\/\/project.inria.fr\/readinggroupoc\/fr\/wp-json\/wp\/v2\/comments?post=4"}],"version-history":[{"count":13,"href":"https:\/\/project.inria.fr\/readinggroupoc\/fr\/wp-json\/wp\/v2\/pages\/4\/revisions"}],"predecessor-version":[{"id":287,"href":"https:\/\/project.inria.fr\/readinggroupoc\/fr\/wp-json\/wp\/v2\/pages\/4\/revisions\/287"}],"wp:attachment":[{"href":"https:\/\/project.inria.fr\/readinggroupoc\/fr\/wp-json\/wp\/v2\/media?parent=4"}],"curies":[{"name":"wp","href":"https:\/\/api.w.org\/{rel}","templated":true}]}}