

{"id":78,"date":"2019-04-16T16:03:42","date_gmt":"2019-04-16T14:03:42","guid":{"rendered":"https:\/\/project.inria.fr\/realizability2019\/?page_id=78"},"modified":"2019-04-17T23:19:53","modified_gmt":"2019-04-17T21:19:53","slug":"contact","status":"publish","type":"page","link":"https:\/\/project.inria.fr\/realizability2019\/contact\/","title":{"rendered":"Contact"},"content":{"rendered":"<p>Organizers:<\/p>\n<ul>\n<li><a href=\"https:\/\/valentinblot.org\/pro\/\">Valentin Blot<\/a> &#8211; <span style=\"font-weight: bold; cursor: pointer\" onclick=\"this.textContent=function(a,b,c){return a + '@' + b + '.' + c;}('realizability2019','valentinblot','org'); this.style.cursor='auto'; this.style.fontWeight='normal';\">show e-mail<\/span>\n<div style=\"margin-left:20px\">INRIA, LSV, CNRS, \u00c9cole Normale Sup\u00e9rieure Paris-Saclay, Universit\u00e9 Paris-Saclay<\/div>\n<\/li>\n<li><a href=\"https:\/\/floriansteinberg.github.io\/\">Florian Steinberg<\/a> &#8211; <span style=\"font-weight: bold; cursor: pointer\" onclick=\"this.textContent=function(a,b,c){return a + '@' + b + '.' + c;}('florian.steinberg','inria','fr'); this.style.cursor='auto'; this.style.fontWeight='normal';\">show e-mail<\/span>\n<div style=\"margin-left:20px\">INRIA, LRI, CNRS, Universit\u00e9 Paris-Sud, Universit\u00e9 Paris-Saclay<\/div>\n<\/li>\n<\/ul>\n","protected":false},"excerpt":{"rendered":"<p>Organizers: Valentin Blot &#8211; show e-mail INRIA, LSV, CNRS, \u00c9cole Normale Sup\u00e9rieure Paris-Saclay, Universit\u00e9 Paris-Saclay Florian Steinberg &#8211; show e-mail INRIA, LRI, CNRS, Universit\u00e9 Paris-Sud, Universit\u00e9 Paris-Saclay<\/p>\n<p> <a class=\"continue-reading-link\" href=\"https:\/\/project.inria.fr\/realizability2019\/contact\/\"><span>Continue reading<\/span><i class=\"crycon-right-dir\"><\/i><\/a> <\/p>\n","protected":false},"author":1585,"featured_media":0,"parent":0,"menu_order":0,"comment_status":"closed","ping_status":"closed","template":"","meta":{"footnotes":""},"class_list":["post-78","page","type-page","status-publish","hentry"],"_links":{"self":[{"href":"https:\/\/project.inria.fr\/realizability2019\/wp-json\/wp\/v2\/pages\/78","targetHints":{"allow":["GET"]}}],"collection":[{"href":"https:\/\/project.inria.fr\/realizability2019\/wp-json\/wp\/v2\/pages"}],"about":[{"href":"https:\/\/project.inria.fr\/realizability2019\/wp-json\/wp\/v2\/types\/page"}],"author":[{"embeddable":true,"href":"https:\/\/project.inria.fr\/realizability2019\/wp-json\/wp\/v2\/users\/1585"}],"replies":[{"embeddable":true,"href":"https:\/\/project.inria.fr\/realizability2019\/wp-json\/wp\/v2\/comments?post=78"}],"version-history":[{"count":5,"href":"https:\/\/project.inria.fr\/realizability2019\/wp-json\/wp\/v2\/pages\/78\/revisions"}],"predecessor-version":[{"id":142,"href":"https:\/\/project.inria.fr\/realizability2019\/wp-json\/wp\/v2\/pages\/78\/revisions\/142"}],"wp:attachment":[{"href":"https:\/\/project.inria.fr\/realizability2019\/wp-json\/wp\/v2\/media?parent=78"}],"curies":[{"name":"wp","href":"https:\/\/api.w.org\/{rel}","templated":true}]}}