

{"id":482,"date":"2017-09-11T10:06:21","date_gmt":"2017-09-11T08:06:21","guid":{"rendered":"http:\/\/project.inria.fr\/rencontresljll\/?page_id=482"},"modified":"2018-07-11T15:51:57","modified_gmt":"2018-07-11T13:51:57","slug":"20172018-program","status":"publish","type":"page","link":"https:\/\/project.inria.fr\/rencontresljll\/20172018-program\/","title":{"rendered":"2017\/2018 Program"},"content":{"rendered":"<p><\/p>\n<hr color=\"black\" size=\"3\">\n<p><strong><span style=\"color: #ff0000;\">Monday July 2nd  2018- JLL<\/span><br \/>\nSt\u00e9phanie Salmon,<\/strong> Univ. Reims.<br \/>\nNumerical models to study the cerebrospinal system <a href=\"http:\/\/project.inria.fr\/rencontresljll\/monday-july-2nd-2018-stephanie-salmon-univ-reims\/\"><br \/>\nAbstract <\/a><\/p>\n<hr color=\"black\" size=\"3\">\n<p><strong>Program 2017\/2018:<\/strong><\/p>\n<p><strong><span style=\"color: #ff0000;\">Monday septembre 18th  2017- Inria<\/span><br \/>\nJulien Salomon,<\/strong> Inria.<br \/>\nQuelques r\u00e9sultats math\u00e9matiques sur, la &#8220;blade element momentum<br \/>\ntheory&#8221;, une m\u00e9thode de conception d&#8217;h\u00e9lice. <a href=\"http:\/\/project.inria.fr\/rencontresljll\/monday-september-18-th-2017julien-salomon-inria\"><br \/>\nAbstract <\/a><\/p>\n<p><span style=\"color: #ff0000;\"><strong>Monday  october\u00a02th 2017<strong>&#8211; LJLL<\/strong><br \/>\n<\/strong><\/span><strong>Ma\u00eblle Nodet<\/strong>, Universit\u00e9 de Grenoble.<br \/>\nQuelques contributions \u00e0 l&#8217;assimilation de donn\u00e9es images.<br \/>\n<a href=\"http:\/\/project.inria.fr\/rencontresljll\/monday-2th-october-2017maelle-nodet-universite-grenoble-alpes-inria-equipe-airsea\">Abstract <\/a><\/p>\n<p><span style=\"color: #ff0000;\"><strong>Monday october 16 th 2017 &#8211; Inria &#8211; Deux speakers : 11 h \u00e0 12 h 30.<br \/>\n<\/strong><\/span><strong>Bijan Mohammadi, <\/strong> Universit\u00e9 de Montpellier <\/strong> et  <strong>  H. Suito, <\/strong>Tohoku Univ.<\/p>\n<p><strong>Speaker :<\/strong> Bijan Mohammadi<br \/>\nTitle: Adaptive Deep Convolutional Neural Network and supervised learning for the solution of direct and inverse engineering problems<\/p>\n<p><strong>Speaker : <\/strong> Hiroshi Suito<br \/>\nTitle: Fluid\u2013structure interaction in environmental and medical<br \/>\napplications with a machine learning approach.<br \/>\n<a href=\"http:\/\/project.inria.fr\/rencontresljll\/lundi-16-octobre-2017-b-mohammadi-universite-de-montpellier-h-suito-tohoku-univ\">Abstracts<\/a><\/p>\n<p><span style=\"color: #ff0000;\"><strong>Monday november 6th 2017<strong>&#8211; LJLL<\/strong><br \/>\n<\/strong><\/span><strong>Jean-Fr\u00e9d\u00e9ric Gerbeau<\/strong>, INRIA.<br \/>\nMod\u00e9lisation de la variabilit\u00e9 et extraction de biomarqueurs optimaux en \u00e9lectrophysiologie cardiaque.<br \/>\n<a href=\"http:\/\/project.inria.fr\/rencontresljll\/francais-lundi-6-novembre-2017jean-frederic-gerbeau-ljll\/\">Abstract <\/a><\/p>\n<p><span style=\"color: #ff0000;\"><strong>Monday november 20th 2017<strong>&#8211; Inria<\/strong><br \/>\n<\/strong><\/span><strong> Mario Sigalotti <\/strong>, INRIA.<br \/>\nEfficiency of resonant controls for quantum systems: some open questions.<br \/>\n<a href=\"http:\/\/project.inria.fr\/rencontresljll\/lundi-20-novembre-2017-mario-sigalotti-inria\/\">Abstract <\/a><\/p>\n<p><span style=\"color: #ff0000;\"><strong>Monday   december 4th 2017<strong>&#8211; LJLL<\/strong>  Seminar will take place at LPMA 16-26 113. <\/strong><br \/>\n<\/strong><\/span><strong>Xavier Claeys<\/strong>, University Pierre et Marie Curie.<br \/>\nFormulation int\u00e9grale de seconde esp\u00e8ce pour la diffraction par des<br \/>\nobjets \u00e0 sous-domaines multiples<br \/>\n<a href=\"http:\/\/project.inria.fr\/rencontresljll\/monday-december-4th-2017-xavier-claeys-universitypierre-et-marie-curie\/\">Abstract (in french)<\/a><\/p>\n<p><span style=\"color: #ff0000;\"><strong>Monday  december 18th 2017<strong>&#8211; Inria<\/strong><br \/>\n<\/strong><\/span><strong>Diane Peurichard<\/strong>, Inria Paris.<br \/>\nMulti-scale approach for a model of tumor growth: from short-range repulsion to Hele-Shaw problems<br \/>\n<a href=\"http:\/\/project.inria.fr\/rencontresljll\/monday-december-18th-2017-diane-peurichard-inria-paris\/\">Abstract <\/a><\/p>\n<p><span style=\"color: #ff0000;\"><strong>Monday  january 15th 2018<strong>&#8211; Inria<\/strong><br \/>\n<\/strong><\/span><strong>B\u00e9rang\u00e8re Delourme<\/strong>, LAGA &#8211; Universit\u00e9 Paris 13.<br \/>\nMathematical study of the Faraday cage in a simple three-dimensional configuration.<br \/>\n<a href=\"http:\/\/project.inria.fr\/rencontresljll\/monday-january-15th-2018-berangere-delourme-laga-institut-galilee-universite-paris-13\/\">Abstract <\/a><\/p>\n<p><span style=\"color: #ff0000;\"><strong>Lundi 5 f\u00e9vrier 2018<strong>&#8211; LJLL<\/strong><br \/>\n<\/strong><\/span><strong>Gabriel Peyr\u00e9<\/strong>, CNRS and Ecole Normale Sup\u00e9rieure, FRANCE.<br \/>\n Off-the-grid Methods for Sparse Spikes Super-resolution<br \/>\n<a href=\"http:\/\/project.inria.fr\/rencontresljll\/monday-febuary-5th-2018-gabriel-peyre-cnrs-and-ecole-normale-superieure\">Abstract <\/a><\/p>\n<p><span style=\"color: #ff0000;\"><strong>Monday  february 19th 2018<strong>&#8211; INRIA<\/strong><br \/>\n<\/strong><\/span><strong>Giovanni Migliorati<\/strong>,  Laboratoire Jacques-Louis Lions &#8211; UPMC.<br \/>\nLeast squares methods for high dimensional approximation<br \/>\n<a href=\"http:\/\/project.inria.fr\/rencontresljll\/monday-febuary-19th-2018-giovanni-migliorati-ljll-sorbonne-universite\/\">Abstract <\/a><\/p>\n<p><span style=\"color: #ff0000;\"><strong>Monday  march 5th 2018<strong>&#8211; LJLL<\/strong><br \/>\n<\/strong><\/span><strong>Annabelle Colin<\/strong>, ENSEIRB-MATMECA, Institut Polytechnique de Bordeaux,  Inria Bordeaux-Sud-Ouest, EPC MONC Institut de Math\u00e9matiques de Bordeaux.<br \/>\nModeling and inverse problems in tumor growth<br \/>\n<a href=\"http:\/\/project.inria.fr\/rencontresljll\/monday-5th-march-2018-annabelle-collin-enseirb-matmeca-institut-polytechnique-de-bordeaux-inria-bordeaux-sud-ouest-epc-monc-institut-de-mathematiques-de-bordeaux\/\">Abstract <\/a><\/p>\n<p><span style=\"color: #ff0000;\"><strong>Monday  march 19th 2018<strong>&#8211; INRIA<\/strong><br \/>\n<\/strong><\/span><strong>Patrick Hild<\/strong>,  Institut de Math\u00e9matiques de Toulouse.<br \/>\nUne m\u00e9thode de Nitsche pour les probl\u00e8mes de contact en dynamique.<br \/>\n<a href=\"http:\/\/project.inria.fr\/rencontresljll\/monday-march-19-th-2018-patrick-hild-toulouse-3-univ\"><br \/>\nAbstract<\/a><\/p>\n<p><span style=\"color: #ff0000;\"><strong>Monday April 16th 2018<strong>&#8211; INRIA<\/strong><br \/>\n<\/strong><\/span><strong>Fran\u00e7ois Bouchut<\/strong>, Universit\u00e9 Paris-Est &#8211; Marne-la-Vall\u00e9e.<br \/>\nAn explicit second order entropic scheme for incompressible Navier-Stokes.<br \/>\n<a href=\"http:\/\/project.inria.fr\/rencontresljll\/monday-16th-april-2018-francois-bouchut-universite-paris-est-marne-la-vallee\/\"><br \/>\nAbstract <\/a><\/p>\n<p><span style=\"color: #ff0000;\"><strong>Lundi 14 mai 2018<strong>&#8211; LJLL<\/strong><br \/>\n<\/strong><\/span><strong>Nina Aguillon<\/strong>, LJLL.<br \/>\nOptimisation de proc\u00e9d\u00e9s pour la production de microalgues.<br \/>\n<a href=\"http:\/\/project.inria.fr\/rencontresljll\/monday-may-14th-2018-nina-aiguillon-ljll-projet-ange-inria\/\"><br \/>\nAbstract (in french) <\/a><\/p>\n<p><span style=\"color: #ff0000;\"><strong>Monday  may 28th 2018<strong>&#8211; INRIA<\/strong><br \/>\n<\/strong><\/span><strong>Gabriele Ciaramella<\/strong>,  Universit\u00e4t Konstanz.<br \/>\nAnalysis of the parallel Schwarz method for growing chains of fixed-sized<br \/>\nsubdomains.<br \/>\n<a href=\"http:\/\/project.inria.fr\/rencontresljll\/monday-may-28th-2018-gabriele-ciaramella-univ-constance\/\"><br \/>\nAbstract <\/a><\/p>\n<p><span style=\"color: #ff0000;\"><strong>Monday  june 4th 2018<strong>&#8211; LJLL<\/strong><br \/>\n<\/strong><\/span><strong>Antoine Strugarek<\/strong>,  CEA Paris-Saclay.<br \/>\nSimulations of the magnetic cycles of the Sun and solar-type stars.<br \/>\n<a href=\"http:\/\/project.inria.fr\/rencontresljll\/monday-june-4th-2018-antoine-strugarek-cea-paris-saclay\/\"><br \/>\nAbstract <\/a><\/p>\n<p><span style=\"color: #ff0000;\"><strong>Monday  june 18th 2018<strong>&#8211; INRIA<\/strong><br \/>\n<\/strong><\/span><strong>Christian Kreuzer<\/strong>,  T.U Dortmund.<br \/>\n<a href=\" http:\/\/project.inria.fr\/rencontresljll\/monday-june-18th-2018-christian-kreuzer-t-u-dortmund\/\"><br \/>\nAbstract <\/a><\/p>\n<p><strong><span style=\"color: #ff0000;\">Monday July 2nd  2018- JLL<\/span><br \/>\nSt\u00e9phanie Salmon,<\/strong> Univ. Reims.<br \/>\nNumerical models to study the cerebrospinal system <a href=\"http:\/\/project.inria.fr\/rencontresljll\/monday-july-2nd-2018-stephanie-salmon-univ-reims\/\"><br \/>\nAbstract <\/a><\/p>\n<p>&nbsp;<\/p>","protected":false},"excerpt":{"rendered":"<p>Monday July 2nd 2018- JLL St\u00e9phanie Salmon, Univ. Reims. Numerical models to study the cerebrospinal system Abstract Program 2017\/2018: Monday septembre 18th 2017- Inria Julien Salomon, Inria. Quelques r\u00e9sultats math\u00e9matiques sur, la &#8220;blade element momentum theory&#8221;, une m\u00e9thode de conception d&#8217;h\u00e9lice. Abstract Monday october\u00a02th 2017&#8211; LJLL Ma\u00eblle Nodet, Universit\u00e9 de\u2026<\/p>\n<p> <a class=\"continue-reading-link\" href=\"https:\/\/project.inria.fr\/rencontresljll\/20172018-program\/\"><span>more<\/span><i class=\"crycon-right-dir\"><\/i><\/a> <\/p>\n","protected":false},"author":1048,"featured_media":0,"parent":0,"menu_order":0,"comment_status":"closed","ping_status":"closed","template":"templates\/template-page-with-intro.php","meta":{"footnotes":""},"class_list":["post-482","page","type-page","status-publish","hentry"],"_links":{"self":[{"href":"https:\/\/project.inria.fr\/rencontresljll\/wp-json\/wp\/v2\/pages\/482","targetHints":{"allow":["GET"]}}],"collection":[{"href":"https:\/\/project.inria.fr\/rencontresljll\/wp-json\/wp\/v2\/pages"}],"about":[{"href":"https:\/\/project.inria.fr\/rencontresljll\/wp-json\/wp\/v2\/types\/page"}],"author":[{"embeddable":true,"href":"https:\/\/project.inria.fr\/rencontresljll\/wp-json\/wp\/v2\/users\/1048"}],"replies":[{"embeddable":true,"href":"https:\/\/project.inria.fr\/rencontresljll\/wp-json\/wp\/v2\/comments?post=482"}],"version-history":[{"count":178,"href":"https:\/\/project.inria.fr\/rencontresljll\/wp-json\/wp\/v2\/pages\/482\/revisions"}],"predecessor-version":[{"id":847,"href":"https:\/\/project.inria.fr\/rencontresljll\/wp-json\/wp\/v2\/pages\/482\/revisions\/847"}],"wp:attachment":[{"href":"https:\/\/project.inria.fr\/rencontresljll\/wp-json\/wp\/v2\/media?parent=482"}],"curies":[{"name":"wp","href":"https:\/\/api.w.org\/{rel}","templated":true}]}}