

{"id":834,"date":"2018-07-11T11:34:19","date_gmt":"2018-07-11T09:34:19","guid":{"rendered":"http:\/\/project.inria.fr\/rencontresljll\/?page_id=834"},"modified":"2024-10-17T11:09:27","modified_gmt":"2024-10-17T09:09:27","slug":"program-2018-2019","status":"publish","type":"page","link":"https:\/\/project.inria.fr\/rencontresljll\/program-2018-2019\/","title":{"rendered":"2018\/2019 Program"},"content":{"rendered":"<p><\/p>\n<hr color=\"black\" size=\"3\">\n<p><strong>Next Seminar:<\/strong><\/p>\n<p><strong><span style=\"color: #ff0000;\">Monday 17th june 2019- INRIA<\/span><br \/>\nThirupathi Gudi, <\/strong> Indian Institute of Science, Bangalore.<br \/>\nA Posteriori Error Control of FEM for the Elliptic Obstacle Problem.<br \/>\n<a href=\"http:\/\/project.inria.fr\/rencontresljll\/monday-17-th-june-2019-thirupathi-gudi-indian-institute-of-science-bangalore\/\"> Abstract <\/a> <\/p>\n<hr size=\"3\" \/>\n<p><strong>Program  2018\/2019 :<\/strong><\/p>\n<p><strong><span style=\"color: #ff0000;\">Monday 17 september 2018-At LJLL <\/span><br \/>\nRoland Becker ,<\/strong> Univ. Pau.<br \/>\nM\u00e9thodes par \u00e9l\u00e9ments finis pour les probl\u00e8mes d&#8217;interface <a href=\"http:\/\/project.inria.fr\/rencontresljll\/monday-september-17th-2018-roland-becker-universite-de-pau\/\"> Abstract <\/a> <\/p>\n<p><strong><span style=\"color: #ff0000;\">Monday 1er october 2018- LJLL<\/span><br \/>\nRobert Eymard ,<\/strong> Univ. Paris-Est Marne-la-Vall\u00e9e.<br \/>\n Approximation d&#8217;un probl\u00e8me coupl\u00e9 de convection diffusion <a href=\"http:\/\/project.inria.fr\/rencontresljll\/monday-october-1st-2018-robert-eymard-universite-de-marne-la-vallee\/\"><br \/>\nAbstract <\/a> <\/p>\n<p><strong><span style=\"color: #ff0000;\">Monday 15 october 2018- INRIA<\/span><br \/>\nMuriel Boulakia,<\/strong> LJLL, Sorbonne Universit\u00e9.<br \/>\nDeux approches pour l\u2019identification num\u00e9rique des potentiels cardiaques : identification des param\u00e8tres et probl\u00e8me de Cauchy <a href=\"http:\/\/project.inria.fr\/rencontresljll\/monday-october-15th-2018-muriel-boulakia-ljll-sorbonne-universite\/\"><br \/>\nAbstract <\/a> <\/p>\n<p><strong><span style=\"color: #ff0000;\">Monday 5 november 2018- LJLL<\/span><br \/>\nCindy Guichard,<\/strong> LJLL, Sorbonne Universit\u00e9.<br \/>\n Analyse de sch\u00e9mas pour une \u00e9quation de convection et diffusion d\u00e9g\u00e9n\u00e9r\u00e9e. <a href=\"http:\/\/project.inria.fr\/rencontresljll\/francais-lundi-5-novembre-2018-cindy-guichard-ljll-sorbonne-universite\/\n\"><br \/>\nAbstract <\/a><\/p>\n<p><strong><span style=\"color: #ff0000;\">Monday 19 november 2018- INRIA<\/span><br \/>\nCharles Dapogny ,<\/strong> LJK,  Universit\u00e9 Joseph Fourier.<br \/>\nAu sujet de nouvelles contraintes induites par les techniques d\u2019impression 3D sur le processus d\u2019optimisation de formes. <a href=\"http:\/\/project.inria.fr\/rencontresljll\/monday-19-th-november-2018-charles-dapogny-laboratoire-jean-kuntzmann-universite-de-grenoble\/\"><br \/>\nAbstract <\/a>  <\/p>\n<p><strong><span style=\"color: #ff0000;\">Monday 3 december 2018- LJLL<\/span><br \/>\nClair Poignard , <\/strong> Inria Bordeaux, Num4SEP.<br \/>\nL&#8217;impact potentiel des math\u00e9matiques en oncologie clinique : l&#8217;exemple du<br \/>\nl&#8217;ablation par \u00e9lectroporation. <a href=\"http:\/\/project.inria.fr\/rencontresljll\/monday-3-rd-december-2018-clair-poignard-inria-bordeaux-num4sep\/\n\"><br \/>\nAbstract <\/a> <\/p>\n<p><strong><span style=\"color: #ff0000;\">Monday  17 december 2018- INRIA<\/span><br \/>\nGarbiel Stoltz ,<\/strong> CERMICS, Ecole Nat. Des Ponts et Chauss\u00e9es.<br \/>\nEstimation d&#8217;erreur en dynamique mol\u00e9culaire.  <a href=\"http:\/\/project.inria.fr\/rencontresljll\/monday-17th-december-2018-gabriel-stoltz-cermics-ecole-des-ponts-inria-project-team-matherials\/\"><br \/>\nAbstract <\/a> <\/p>\n<p><strong><span style=\"color: #ff0000;\">Monday 21 january 2019-  Exceptionnellement au LJLL<\/span><br \/>\nFranco Brezzi &#038; Donatella Marini, <\/strong> CNR Pavia.<br \/>\nM\u00e9thodes des \u00e9l\u00e9ments virtuels : caract\u00e9ristiques et applications tr\u00e8s basiques \u00e0 des probl\u00e8mes de magn\u00e9tostatique. <a href=\"http:\/\/project.inria.fr\/rencontresljll\/monday-21st-january-2018-franco-brezzi-donatella-marini-cnr-pavia\/\"><br \/>\nAbstract <\/a> <\/p>\n<p><strong><span style=\"color: #ff0000;\">Monday 4 february 2019 (ATTTENTION, horaire exceptionnel :10h30)- LJLL<\/span><br \/>\nAndrew Papanicolaou <\/strong>, NYU Tandon School of Engineering.<br \/>\nReduced Order Representation of Implied Volatility Surfaces<br \/>\n <a href=\"http:\/\/project.inria.fr\/rencontresljll\/font-colorredmonday-4-th-february-2019-alexei-lozinski-laboratoire-de-mathematiques-de-besancon-et-andrew-papanicolaou-nyu-tandon-school-of-engineering\/\">Abstract <\/a> <\/p>\n<p><strong><span style=\"color: #ff0000;\">Monday 18 february 2019- INRIA<\/span><br \/>\nMagali Ribot, <\/strong> Universit\u00e9 d&#8217;Orl\u00e9ans.<br \/>\n<a href=\"http:\/\/project.inria.fr\/rencontresljll\/\">Abstract <\/a> <\/p>\n<p><!-- \n<strong><span style=\"color: #ff0000;\">Monday 4 march 2019- LJLL<\/span>\nBernhard Beckermann, <\/strong> Laboratoire Paul Painlev\u00e9.\n Titre \u00e0 venir.\n <a href=\"http:\/\/project.inria.fr\/rencontresljll\/monday-17th-december-2018-gabriel-stoltz-cermics-ecole-des-ponts-inria-project-team-matherials\/\">\nAbstract <\/a> --> <\/p>\n<p><strong><span style=\"color: #ff0000;\">Monday 18 march 2019- LJLL<\/span><br \/>\nJourn\u00e9e MANON  <\/strong><br \/>\n<!--  Titre \u00e0 venir.\n <a href=\"http:\/\/project.inria.fr\/rencontresljll\/monday-17th-december-2018-gabriel-stoltz-cermics-ecole-des-ponts-inria-project-team-matherials\/\">\nAbstract <\/a> \n--> <\/p>\n<p><strong><span style=\"color: #ff0000;\">Monday 1st april 2019- LJLL<\/span><br \/>\nVirginie Ehrlacher, <\/strong> CERMICS, Ecole Nat. Des Ponts et Chauss\u00e9es.<br \/>\nTensor methods for molecular dynamics simulations (joint work with Tony Leli\u00e8vre and Pierre Monmarch\u00e9) <a href=\"http:\/\/project.inria.fr\/rencontresljll\/monday-1-st-april-2019-virgine-ehrlacher-cermics\/\"><br \/>\nAbstract <\/a> <\/p>\n<p><strong><span style=\"color: #ff0000;\">Monday 15th april 2019- Inria<\/span><br \/>\nRama Cont, <\/strong> Univ. of Oxford and CNRS.<br \/>\nLearning and forecasting of irregular dynamics <a href=\"http:\/\/project.inria.fr\/rencontresljll\/monday-15-th-april-2019-rama-cont-cnrs-univ-oxford\/\"><br \/>\nAbstract <\/a><\/p>\n<p><strong><span style=\"color: #ff0000;\">Monday 6th May 2019- LJLL<\/span><br \/>\nBernhard Beckermann, <\/strong> Univ. Lille.<br \/>\nLow-rank updates of matrix functions. <a href=\"http:\/\/project.inria.fr\/rencontresljll\/monday-6-th-may-2019-bernhard-beckermann-univ-lille\/\"><br \/>\nAbstract <\/a><\/p>\n<p><strong><span style=\"color: #ff0000;\">Monday 27th may 2019- INRIA<\/span><br \/>\nMaciej Paszynski, <\/strong> AGH University of Science and Technology, Krakow, Poland .<a href=\"http:\/\/project.inria.fr\/rencontresljll\/monday-27-th-may-2019-maciej-paszynski-agh-university-of-science-and-technology-krakow-poland\/\"><br \/>\nAbstract <\/a> <\/p>\n<p><strong><span style=\"color: #ff0000;\">Monday 3rd June 2019 &#8211; LJLL<\/span><br \/>\nAlexei Lozinski, <\/strong> Laboratoire de Math\u00e9matiques de Besan\u00e7on.<br \/>\nA method of fictitious domains with optimal convergence.<br \/>\n<a href=\"http:\/\/project.inria.fr\/rencontresljll\/font-colorredmonday-4-th-february-2019-alexei-lozinski-laboratoire-de-mathematiques-de-besancon-et-andrew-papanicolaou-nyu-tandon-school-of-engineering\/\"> Abstract <\/a> <\/p>\n<p><strong><span style=\"color: #ff0000;\">Monday 17th june 2019- INRIA<\/span><br \/>\nThirupathi Gudi, <\/strong> Indian Institute of Science, Bangalore.<br \/>\nA Posteriori Error Control of FEM for the Elliptic Obstacle Problem.<br \/>\n<a href=\"http:\/\/project.inria.fr\/rencontresljll\/monday-17-th-june-2019-thirupathi-gudi-indian-institute-of-science-bangalore\/\"> Abstract <\/a><br \/>\n<\/p>","protected":false},"excerpt":{"rendered":"<p>Next Seminar: Monday 17th june 2019- INRIA Thirupathi Gudi, Indian Institute of Science, Bangalore. A Posteriori Error Control of FEM for the Elliptic Obstacle Problem. Abstract Program 2018\/2019 : Monday 17 september 2018-At LJLL Roland Becker , Univ. Pau. M\u00e9thodes par \u00e9l\u00e9ments finis pour les probl\u00e8mes d&#8217;interface Abstract Monday 1er\u2026<\/p>\n<p> <a class=\"continue-reading-link\" href=\"https:\/\/project.inria.fr\/rencontresljll\/program-2018-2019\/\"><span>more<\/span><i class=\"crycon-right-dir\"><\/i><\/a> <\/p>\n","protected":false},"author":1279,"featured_media":0,"parent":0,"menu_order":0,"comment_status":"closed","ping_status":"closed","template":"templates\/template-page-with-intro.php","meta":{"footnotes":""},"class_list":["post-834","page","type-page","status-publish","hentry"],"_links":{"self":[{"href":"https:\/\/project.inria.fr\/rencontresljll\/wp-json\/wp\/v2\/pages\/834","targetHints":{"allow":["GET"]}}],"collection":[{"href":"https:\/\/project.inria.fr\/rencontresljll\/wp-json\/wp\/v2\/pages"}],"about":[{"href":"https:\/\/project.inria.fr\/rencontresljll\/wp-json\/wp\/v2\/types\/page"}],"author":[{"embeddable":true,"href":"https:\/\/project.inria.fr\/rencontresljll\/wp-json\/wp\/v2\/users\/1279"}],"replies":[{"embeddable":true,"href":"https:\/\/project.inria.fr\/rencontresljll\/wp-json\/wp\/v2\/comments?post=834"}],"version-history":[{"count":144,"href":"https:\/\/project.inria.fr\/rencontresljll\/wp-json\/wp\/v2\/pages\/834\/revisions"}],"predecessor-version":[{"id":1819,"href":"https:\/\/project.inria.fr\/rencontresljll\/wp-json\/wp\/v2\/pages\/834\/revisions\/1819"}],"wp:attachment":[{"href":"https:\/\/project.inria.fr\/rencontresljll\/wp-json\/wp\/v2\/media?parent=834"}],"curies":[{"name":"wp","href":"https:\/\/api.w.org\/{rel}","templated":true}]}}