

{"id":109,"date":"2018-01-17T17:18:58","date_gmt":"2018-01-17T16:18:58","guid":{"rendered":"https:\/\/project.inria.fr\/rescom2018\/?page_id=109"},"modified":"2018-05-08T11:29:01","modified_gmt":"2018-05-08T09:29:01","slug":"lieu","status":"publish","type":"page","link":"https:\/\/project.inria.fr\/rescom2018\/lieu\/","title":{"rendered":"Venue"},"content":{"rendered":"<h3>Organisation du Transport<\/h3>\n<p>Nous mettons en place un navette (bus et bateau) aller-retour entre Nice et Porquerolles<\/p>\n<table class=\"tg\" width=\"300\">\n<tbody>\n<tr>\n<th colspan=\"3\">Lundi 18 Juin 2018: Nice &rarr; Porquerolles<\/th>\n<\/tr>\n<tr>\n<td rowspan=\"2\">Bus Nice &rarr; La Tour Fondue<\/td>\n<td>D\u00e9part Gare SNCF Nice centre<\/td>\n<td>10h30<\/td>\n<\/tr>\n<tr>\n<td>D\u00e9part a\u00e9roport de Nice (terminal 2)<\/td>\n<td>10h45<\/td>\n<\/tr>\n<tr>\n<td>Bateau IGESA La Tour Fondue &rarr; Porquerolles<\/td>\n<td>D\u00e9part de La Tour Fondue<\/td>\n<td>14h00<\/td>\n<\/tr>\n<tr class=\"tr-empty\">\n<td>&nbsp;<\/td>\n<td><\/td>\n<\/tr>\n<tr>\n<th colspan=\"3\">Vendredi 22 Juin 2018: Porquerolles &rarr; Nice<\/th>\n<\/tr>\n<tr>\n<td>Bateau IGESA Porquerolles &rarr; La Tour Fondue<\/td>\n<td>D\u00e9part de Porquerolles<\/td>\n<td>13h00<\/td>\n<\/tr>\n<tr>\n<td rowspan=\"3\">Bus La Tour Fondue &rarr; Nice<\/td>\n<td>D\u00e9part de La Tour Fondue<\/td>\n<td>14h00<\/td>\n<\/tr>\n<tr>\n<td>Arriv\u00e9e \u00e0 a\u00e9roport de Nice (terminal 2)<\/td>\n<td>16h30<\/td>\n<\/tr>\n<tr>\n<td>Arriv\u00e9e Gare SNCF Nice centre<\/td>\n<td>17h00<\/td>\n<\/tr>\n<\/tbody>\n<\/table>\n<h4>Adresse<\/h4>\n<p>L&rsquo;\u00e9cole se tiendra sur l&rsquo;\u00eele de Porquerolles dans le Var,\u00a0au centre <a href=\"https:\/\/www.igesa.fr\/vos-vacances\/recherche-sejour\/reserver-mes-vacances\/etablissement\/porquerolles\/\" target=\"_blank\" rel=\"noopener\">I.G.E.S.A.<\/a> (Centre de Loisirs Sportifs des Arm\u00e9es) :<\/p>\n<pre>H\u00f4tel Club IGESA\r\nRue de la Douane\r\nIle de Porquerolles\r\n83 400 HYERES\r\nT\u00e9l. : 04 94 12 31 80\r\nFax. : 04 94 58 32 47\r\nE-mail : porquerolles@igesa.fr\r\nCoordonn\u00e9es GPS : 43.000402,6.205076\r\n<\/pre>\n<h4>Acc\u00e8s \u00e0 l&rsquo;\u00eele<\/h4>\n<p>C&rsquo;est une \u00eele ! Il faut 20 min en bateau depuis le port de la Tour Fondue, \u00e0 l&rsquo;extr\u00e9mit\u00e9 de la presqu&rsquo;\u00eele de Giens.<\/p>\n<p>La compagnie <a href=\"https:\/\/tlv-tvm.com\" rel=\"noopener\" target=\"_blank\">TLV\/TVM<\/a> assure la liaison maritime entre le port de la tour fondue  et l&rsquo;\u00eele de Porquerolles.  Les <a href=\"https:\/\/tlv-tvm.com\/horaires-tarifs-horaires-2\/\">horaires<\/a> et les <a href=\"https:\/\/www.tlv-tvm.com\/horaires-tarifs-horaires\/\" rel=\"noopener\" target=\"_blank\">tarifs<\/a> sont accessibles en ligne.  Copie \u00e0 titre indicatif des horaires pour le mois de juin :<br \/>\n<img decoding=\"async\" src=\"https:\/\/project.inria.fr\/rescom2018\/files\/2018\/01\/horaire_18_juin_20118.png\" alt=\"Horaire pour le mois de Juin 2018\" width=\"600\" \/><\/p>\n<h4>Acc\u00e8s \u00e0 la tour fondue<\/h4>\n<h5>En train<\/h5>\n<p>Les gares SNCF les plus proches sont <a href=\"https:\/\/www.gares-sncf.com\/fr\/gare\/frxhe\/hyeres\" rel=\"noopener\" target=\"_blank\">Hy\u00e8re<\/a> et <a href=\"https:\/\/www.gares-sncf.com\/fr\/gare\/frtln\/toulon\" rel=\"noopener\" target=\"_blank\">Toulon<\/a>.<\/p>\n<h5>En voiture<\/h5>\n<p>Il existe <a href=\"https:\/\/www.hyeres-tourisme.com\/les-iles-dor\/porquerolles\/infos-utiles\/parkings-de-lembarcadere\/\" rel=\"noopener\" target=\"_blank\">plusieurs parkings<\/a> \u00e0 la tour fondue, on peut voir le <a href=\"http:\/\/parkings.hyeres.fr\" rel=\"noopener\" target=\"_blank\">nombre de places libres<\/a> pour certains et m\u00eame <a href=\"https:\/\/fr.parkindigo.com\/parking\/la-tour-fondue-83010600\" rel=\"noopener\" target=\"_blank\">r\u00e9server en ligne<\/a>. <\/p>\n<h5>En bus<\/h5>\n<p>Il existe un <a href=\"https:\/\/www.reseaumistral.com\" rel=\"noopener\" target=\"_blank\">bus<\/a> entre la Gare de Hy\u00e8res et la tour fondue (compter 40 min) et entre la gare SNCF de Toulon et la tour fondue (compter 1h45). <\/p>\n","protected":false},"excerpt":{"rendered":"<p>Organisation du Transport Nous mettons en place un navette (bus et bateau) aller-retour entre Nice et Porquerolles Lundi 18 Juin 2018: Nice &rarr; Porquerolles Bus Nice &rarr; La Tour Fondue D\u00e9part Gare SNCF Nice centre 10h30 D\u00e9part a\u00e9roport de Nice (terminal 2) 10h45 Bateau IGESA La Tour Fondue &rarr; Porquerolles\u2026<\/p>\n<p> <a class=\"continue-reading-link\" href=\"https:\/\/project.inria.fr\/rescom2018\/lieu\/\"><span>Continue reading<\/span><i class=\"crycon-right-dir\"><\/i><\/a> <\/p>\n","protected":false},"author":659,"featured_media":0,"parent":0,"menu_order":0,"comment_status":"closed","ping_status":"closed","template":"","meta":{"footnotes":""},"class_list":["post-109","page","type-page","status-publish","hentry"],"_links":{"self":[{"href":"https:\/\/project.inria.fr\/rescom2018\/wp-json\/wp\/v2\/pages\/109","targetHints":{"allow":["GET"]}}],"collection":[{"href":"https:\/\/project.inria.fr\/rescom2018\/wp-json\/wp\/v2\/pages"}],"about":[{"href":"https:\/\/project.inria.fr\/rescom2018\/wp-json\/wp\/v2\/types\/page"}],"author":[{"embeddable":true,"href":"https:\/\/project.inria.fr\/rescom2018\/wp-json\/wp\/v2\/users\/659"}],"replies":[{"embeddable":true,"href":"https:\/\/project.inria.fr\/rescom2018\/wp-json\/wp\/v2\/comments?post=109"}],"version-history":[{"count":29,"href":"https:\/\/project.inria.fr\/rescom2018\/wp-json\/wp\/v2\/pages\/109\/revisions"}],"predecessor-version":[{"id":296,"href":"https:\/\/project.inria.fr\/rescom2018\/wp-json\/wp\/v2\/pages\/109\/revisions\/296"}],"wp:attachment":[{"href":"https:\/\/project.inria.fr\/rescom2018\/wp-json\/wp\/v2\/media?parent=109"}],"curies":[{"name":"wp","href":"https:\/\/api.w.org\/{rel}","templated":true}]}}