

{"id":126,"date":"2018-01-18T14:39:30","date_gmt":"2018-01-18T13:39:30","guid":{"rendered":"https:\/\/project.inria.fr\/rescom2018\/?page_id=126"},"modified":"2018-06-14T15:13:46","modified_gmt":"2018-06-14T13:13:46","slug":"inscription","status":"publish","type":"page","link":"https:\/\/project.inria.fr\/rescom2018\/inscription\/","title":{"rendered":"Inscription"},"content":{"rendered":"<p><font size=+4 color=red><strong>Les inscriptions sont termin\u00e9es.<\/strong><\/font><br \/>\nD\u00e9sol\u00e9 pour les retardataires.<\/p>\n<h3>Frais d&rsquo;inscription<\/h3>\n<table class=\"tg\">\n<tbody>\n<tr>\n<th class=\"tg-woug\"><\/th>\n<th class=\"tg-woug\">Jusqu&rsquo;au 15\/04\/2018 (4)<\/th>\n<th class=\"tg-woug\">\u00c0 partir du 16\/04\/2018<\/th>\n<\/tr>\n<tr>\n<td class=\"tg-woug\">Tarif \u00e9tudiant\/Jeune chercheur <strong>(1)<\/strong> &#8211; Chambre double<\/td>\n<td class=\"tg-4996\">350 \u20ac TTC<\/td>\n<td class=\"tg-4996\">450 \u20ac TTC<\/td>\n<\/tr>\n<tr>\n<td class=\"tg-woug\">Tarif \u00e9tudiant EDSTIC UCA <strong>(2)<\/strong> &#8211; Chambre double<\/td>\n<td class=\"tg-4996\">300 \u20ac TTC<\/td>\n<td class=\"tg-4996\">400 \u20ac TTC<\/td>\n<\/tr>\n<tr>\n<td class=\"tg-woug\">Tarif acad\u00e9mique &#8211; Chambre double<\/td>\n<td class=\"tg-4996\">500 \u20ac TTC<\/td>\n<td class=\"tg-4996\">600 \u20ac TTC<\/td>\n<\/tr>\n<tr>\n<td class=\"tg-woug\">Tarif agent CNRS <strong>(3)<\/strong> &#8211; Chambre double<\/td>\n<td class=\"tg-4996\">0 \u20ac TTC<\/td>\n<td class=\"tg-4996\">0 \u20ac TTC<\/td>\n<\/tr>\n<tr>\n<td class=\"tg-woug\">Tarif industriel &#8211; Chambre double<\/td>\n<td class=\"tg-4996\">900 \u20ac TTC<\/td>\n<td class=\"tg-4996\">1000 \u20ac TTC<\/td>\n<\/tr>\n<tr>\n<td class=\"tg-woug\">Tarif accompagnant<\/td>\n<td class=\"tg-4996\">400 \u20ac TTC<\/td>\n<td class=\"tg-4996\">500 \u20ac TTC<\/td>\n<\/tr>\n<tr>\n<td class=\"tg-woug\">Suppl\u00e9ment chambre simple<\/td>\n<td class=\"tg-4996\">100 \u20ac TTC<\/td>\n<td class=\"tg-4996\">100 \u20ac TTC<\/td>\n<\/tr>\n<\/tbody>\n<\/table>\n<p><strong>(1)<\/strong> Le tarif \u00e9tudiant s&rsquo;applique au \u00e9tudiants et \u00e9tudiantes en licence, master ou doctorat et aux jeunes chercheurs et jeunes chercheuses (jusqu&rsquo;\u00e0 th\u00e8se + 2).<br \/>\n<strong>(2)<\/strong> Tarif r\u00e9serv\u00e9 aux doctorants de l&rsquo;\u00e9cole doctorale STIC de Universit\u00e9 C\u00f4te d&rsquo;Azur.<br \/>\n<strong>(3)<\/strong> Les chambres simples sont en suppl\u00e9ment. Les agents CNRS peuvent demander la prise en charge de leurs frais de transport \u00e0 la formation permanente de leur d\u00e9l\u00e9gation.<br \/>\n<strong>(4)<\/strong> Date de validation de l&rsquo;inscription.<\/p>\n<p>Les frais d&rsquo;inscription comprennent :<\/p>\n<ul>\n<li>la participation aux expos\u00e9s et sessions pour la p\u00e9riode du 18 au 22 juin 2018 ;<\/li>\n<li>l&rsquo;h\u00e9bergement en pension compl\u00e8te du lundi midi d\u00e9jeuner inclus au vendredi midi d\u00e9jeuner inclus ;<\/li>\n<li>les pauses caf\u00e9s<\/li>\n<li>l&rsquo;activit\u00e9 sociale<\/li>\n<\/ul>\n<h3>Modalit\u00e9 d&rsquo;inscription<\/h3>\n<p>Les inscriptions se feront en 3 phases (Three-Way Handshake protocol)<\/p>\n<ol>\n<li><del datetime=\"2018-06-14T13:11:02+00:00\"><strong>Pr\u00e9-inscription.<\/strong> Vous remplissez le <!-- <a href=\"https:\/\/www.azur-colloque.fr\/DR20\/inscription\/preinscription\/119\/fr\">formulaire en ligne<\/a> -->formulaire en ligne.<\/del> <strong><font color=\"red\">Il n&rsquo;est plus possible de s&rsquo;inscrire<\/font><\/strong>.\n<ul>\n<li>Il n&rsquo;y a pas de payement encore \u00e0 cette \u00e9tape.<\/li>\n<li>Si vous \u00eates \u00e9tudiant (\u00e0 partir de la deuxi\u00e8me ann\u00e9e d&rsquo;inscription) ou jeune chercheur (jusqu&rsquo;\u00e0 th\u00e8se + 2) vous devez <strong>obligatoirement soumettre<\/strong> un court r\u00e9sum\u00e9 de vos recherches et pr\u00e9parer une pr\u00e9sentation orale 3 minutes. Tous les d\u00e9tails sur la page <a href=\"https:\/\/project.inria.fr\/rescom2018\/poster\/\">Th\u00e8ses en 3 minutes<\/a>.<\/li>\n<\/ul>\n<\/li>\n<li>Attendre la validation et la confirmation de votre inscription par email (quelques jours ouvrables, la validation est manuelle) ;<\/li>\n<li><strong>Finalisation de l&rsquo;inscription.<\/strong> Suivre les instructions et le lien qui vous sont envoy\u00e9s par e-mail pour finaliser votre inscription.\n<ul>\n<li>Vous devrez indiquer le moyen de paiement, vos dates d&rsquo;arriv\u00e9e et de d\u00e9part et dans la case commentaires vos obligations alimentaires si vous en avez.<\/li>\n<li>Allez bien jusqu&rsquo;\u00e0 la fin du processus.<\/li>\n<li>Pour les organisateurs, intervenants (chambre simple) et agents CNRS (hors chambre single) dont la facture est \u00e0 0, dans organisme payeur, mettez que c&rsquo;est vous m\u00eame puisque la facture est \u00e0 0.<\/li>\n<\/ul>\n<\/li>\n<\/ol>\n","protected":false},"excerpt":{"rendered":"<p>Les inscriptions sont termin\u00e9es. D\u00e9sol\u00e9 pour les retardataires. Frais d&rsquo;inscription Jusqu&rsquo;au 15\/04\/2018 (4) \u00c0 partir du 16\/04\/2018 Tarif \u00e9tudiant\/Jeune chercheur (1) &#8211; Chambre double 350 \u20ac TTC 450 \u20ac TTC Tarif \u00e9tudiant EDSTIC UCA (2) &#8211; Chambre double 300 \u20ac TTC 400 \u20ac TTC Tarif acad\u00e9mique &#8211; Chambre double 500\u2026<\/p>\n<p> <a class=\"continue-reading-link\" href=\"https:\/\/project.inria.fr\/rescom2018\/inscription\/\"><span>Continue reading<\/span><i class=\"crycon-right-dir\"><\/i><\/a> <\/p>\n","protected":false},"author":659,"featured_media":0,"parent":0,"menu_order":0,"comment_status":"closed","ping_status":"closed","template":"","meta":{"footnotes":""},"class_list":["post-126","page","type-page","status-publish","hentry"],"_links":{"self":[{"href":"https:\/\/project.inria.fr\/rescom2018\/wp-json\/wp\/v2\/pages\/126","targetHints":{"allow":["GET"]}}],"collection":[{"href":"https:\/\/project.inria.fr\/rescom2018\/wp-json\/wp\/v2\/pages"}],"about":[{"href":"https:\/\/project.inria.fr\/rescom2018\/wp-json\/wp\/v2\/types\/page"}],"author":[{"embeddable":true,"href":"https:\/\/project.inria.fr\/rescom2018\/wp-json\/wp\/v2\/users\/659"}],"replies":[{"embeddable":true,"href":"https:\/\/project.inria.fr\/rescom2018\/wp-json\/wp\/v2\/comments?post=126"}],"version-history":[{"count":55,"href":"https:\/\/project.inria.fr\/rescom2018\/wp-json\/wp\/v2\/pages\/126\/revisions"}],"predecessor-version":[{"id":312,"href":"https:\/\/project.inria.fr\/rescom2018\/wp-json\/wp\/v2\/pages\/126\/revisions\/312"}],"wp:attachment":[{"href":"https:\/\/project.inria.fr\/rescom2018\/wp-json\/wp\/v2\/media?parent=126"}],"curies":[{"name":"wp","href":"https:\/\/api.w.org\/{rel}","templated":true}]}}